{"id":31545,"date":"2024-12-05T11:33:49","date_gmt":"2024-12-05T11:33:49","guid":{"rendered":"https:\/\/namcosmetics.eu\/producto\/pestanas-postizas-everynight-wisps\/"},"modified":"2024-12-13T09:15:15","modified_gmt":"2024-12-13T09:15:15","slug":"pestanas-postizas-everynight-wisps","status":"publish","type":"product","link":"https:\/\/namcosmetics.eu\/pt-pt\/producto\/pestanas-postizas-everynight-wisps\/","title":{"rendered":"C\u00edlios Posti\u00e7os Everynight Wisps"},"content":{"rendered":"<h4>Modo de uso<\/h4>\n<p>Pegue um grupinho de c\u00edlios com a pin\u00e7a, aplique uma pequena quantidade de cola na base e espere alguns segundos at\u00e9 que fique pegajosa. Coloque o grupo pr\u00f3ximo \u00e0 raiz dos seus c\u00edlios naturais, come\u00e7ando do canto externo para o interno, para um efeito natural. Ajuste suavemente com a pin\u00e7a e deixe secar.<\/p>\n","protected":false},"excerpt":{"rendered":"<p>Adicione uma incr\u00edvel profundidade ao seu olhar com os conjuntos de c\u00edlios EVERYDAY WISPS e EVERYNIGHT WISPS. Esses tufos pretos, dispon\u00edveis em duas comprimentos, s\u00e3o perfeitos para criar um visual natural ou intenso, dependendo da ocasi\u00e3o. Use-os para real\u00e7ar seus olhos de forma sutil ou criar um efeito dram\u00e1tico para eventos noturnos. Os tufos s\u00e3o f\u00e1ceis de aplicar, e a variedade de comprimentos permite que voc\u00ea modele seus olhos como preferir. Esses c\u00edlios s\u00e3o ideais para alcan\u00e7ar um volume natural que encanta com sua eleg\u00e2ncia discreta. Com EVERYDAY WISPS e EVERYNIGHT WISPS, seus c\u00edlios estar\u00e3o sempre deslumbrantes.<\/p>\n","protected":false},"featured_media":31438,"comment_status":"closed","ping_status":"closed","template":"","meta":[],"product_brand":[],"product_cat":[1831,1323],"product_tag":[],"class_list":{"0":"post-31545","1":"product","2":"type-product","3":"status-publish","4":"has-post-thumbnail","6":"product_cat-new-dic24-pt-pt","7":"product_cat-pestanas-falsas","9":"first","10":"instock","11":"shipping-taxable","12":"purchasable","13":"product-type-simple"},"yoast_head":"<!-- This site is optimized with the Yoast SEO plugin v25.0 - https:\/\/yoast.com\/wordpress\/plugins\/seo\/ -->\n<title>C\u00edlios Posti\u00e7os Everynight Wisps - NAM<\/title>\n<meta name=\"robots\" content=\"index, follow, max-snippet:-1, max-image-preview:large, max-video-preview:-1\" \/>\n<link rel=\"canonical\" href=\"https:\/\/namcosmetics.eu\/pt-pt\/producto\/pestanas-postizas-everynight-wisps\/\" \/>\n<meta property=\"og:locale\" content=\"pt_PT\" \/>\n<meta property=\"og:type\" content=\"article\" \/>\n<meta property=\"og:title\" content=\"C\u00edlios Posti\u00e7os Everynight Wisps - NAM\" \/>\n<meta property=\"og:description\" content=\"Adicione uma incr\u00edvel profundidade ao seu olhar com os conjuntos de c\u00edlios EVERYDAY WISPS e EVERYNIGHT WISPS. Esses tufos pretos, dispon\u00edveis em duas comprimentos, s\u00e3o perfeitos para criar um visual natural ou intenso, dependendo da ocasi\u00e3o. Use-os para real\u00e7ar seus olhos de forma sutil ou criar um efeito dram\u00e1tico para eventos noturnos. Os tufos s\u00e3o f\u00e1ceis de aplicar, e a variedade de comprimentos permite que voc\u00ea modele seus olhos como preferir. Esses c\u00edlios s\u00e3o ideais para alcan\u00e7ar um volume natural que encanta com sua eleg\u00e2ncia discreta. Com EVERYDAY WISPS e EVERYNIGHT WISPS, seus c\u00edlios estar\u00e3o sempre deslumbrantes.\" \/>\n<meta property=\"og:url\" content=\"https:\/\/namcosmetics.eu\/pt-pt\/producto\/pestanas-postizas-everynight-wisps\/\" \/>\n<meta property=\"og:site_name\" content=\"NAM\" \/>\n<meta property=\"article:modified_time\" content=\"2024-12-13T09:15:15+00:00\" \/>\n<meta property=\"og:image\" content=\"https:\/\/namcosmetics.eu\/wp-content\/uploads\/2024\/12\/OC846_5905309910249_1.jpg\" \/>\n\t<meta property=\"og:image:width\" content=\"800\" \/>\n\t<meta property=\"og:image:height\" content=\"800\" \/>\n\t<meta property=\"og:image:type\" content=\"image\/jpeg\" \/>\n<meta name=\"twitter:card\" content=\"summary_large_image\" \/>\n<meta name=\"twitter:label1\" content=\"Tempo estimado de leitura\" \/>\n\t<meta name=\"twitter:data1\" content=\"1 minuto\" \/>\n<script type=\"application\/ld+json\" class=\"yoast-schema-graph\">{\"@context\":\"https:\/\/schema.org\",\"@graph\":[{\"@type\":\"WebPage\",\"@id\":\"https:\/\/namcosmetics.eu\/pt-pt\/producto\/pestanas-postizas-everynight-wisps\/\",\"url\":\"https:\/\/namcosmetics.eu\/pt-pt\/producto\/pestanas-postizas-everynight-wisps\/\",\"name\":\"C\u00edlios Posti\u00e7os Everynight Wisps - NAM\",\"isPartOf\":{\"@id\":\"https:\/\/namcosmetics.eu\/pt-pt\/#website\"},\"primaryImageOfPage\":{\"@id\":\"https:\/\/namcosmetics.eu\/pt-pt\/producto\/pestanas-postizas-everynight-wisps\/#primaryimage\"},\"image\":{\"@id\":\"https:\/\/namcosmetics.eu\/pt-pt\/producto\/pestanas-postizas-everynight-wisps\/#primaryimage\"},\"thumbnailUrl\":\"https:\/\/namcosmetics.eu\/wp-content\/uploads\/2024\/12\/OC846_5905309910249_1.jpg\",\"datePublished\":\"2024-12-05T11:33:49+00:00\",\"dateModified\":\"2024-12-13T09:15:15+00:00\",\"breadcrumb\":{\"@id\":\"https:\/\/namcosmetics.eu\/pt-pt\/producto\/pestanas-postizas-everynight-wisps\/#breadcrumb\"},\"inLanguage\":\"pt-PT\",\"potentialAction\":[{\"@type\":\"ReadAction\",\"target\":[\"https:\/\/namcosmetics.eu\/pt-pt\/producto\/pestanas-postizas-everynight-wisps\/\"]}]},{\"@type\":\"ImageObject\",\"inLanguage\":\"pt-PT\",\"@id\":\"https:\/\/namcosmetics.eu\/pt-pt\/producto\/pestanas-postizas-everynight-wisps\/#primaryimage\",\"url\":\"https:\/\/namcosmetics.eu\/wp-content\/uploads\/2024\/12\/OC846_5905309910249_1.jpg\",\"contentUrl\":\"https:\/\/namcosmetics.eu\/wp-content\/uploads\/2024\/12\/OC846_5905309910249_1.jpg\",\"width\":800,\"height\":800},{\"@type\":\"BreadcrumbList\",\"@id\":\"https:\/\/namcosmetics.eu\/pt-pt\/producto\/pestanas-postizas-everynight-wisps\/#breadcrumb\",\"itemListElement\":[{\"@type\":\"ListItem\",\"position\":1,\"name\":\"Portada\",\"item\":\"https:\/\/namcosmetics.eu\/pt-pt\/\"},{\"@type\":\"ListItem\",\"position\":2,\"name\":\"Tienda\",\"item\":\"https:\/\/namcosmetics.eu\/tienda\/\"},{\"@type\":\"ListItem\",\"position\":3,\"name\":\"C\u00edlios Posti\u00e7os Everynight Wisps\"}]},{\"@type\":\"WebSite\",\"@id\":\"https:\/\/namcosmetics.eu\/pt-pt\/#website\",\"url\":\"https:\/\/namcosmetics.eu\/pt-pt\/\",\"name\":\"NAM\",\"description\":\"NAM Europe\",\"potentialAction\":[{\"@type\":\"SearchAction\",\"target\":{\"@type\":\"EntryPoint\",\"urlTemplate\":\"https:\/\/namcosmetics.eu\/pt-pt\/?s={search_term_string}\"},\"query-input\":{\"@type\":\"PropertyValueSpecification\",\"valueRequired\":true,\"valueName\":\"search_term_string\"}}],\"inLanguage\":\"pt-PT\"}]}<\/script>\n<!-- \/ Yoast SEO plugin. -->","yoast_head_json":{"title":"C\u00edlios Posti\u00e7os Everynight Wisps - NAM","robots":{"index":"index","follow":"follow","max-snippet":"max-snippet:-1","max-image-preview":"max-image-preview:large","max-video-preview":"max-video-preview:-1"},"canonical":"https:\/\/namcosmetics.eu\/pt-pt\/producto\/pestanas-postizas-everynight-wisps\/","og_locale":"pt_PT","og_type":"article","og_title":"C\u00edlios Posti\u00e7os Everynight Wisps - NAM","og_description":"Adicione uma incr\u00edvel profundidade ao seu olhar com os conjuntos de c\u00edlios EVERYDAY WISPS e EVERYNIGHT WISPS. Esses tufos pretos, dispon\u00edveis em duas comprimentos, s\u00e3o perfeitos para criar um visual natural ou intenso, dependendo da ocasi\u00e3o. Use-os para real\u00e7ar seus olhos de forma sutil ou criar um efeito dram\u00e1tico para eventos noturnos. Os tufos s\u00e3o f\u00e1ceis de aplicar, e a variedade de comprimentos permite que voc\u00ea modele seus olhos como preferir. Esses c\u00edlios s\u00e3o ideais para alcan\u00e7ar um volume natural que encanta com sua eleg\u00e2ncia discreta. Com EVERYDAY WISPS e EVERYNIGHT WISPS, seus c\u00edlios estar\u00e3o sempre deslumbrantes.","og_url":"https:\/\/namcosmetics.eu\/pt-pt\/producto\/pestanas-postizas-everynight-wisps\/","og_site_name":"NAM","article_modified_time":"2024-12-13T09:15:15+00:00","og_image":[{"width":800,"height":800,"url":"https:\/\/namcosmetics.eu\/wp-content\/uploads\/2024\/12\/OC846_5905309910249_1.jpg","type":"image\/jpeg"}],"twitter_card":"summary_large_image","twitter_misc":{"Tempo estimado de leitura":"1 minuto"},"schema":{"@context":"https:\/\/schema.org","@graph":[{"@type":"WebPage","@id":"https:\/\/namcosmetics.eu\/pt-pt\/producto\/pestanas-postizas-everynight-wisps\/","url":"https:\/\/namcosmetics.eu\/pt-pt\/producto\/pestanas-postizas-everynight-wisps\/","name":"C\u00edlios Posti\u00e7os Everynight Wisps - NAM","isPartOf":{"@id":"https:\/\/namcosmetics.eu\/pt-pt\/#website"},"primaryImageOfPage":{"@id":"https:\/\/namcosmetics.eu\/pt-pt\/producto\/pestanas-postizas-everynight-wisps\/#primaryimage"},"image":{"@id":"https:\/\/namcosmetics.eu\/pt-pt\/producto\/pestanas-postizas-everynight-wisps\/#primaryimage"},"thumbnailUrl":"https:\/\/namcosmetics.eu\/wp-content\/uploads\/2024\/12\/OC846_5905309910249_1.jpg","datePublished":"2024-12-05T11:33:49+00:00","dateModified":"2024-12-13T09:15:15+00:00","breadcrumb":{"@id":"https:\/\/namcosmetics.eu\/pt-pt\/producto\/pestanas-postizas-everynight-wisps\/#breadcrumb"},"inLanguage":"pt-PT","potentialAction":[{"@type":"ReadAction","target":["https:\/\/namcosmetics.eu\/pt-pt\/producto\/pestanas-postizas-everynight-wisps\/"]}]},{"@type":"ImageObject","inLanguage":"pt-PT","@id":"https:\/\/namcosmetics.eu\/pt-pt\/producto\/pestanas-postizas-everynight-wisps\/#primaryimage","url":"https:\/\/namcosmetics.eu\/wp-content\/uploads\/2024\/12\/OC846_5905309910249_1.jpg","contentUrl":"https:\/\/namcosmetics.eu\/wp-content\/uploads\/2024\/12\/OC846_5905309910249_1.jpg","width":800,"height":800},{"@type":"BreadcrumbList","@id":"https:\/\/namcosmetics.eu\/pt-pt\/producto\/pestanas-postizas-everynight-wisps\/#breadcrumb","itemListElement":[{"@type":"ListItem","position":1,"name":"Portada","item":"https:\/\/namcosmetics.eu\/pt-pt\/"},{"@type":"ListItem","position":2,"name":"Tienda","item":"https:\/\/namcosmetics.eu\/tienda\/"},{"@type":"ListItem","position":3,"name":"C\u00edlios Posti\u00e7os Everynight Wisps"}]},{"@type":"WebSite","@id":"https:\/\/namcosmetics.eu\/pt-pt\/#website","url":"https:\/\/namcosmetics.eu\/pt-pt\/","name":"NAM","description":"NAM Europe","potentialAction":[{"@type":"SearchAction","target":{"@type":"EntryPoint","urlTemplate":"https:\/\/namcosmetics.eu\/pt-pt\/?s={search_term_string}"},"query-input":{"@type":"PropertyValueSpecification","valueRequired":true,"valueName":"search_term_string"}}],"inLanguage":"pt-PT"}]}},"_links":{"self":[{"href":"https:\/\/namcosmetics.eu\/pt-pt\/wp-json\/wp\/v2\/product\/31545"}],"collection":[{"href":"https:\/\/namcosmetics.eu\/pt-pt\/wp-json\/wp\/v2\/product"}],"about":[{"href":"https:\/\/namcosmetics.eu\/pt-pt\/wp-json\/wp\/v2\/types\/product"}],"replies":[{"embeddable":true,"href":"https:\/\/namcosmetics.eu\/pt-pt\/wp-json\/wp\/v2\/comments?post=31545"}],"wp:featuredmedia":[{"embeddable":true,"href":"https:\/\/namcosmetics.eu\/pt-pt\/wp-json\/wp\/v2\/media\/31438"}],"wp:attachment":[{"href":"https:\/\/namcosmetics.eu\/pt-pt\/wp-json\/wp\/v2\/media?parent=31545"}],"wp:term":[{"taxonomy":"product_brand","embeddable":true,"href":"https:\/\/namcosmetics.eu\/pt-pt\/wp-json\/wp\/v2\/product_brand?post=31545"},{"taxonomy":"product_cat","embeddable":true,"href":"https:\/\/namcosmetics.eu\/pt-pt\/wp-json\/wp\/v2\/product_cat?post=31545"},{"taxonomy":"product_tag","embeddable":true,"href":"https:\/\/namcosmetics.eu\/pt-pt\/wp-json\/wp\/v2\/product_tag?post=31545"}],"curies":[{"name":"wp","href":"https:\/\/api.w.org\/{rel}","templated":true}]}}