{"id":31541,"date":"2024-12-10T13:38:23","date_gmt":"2024-12-10T13:38:23","guid":{"rendered":"https:\/\/namcosmetics.eu\/producto\/polvos-de-contorno\/"},"modified":"2024-12-13T09:16:04","modified_gmt":"2024-12-13T09:16:04","slug":"polvos-de-contorno","status":"publish","type":"product","link":"https:\/\/namcosmetics.eu\/pt-pt\/producto\/polvos-de-contorno\/","title":{"rendered":"P\u00f3 de Contorno"},"content":{"rendered":"<h4>Modo de uso<\/h4>\n<p>Aplique o p\u00f3 de contorno com um pincel angular nas \u00e1reas que deseja definir, como abaixo das ma\u00e7\u00e3s do rosto, laterais do nariz e linha do maxilar. Esfume bem para um acabamento natural e sem linhas marcadas.<\/p>\n","protected":false},"excerpt":{"rendered":"<p>Finalize sua maquiagem perfeitamente com o CONTOURING PRESSED POWDER vegano, criado para mulheres que desejam um efeito natural e suavemente desfocado. Este p\u00f3 excepcional mistura-se perfeitamente ao tom da sua pele, deixando um acabamento suave e fresco que dura o dia todo. Com o inovador complexo BestFILTERneeded, o p\u00f3 n\u00e3o apenas suaviza pequenas imperfei\u00e7\u00f5es, mas tamb\u00e9m uniformiza o tom da pele, proporcionando um aspecto saud\u00e1vel e radiante. A embalagem ecol\u00f3gica e reutiliz\u00e1vel faz dele uma escolha respons\u00e1vel, permitindo m\u00faltiplos usos com refis substitu\u00edveis. Al\u00e9m disso, 50% da embalagem \u00e9 feita de pl\u00e1stico reciclado.<\/p>\n","protected":false},"featured_media":31411,"comment_status":"closed","ping_status":"closed","template":"","meta":[],"product_brand":[],"product_cat":[1344,1831],"product_tag":[],"class_list":{"0":"post-31541","1":"product","2":"type-product","3":"status-publish","4":"has-post-thumbnail","6":"product_cat-contorno-e-bronzeador","7":"product_cat-new-dic24-pt-pt","9":"first","10":"instock","11":"shipping-taxable","12":"purchasable","13":"product-type-variable","14":"has-default-attributes"},"yoast_head":"<!-- This site is optimized with the Yoast SEO plugin v25.0 - https:\/\/yoast.com\/wordpress\/plugins\/seo\/ -->\n<title>P\u00f3 de Contorno - NAM<\/title>\n<meta name=\"robots\" content=\"index, follow, max-snippet:-1, max-image-preview:large, max-video-preview:-1\" \/>\n<link rel=\"canonical\" href=\"https:\/\/namcosmetics.eu\/pt-pt\/producto\/polvos-de-contorno\/\" \/>\n<meta property=\"og:locale\" content=\"pt_PT\" \/>\n<meta property=\"og:type\" content=\"article\" \/>\n<meta property=\"og:title\" content=\"P\u00f3 de Contorno - NAM\" \/>\n<meta property=\"og:description\" content=\"Finalize sua maquiagem perfeitamente com o CONTOURING PRESSED POWDER vegano, criado para mulheres que desejam um efeito natural e suavemente desfocado. Este p\u00f3 excepcional mistura-se perfeitamente ao tom da sua pele, deixando um acabamento suave e fresco que dura o dia todo. Com o inovador complexo BestFILTERneeded, o p\u00f3 n\u00e3o apenas suaviza pequenas imperfei\u00e7\u00f5es, mas tamb\u00e9m uniformiza o tom da pele, proporcionando um aspecto saud\u00e1vel e radiante. A embalagem ecol\u00f3gica e reutiliz\u00e1vel faz dele uma escolha respons\u00e1vel, permitindo m\u00faltiplos usos com refis substitu\u00edveis. Al\u00e9m disso, 50% da embalagem \u00e9 feita de pl\u00e1stico reciclado.\" \/>\n<meta property=\"og:url\" content=\"https:\/\/namcosmetics.eu\/pt-pt\/producto\/polvos-de-contorno\/\" \/>\n<meta property=\"og:site_name\" content=\"NAM\" \/>\n<meta property=\"article:modified_time\" content=\"2024-12-13T09:16:04+00:00\" \/>\n<meta property=\"og:image\" content=\"https:\/\/namcosmetics.eu\/wp-content\/uploads\/2024\/12\/CE180N2NEW_5905309910416_1.jpg\" \/>\n\t<meta property=\"og:image:width\" content=\"800\" \/>\n\t<meta property=\"og:image:height\" content=\"800\" \/>\n\t<meta property=\"og:image:type\" content=\"image\/jpeg\" \/>\n<meta name=\"twitter:card\" content=\"summary_large_image\" \/>\n<script type=\"application\/ld+json\" class=\"yoast-schema-graph\">{\"@context\":\"https:\/\/schema.org\",\"@graph\":[{\"@type\":\"WebPage\",\"@id\":\"https:\/\/namcosmetics.eu\/pt-pt\/producto\/polvos-de-contorno\/\",\"url\":\"https:\/\/namcosmetics.eu\/pt-pt\/producto\/polvos-de-contorno\/\",\"name\":\"P\u00f3 de Contorno - NAM\",\"isPartOf\":{\"@id\":\"https:\/\/namcosmetics.eu\/pt-pt\/#website\"},\"primaryImageOfPage\":{\"@id\":\"https:\/\/namcosmetics.eu\/pt-pt\/producto\/polvos-de-contorno\/#primaryimage\"},\"image\":{\"@id\":\"https:\/\/namcosmetics.eu\/pt-pt\/producto\/polvos-de-contorno\/#primaryimage\"},\"thumbnailUrl\":\"https:\/\/namcosmetics.eu\/wp-content\/uploads\/2024\/12\/CE180N2NEW_5905309910416_1.jpg\",\"datePublished\":\"2024-12-10T13:38:23+00:00\",\"dateModified\":\"2024-12-13T09:16:04+00:00\",\"breadcrumb\":{\"@id\":\"https:\/\/namcosmetics.eu\/pt-pt\/producto\/polvos-de-contorno\/#breadcrumb\"},\"inLanguage\":\"pt-PT\",\"potentialAction\":[{\"@type\":\"ReadAction\",\"target\":[\"https:\/\/namcosmetics.eu\/pt-pt\/producto\/polvos-de-contorno\/\"]}]},{\"@type\":\"ImageObject\",\"inLanguage\":\"pt-PT\",\"@id\":\"https:\/\/namcosmetics.eu\/pt-pt\/producto\/polvos-de-contorno\/#primaryimage\",\"url\":\"https:\/\/namcosmetics.eu\/wp-content\/uploads\/2024\/12\/CE180N2NEW_5905309910416_1.jpg\",\"contentUrl\":\"https:\/\/namcosmetics.eu\/wp-content\/uploads\/2024\/12\/CE180N2NEW_5905309910416_1.jpg\",\"width\":800,\"height\":800},{\"@type\":\"BreadcrumbList\",\"@id\":\"https:\/\/namcosmetics.eu\/pt-pt\/producto\/polvos-de-contorno\/#breadcrumb\",\"itemListElement\":[{\"@type\":\"ListItem\",\"position\":1,\"name\":\"Portada\",\"item\":\"https:\/\/namcosmetics.eu\/pt-pt\/\"},{\"@type\":\"ListItem\",\"position\":2,\"name\":\"Tienda\",\"item\":\"https:\/\/namcosmetics.eu\/tienda\/\"},{\"@type\":\"ListItem\",\"position\":3,\"name\":\"P\u00f3 de Contorno\"}]},{\"@type\":\"WebSite\",\"@id\":\"https:\/\/namcosmetics.eu\/pt-pt\/#website\",\"url\":\"https:\/\/namcosmetics.eu\/pt-pt\/\",\"name\":\"NAM\",\"description\":\"NAM Europe\",\"potentialAction\":[{\"@type\":\"SearchAction\",\"target\":{\"@type\":\"EntryPoint\",\"urlTemplate\":\"https:\/\/namcosmetics.eu\/pt-pt\/?s={search_term_string}\"},\"query-input\":{\"@type\":\"PropertyValueSpecification\",\"valueRequired\":true,\"valueName\":\"search_term_string\"}}],\"inLanguage\":\"pt-PT\"}]}<\/script>\n<!-- \/ Yoast SEO plugin. -->","yoast_head_json":{"title":"P\u00f3 de Contorno - NAM","robots":{"index":"index","follow":"follow","max-snippet":"max-snippet:-1","max-image-preview":"max-image-preview:large","max-video-preview":"max-video-preview:-1"},"canonical":"https:\/\/namcosmetics.eu\/pt-pt\/producto\/polvos-de-contorno\/","og_locale":"pt_PT","og_type":"article","og_title":"P\u00f3 de Contorno - NAM","og_description":"Finalize sua maquiagem perfeitamente com o CONTOURING PRESSED POWDER vegano, criado para mulheres que desejam um efeito natural e suavemente desfocado. Este p\u00f3 excepcional mistura-se perfeitamente ao tom da sua pele, deixando um acabamento suave e fresco que dura o dia todo. Com o inovador complexo BestFILTERneeded, o p\u00f3 n\u00e3o apenas suaviza pequenas imperfei\u00e7\u00f5es, mas tamb\u00e9m uniformiza o tom da pele, proporcionando um aspecto saud\u00e1vel e radiante. A embalagem ecol\u00f3gica e reutiliz\u00e1vel faz dele uma escolha respons\u00e1vel, permitindo m\u00faltiplos usos com refis substitu\u00edveis. Al\u00e9m disso, 50% da embalagem \u00e9 feita de pl\u00e1stico reciclado.","og_url":"https:\/\/namcosmetics.eu\/pt-pt\/producto\/polvos-de-contorno\/","og_site_name":"NAM","article_modified_time":"2024-12-13T09:16:04+00:00","og_image":[{"width":800,"height":800,"url":"https:\/\/namcosmetics.eu\/wp-content\/uploads\/2024\/12\/CE180N2NEW_5905309910416_1.jpg","type":"image\/jpeg"}],"twitter_card":"summary_large_image","schema":{"@context":"https:\/\/schema.org","@graph":[{"@type":"WebPage","@id":"https:\/\/namcosmetics.eu\/pt-pt\/producto\/polvos-de-contorno\/","url":"https:\/\/namcosmetics.eu\/pt-pt\/producto\/polvos-de-contorno\/","name":"P\u00f3 de Contorno - NAM","isPartOf":{"@id":"https:\/\/namcosmetics.eu\/pt-pt\/#website"},"primaryImageOfPage":{"@id":"https:\/\/namcosmetics.eu\/pt-pt\/producto\/polvos-de-contorno\/#primaryimage"},"image":{"@id":"https:\/\/namcosmetics.eu\/pt-pt\/producto\/polvos-de-contorno\/#primaryimage"},"thumbnailUrl":"https:\/\/namcosmetics.eu\/wp-content\/uploads\/2024\/12\/CE180N2NEW_5905309910416_1.jpg","datePublished":"2024-12-10T13:38:23+00:00","dateModified":"2024-12-13T09:16:04+00:00","breadcrumb":{"@id":"https:\/\/namcosmetics.eu\/pt-pt\/producto\/polvos-de-contorno\/#breadcrumb"},"inLanguage":"pt-PT","potentialAction":[{"@type":"ReadAction","target":["https:\/\/namcosmetics.eu\/pt-pt\/producto\/polvos-de-contorno\/"]}]},{"@type":"ImageObject","inLanguage":"pt-PT","@id":"https:\/\/namcosmetics.eu\/pt-pt\/producto\/polvos-de-contorno\/#primaryimage","url":"https:\/\/namcosmetics.eu\/wp-content\/uploads\/2024\/12\/CE180N2NEW_5905309910416_1.jpg","contentUrl":"https:\/\/namcosmetics.eu\/wp-content\/uploads\/2024\/12\/CE180N2NEW_5905309910416_1.jpg","width":800,"height":800},{"@type":"BreadcrumbList","@id":"https:\/\/namcosmetics.eu\/pt-pt\/producto\/polvos-de-contorno\/#breadcrumb","itemListElement":[{"@type":"ListItem","position":1,"name":"Portada","item":"https:\/\/namcosmetics.eu\/pt-pt\/"},{"@type":"ListItem","position":2,"name":"Tienda","item":"https:\/\/namcosmetics.eu\/tienda\/"},{"@type":"ListItem","position":3,"name":"P\u00f3 de Contorno"}]},{"@type":"WebSite","@id":"https:\/\/namcosmetics.eu\/pt-pt\/#website","url":"https:\/\/namcosmetics.eu\/pt-pt\/","name":"NAM","description":"NAM Europe","potentialAction":[{"@type":"SearchAction","target":{"@type":"EntryPoint","urlTemplate":"https:\/\/namcosmetics.eu\/pt-pt\/?s={search_term_string}"},"query-input":{"@type":"PropertyValueSpecification","valueRequired":true,"valueName":"search_term_string"}}],"inLanguage":"pt-PT"}]}},"_links":{"self":[{"href":"https:\/\/namcosmetics.eu\/pt-pt\/wp-json\/wp\/v2\/product\/31541"}],"collection":[{"href":"https:\/\/namcosmetics.eu\/pt-pt\/wp-json\/wp\/v2\/product"}],"about":[{"href":"https:\/\/namcosmetics.eu\/pt-pt\/wp-json\/wp\/v2\/types\/product"}],"replies":[{"embeddable":true,"href":"https:\/\/namcosmetics.eu\/pt-pt\/wp-json\/wp\/v2\/comments?post=31541"}],"wp:featuredmedia":[{"embeddable":true,"href":"https:\/\/namcosmetics.eu\/pt-pt\/wp-json\/wp\/v2\/media\/31411"}],"wp:attachment":[{"href":"https:\/\/namcosmetics.eu\/pt-pt\/wp-json\/wp\/v2\/media?parent=31541"}],"wp:term":[{"taxonomy":"product_brand","embeddable":true,"href":"https:\/\/namcosmetics.eu\/pt-pt\/wp-json\/wp\/v2\/product_brand?post=31541"},{"taxonomy":"product_cat","embeddable":true,"href":"https:\/\/namcosmetics.eu\/pt-pt\/wp-json\/wp\/v2\/product_cat?post=31541"},{"taxonomy":"product_tag","embeddable":true,"href":"https:\/\/namcosmetics.eu\/pt-pt\/wp-json\/wp\/v2\/product_tag?post=31541"}],"curies":[{"name":"wp","href":"https:\/\/api.w.org\/{rel}","templated":true}]}}