{"id":30659,"date":"2024-06-20T12:34:07","date_gmt":"2024-06-20T12:34:07","guid":{"rendered":"https:\/\/namcosmetics.eu\/producto\/base-de-maquillaje-wonder-mousse\/"},"modified":"2024-06-24T09:50:44","modified_gmt":"2024-06-24T09:50:44","slug":"base-de-maquillaje-wonder-mousse","status":"publish","type":"product","link":"https:\/\/namcosmetics.eu\/pt-pt\/producto\/base-de-maquillaje-wonder-mousse\/","title":{"rendered":"Base de\n  Maquilhagem Wonder Mousse"},"content":{"rendered":"<h4>Modo de<br \/>\n  uso<\/h4>\n<p>Hidratar e preparar a pele. Recomenda-se a utiliza\u00e7\u00e3o<br \/>\n  de um primer para melhorar a ader\u00eancia e a durabilidade da maquilhagem. Em<br \/>\n  seguida, aplicar a base em todo o rosto com um pincel ou uma esponja.<br \/>\n    tiene men\u00fa<br \/>\n  contextual<\/p>\n<p><\/p>\n<h4>Ingredientes<\/h4>\n<p>Cyclopentasiloxane,<br \/>\n  Isododecane, Dimethicone Crosspolymer, Dimethicone, Silica Dimethyl Silylate,<br \/>\n  Dimethicone\/Vinyl Dimethicone Crosspolymer, Tocopheryl Acetate, Lauryl<br \/>\n  PEG\/PPG-18\/18 Methicone, Dimethiconol, Cyclohexasiloxane, Parfum,<br \/>\n  Triethoxycaprylylsilane, Caprylyl Glycol, Phenoxyethanol, Caprylic\/Capric<br \/>\n  Triglyceride, Hexylene Glycol, Silica, Aqua, Glycerin, Salicornia Herbacea<br \/>\n  Extract, Alumina, Magnesium Oxide, Rosa Hybrid Flower Extract, Sodium<br \/>\n  Benzoate, Potassium Sorbate, Linalool, Benzyl Salicylate, Alpha-Isomethyl<br \/>\n  Ionone, Limonene, Coumarin, Geraniol, CI 77891, CI 77492, CI 77499, CI<br \/>\n  77491.<\/p>\n","protected":false},"excerpt":{"rendered":"<p>Base com uma<br \/>\n  consist\u00eancia tipo mousse que se adapta ao tom da pele. Combina quatro<br \/>\n  fun\u00e7\u00f5es: Primer, corretor, base e p\u00f3.<\/p>\n","protected":false},"featured_media":30149,"comment_status":"closed","ping_status":"closed","template":"","meta":[],"product_brand":[],"product_cat":[1654,1787],"product_tag":[],"class_list":{"0":"post-30659","1":"product","2":"type-product","3":"status-publish","4":"has-post-thumbnail","6":"product_cat-base-de-maquillaje-pt-pt","7":"product_cat-new-jun24-pt-pt","9":"first","10":"instock","11":"shipping-taxable","12":"purchasable","13":"product-type-simple"},"yoast_head":"<!-- This site is optimized with the Yoast SEO plugin v25.0 - https:\/\/yoast.com\/wordpress\/plugins\/seo\/ -->\n<title>Base de  Maquilhagem Wonder Mousse - NAM<\/title>\n<meta name=\"robots\" content=\"index, follow, max-snippet:-1, max-image-preview:large, max-video-preview:-1\" \/>\n<link rel=\"canonical\" href=\"https:\/\/namcosmetics.eu\/pt-pt\/producto\/base-de-maquillaje-wonder-mousse\/\" \/>\n<meta property=\"og:locale\" content=\"pt_PT\" \/>\n<meta property=\"og:type\" content=\"article\" \/>\n<meta property=\"og:title\" content=\"Base de  Maquilhagem Wonder Mousse - NAM\" \/>\n<meta property=\"og:description\" content=\"Base com uma  consist\u00eancia tipo mousse que se adapta ao tom da pele. Combina quatro  fun\u00e7\u00f5es: Primer, corretor, base e p\u00f3.\" \/>\n<meta property=\"og:url\" content=\"https:\/\/namcosmetics.eu\/pt-pt\/producto\/base-de-maquillaje-wonder-mousse\/\" \/>\n<meta property=\"og:site_name\" content=\"NAM\" \/>\n<meta property=\"article:modified_time\" content=\"2024-06-24T09:50:44+00:00\" \/>\n<meta property=\"og:image\" content=\"https:\/\/namcosmetics.eu\/wp-content\/uploads\/2024\/06\/CE635_5905309904309-1-1.png\" \/>\n\t<meta property=\"og:image:width\" content=\"2250\" \/>\n\t<meta property=\"og:image:height\" content=\"2250\" \/>\n\t<meta property=\"og:image:type\" content=\"image\/png\" \/>\n<meta name=\"twitter:card\" content=\"summary_large_image\" \/>\n<meta name=\"twitter:label1\" content=\"Tempo estimado de leitura\" \/>\n\t<meta name=\"twitter:data1\" content=\"1 minuto\" \/>\n<script type=\"application\/ld+json\" class=\"yoast-schema-graph\">{\"@context\":\"https:\/\/schema.org\",\"@graph\":[{\"@type\":\"WebPage\",\"@id\":\"https:\/\/namcosmetics.eu\/pt-pt\/producto\/base-de-maquillaje-wonder-mousse\/\",\"url\":\"https:\/\/namcosmetics.eu\/pt-pt\/producto\/base-de-maquillaje-wonder-mousse\/\",\"name\":\"Base de Maquilhagem Wonder Mousse - NAM\",\"isPartOf\":{\"@id\":\"https:\/\/namcosmetics.eu\/pt-pt\/#website\"},\"primaryImageOfPage\":{\"@id\":\"https:\/\/namcosmetics.eu\/pt-pt\/producto\/base-de-maquillaje-wonder-mousse\/#primaryimage\"},\"image\":{\"@id\":\"https:\/\/namcosmetics.eu\/pt-pt\/producto\/base-de-maquillaje-wonder-mousse\/#primaryimage\"},\"thumbnailUrl\":\"https:\/\/namcosmetics.eu\/wp-content\/uploads\/2024\/06\/CE635_5905309904309-1-1.png\",\"datePublished\":\"2024-06-20T12:34:07+00:00\",\"dateModified\":\"2024-06-24T09:50:44+00:00\",\"breadcrumb\":{\"@id\":\"https:\/\/namcosmetics.eu\/pt-pt\/producto\/base-de-maquillaje-wonder-mousse\/#breadcrumb\"},\"inLanguage\":\"pt-PT\",\"potentialAction\":[{\"@type\":\"ReadAction\",\"target\":[\"https:\/\/namcosmetics.eu\/pt-pt\/producto\/base-de-maquillaje-wonder-mousse\/\"]}]},{\"@type\":\"ImageObject\",\"inLanguage\":\"pt-PT\",\"@id\":\"https:\/\/namcosmetics.eu\/pt-pt\/producto\/base-de-maquillaje-wonder-mousse\/#primaryimage\",\"url\":\"https:\/\/namcosmetics.eu\/wp-content\/uploads\/2024\/06\/CE635_5905309904309-1-1.png\",\"contentUrl\":\"https:\/\/namcosmetics.eu\/wp-content\/uploads\/2024\/06\/CE635_5905309904309-1-1.png\",\"width\":2250,\"height\":2250},{\"@type\":\"BreadcrumbList\",\"@id\":\"https:\/\/namcosmetics.eu\/pt-pt\/producto\/base-de-maquillaje-wonder-mousse\/#breadcrumb\",\"itemListElement\":[{\"@type\":\"ListItem\",\"position\":1,\"name\":\"Portada\",\"item\":\"https:\/\/namcosmetics.eu\/pt-pt\/\"},{\"@type\":\"ListItem\",\"position\":2,\"name\":\"Tienda\",\"item\":\"https:\/\/namcosmetics.eu\/tienda\/\"},{\"@type\":\"ListItem\",\"position\":3,\"name\":\"Base de Maquilhagem Wonder Mousse\"}]},{\"@type\":\"WebSite\",\"@id\":\"https:\/\/namcosmetics.eu\/pt-pt\/#website\",\"url\":\"https:\/\/namcosmetics.eu\/pt-pt\/\",\"name\":\"NAM\",\"description\":\"NAM Europe\",\"potentialAction\":[{\"@type\":\"SearchAction\",\"target\":{\"@type\":\"EntryPoint\",\"urlTemplate\":\"https:\/\/namcosmetics.eu\/pt-pt\/?s={search_term_string}\"},\"query-input\":{\"@type\":\"PropertyValueSpecification\",\"valueRequired\":true,\"valueName\":\"search_term_string\"}}],\"inLanguage\":\"pt-PT\"}]}<\/script>\n<!-- \/ Yoast SEO plugin. -->","yoast_head_json":{"title":"Base de  Maquilhagem Wonder Mousse - NAM","robots":{"index":"index","follow":"follow","max-snippet":"max-snippet:-1","max-image-preview":"max-image-preview:large","max-video-preview":"max-video-preview:-1"},"canonical":"https:\/\/namcosmetics.eu\/pt-pt\/producto\/base-de-maquillaje-wonder-mousse\/","og_locale":"pt_PT","og_type":"article","og_title":"Base de  Maquilhagem Wonder Mousse - NAM","og_description":"Base com uma  consist\u00eancia tipo mousse que se adapta ao tom da pele. Combina quatro  fun\u00e7\u00f5es: Primer, corretor, base e p\u00f3.","og_url":"https:\/\/namcosmetics.eu\/pt-pt\/producto\/base-de-maquillaje-wonder-mousse\/","og_site_name":"NAM","article_modified_time":"2024-06-24T09:50:44+00:00","og_image":[{"width":2250,"height":2250,"url":"https:\/\/namcosmetics.eu\/wp-content\/uploads\/2024\/06\/CE635_5905309904309-1-1.png","type":"image\/png"}],"twitter_card":"summary_large_image","twitter_misc":{"Tempo estimado de leitura":"1 minuto"},"schema":{"@context":"https:\/\/schema.org","@graph":[{"@type":"WebPage","@id":"https:\/\/namcosmetics.eu\/pt-pt\/producto\/base-de-maquillaje-wonder-mousse\/","url":"https:\/\/namcosmetics.eu\/pt-pt\/producto\/base-de-maquillaje-wonder-mousse\/","name":"Base de Maquilhagem Wonder Mousse - NAM","isPartOf":{"@id":"https:\/\/namcosmetics.eu\/pt-pt\/#website"},"primaryImageOfPage":{"@id":"https:\/\/namcosmetics.eu\/pt-pt\/producto\/base-de-maquillaje-wonder-mousse\/#primaryimage"},"image":{"@id":"https:\/\/namcosmetics.eu\/pt-pt\/producto\/base-de-maquillaje-wonder-mousse\/#primaryimage"},"thumbnailUrl":"https:\/\/namcosmetics.eu\/wp-content\/uploads\/2024\/06\/CE635_5905309904309-1-1.png","datePublished":"2024-06-20T12:34:07+00:00","dateModified":"2024-06-24T09:50:44+00:00","breadcrumb":{"@id":"https:\/\/namcosmetics.eu\/pt-pt\/producto\/base-de-maquillaje-wonder-mousse\/#breadcrumb"},"inLanguage":"pt-PT","potentialAction":[{"@type":"ReadAction","target":["https:\/\/namcosmetics.eu\/pt-pt\/producto\/base-de-maquillaje-wonder-mousse\/"]}]},{"@type":"ImageObject","inLanguage":"pt-PT","@id":"https:\/\/namcosmetics.eu\/pt-pt\/producto\/base-de-maquillaje-wonder-mousse\/#primaryimage","url":"https:\/\/namcosmetics.eu\/wp-content\/uploads\/2024\/06\/CE635_5905309904309-1-1.png","contentUrl":"https:\/\/namcosmetics.eu\/wp-content\/uploads\/2024\/06\/CE635_5905309904309-1-1.png","width":2250,"height":2250},{"@type":"BreadcrumbList","@id":"https:\/\/namcosmetics.eu\/pt-pt\/producto\/base-de-maquillaje-wonder-mousse\/#breadcrumb","itemListElement":[{"@type":"ListItem","position":1,"name":"Portada","item":"https:\/\/namcosmetics.eu\/pt-pt\/"},{"@type":"ListItem","position":2,"name":"Tienda","item":"https:\/\/namcosmetics.eu\/tienda\/"},{"@type":"ListItem","position":3,"name":"Base de Maquilhagem Wonder Mousse"}]},{"@type":"WebSite","@id":"https:\/\/namcosmetics.eu\/pt-pt\/#website","url":"https:\/\/namcosmetics.eu\/pt-pt\/","name":"NAM","description":"NAM Europe","potentialAction":[{"@type":"SearchAction","target":{"@type":"EntryPoint","urlTemplate":"https:\/\/namcosmetics.eu\/pt-pt\/?s={search_term_string}"},"query-input":{"@type":"PropertyValueSpecification","valueRequired":true,"valueName":"search_term_string"}}],"inLanguage":"pt-PT"}]}},"_links":{"self":[{"href":"https:\/\/namcosmetics.eu\/pt-pt\/wp-json\/wp\/v2\/product\/30659"}],"collection":[{"href":"https:\/\/namcosmetics.eu\/pt-pt\/wp-json\/wp\/v2\/product"}],"about":[{"href":"https:\/\/namcosmetics.eu\/pt-pt\/wp-json\/wp\/v2\/types\/product"}],"replies":[{"embeddable":true,"href":"https:\/\/namcosmetics.eu\/pt-pt\/wp-json\/wp\/v2\/comments?post=30659"}],"wp:featuredmedia":[{"embeddable":true,"href":"https:\/\/namcosmetics.eu\/pt-pt\/wp-json\/wp\/v2\/media\/30149"}],"wp:attachment":[{"href":"https:\/\/namcosmetics.eu\/pt-pt\/wp-json\/wp\/v2\/media?parent=30659"}],"wp:term":[{"taxonomy":"product_brand","embeddable":true,"href":"https:\/\/namcosmetics.eu\/pt-pt\/wp-json\/wp\/v2\/product_brand?post=30659"},{"taxonomy":"product_cat","embeddable":true,"href":"https:\/\/namcosmetics.eu\/pt-pt\/wp-json\/wp\/v2\/product_cat?post=30659"},{"taxonomy":"product_tag","embeddable":true,"href":"https:\/\/namcosmetics.eu\/pt-pt\/wp-json\/wp\/v2\/product_tag?post=30659"}],"curies":[{"name":"wp","href":"https:\/\/api.w.org\/{rel}","templated":true}]}}