{"id":30650,"date":"2024-06-20T12:38:38","date_gmt":"2024-06-20T12:38:38","guid":{"rendered":"https:\/\/namcosmetics.eu\/producto\/sombra-cocida\/"},"modified":"2024-06-24T09:57:43","modified_gmt":"2024-06-24T09:57:43","slug":"sombra-cocida","status":"publish","type":"product","link":"https:\/\/namcosmetics.eu\/pt-pt\/producto\/sombra-cocida\/","title":{"rendered":"Baked\n  Eyeshadow\u00a0"},"content":{"rendered":"<h4>Modo de<br \/>\n  uso<\/h4>\n<p>Apl\u00edcalo por todo el p\u00e1rpado o en ciertos puntos donde<br \/>\n  quieras un toque de luz.<\/p>\n<p><\/p>\n","protected":false},"excerpt":{"rendered":"<p>No mundo da<br \/>\n  moda e da beleza, h\u00e1 elementos que nunca passam de moda. S\u00e3o como os<br \/>\n  cl\u00e1ssicos: sempre com estilo e eleg\u00e2ncia. \u00c9 exatamente isso que s\u00e3o as nossas<br \/>\n  sombras WET &#038; DRY BAKED EYESHADOWS. Em tons intemporais de dourado e<br \/>\n  prateado, d\u00e3o aos seus olhos um brilho subtil e cintilante. Pode escolher o<br \/>\n  grau de satura\u00e7\u00e3o da cor e de cintila\u00e7\u00e3o, adicionando camadas sucessivas do<br \/>\n  produto at\u00e9 obter o efeito desejado. Para um efeito ainda mais intenso,<br \/>\n  aplique a sombra de olhos h\u00famida ou talvez prefira utilizar o produto tamb\u00e9m<br \/>\n  nas ma\u00e7\u00e3s do rosto como iluminador? Um brilho \u00fanico, quase m\u00e1gico &#8211;<br \/>\n  garantido! Gra\u00e7as \u00e0 sua f\u00f3rmula cozida, as sombras BAKED EYESHADOWS s\u00e3o<br \/>\n  altamente eficazes e mant\u00eam a sua frescura durante muito tempo. Est\u00e1 na<br \/>\n  altura de brilhar e deslumbrar todos os dias, sejam quais forem as<br \/>\n  circunst\u00e2ncias!<\/p>\n","protected":false},"featured_media":30407,"comment_status":"closed","ping_status":"closed","template":"","meta":[],"product_brand":[],"product_cat":[1787,1339],"product_tag":[],"class_list":{"0":"post-30650","1":"product","2":"type-product","3":"status-publish","4":"has-post-thumbnail","6":"product_cat-new-jun24-pt-pt","7":"product_cat-sombra-dos-olhos","9":"first","10":"instock","11":"shipping-taxable","12":"purchasable","13":"product-type-variable"},"yoast_head":"<!-- This site is optimized with the Yoast SEO plugin v25.0 - https:\/\/yoast.com\/wordpress\/plugins\/seo\/ -->\n<title>Baked  Eyeshadow\u00a0 - NAM<\/title>\n<meta name=\"robots\" content=\"index, follow, max-snippet:-1, max-image-preview:large, max-video-preview:-1\" \/>\n<link rel=\"canonical\" href=\"https:\/\/namcosmetics.eu\/pt-pt\/producto\/sombra-cocida\/\" \/>\n<meta property=\"og:locale\" content=\"pt_PT\" \/>\n<meta property=\"og:type\" content=\"article\" \/>\n<meta property=\"og:title\" content=\"Baked  Eyeshadow\u00a0 - NAM\" \/>\n<meta property=\"og:description\" content=\"No mundo da  moda e da beleza, h\u00e1 elementos que nunca passam de moda. S\u00e3o como os  cl\u00e1ssicos: sempre com estilo e eleg\u00e2ncia. \u00c9 exatamente isso que s\u00e3o as nossas  sombras WET &amp; DRY BAKED EYESHADOWS. Em tons intemporais de dourado e  prateado, d\u00e3o aos seus olhos um brilho subtil e cintilante. Pode escolher o  grau de satura\u00e7\u00e3o da cor e de cintila\u00e7\u00e3o, adicionando camadas sucessivas do  produto at\u00e9 obter o efeito desejado. Para um efeito ainda mais intenso,  aplique a sombra de olhos h\u00famida ou talvez prefira utilizar o produto tamb\u00e9m  nas ma\u00e7\u00e3s do rosto como iluminador? Um brilho \u00fanico, quase m\u00e1gico -  garantido! Gra\u00e7as \u00e0 sua f\u00f3rmula cozida, as sombras BAKED EYESHADOWS s\u00e3o  altamente eficazes e mant\u00eam a sua frescura durante muito tempo. Est\u00e1 na  altura de brilhar e deslumbrar todos os dias, sejam quais forem as  circunst\u00e2ncias!\" \/>\n<meta property=\"og:url\" content=\"https:\/\/namcosmetics.eu\/pt-pt\/producto\/sombra-cocida\/\" \/>\n<meta property=\"og:site_name\" content=\"NAM\" \/>\n<meta property=\"article:modified_time\" content=\"2024-06-24T09:57:43+00:00\" \/>\n<meta property=\"og:image\" content=\"https:\/\/namcosmetics.eu\/wp-content\/uploads\/2024\/06\/OC810N1_5905309907447-1-1-1024x1024.png\" \/>\n\t<meta property=\"og:image:width\" content=\"1024\" \/>\n\t<meta property=\"og:image:height\" content=\"1024\" \/>\n\t<meta property=\"og:image:type\" content=\"image\/png\" \/>\n<meta name=\"twitter:card\" content=\"summary_large_image\" \/>\n<script type=\"application\/ld+json\" class=\"yoast-schema-graph\">{\"@context\":\"https:\/\/schema.org\",\"@graph\":[{\"@type\":\"WebPage\",\"@id\":\"https:\/\/namcosmetics.eu\/pt-pt\/producto\/sombra-cocida\/\",\"url\":\"https:\/\/namcosmetics.eu\/pt-pt\/producto\/sombra-cocida\/\",\"name\":\"Baked Eyeshadow\u00a0 - NAM\",\"isPartOf\":{\"@id\":\"https:\/\/namcosmetics.eu\/pt-pt\/#website\"},\"primaryImageOfPage\":{\"@id\":\"https:\/\/namcosmetics.eu\/pt-pt\/producto\/sombra-cocida\/#primaryimage\"},\"image\":{\"@id\":\"https:\/\/namcosmetics.eu\/pt-pt\/producto\/sombra-cocida\/#primaryimage\"},\"thumbnailUrl\":\"https:\/\/namcosmetics.eu\/wp-content\/uploads\/2024\/06\/OC810N1_5905309907447-1-1.png\",\"datePublished\":\"2024-06-20T12:38:38+00:00\",\"dateModified\":\"2024-06-24T09:57:43+00:00\",\"breadcrumb\":{\"@id\":\"https:\/\/namcosmetics.eu\/pt-pt\/producto\/sombra-cocida\/#breadcrumb\"},\"inLanguage\":\"pt-PT\",\"potentialAction\":[{\"@type\":\"ReadAction\",\"target\":[\"https:\/\/namcosmetics.eu\/pt-pt\/producto\/sombra-cocida\/\"]}]},{\"@type\":\"ImageObject\",\"inLanguage\":\"pt-PT\",\"@id\":\"https:\/\/namcosmetics.eu\/pt-pt\/producto\/sombra-cocida\/#primaryimage\",\"url\":\"https:\/\/namcosmetics.eu\/wp-content\/uploads\/2024\/06\/OC810N1_5905309907447-1-1.png\",\"contentUrl\":\"https:\/\/namcosmetics.eu\/wp-content\/uploads\/2024\/06\/OC810N1_5905309907447-1-1.png\",\"width\":2249,\"height\":2249},{\"@type\":\"BreadcrumbList\",\"@id\":\"https:\/\/namcosmetics.eu\/pt-pt\/producto\/sombra-cocida\/#breadcrumb\",\"itemListElement\":[{\"@type\":\"ListItem\",\"position\":1,\"name\":\"Portada\",\"item\":\"https:\/\/namcosmetics.eu\/pt-pt\/\"},{\"@type\":\"ListItem\",\"position\":2,\"name\":\"Tienda\",\"item\":\"https:\/\/namcosmetics.eu\/tienda\/\"},{\"@type\":\"ListItem\",\"position\":3,\"name\":\"Baked Eyeshadow\u00a0\"}]},{\"@type\":\"WebSite\",\"@id\":\"https:\/\/namcosmetics.eu\/pt-pt\/#website\",\"url\":\"https:\/\/namcosmetics.eu\/pt-pt\/\",\"name\":\"NAM\",\"description\":\"NAM Europe\",\"potentialAction\":[{\"@type\":\"SearchAction\",\"target\":{\"@type\":\"EntryPoint\",\"urlTemplate\":\"https:\/\/namcosmetics.eu\/pt-pt\/?s={search_term_string}\"},\"query-input\":{\"@type\":\"PropertyValueSpecification\",\"valueRequired\":true,\"valueName\":\"search_term_string\"}}],\"inLanguage\":\"pt-PT\"}]}<\/script>\n<!-- \/ Yoast SEO plugin. -->","yoast_head_json":{"title":"Baked  Eyeshadow\u00a0 - NAM","robots":{"index":"index","follow":"follow","max-snippet":"max-snippet:-1","max-image-preview":"max-image-preview:large","max-video-preview":"max-video-preview:-1"},"canonical":"https:\/\/namcosmetics.eu\/pt-pt\/producto\/sombra-cocida\/","og_locale":"pt_PT","og_type":"article","og_title":"Baked  Eyeshadow\u00a0 - NAM","og_description":"No mundo da  moda e da beleza, h\u00e1 elementos que nunca passam de moda. S\u00e3o como os  cl\u00e1ssicos: sempre com estilo e eleg\u00e2ncia. \u00c9 exatamente isso que s\u00e3o as nossas  sombras WET & DRY BAKED EYESHADOWS. Em tons intemporais de dourado e  prateado, d\u00e3o aos seus olhos um brilho subtil e cintilante. Pode escolher o  grau de satura\u00e7\u00e3o da cor e de cintila\u00e7\u00e3o, adicionando camadas sucessivas do  produto at\u00e9 obter o efeito desejado. Para um efeito ainda mais intenso,  aplique a sombra de olhos h\u00famida ou talvez prefira utilizar o produto tamb\u00e9m  nas ma\u00e7\u00e3s do rosto como iluminador? Um brilho \u00fanico, quase m\u00e1gico -  garantido! Gra\u00e7as \u00e0 sua f\u00f3rmula cozida, as sombras BAKED EYESHADOWS s\u00e3o  altamente eficazes e mant\u00eam a sua frescura durante muito tempo. Est\u00e1 na  altura de brilhar e deslumbrar todos os dias, sejam quais forem as  circunst\u00e2ncias!","og_url":"https:\/\/namcosmetics.eu\/pt-pt\/producto\/sombra-cocida\/","og_site_name":"NAM","article_modified_time":"2024-06-24T09:57:43+00:00","og_image":[{"width":1024,"height":1024,"url":"https:\/\/namcosmetics.eu\/wp-content\/uploads\/2024\/06\/OC810N1_5905309907447-1-1-1024x1024.png","type":"image\/png"}],"twitter_card":"summary_large_image","schema":{"@context":"https:\/\/schema.org","@graph":[{"@type":"WebPage","@id":"https:\/\/namcosmetics.eu\/pt-pt\/producto\/sombra-cocida\/","url":"https:\/\/namcosmetics.eu\/pt-pt\/producto\/sombra-cocida\/","name":"Baked Eyeshadow\u00a0 - NAM","isPartOf":{"@id":"https:\/\/namcosmetics.eu\/pt-pt\/#website"},"primaryImageOfPage":{"@id":"https:\/\/namcosmetics.eu\/pt-pt\/producto\/sombra-cocida\/#primaryimage"},"image":{"@id":"https:\/\/namcosmetics.eu\/pt-pt\/producto\/sombra-cocida\/#primaryimage"},"thumbnailUrl":"https:\/\/namcosmetics.eu\/wp-content\/uploads\/2024\/06\/OC810N1_5905309907447-1-1.png","datePublished":"2024-06-20T12:38:38+00:00","dateModified":"2024-06-24T09:57:43+00:00","breadcrumb":{"@id":"https:\/\/namcosmetics.eu\/pt-pt\/producto\/sombra-cocida\/#breadcrumb"},"inLanguage":"pt-PT","potentialAction":[{"@type":"ReadAction","target":["https:\/\/namcosmetics.eu\/pt-pt\/producto\/sombra-cocida\/"]}]},{"@type":"ImageObject","inLanguage":"pt-PT","@id":"https:\/\/namcosmetics.eu\/pt-pt\/producto\/sombra-cocida\/#primaryimage","url":"https:\/\/namcosmetics.eu\/wp-content\/uploads\/2024\/06\/OC810N1_5905309907447-1-1.png","contentUrl":"https:\/\/namcosmetics.eu\/wp-content\/uploads\/2024\/06\/OC810N1_5905309907447-1-1.png","width":2249,"height":2249},{"@type":"BreadcrumbList","@id":"https:\/\/namcosmetics.eu\/pt-pt\/producto\/sombra-cocida\/#breadcrumb","itemListElement":[{"@type":"ListItem","position":1,"name":"Portada","item":"https:\/\/namcosmetics.eu\/pt-pt\/"},{"@type":"ListItem","position":2,"name":"Tienda","item":"https:\/\/namcosmetics.eu\/tienda\/"},{"@type":"ListItem","position":3,"name":"Baked Eyeshadow\u00a0"}]},{"@type":"WebSite","@id":"https:\/\/namcosmetics.eu\/pt-pt\/#website","url":"https:\/\/namcosmetics.eu\/pt-pt\/","name":"NAM","description":"NAM Europe","potentialAction":[{"@type":"SearchAction","target":{"@type":"EntryPoint","urlTemplate":"https:\/\/namcosmetics.eu\/pt-pt\/?s={search_term_string}"},"query-input":{"@type":"PropertyValueSpecification","valueRequired":true,"valueName":"search_term_string"}}],"inLanguage":"pt-PT"}]}},"_links":{"self":[{"href":"https:\/\/namcosmetics.eu\/pt-pt\/wp-json\/wp\/v2\/product\/30650"}],"collection":[{"href":"https:\/\/namcosmetics.eu\/pt-pt\/wp-json\/wp\/v2\/product"}],"about":[{"href":"https:\/\/namcosmetics.eu\/pt-pt\/wp-json\/wp\/v2\/types\/product"}],"replies":[{"embeddable":true,"href":"https:\/\/namcosmetics.eu\/pt-pt\/wp-json\/wp\/v2\/comments?post=30650"}],"wp:featuredmedia":[{"embeddable":true,"href":"https:\/\/namcosmetics.eu\/pt-pt\/wp-json\/wp\/v2\/media\/30407"}],"wp:attachment":[{"href":"https:\/\/namcosmetics.eu\/pt-pt\/wp-json\/wp\/v2\/media?parent=30650"}],"wp:term":[{"taxonomy":"product_brand","embeddable":true,"href":"https:\/\/namcosmetics.eu\/pt-pt\/wp-json\/wp\/v2\/product_brand?post=30650"},{"taxonomy":"product_cat","embeddable":true,"href":"https:\/\/namcosmetics.eu\/pt-pt\/wp-json\/wp\/v2\/product_cat?post=30650"},{"taxonomy":"product_tag","embeddable":true,"href":"https:\/\/namcosmetics.eu\/pt-pt\/wp-json\/wp\/v2\/product_tag?post=30650"}],"curies":[{"name":"wp","href":"https:\/\/api.w.org\/{rel}","templated":true}]}}