{"id":30648,"date":"2024-06-20T12:38:38","date_gmt":"2024-06-20T12:38:38","guid":{"rendered":"https:\/\/namcosmetics.eu\/producto\/colorete-smart-jelly\/"},"modified":"2024-06-24T09:54:54","modified_gmt":"2024-06-24T09:54:54","slug":"colorete-smart-jelly","status":"publish","type":"product","link":"https:\/\/namcosmetics.eu\/pt-pt\/producto\/colorete-smart-jelly\/","title":{"rendered":"Smart Jelly\n  Blusher\u00a0"},"content":{"rendered":"<h4>Modo de<br \/>\n  uso<\/h4>\n<p>Para la correcta aplicaci\u00f3n del colorete, debes coger<br \/>\n  producto con la brocha y difuminar\u00a0 a<br \/>\n  suaves toques. Aplica suavemente a toques el colorete en las mejillas o<br \/>\n  p\u00f3mulos, debes intensificar el color poco a poco para conseguir un efecto m\u00e1s<br \/>\n  natural.<\/p>\n<p><\/p>\n","protected":false},"excerpt":{"rendered":"<p>Um blush com<br \/>\n  uma f\u00f3rmula em gel. Cont\u00e9m uma composi\u00e7\u00e3o rica em \u00f3leos nutritivos como o<br \/>\n  \u00f3leo de sementes de girassol, o \u00f3leo de macad\u00e2mia e o \u00f3leo de coco.<br \/>\n  Dispon\u00edvel em tr\u00eas tonalidades.<\/p>\n","protected":false},"featured_media":30170,"comment_status":"closed","ping_status":"closed","template":"","meta":[],"product_brand":[],"product_cat":[1343,1787],"product_tag":[],"class_list":{"0":"post-30648","1":"product","2":"type-product","3":"status-publish","4":"has-post-thumbnail","6":"product_cat-blusher","7":"product_cat-new-jun24-pt-pt","9":"first","10":"instock","11":"shipping-taxable","12":"purchasable","13":"product-type-variable"},"yoast_head":"<!-- This site is optimized with the Yoast SEO plugin v25.0 - https:\/\/yoast.com\/wordpress\/plugins\/seo\/ -->\n<title>Smart Jelly  Blusher\u00a0 - NAM<\/title>\n<meta name=\"robots\" content=\"index, follow, max-snippet:-1, max-image-preview:large, max-video-preview:-1\" \/>\n<link rel=\"canonical\" href=\"https:\/\/namcosmetics.eu\/pt-pt\/producto\/colorete-smart-jelly\/\" \/>\n<meta property=\"og:locale\" content=\"pt_PT\" \/>\n<meta property=\"og:type\" content=\"article\" \/>\n<meta property=\"og:title\" content=\"Smart Jelly  Blusher\u00a0 - NAM\" \/>\n<meta property=\"og:description\" content=\"Um blush com  uma f\u00f3rmula em gel. Cont\u00e9m uma composi\u00e7\u00e3o rica em \u00f3leos nutritivos como o  \u00f3leo de sementes de girassol, o \u00f3leo de macad\u00e2mia e o \u00f3leo de coco.  Dispon\u00edvel em tr\u00eas tonalidades.\" \/>\n<meta property=\"og:url\" content=\"https:\/\/namcosmetics.eu\/pt-pt\/producto\/colorete-smart-jelly\/\" \/>\n<meta property=\"og:site_name\" content=\"NAM\" \/>\n<meta property=\"article:modified_time\" content=\"2024-06-24T09:54:54+00:00\" \/>\n<meta property=\"og:image\" content=\"https:\/\/namcosmetics.eu\/wp-content\/uploads\/2024\/06\/CE678N1_5905309906181-1-1-1024x1024.png\" \/>\n\t<meta property=\"og:image:width\" content=\"1024\" \/>\n\t<meta property=\"og:image:height\" content=\"1024\" \/>\n\t<meta property=\"og:image:type\" content=\"image\/png\" \/>\n<meta name=\"twitter:card\" content=\"summary_large_image\" \/>\n<meta name=\"twitter:label1\" content=\"Tempo estimado de leitura\" \/>\n\t<meta name=\"twitter:data1\" content=\"1 minuto\" \/>\n<script type=\"application\/ld+json\" class=\"yoast-schema-graph\">{\"@context\":\"https:\/\/schema.org\",\"@graph\":[{\"@type\":\"WebPage\",\"@id\":\"https:\/\/namcosmetics.eu\/pt-pt\/producto\/colorete-smart-jelly\/\",\"url\":\"https:\/\/namcosmetics.eu\/pt-pt\/producto\/colorete-smart-jelly\/\",\"name\":\"Smart Jelly Blusher\u00a0 - NAM\",\"isPartOf\":{\"@id\":\"https:\/\/namcosmetics.eu\/pt-pt\/#website\"},\"primaryImageOfPage\":{\"@id\":\"https:\/\/namcosmetics.eu\/pt-pt\/producto\/colorete-smart-jelly\/#primaryimage\"},\"image\":{\"@id\":\"https:\/\/namcosmetics.eu\/pt-pt\/producto\/colorete-smart-jelly\/#primaryimage\"},\"thumbnailUrl\":\"https:\/\/namcosmetics.eu\/wp-content\/uploads\/2024\/06\/CE678N1_5905309906181-1-1.png\",\"datePublished\":\"2024-06-20T12:38:38+00:00\",\"dateModified\":\"2024-06-24T09:54:54+00:00\",\"breadcrumb\":{\"@id\":\"https:\/\/namcosmetics.eu\/pt-pt\/producto\/colorete-smart-jelly\/#breadcrumb\"},\"inLanguage\":\"pt-PT\",\"potentialAction\":[{\"@type\":\"ReadAction\",\"target\":[\"https:\/\/namcosmetics.eu\/pt-pt\/producto\/colorete-smart-jelly\/\"]}]},{\"@type\":\"ImageObject\",\"inLanguage\":\"pt-PT\",\"@id\":\"https:\/\/namcosmetics.eu\/pt-pt\/producto\/colorete-smart-jelly\/#primaryimage\",\"url\":\"https:\/\/namcosmetics.eu\/wp-content\/uploads\/2024\/06\/CE678N1_5905309906181-1-1.png\",\"contentUrl\":\"https:\/\/namcosmetics.eu\/wp-content\/uploads\/2024\/06\/CE678N1_5905309906181-1-1.png\",\"width\":2249,\"height\":2249},{\"@type\":\"BreadcrumbList\",\"@id\":\"https:\/\/namcosmetics.eu\/pt-pt\/producto\/colorete-smart-jelly\/#breadcrumb\",\"itemListElement\":[{\"@type\":\"ListItem\",\"position\":1,\"name\":\"Portada\",\"item\":\"https:\/\/namcosmetics.eu\/pt-pt\/\"},{\"@type\":\"ListItem\",\"position\":2,\"name\":\"Tienda\",\"item\":\"https:\/\/namcosmetics.eu\/tienda\/\"},{\"@type\":\"ListItem\",\"position\":3,\"name\":\"Smart Jelly Blusher\u00a0\"}]},{\"@type\":\"WebSite\",\"@id\":\"https:\/\/namcosmetics.eu\/pt-pt\/#website\",\"url\":\"https:\/\/namcosmetics.eu\/pt-pt\/\",\"name\":\"NAM\",\"description\":\"NAM Europe\",\"potentialAction\":[{\"@type\":\"SearchAction\",\"target\":{\"@type\":\"EntryPoint\",\"urlTemplate\":\"https:\/\/namcosmetics.eu\/pt-pt\/?s={search_term_string}\"},\"query-input\":{\"@type\":\"PropertyValueSpecification\",\"valueRequired\":true,\"valueName\":\"search_term_string\"}}],\"inLanguage\":\"pt-PT\"}]}<\/script>\n<!-- \/ Yoast SEO plugin. -->","yoast_head_json":{"title":"Smart Jelly  Blusher\u00a0 - NAM","robots":{"index":"index","follow":"follow","max-snippet":"max-snippet:-1","max-image-preview":"max-image-preview:large","max-video-preview":"max-video-preview:-1"},"canonical":"https:\/\/namcosmetics.eu\/pt-pt\/producto\/colorete-smart-jelly\/","og_locale":"pt_PT","og_type":"article","og_title":"Smart Jelly  Blusher\u00a0 - NAM","og_description":"Um blush com  uma f\u00f3rmula em gel. Cont\u00e9m uma composi\u00e7\u00e3o rica em \u00f3leos nutritivos como o  \u00f3leo de sementes de girassol, o \u00f3leo de macad\u00e2mia e o \u00f3leo de coco.  Dispon\u00edvel em tr\u00eas tonalidades.","og_url":"https:\/\/namcosmetics.eu\/pt-pt\/producto\/colorete-smart-jelly\/","og_site_name":"NAM","article_modified_time":"2024-06-24T09:54:54+00:00","og_image":[{"width":1024,"height":1024,"url":"https:\/\/namcosmetics.eu\/wp-content\/uploads\/2024\/06\/CE678N1_5905309906181-1-1-1024x1024.png","type":"image\/png"}],"twitter_card":"summary_large_image","twitter_misc":{"Tempo estimado de leitura":"1 minuto"},"schema":{"@context":"https:\/\/schema.org","@graph":[{"@type":"WebPage","@id":"https:\/\/namcosmetics.eu\/pt-pt\/producto\/colorete-smart-jelly\/","url":"https:\/\/namcosmetics.eu\/pt-pt\/producto\/colorete-smart-jelly\/","name":"Smart Jelly Blusher\u00a0 - NAM","isPartOf":{"@id":"https:\/\/namcosmetics.eu\/pt-pt\/#website"},"primaryImageOfPage":{"@id":"https:\/\/namcosmetics.eu\/pt-pt\/producto\/colorete-smart-jelly\/#primaryimage"},"image":{"@id":"https:\/\/namcosmetics.eu\/pt-pt\/producto\/colorete-smart-jelly\/#primaryimage"},"thumbnailUrl":"https:\/\/namcosmetics.eu\/wp-content\/uploads\/2024\/06\/CE678N1_5905309906181-1-1.png","datePublished":"2024-06-20T12:38:38+00:00","dateModified":"2024-06-24T09:54:54+00:00","breadcrumb":{"@id":"https:\/\/namcosmetics.eu\/pt-pt\/producto\/colorete-smart-jelly\/#breadcrumb"},"inLanguage":"pt-PT","potentialAction":[{"@type":"ReadAction","target":["https:\/\/namcosmetics.eu\/pt-pt\/producto\/colorete-smart-jelly\/"]}]},{"@type":"ImageObject","inLanguage":"pt-PT","@id":"https:\/\/namcosmetics.eu\/pt-pt\/producto\/colorete-smart-jelly\/#primaryimage","url":"https:\/\/namcosmetics.eu\/wp-content\/uploads\/2024\/06\/CE678N1_5905309906181-1-1.png","contentUrl":"https:\/\/namcosmetics.eu\/wp-content\/uploads\/2024\/06\/CE678N1_5905309906181-1-1.png","width":2249,"height":2249},{"@type":"BreadcrumbList","@id":"https:\/\/namcosmetics.eu\/pt-pt\/producto\/colorete-smart-jelly\/#breadcrumb","itemListElement":[{"@type":"ListItem","position":1,"name":"Portada","item":"https:\/\/namcosmetics.eu\/pt-pt\/"},{"@type":"ListItem","position":2,"name":"Tienda","item":"https:\/\/namcosmetics.eu\/tienda\/"},{"@type":"ListItem","position":3,"name":"Smart Jelly Blusher\u00a0"}]},{"@type":"WebSite","@id":"https:\/\/namcosmetics.eu\/pt-pt\/#website","url":"https:\/\/namcosmetics.eu\/pt-pt\/","name":"NAM","description":"NAM Europe","potentialAction":[{"@type":"SearchAction","target":{"@type":"EntryPoint","urlTemplate":"https:\/\/namcosmetics.eu\/pt-pt\/?s={search_term_string}"},"query-input":{"@type":"PropertyValueSpecification","valueRequired":true,"valueName":"search_term_string"}}],"inLanguage":"pt-PT"}]}},"_links":{"self":[{"href":"https:\/\/namcosmetics.eu\/pt-pt\/wp-json\/wp\/v2\/product\/30648"}],"collection":[{"href":"https:\/\/namcosmetics.eu\/pt-pt\/wp-json\/wp\/v2\/product"}],"about":[{"href":"https:\/\/namcosmetics.eu\/pt-pt\/wp-json\/wp\/v2\/types\/product"}],"replies":[{"embeddable":true,"href":"https:\/\/namcosmetics.eu\/pt-pt\/wp-json\/wp\/v2\/comments?post=30648"}],"wp:featuredmedia":[{"embeddable":true,"href":"https:\/\/namcosmetics.eu\/pt-pt\/wp-json\/wp\/v2\/media\/30170"}],"wp:attachment":[{"href":"https:\/\/namcosmetics.eu\/pt-pt\/wp-json\/wp\/v2\/media?parent=30648"}],"wp:term":[{"taxonomy":"product_brand","embeddable":true,"href":"https:\/\/namcosmetics.eu\/pt-pt\/wp-json\/wp\/v2\/product_brand?post=30648"},{"taxonomy":"product_cat","embeddable":true,"href":"https:\/\/namcosmetics.eu\/pt-pt\/wp-json\/wp\/v2\/product_cat?post=30648"},{"taxonomy":"product_tag","embeddable":true,"href":"https:\/\/namcosmetics.eu\/pt-pt\/wp-json\/wp\/v2\/product_tag?post=30648"}],"curies":[{"name":"wp","href":"https:\/\/api.w.org\/{rel}","templated":true}]}}