{"id":28649,"date":"2023-12-11T15:03:22","date_gmt":"2023-12-11T15:03:22","guid":{"rendered":"https:\/\/namcosmetics.eu\/producto\/intense-eye-pencil\/"},"modified":"2024-01-03T09:50:36","modified_gmt":"2024-01-03T09:50:36","slug":"intense-eye-pencil","status":"publish","type":"product","link":"https:\/\/namcosmetics.eu\/pt-pt\/producto\/intense-eye-pencil\/","title":{"rendered":"L\u00e1pis de olhos Intense"},"content":{"rendered":"<h4>Como<br \/>\n  utilizar<\/h4>\n<p>Tra\u00e7ar<br \/>\n    a linha das pestanas superiores come\u00e7ando pela borda exterior e aplicar<br \/>\n  o<br \/>\n    produto um pouco de cada vez perto da raiz das pestanas superiores.<br \/>\n  Pode<br \/>\n    tamb\u00e9m utiliz\u00e1-lo na linha das pestanas inferiores ou na linha de \u00e1gua<br \/>\n  para<br \/>\n    adicionar intensidade \u00e0 maquilhagem dos seus<br \/>\n    olhos.<\/p>\n<\/p>\n<h4>Ingredients<\/h4>\n<p>Cyclopentasiloxane,<br \/>\n    Trimethylsiloxysilicate, Bis-Diglyceryl Polyacyladipate-2, Synthetic<br \/>\n  Wax,<br \/>\n    Polyethylene, Phenylpropyldimethylsiloxysilicate, Polyethylene,<br \/>\n    Polyhydroxystearic Acid, Caprylyl Methicone, Caprylic\/Capric<br \/>\n  Triglyceride,<br \/>\n    Stearalkonium Bentonite, Propylene Carbonate, BHT, CI 77499, CI 77266<br \/>\n    [nano].<\/p>\n","protected":false},"excerpt":{"rendered":"<p>Eyeliner preto em creme.<br \/>\n  Extremamente pigmentado e, ao mesmo tempo suavidade e cremosidade extra para<br \/>\n  um acabamento perfeito.<\/p>\n","protected":false},"featured_media":27960,"comment_status":"closed","ping_status":"closed","template":"","meta":[],"product_brand":[],"product_cat":[1716,1714,1646],"product_tag":[],"class_list":{"0":"post-28649","1":"product","2":"type-product","3":"status-publish","4":"has-post-thumbnail","6":"product_cat-eyeliners-y-lapices-de-ojos-pt-pt","7":"product_cat-new-pt-pt","8":"product_cat-new-2023-pt-pt","10":"first","11":"instock","12":"shipping-taxable","13":"purchasable","14":"product-type-simple"},"yoast_head":"<!-- This site is optimized with the Yoast SEO plugin v25.0 - https:\/\/yoast.com\/wordpress\/plugins\/seo\/ -->\n<title>L\u00e1pis de olhos Intense - NAM<\/title>\n<meta name=\"robots\" content=\"index, follow, max-snippet:-1, max-image-preview:large, max-video-preview:-1\" \/>\n<link rel=\"canonical\" href=\"https:\/\/namcosmetics.eu\/pt-pt\/producto\/intense-eye-pencil\/\" \/>\n<meta property=\"og:locale\" content=\"pt_PT\" \/>\n<meta property=\"og:type\" content=\"article\" \/>\n<meta property=\"og:title\" content=\"L\u00e1pis de olhos Intense - NAM\" \/>\n<meta property=\"og:description\" content=\"Eyeliner preto em creme.  Extremamente pigmentado e, ao mesmo tempo suavidade e cremosidade extra para  um acabamento perfeito.\" \/>\n<meta property=\"og:url\" content=\"https:\/\/namcosmetics.eu\/pt-pt\/producto\/intense-eye-pencil\/\" \/>\n<meta property=\"og:site_name\" content=\"NAM\" \/>\n<meta property=\"article:modified_time\" content=\"2024-01-03T09:50:36+00:00\" \/>\n<meta property=\"og:image\" content=\"https:\/\/namcosmetics.eu\/wp-content\/uploads\/2023\/12\/OC744_5905309904651.jpg\" \/>\n\t<meta property=\"og:image:width\" content=\"800\" \/>\n\t<meta property=\"og:image:height\" content=\"800\" \/>\n\t<meta property=\"og:image:type\" content=\"image\/jpeg\" \/>\n<meta name=\"twitter:card\" content=\"summary_large_image\" \/>\n<script type=\"application\/ld+json\" class=\"yoast-schema-graph\">{\"@context\":\"https:\/\/schema.org\",\"@graph\":[{\"@type\":\"WebPage\",\"@id\":\"https:\/\/namcosmetics.eu\/pt-pt\/producto\/intense-eye-pencil\/\",\"url\":\"https:\/\/namcosmetics.eu\/pt-pt\/producto\/intense-eye-pencil\/\",\"name\":\"L\u00e1pis de olhos Intense - NAM\",\"isPartOf\":{\"@id\":\"https:\/\/namcosmetics.eu\/pt-pt\/#website\"},\"primaryImageOfPage\":{\"@id\":\"https:\/\/namcosmetics.eu\/pt-pt\/producto\/intense-eye-pencil\/#primaryimage\"},\"image\":{\"@id\":\"https:\/\/namcosmetics.eu\/pt-pt\/producto\/intense-eye-pencil\/#primaryimage\"},\"thumbnailUrl\":\"https:\/\/namcosmetics.eu\/wp-content\/uploads\/2023\/12\/OC744_5905309904651.jpg\",\"datePublished\":\"2023-12-11T15:03:22+00:00\",\"dateModified\":\"2024-01-03T09:50:36+00:00\",\"breadcrumb\":{\"@id\":\"https:\/\/namcosmetics.eu\/pt-pt\/producto\/intense-eye-pencil\/#breadcrumb\"},\"inLanguage\":\"pt-PT\",\"potentialAction\":[{\"@type\":\"ReadAction\",\"target\":[\"https:\/\/namcosmetics.eu\/pt-pt\/producto\/intense-eye-pencil\/\"]}]},{\"@type\":\"ImageObject\",\"inLanguage\":\"pt-PT\",\"@id\":\"https:\/\/namcosmetics.eu\/pt-pt\/producto\/intense-eye-pencil\/#primaryimage\",\"url\":\"https:\/\/namcosmetics.eu\/wp-content\/uploads\/2023\/12\/OC744_5905309904651.jpg\",\"contentUrl\":\"https:\/\/namcosmetics.eu\/wp-content\/uploads\/2023\/12\/OC744_5905309904651.jpg\",\"width\":800,\"height\":800},{\"@type\":\"BreadcrumbList\",\"@id\":\"https:\/\/namcosmetics.eu\/pt-pt\/producto\/intense-eye-pencil\/#breadcrumb\",\"itemListElement\":[{\"@type\":\"ListItem\",\"position\":1,\"name\":\"Portada\",\"item\":\"https:\/\/namcosmetics.eu\/pt-pt\/\"},{\"@type\":\"ListItem\",\"position\":2,\"name\":\"Tienda\",\"item\":\"https:\/\/namcosmetics.eu\/tienda\/\"},{\"@type\":\"ListItem\",\"position\":3,\"name\":\"L\u00e1pis de olhos Intense\"}]},{\"@type\":\"WebSite\",\"@id\":\"https:\/\/namcosmetics.eu\/pt-pt\/#website\",\"url\":\"https:\/\/namcosmetics.eu\/pt-pt\/\",\"name\":\"NAM\",\"description\":\"NAM Europe\",\"potentialAction\":[{\"@type\":\"SearchAction\",\"target\":{\"@type\":\"EntryPoint\",\"urlTemplate\":\"https:\/\/namcosmetics.eu\/pt-pt\/?s={search_term_string}\"},\"query-input\":{\"@type\":\"PropertyValueSpecification\",\"valueRequired\":true,\"valueName\":\"search_term_string\"}}],\"inLanguage\":\"pt-PT\"}]}<\/script>\n<!-- \/ Yoast SEO plugin. -->","yoast_head_json":{"title":"L\u00e1pis de olhos Intense - NAM","robots":{"index":"index","follow":"follow","max-snippet":"max-snippet:-1","max-image-preview":"max-image-preview:large","max-video-preview":"max-video-preview:-1"},"canonical":"https:\/\/namcosmetics.eu\/pt-pt\/producto\/intense-eye-pencil\/","og_locale":"pt_PT","og_type":"article","og_title":"L\u00e1pis de olhos Intense - NAM","og_description":"Eyeliner preto em creme.  Extremamente pigmentado e, ao mesmo tempo suavidade e cremosidade extra para  um acabamento perfeito.","og_url":"https:\/\/namcosmetics.eu\/pt-pt\/producto\/intense-eye-pencil\/","og_site_name":"NAM","article_modified_time":"2024-01-03T09:50:36+00:00","og_image":[{"width":800,"height":800,"url":"https:\/\/namcosmetics.eu\/wp-content\/uploads\/2023\/12\/OC744_5905309904651.jpg","type":"image\/jpeg"}],"twitter_card":"summary_large_image","schema":{"@context":"https:\/\/schema.org","@graph":[{"@type":"WebPage","@id":"https:\/\/namcosmetics.eu\/pt-pt\/producto\/intense-eye-pencil\/","url":"https:\/\/namcosmetics.eu\/pt-pt\/producto\/intense-eye-pencil\/","name":"L\u00e1pis de olhos Intense - NAM","isPartOf":{"@id":"https:\/\/namcosmetics.eu\/pt-pt\/#website"},"primaryImageOfPage":{"@id":"https:\/\/namcosmetics.eu\/pt-pt\/producto\/intense-eye-pencil\/#primaryimage"},"image":{"@id":"https:\/\/namcosmetics.eu\/pt-pt\/producto\/intense-eye-pencil\/#primaryimage"},"thumbnailUrl":"https:\/\/namcosmetics.eu\/wp-content\/uploads\/2023\/12\/OC744_5905309904651.jpg","datePublished":"2023-12-11T15:03:22+00:00","dateModified":"2024-01-03T09:50:36+00:00","breadcrumb":{"@id":"https:\/\/namcosmetics.eu\/pt-pt\/producto\/intense-eye-pencil\/#breadcrumb"},"inLanguage":"pt-PT","potentialAction":[{"@type":"ReadAction","target":["https:\/\/namcosmetics.eu\/pt-pt\/producto\/intense-eye-pencil\/"]}]},{"@type":"ImageObject","inLanguage":"pt-PT","@id":"https:\/\/namcosmetics.eu\/pt-pt\/producto\/intense-eye-pencil\/#primaryimage","url":"https:\/\/namcosmetics.eu\/wp-content\/uploads\/2023\/12\/OC744_5905309904651.jpg","contentUrl":"https:\/\/namcosmetics.eu\/wp-content\/uploads\/2023\/12\/OC744_5905309904651.jpg","width":800,"height":800},{"@type":"BreadcrumbList","@id":"https:\/\/namcosmetics.eu\/pt-pt\/producto\/intense-eye-pencil\/#breadcrumb","itemListElement":[{"@type":"ListItem","position":1,"name":"Portada","item":"https:\/\/namcosmetics.eu\/pt-pt\/"},{"@type":"ListItem","position":2,"name":"Tienda","item":"https:\/\/namcosmetics.eu\/tienda\/"},{"@type":"ListItem","position":3,"name":"L\u00e1pis de olhos Intense"}]},{"@type":"WebSite","@id":"https:\/\/namcosmetics.eu\/pt-pt\/#website","url":"https:\/\/namcosmetics.eu\/pt-pt\/","name":"NAM","description":"NAM Europe","potentialAction":[{"@type":"SearchAction","target":{"@type":"EntryPoint","urlTemplate":"https:\/\/namcosmetics.eu\/pt-pt\/?s={search_term_string}"},"query-input":{"@type":"PropertyValueSpecification","valueRequired":true,"valueName":"search_term_string"}}],"inLanguage":"pt-PT"}]}},"_links":{"self":[{"href":"https:\/\/namcosmetics.eu\/pt-pt\/wp-json\/wp\/v2\/product\/28649"}],"collection":[{"href":"https:\/\/namcosmetics.eu\/pt-pt\/wp-json\/wp\/v2\/product"}],"about":[{"href":"https:\/\/namcosmetics.eu\/pt-pt\/wp-json\/wp\/v2\/types\/product"}],"replies":[{"embeddable":true,"href":"https:\/\/namcosmetics.eu\/pt-pt\/wp-json\/wp\/v2\/comments?post=28649"}],"wp:featuredmedia":[{"embeddable":true,"href":"https:\/\/namcosmetics.eu\/pt-pt\/wp-json\/wp\/v2\/media\/27960"}],"wp:attachment":[{"href":"https:\/\/namcosmetics.eu\/pt-pt\/wp-json\/wp\/v2\/media?parent=28649"}],"wp:term":[{"taxonomy":"product_brand","embeddable":true,"href":"https:\/\/namcosmetics.eu\/pt-pt\/wp-json\/wp\/v2\/product_brand?post=28649"},{"taxonomy":"product_cat","embeddable":true,"href":"https:\/\/namcosmetics.eu\/pt-pt\/wp-json\/wp\/v2\/product_cat?post=28649"},{"taxonomy":"product_tag","embeddable":true,"href":"https:\/\/namcosmetics.eu\/pt-pt\/wp-json\/wp\/v2\/product_tag?post=28649"}],"curies":[{"name":"wp","href":"https:\/\/api.w.org\/{rel}","templated":true}]}}