{"id":28645,"date":"2023-12-11T15:23:44","date_gmt":"2023-12-11T15:23:44","guid":{"rendered":"https:\/\/namcosmetics.eu\/producto\/talc-free-loose-powder\/"},"modified":"2024-01-03T09:50:28","modified_gmt":"2024-01-03T09:50:28","slug":"talc-free-loose-powder","status":"publish","type":"product","link":"https:\/\/namcosmetics.eu\/pt-pt\/producto\/talc-free-loose-powder\/","title":{"rendered":"P\u00f3s Soltos sem talco"},"content":{"rendered":"<h4>Como<br \/>\n  utilizar<\/h4>\n<p>Aplicar o produto com um puff ou pincel em p\u00f3 em todo o rosto ou<br \/>\n  nas \u00e1reas desejadas,<br \/>\n    por exemplo, a zona T. O p\u00f3 \u00e9 espalhado da parte superior do rosto para<br \/>\n  baixo<br \/>\n    para evitar levantar os p\u00ealos faciais e um efeito de pele<br \/>\n    ba\u00e7a.<\/p>\n<\/p>\n<h4>Ingredients<\/h4>\n<p>Ingredients:<br \/>\n    Montmorillonite, Silica, Kaolin, Aluminum Starch Octenylsuccinate,<br \/>\n  Magnesium<br \/>\n    Stearate, Octyldodecyl Stearoyl Stearate, Caprylyl Glycol, Alumina,<br \/>\n    Phenoxyethanol, HDI\/Trimethylol Hexyllactone Crosspolymer,<br \/>\n  Dimethicone\/Vinyl<br \/>\n    Dimethicone Crosspolymer, Hexylene Glycol, Triethoxycaprylylsilane, CI<br \/>\n  19140,<br \/>\n    CI 77492, CI 15850.<\/p>\n","protected":false},"excerpt":{"rendered":"<p>P\u00f3 solto sem talco para o<br \/>\n  rosto. Cont\u00e9m o complexo BestFILTERNeededTM que da um efeito soft-focus:<br \/>\n  reduz o cansa\u00e7o, suaviza e ilumina a tez, deixando-a saud\u00e1vel e luminosa.<\/p>\n","protected":false},"featured_media":27882,"comment_status":"closed","ping_status":"closed","template":"","meta":[],"product_brand":[],"product_cat":[1714,1646,1348],"product_tag":[],"class_list":{"0":"post-28645","1":"product","2":"type-product","3":"status-publish","4":"has-post-thumbnail","6":"product_cat-new-pt-pt","7":"product_cat-new-2023-pt-pt","8":"product_cat-po-pt-pt","10":"first","11":"instock","12":"shipping-taxable","13":"purchasable","14":"product-type-simple"},"yoast_head":"<!-- This site is optimized with the Yoast SEO plugin v25.0 - https:\/\/yoast.com\/wordpress\/plugins\/seo\/ -->\n<title>P\u00f3s Soltos sem talco - NAM<\/title>\n<meta name=\"robots\" content=\"index, follow, max-snippet:-1, max-image-preview:large, max-video-preview:-1\" \/>\n<link rel=\"canonical\" href=\"https:\/\/namcosmetics.eu\/pt-pt\/producto\/talc-free-loose-powder\/\" \/>\n<meta property=\"og:locale\" content=\"pt_PT\" \/>\n<meta property=\"og:type\" content=\"article\" \/>\n<meta property=\"og:title\" content=\"P\u00f3s Soltos sem talco - NAM\" \/>\n<meta property=\"og:description\" content=\"P\u00f3 solto sem talco para o  rosto. Cont\u00e9m o complexo BestFILTERNeededTM que da um efeito soft-focus:  reduz o cansa\u00e7o, suaviza e ilumina a tez, deixando-a saud\u00e1vel e luminosa.\" \/>\n<meta property=\"og:url\" content=\"https:\/\/namcosmetics.eu\/pt-pt\/producto\/talc-free-loose-powder\/\" \/>\n<meta property=\"og:site_name\" content=\"NAM\" \/>\n<meta property=\"article:modified_time\" content=\"2024-01-03T09:50:28+00:00\" \/>\n<meta property=\"og:image\" content=\"https:\/\/namcosmetics.eu\/wp-content\/uploads\/2023\/12\/CE572_5905309902930.jpg\" \/>\n\t<meta property=\"og:image:width\" content=\"800\" \/>\n\t<meta property=\"og:image:height\" content=\"800\" \/>\n\t<meta property=\"og:image:type\" content=\"image\/jpeg\" \/>\n<meta name=\"twitter:card\" content=\"summary_large_image\" \/>\n<script type=\"application\/ld+json\" class=\"yoast-schema-graph\">{\"@context\":\"https:\/\/schema.org\",\"@graph\":[{\"@type\":\"WebPage\",\"@id\":\"https:\/\/namcosmetics.eu\/pt-pt\/producto\/talc-free-loose-powder\/\",\"url\":\"https:\/\/namcosmetics.eu\/pt-pt\/producto\/talc-free-loose-powder\/\",\"name\":\"P\u00f3s Soltos sem talco - NAM\",\"isPartOf\":{\"@id\":\"https:\/\/namcosmetics.eu\/pt-pt\/#website\"},\"primaryImageOfPage\":{\"@id\":\"https:\/\/namcosmetics.eu\/pt-pt\/producto\/talc-free-loose-powder\/#primaryimage\"},\"image\":{\"@id\":\"https:\/\/namcosmetics.eu\/pt-pt\/producto\/talc-free-loose-powder\/#primaryimage\"},\"thumbnailUrl\":\"https:\/\/namcosmetics.eu\/wp-content\/uploads\/2023\/12\/CE572_5905309902930.jpg\",\"datePublished\":\"2023-12-11T15:23:44+00:00\",\"dateModified\":\"2024-01-03T09:50:28+00:00\",\"breadcrumb\":{\"@id\":\"https:\/\/namcosmetics.eu\/pt-pt\/producto\/talc-free-loose-powder\/#breadcrumb\"},\"inLanguage\":\"pt-PT\",\"potentialAction\":[{\"@type\":\"ReadAction\",\"target\":[\"https:\/\/namcosmetics.eu\/pt-pt\/producto\/talc-free-loose-powder\/\"]}]},{\"@type\":\"ImageObject\",\"inLanguage\":\"pt-PT\",\"@id\":\"https:\/\/namcosmetics.eu\/pt-pt\/producto\/talc-free-loose-powder\/#primaryimage\",\"url\":\"https:\/\/namcosmetics.eu\/wp-content\/uploads\/2023\/12\/CE572_5905309902930.jpg\",\"contentUrl\":\"https:\/\/namcosmetics.eu\/wp-content\/uploads\/2023\/12\/CE572_5905309902930.jpg\",\"width\":800,\"height\":800},{\"@type\":\"BreadcrumbList\",\"@id\":\"https:\/\/namcosmetics.eu\/pt-pt\/producto\/talc-free-loose-powder\/#breadcrumb\",\"itemListElement\":[{\"@type\":\"ListItem\",\"position\":1,\"name\":\"Portada\",\"item\":\"https:\/\/namcosmetics.eu\/pt-pt\/\"},{\"@type\":\"ListItem\",\"position\":2,\"name\":\"Tienda\",\"item\":\"https:\/\/namcosmetics.eu\/tienda\/\"},{\"@type\":\"ListItem\",\"position\":3,\"name\":\"P\u00f3s Soltos sem talco\"}]},{\"@type\":\"WebSite\",\"@id\":\"https:\/\/namcosmetics.eu\/pt-pt\/#website\",\"url\":\"https:\/\/namcosmetics.eu\/pt-pt\/\",\"name\":\"NAM\",\"description\":\"NAM Europe\",\"potentialAction\":[{\"@type\":\"SearchAction\",\"target\":{\"@type\":\"EntryPoint\",\"urlTemplate\":\"https:\/\/namcosmetics.eu\/pt-pt\/?s={search_term_string}\"},\"query-input\":{\"@type\":\"PropertyValueSpecification\",\"valueRequired\":true,\"valueName\":\"search_term_string\"}}],\"inLanguage\":\"pt-PT\"}]}<\/script>\n<!-- \/ Yoast SEO plugin. -->","yoast_head_json":{"title":"P\u00f3s Soltos sem talco - NAM","robots":{"index":"index","follow":"follow","max-snippet":"max-snippet:-1","max-image-preview":"max-image-preview:large","max-video-preview":"max-video-preview:-1"},"canonical":"https:\/\/namcosmetics.eu\/pt-pt\/producto\/talc-free-loose-powder\/","og_locale":"pt_PT","og_type":"article","og_title":"P\u00f3s Soltos sem talco - NAM","og_description":"P\u00f3 solto sem talco para o  rosto. Cont\u00e9m o complexo BestFILTERNeededTM que da um efeito soft-focus:  reduz o cansa\u00e7o, suaviza e ilumina a tez, deixando-a saud\u00e1vel e luminosa.","og_url":"https:\/\/namcosmetics.eu\/pt-pt\/producto\/talc-free-loose-powder\/","og_site_name":"NAM","article_modified_time":"2024-01-03T09:50:28+00:00","og_image":[{"width":800,"height":800,"url":"https:\/\/namcosmetics.eu\/wp-content\/uploads\/2023\/12\/CE572_5905309902930.jpg","type":"image\/jpeg"}],"twitter_card":"summary_large_image","schema":{"@context":"https:\/\/schema.org","@graph":[{"@type":"WebPage","@id":"https:\/\/namcosmetics.eu\/pt-pt\/producto\/talc-free-loose-powder\/","url":"https:\/\/namcosmetics.eu\/pt-pt\/producto\/talc-free-loose-powder\/","name":"P\u00f3s Soltos sem talco - NAM","isPartOf":{"@id":"https:\/\/namcosmetics.eu\/pt-pt\/#website"},"primaryImageOfPage":{"@id":"https:\/\/namcosmetics.eu\/pt-pt\/producto\/talc-free-loose-powder\/#primaryimage"},"image":{"@id":"https:\/\/namcosmetics.eu\/pt-pt\/producto\/talc-free-loose-powder\/#primaryimage"},"thumbnailUrl":"https:\/\/namcosmetics.eu\/wp-content\/uploads\/2023\/12\/CE572_5905309902930.jpg","datePublished":"2023-12-11T15:23:44+00:00","dateModified":"2024-01-03T09:50:28+00:00","breadcrumb":{"@id":"https:\/\/namcosmetics.eu\/pt-pt\/producto\/talc-free-loose-powder\/#breadcrumb"},"inLanguage":"pt-PT","potentialAction":[{"@type":"ReadAction","target":["https:\/\/namcosmetics.eu\/pt-pt\/producto\/talc-free-loose-powder\/"]}]},{"@type":"ImageObject","inLanguage":"pt-PT","@id":"https:\/\/namcosmetics.eu\/pt-pt\/producto\/talc-free-loose-powder\/#primaryimage","url":"https:\/\/namcosmetics.eu\/wp-content\/uploads\/2023\/12\/CE572_5905309902930.jpg","contentUrl":"https:\/\/namcosmetics.eu\/wp-content\/uploads\/2023\/12\/CE572_5905309902930.jpg","width":800,"height":800},{"@type":"BreadcrumbList","@id":"https:\/\/namcosmetics.eu\/pt-pt\/producto\/talc-free-loose-powder\/#breadcrumb","itemListElement":[{"@type":"ListItem","position":1,"name":"Portada","item":"https:\/\/namcosmetics.eu\/pt-pt\/"},{"@type":"ListItem","position":2,"name":"Tienda","item":"https:\/\/namcosmetics.eu\/tienda\/"},{"@type":"ListItem","position":3,"name":"P\u00f3s Soltos sem talco"}]},{"@type":"WebSite","@id":"https:\/\/namcosmetics.eu\/pt-pt\/#website","url":"https:\/\/namcosmetics.eu\/pt-pt\/","name":"NAM","description":"NAM Europe","potentialAction":[{"@type":"SearchAction","target":{"@type":"EntryPoint","urlTemplate":"https:\/\/namcosmetics.eu\/pt-pt\/?s={search_term_string}"},"query-input":{"@type":"PropertyValueSpecification","valueRequired":true,"valueName":"search_term_string"}}],"inLanguage":"pt-PT"}]}},"_links":{"self":[{"href":"https:\/\/namcosmetics.eu\/pt-pt\/wp-json\/wp\/v2\/product\/28645"}],"collection":[{"href":"https:\/\/namcosmetics.eu\/pt-pt\/wp-json\/wp\/v2\/product"}],"about":[{"href":"https:\/\/namcosmetics.eu\/pt-pt\/wp-json\/wp\/v2\/types\/product"}],"replies":[{"embeddable":true,"href":"https:\/\/namcosmetics.eu\/pt-pt\/wp-json\/wp\/v2\/comments?post=28645"}],"wp:featuredmedia":[{"embeddable":true,"href":"https:\/\/namcosmetics.eu\/pt-pt\/wp-json\/wp\/v2\/media\/27882"}],"wp:attachment":[{"href":"https:\/\/namcosmetics.eu\/pt-pt\/wp-json\/wp\/v2\/media?parent=28645"}],"wp:term":[{"taxonomy":"product_brand","embeddable":true,"href":"https:\/\/namcosmetics.eu\/pt-pt\/wp-json\/wp\/v2\/product_brand?post=28645"},{"taxonomy":"product_cat","embeddable":true,"href":"https:\/\/namcosmetics.eu\/pt-pt\/wp-json\/wp\/v2\/product_cat?post=28645"},{"taxonomy":"product_tag","embeddable":true,"href":"https:\/\/namcosmetics.eu\/pt-pt\/wp-json\/wp\/v2\/product_tag?post=28645"}],"curies":[{"name":"wp","href":"https:\/\/api.w.org\/{rel}","templated":true}]}}