{"id":28623,"date":"2023-12-12T07:57:14","date_gmt":"2023-12-12T07:57:14","guid":{"rendered":"https:\/\/namcosmetics.eu\/producto\/colorete-en-polvo-talc-free\/"},"modified":"2024-01-03T09:58:20","modified_gmt":"2024-01-03T09:58:20","slug":"colorete-en-polvo-talc-free","status":"publish","type":"product","link":"https:\/\/namcosmetics.eu\/pt-pt\/producto\/colorete-en-polvo-talc-free\/","title":{"rendered":"Blusher em p\u00f3 solt\u00f3 sem talco\u00a0\n  Flamingo"},"content":{"rendered":"<h4>Modo<br \/>\n  de uso<\/h4>\n<p>Blushers que melhoram visivelmente o tom da pele e<br \/>\n  permanecem colocados durante todo o dia. e ficar durante todo o dia. Com<br \/>\n  ingredientes nutricionais e minerais que melhoram o aspecto e o estado da<br \/>\n  pele. Dispon\u00edvel em 6 cores para que possa escolher o seu look de bochecha<br \/>\n  cada dia.<\/p>\n","protected":false},"excerpt":{"rendered":"<p>Blush em p\u00f3 solto com uma<br \/>\n  f\u00f3rmula sem talco. Mistura-se facilmente e proporciona uma pigmenta\u00e7\u00e3o<br \/>\n  perfeita.\u00a0 Dispon\u00edvel em duas cores.<\/p>\n","protected":false},"featured_media":27885,"comment_status":"closed","ping_status":"closed","template":"","meta":[],"product_brand":[],"product_cat":[1343,1646],"product_tag":[],"class_list":{"0":"post-28623","1":"product","2":"type-product","3":"status-publish","4":"has-post-thumbnail","6":"product_cat-blusher","7":"product_cat-new-2023-pt-pt","9":"first","10":"instock","11":"shipping-taxable","12":"purchasable","13":"product-type-variable"},"yoast_head":"<!-- This site is optimized with the Yoast SEO plugin v25.0 - https:\/\/yoast.com\/wordpress\/plugins\/seo\/ -->\n<title>Blusher em p\u00f3 solt\u00f3 sem talco\u00a0  Flamingo - NAM<\/title>\n<meta name=\"robots\" content=\"index, follow, max-snippet:-1, max-image-preview:large, max-video-preview:-1\" \/>\n<link rel=\"canonical\" href=\"https:\/\/namcosmetics.eu\/pt-pt\/producto\/colorete-en-polvo-talc-free\/\" \/>\n<meta property=\"og:locale\" content=\"pt_PT\" \/>\n<meta property=\"og:type\" content=\"article\" \/>\n<meta property=\"og:title\" content=\"Blusher em p\u00f3 solt\u00f3 sem talco\u00a0  Flamingo - NAM\" \/>\n<meta property=\"og:description\" content=\"Blush em p\u00f3 solto com uma  f\u00f3rmula sem talco. Mistura-se facilmente e proporciona uma pigmenta\u00e7\u00e3o  perfeita.\u00a0 Dispon\u00edvel em duas cores.\" \/>\n<meta property=\"og:url\" content=\"https:\/\/namcosmetics.eu\/pt-pt\/producto\/colorete-en-polvo-talc-free\/\" \/>\n<meta property=\"og:site_name\" content=\"NAM\" \/>\n<meta property=\"article:modified_time\" content=\"2024-01-03T09:58:20+00:00\" \/>\n<meta property=\"og:image\" content=\"https:\/\/namcosmetics.eu\/wp-content\/uploads\/2023\/12\/CE586N1_5905309902947.jpg\" \/>\n\t<meta property=\"og:image:width\" content=\"800\" \/>\n\t<meta property=\"og:image:height\" content=\"800\" \/>\n\t<meta property=\"og:image:type\" content=\"image\/jpeg\" \/>\n<meta name=\"twitter:card\" content=\"summary_large_image\" \/>\n<script type=\"application\/ld+json\" class=\"yoast-schema-graph\">{\"@context\":\"https:\/\/schema.org\",\"@graph\":[{\"@type\":\"WebPage\",\"@id\":\"https:\/\/namcosmetics.eu\/pt-pt\/producto\/colorete-en-polvo-talc-free\/\",\"url\":\"https:\/\/namcosmetics.eu\/pt-pt\/producto\/colorete-en-polvo-talc-free\/\",\"name\":\"Blusher em p\u00f3 solt\u00f3 sem talco\u00a0 Flamingo - NAM\",\"isPartOf\":{\"@id\":\"https:\/\/namcosmetics.eu\/pt-pt\/#website\"},\"primaryImageOfPage\":{\"@id\":\"https:\/\/namcosmetics.eu\/pt-pt\/producto\/colorete-en-polvo-talc-free\/#primaryimage\"},\"image\":{\"@id\":\"https:\/\/namcosmetics.eu\/pt-pt\/producto\/colorete-en-polvo-talc-free\/#primaryimage\"},\"thumbnailUrl\":\"https:\/\/namcosmetics.eu\/wp-content\/uploads\/2023\/12\/CE586N1_5905309902947.jpg\",\"datePublished\":\"2023-12-12T07:57:14+00:00\",\"dateModified\":\"2024-01-03T09:58:20+00:00\",\"breadcrumb\":{\"@id\":\"https:\/\/namcosmetics.eu\/pt-pt\/producto\/colorete-en-polvo-talc-free\/#breadcrumb\"},\"inLanguage\":\"pt-PT\",\"potentialAction\":[{\"@type\":\"ReadAction\",\"target\":[\"https:\/\/namcosmetics.eu\/pt-pt\/producto\/colorete-en-polvo-talc-free\/\"]}]},{\"@type\":\"ImageObject\",\"inLanguage\":\"pt-PT\",\"@id\":\"https:\/\/namcosmetics.eu\/pt-pt\/producto\/colorete-en-polvo-talc-free\/#primaryimage\",\"url\":\"https:\/\/namcosmetics.eu\/wp-content\/uploads\/2023\/12\/CE586N1_5905309902947.jpg\",\"contentUrl\":\"https:\/\/namcosmetics.eu\/wp-content\/uploads\/2023\/12\/CE586N1_5905309902947.jpg\",\"width\":800,\"height\":800},{\"@type\":\"BreadcrumbList\",\"@id\":\"https:\/\/namcosmetics.eu\/pt-pt\/producto\/colorete-en-polvo-talc-free\/#breadcrumb\",\"itemListElement\":[{\"@type\":\"ListItem\",\"position\":1,\"name\":\"Portada\",\"item\":\"https:\/\/namcosmetics.eu\/pt-pt\/\"},{\"@type\":\"ListItem\",\"position\":2,\"name\":\"Tienda\",\"item\":\"https:\/\/namcosmetics.eu\/tienda\/\"},{\"@type\":\"ListItem\",\"position\":3,\"name\":\"Blusher em p\u00f3 solt\u00f3 sem talco\u00a0 Flamingo\"}]},{\"@type\":\"WebSite\",\"@id\":\"https:\/\/namcosmetics.eu\/pt-pt\/#website\",\"url\":\"https:\/\/namcosmetics.eu\/pt-pt\/\",\"name\":\"NAM\",\"description\":\"NAM Europe\",\"potentialAction\":[{\"@type\":\"SearchAction\",\"target\":{\"@type\":\"EntryPoint\",\"urlTemplate\":\"https:\/\/namcosmetics.eu\/pt-pt\/?s={search_term_string}\"},\"query-input\":{\"@type\":\"PropertyValueSpecification\",\"valueRequired\":true,\"valueName\":\"search_term_string\"}}],\"inLanguage\":\"pt-PT\"}]}<\/script>\n<!-- \/ Yoast SEO plugin. -->","yoast_head_json":{"title":"Blusher em p\u00f3 solt\u00f3 sem talco\u00a0  Flamingo - NAM","robots":{"index":"index","follow":"follow","max-snippet":"max-snippet:-1","max-image-preview":"max-image-preview:large","max-video-preview":"max-video-preview:-1"},"canonical":"https:\/\/namcosmetics.eu\/pt-pt\/producto\/colorete-en-polvo-talc-free\/","og_locale":"pt_PT","og_type":"article","og_title":"Blusher em p\u00f3 solt\u00f3 sem talco\u00a0  Flamingo - NAM","og_description":"Blush em p\u00f3 solto com uma  f\u00f3rmula sem talco. Mistura-se facilmente e proporciona uma pigmenta\u00e7\u00e3o  perfeita.\u00a0 Dispon\u00edvel em duas cores.","og_url":"https:\/\/namcosmetics.eu\/pt-pt\/producto\/colorete-en-polvo-talc-free\/","og_site_name":"NAM","article_modified_time":"2024-01-03T09:58:20+00:00","og_image":[{"width":800,"height":800,"url":"https:\/\/namcosmetics.eu\/wp-content\/uploads\/2023\/12\/CE586N1_5905309902947.jpg","type":"image\/jpeg"}],"twitter_card":"summary_large_image","schema":{"@context":"https:\/\/schema.org","@graph":[{"@type":"WebPage","@id":"https:\/\/namcosmetics.eu\/pt-pt\/producto\/colorete-en-polvo-talc-free\/","url":"https:\/\/namcosmetics.eu\/pt-pt\/producto\/colorete-en-polvo-talc-free\/","name":"Blusher em p\u00f3 solt\u00f3 sem talco\u00a0 Flamingo - NAM","isPartOf":{"@id":"https:\/\/namcosmetics.eu\/pt-pt\/#website"},"primaryImageOfPage":{"@id":"https:\/\/namcosmetics.eu\/pt-pt\/producto\/colorete-en-polvo-talc-free\/#primaryimage"},"image":{"@id":"https:\/\/namcosmetics.eu\/pt-pt\/producto\/colorete-en-polvo-talc-free\/#primaryimage"},"thumbnailUrl":"https:\/\/namcosmetics.eu\/wp-content\/uploads\/2023\/12\/CE586N1_5905309902947.jpg","datePublished":"2023-12-12T07:57:14+00:00","dateModified":"2024-01-03T09:58:20+00:00","breadcrumb":{"@id":"https:\/\/namcosmetics.eu\/pt-pt\/producto\/colorete-en-polvo-talc-free\/#breadcrumb"},"inLanguage":"pt-PT","potentialAction":[{"@type":"ReadAction","target":["https:\/\/namcosmetics.eu\/pt-pt\/producto\/colorete-en-polvo-talc-free\/"]}]},{"@type":"ImageObject","inLanguage":"pt-PT","@id":"https:\/\/namcosmetics.eu\/pt-pt\/producto\/colorete-en-polvo-talc-free\/#primaryimage","url":"https:\/\/namcosmetics.eu\/wp-content\/uploads\/2023\/12\/CE586N1_5905309902947.jpg","contentUrl":"https:\/\/namcosmetics.eu\/wp-content\/uploads\/2023\/12\/CE586N1_5905309902947.jpg","width":800,"height":800},{"@type":"BreadcrumbList","@id":"https:\/\/namcosmetics.eu\/pt-pt\/producto\/colorete-en-polvo-talc-free\/#breadcrumb","itemListElement":[{"@type":"ListItem","position":1,"name":"Portada","item":"https:\/\/namcosmetics.eu\/pt-pt\/"},{"@type":"ListItem","position":2,"name":"Tienda","item":"https:\/\/namcosmetics.eu\/tienda\/"},{"@type":"ListItem","position":3,"name":"Blusher em p\u00f3 solt\u00f3 sem talco\u00a0 Flamingo"}]},{"@type":"WebSite","@id":"https:\/\/namcosmetics.eu\/pt-pt\/#website","url":"https:\/\/namcosmetics.eu\/pt-pt\/","name":"NAM","description":"NAM Europe","potentialAction":[{"@type":"SearchAction","target":{"@type":"EntryPoint","urlTemplate":"https:\/\/namcosmetics.eu\/pt-pt\/?s={search_term_string}"},"query-input":{"@type":"PropertyValueSpecification","valueRequired":true,"valueName":"search_term_string"}}],"inLanguage":"pt-PT"}]}},"_links":{"self":[{"href":"https:\/\/namcosmetics.eu\/pt-pt\/wp-json\/wp\/v2\/product\/28623"}],"collection":[{"href":"https:\/\/namcosmetics.eu\/pt-pt\/wp-json\/wp\/v2\/product"}],"about":[{"href":"https:\/\/namcosmetics.eu\/pt-pt\/wp-json\/wp\/v2\/types\/product"}],"replies":[{"embeddable":true,"href":"https:\/\/namcosmetics.eu\/pt-pt\/wp-json\/wp\/v2\/comments?post=28623"}],"wp:featuredmedia":[{"embeddable":true,"href":"https:\/\/namcosmetics.eu\/pt-pt\/wp-json\/wp\/v2\/media\/27885"}],"wp:attachment":[{"href":"https:\/\/namcosmetics.eu\/pt-pt\/wp-json\/wp\/v2\/media?parent=28623"}],"wp:term":[{"taxonomy":"product_brand","embeddable":true,"href":"https:\/\/namcosmetics.eu\/pt-pt\/wp-json\/wp\/v2\/product_brand?post=28623"},{"taxonomy":"product_cat","embeddable":true,"href":"https:\/\/namcosmetics.eu\/pt-pt\/wp-json\/wp\/v2\/product_cat?post=28623"},{"taxonomy":"product_tag","embeddable":true,"href":"https:\/\/namcosmetics.eu\/pt-pt\/wp-json\/wp\/v2\/product_tag?post=28623"}],"curies":[{"name":"wp","href":"https:\/\/api.w.org\/{rel}","templated":true}]}}