{"id":28604,"date":"2023-12-12T11:04:22","date_gmt":"2023-12-12T11:04:22","guid":{"rendered":"https:\/\/namcosmetics.eu\/producto\/maquillaje-perfect-lift\/"},"modified":"2024-01-03T09:58:12","modified_gmt":"2024-01-03T09:58:12","slug":"maquillaje-perfect-lift","status":"publish","type":"product","link":"https:\/\/namcosmetics.eu\/pt-pt\/producto\/maquillaje-perfect-lift\/","title":{"rendered":"Base Perfect Lift C Swan"},"content":{"rendered":"<h4>Modo<br \/>\n  de uso<\/h4>\n<p>Hidratar e preparar a pele. Recomenda-se a utiliza\u00e7\u00e3o de um<br \/>\n  primer para melhorar a ader\u00eancia e a durabilidade da maquilhagem. Em seguida,<br \/>\n  aplicar a base em todo o rosto com um pincel ou uma esponja.<br \/>\n    tiene men\u00fa contextual<\/p>\n","protected":false},"excerpt":{"rendered":"<p>Base de longa dura\u00e7\u00e3o com uma<br \/>\n  f\u00f3rmula modul\u00e1vel. Cont\u00e9m o complexo BestFILTERNeededTM. O \u00e1cido hialur\u00f3nico<br \/>\n  promove a hidrata\u00e7\u00e3o da pele e o pullulan reduz a perda de \u00e1gua atrav\u00e9s da<br \/>\n  epiderme, proporcionando um efeito suavizante imediato. A base cont\u00e9m o complexo<br \/>\n  PEPTIDOX\u00ae, que imita a toxina botul\u00ednica, e extrato de rosa negra antirrugas,<br \/>\n  que apoiam visivelmente os processos anti-envelhecimento da pele. Composta<br \/>\n  por 90% de ingredientes de origem natural. A f\u00f3rmula da base n\u00e3o cont\u00e9m<br \/>\n  silicones.<\/p>\n","protected":false},"featured_media":28072,"comment_status":"closed","ping_status":"closed","template":"","meta":[],"product_brand":[],"product_cat":[1654,1646,1655],"product_tag":[],"class_list":{"0":"post-28604","1":"product","2":"type-product","3":"status-publish","4":"has-post-thumbnail","6":"product_cat-base-de-maquillaje-pt-pt","7":"product_cat-new-2023-pt-pt","8":"product_cat-new-coleccion-iii-pt-pt","10":"first","11":"instock","12":"shipping-taxable","13":"purchasable","14":"product-type-variable"},"yoast_head":"<!-- This site is optimized with the Yoast SEO plugin v25.0 - https:\/\/yoast.com\/wordpress\/plugins\/seo\/ -->\n<title>Base Perfect Lift C Swan - NAM<\/title>\n<meta name=\"robots\" content=\"index, follow, max-snippet:-1, max-image-preview:large, max-video-preview:-1\" \/>\n<link rel=\"canonical\" href=\"https:\/\/namcosmetics.eu\/pt-pt\/producto\/maquillaje-perfect-lift\/\" \/>\n<meta property=\"og:locale\" content=\"pt_PT\" \/>\n<meta property=\"og:type\" content=\"article\" \/>\n<meta property=\"og:title\" content=\"Base Perfect Lift C Swan - NAM\" \/>\n<meta property=\"og:description\" content=\"Base de longa dura\u00e7\u00e3o com uma  f\u00f3rmula modul\u00e1vel. Cont\u00e9m o complexo BestFILTERNeededTM. O \u00e1cido hialur\u00f3nico  promove a hidrata\u00e7\u00e3o da pele e o pullulan reduz a perda de \u00e1gua atrav\u00e9s da  epiderme, proporcionando um efeito suavizante imediato. A base cont\u00e9m o complexo  PEPTIDOX\u00ae, que imita a toxina botul\u00ednica, e extrato de rosa negra antirrugas,  que apoiam visivelmente os processos anti-envelhecimento da pele. Composta  por 90% de ingredientes de origem natural. A f\u00f3rmula da base n\u00e3o cont\u00e9m  silicones.\" \/>\n<meta property=\"og:url\" content=\"https:\/\/namcosmetics.eu\/pt-pt\/producto\/maquillaje-perfect-lift\/\" \/>\n<meta property=\"og:site_name\" content=\"NAM\" \/>\n<meta property=\"article:modified_time\" content=\"2024-01-03T09:58:12+00:00\" \/>\n<meta property=\"og:image\" content=\"https:\/\/namcosmetics.eu\/wp-content\/uploads\/2023\/12\/CE618N1_5905309902985.jpg\" \/>\n\t<meta property=\"og:image:width\" content=\"800\" \/>\n\t<meta property=\"og:image:height\" content=\"800\" \/>\n\t<meta property=\"og:image:type\" content=\"image\/jpeg\" \/>\n<meta name=\"twitter:card\" content=\"summary_large_image\" \/>\n<script type=\"application\/ld+json\" class=\"yoast-schema-graph\">{\"@context\":\"https:\/\/schema.org\",\"@graph\":[{\"@type\":\"WebPage\",\"@id\":\"https:\/\/namcosmetics.eu\/pt-pt\/producto\/maquillaje-perfect-lift\/\",\"url\":\"https:\/\/namcosmetics.eu\/pt-pt\/producto\/maquillaje-perfect-lift\/\",\"name\":\"Base Perfect Lift C Swan - NAM\",\"isPartOf\":{\"@id\":\"https:\/\/namcosmetics.eu\/pt-pt\/#website\"},\"primaryImageOfPage\":{\"@id\":\"https:\/\/namcosmetics.eu\/pt-pt\/producto\/maquillaje-perfect-lift\/#primaryimage\"},\"image\":{\"@id\":\"https:\/\/namcosmetics.eu\/pt-pt\/producto\/maquillaje-perfect-lift\/#primaryimage\"},\"thumbnailUrl\":\"https:\/\/namcosmetics.eu\/wp-content\/uploads\/2023\/12\/CE618N1_5905309902985.jpg\",\"datePublished\":\"2023-12-12T11:04:22+00:00\",\"dateModified\":\"2024-01-03T09:58:12+00:00\",\"breadcrumb\":{\"@id\":\"https:\/\/namcosmetics.eu\/pt-pt\/producto\/maquillaje-perfect-lift\/#breadcrumb\"},\"inLanguage\":\"pt-PT\",\"potentialAction\":[{\"@type\":\"ReadAction\",\"target\":[\"https:\/\/namcosmetics.eu\/pt-pt\/producto\/maquillaje-perfect-lift\/\"]}]},{\"@type\":\"ImageObject\",\"inLanguage\":\"pt-PT\",\"@id\":\"https:\/\/namcosmetics.eu\/pt-pt\/producto\/maquillaje-perfect-lift\/#primaryimage\",\"url\":\"https:\/\/namcosmetics.eu\/wp-content\/uploads\/2023\/12\/CE618N1_5905309902985.jpg\",\"contentUrl\":\"https:\/\/namcosmetics.eu\/wp-content\/uploads\/2023\/12\/CE618N1_5905309902985.jpg\",\"width\":800,\"height\":800},{\"@type\":\"BreadcrumbList\",\"@id\":\"https:\/\/namcosmetics.eu\/pt-pt\/producto\/maquillaje-perfect-lift\/#breadcrumb\",\"itemListElement\":[{\"@type\":\"ListItem\",\"position\":1,\"name\":\"Portada\",\"item\":\"https:\/\/namcosmetics.eu\/pt-pt\/\"},{\"@type\":\"ListItem\",\"position\":2,\"name\":\"Tienda\",\"item\":\"https:\/\/namcosmetics.eu\/tienda\/\"},{\"@type\":\"ListItem\",\"position\":3,\"name\":\"Base Perfect Lift C Swan\"}]},{\"@type\":\"WebSite\",\"@id\":\"https:\/\/namcosmetics.eu\/pt-pt\/#website\",\"url\":\"https:\/\/namcosmetics.eu\/pt-pt\/\",\"name\":\"NAM\",\"description\":\"NAM Europe\",\"potentialAction\":[{\"@type\":\"SearchAction\",\"target\":{\"@type\":\"EntryPoint\",\"urlTemplate\":\"https:\/\/namcosmetics.eu\/pt-pt\/?s={search_term_string}\"},\"query-input\":{\"@type\":\"PropertyValueSpecification\",\"valueRequired\":true,\"valueName\":\"search_term_string\"}}],\"inLanguage\":\"pt-PT\"}]}<\/script>\n<!-- \/ Yoast SEO plugin. -->","yoast_head_json":{"title":"Base Perfect Lift C Swan - NAM","robots":{"index":"index","follow":"follow","max-snippet":"max-snippet:-1","max-image-preview":"max-image-preview:large","max-video-preview":"max-video-preview:-1"},"canonical":"https:\/\/namcosmetics.eu\/pt-pt\/producto\/maquillaje-perfect-lift\/","og_locale":"pt_PT","og_type":"article","og_title":"Base Perfect Lift C Swan - NAM","og_description":"Base de longa dura\u00e7\u00e3o com uma  f\u00f3rmula modul\u00e1vel. Cont\u00e9m o complexo BestFILTERNeededTM. O \u00e1cido hialur\u00f3nico  promove a hidrata\u00e7\u00e3o da pele e o pullulan reduz a perda de \u00e1gua atrav\u00e9s da  epiderme, proporcionando um efeito suavizante imediato. A base cont\u00e9m o complexo  PEPTIDOX\u00ae, que imita a toxina botul\u00ednica, e extrato de rosa negra antirrugas,  que apoiam visivelmente os processos anti-envelhecimento da pele. Composta  por 90% de ingredientes de origem natural. A f\u00f3rmula da base n\u00e3o cont\u00e9m  silicones.","og_url":"https:\/\/namcosmetics.eu\/pt-pt\/producto\/maquillaje-perfect-lift\/","og_site_name":"NAM","article_modified_time":"2024-01-03T09:58:12+00:00","og_image":[{"width":800,"height":800,"url":"https:\/\/namcosmetics.eu\/wp-content\/uploads\/2023\/12\/CE618N1_5905309902985.jpg","type":"image\/jpeg"}],"twitter_card":"summary_large_image","schema":{"@context":"https:\/\/schema.org","@graph":[{"@type":"WebPage","@id":"https:\/\/namcosmetics.eu\/pt-pt\/producto\/maquillaje-perfect-lift\/","url":"https:\/\/namcosmetics.eu\/pt-pt\/producto\/maquillaje-perfect-lift\/","name":"Base Perfect Lift C Swan - NAM","isPartOf":{"@id":"https:\/\/namcosmetics.eu\/pt-pt\/#website"},"primaryImageOfPage":{"@id":"https:\/\/namcosmetics.eu\/pt-pt\/producto\/maquillaje-perfect-lift\/#primaryimage"},"image":{"@id":"https:\/\/namcosmetics.eu\/pt-pt\/producto\/maquillaje-perfect-lift\/#primaryimage"},"thumbnailUrl":"https:\/\/namcosmetics.eu\/wp-content\/uploads\/2023\/12\/CE618N1_5905309902985.jpg","datePublished":"2023-12-12T11:04:22+00:00","dateModified":"2024-01-03T09:58:12+00:00","breadcrumb":{"@id":"https:\/\/namcosmetics.eu\/pt-pt\/producto\/maquillaje-perfect-lift\/#breadcrumb"},"inLanguage":"pt-PT","potentialAction":[{"@type":"ReadAction","target":["https:\/\/namcosmetics.eu\/pt-pt\/producto\/maquillaje-perfect-lift\/"]}]},{"@type":"ImageObject","inLanguage":"pt-PT","@id":"https:\/\/namcosmetics.eu\/pt-pt\/producto\/maquillaje-perfect-lift\/#primaryimage","url":"https:\/\/namcosmetics.eu\/wp-content\/uploads\/2023\/12\/CE618N1_5905309902985.jpg","contentUrl":"https:\/\/namcosmetics.eu\/wp-content\/uploads\/2023\/12\/CE618N1_5905309902985.jpg","width":800,"height":800},{"@type":"BreadcrumbList","@id":"https:\/\/namcosmetics.eu\/pt-pt\/producto\/maquillaje-perfect-lift\/#breadcrumb","itemListElement":[{"@type":"ListItem","position":1,"name":"Portada","item":"https:\/\/namcosmetics.eu\/pt-pt\/"},{"@type":"ListItem","position":2,"name":"Tienda","item":"https:\/\/namcosmetics.eu\/tienda\/"},{"@type":"ListItem","position":3,"name":"Base Perfect Lift C Swan"}]},{"@type":"WebSite","@id":"https:\/\/namcosmetics.eu\/pt-pt\/#website","url":"https:\/\/namcosmetics.eu\/pt-pt\/","name":"NAM","description":"NAM Europe","potentialAction":[{"@type":"SearchAction","target":{"@type":"EntryPoint","urlTemplate":"https:\/\/namcosmetics.eu\/pt-pt\/?s={search_term_string}"},"query-input":{"@type":"PropertyValueSpecification","valueRequired":true,"valueName":"search_term_string"}}],"inLanguage":"pt-PT"}]}},"_links":{"self":[{"href":"https:\/\/namcosmetics.eu\/pt-pt\/wp-json\/wp\/v2\/product\/28604"}],"collection":[{"href":"https:\/\/namcosmetics.eu\/pt-pt\/wp-json\/wp\/v2\/product"}],"about":[{"href":"https:\/\/namcosmetics.eu\/pt-pt\/wp-json\/wp\/v2\/types\/product"}],"replies":[{"embeddable":true,"href":"https:\/\/namcosmetics.eu\/pt-pt\/wp-json\/wp\/v2\/comments?post=28604"}],"wp:featuredmedia":[{"embeddable":true,"href":"https:\/\/namcosmetics.eu\/pt-pt\/wp-json\/wp\/v2\/media\/28072"}],"wp:attachment":[{"href":"https:\/\/namcosmetics.eu\/pt-pt\/wp-json\/wp\/v2\/media?parent=28604"}],"wp:term":[{"taxonomy":"product_brand","embeddable":true,"href":"https:\/\/namcosmetics.eu\/pt-pt\/wp-json\/wp\/v2\/product_brand?post=28604"},{"taxonomy":"product_cat","embeddable":true,"href":"https:\/\/namcosmetics.eu\/pt-pt\/wp-json\/wp\/v2\/product_cat?post=28604"},{"taxonomy":"product_tag","embeddable":true,"href":"https:\/\/namcosmetics.eu\/pt-pt\/wp-json\/wp\/v2\/product_tag?post=28604"}],"curies":[{"name":"wp","href":"https:\/\/api.w.org\/{rel}","templated":true}]}}