{"id":28572,"date":"2023-12-13T08:49:35","date_gmt":"2023-12-13T08:49:35","guid":{"rendered":"https:\/\/namcosmetics.eu\/producto\/maquillaje-mineral\/"},"modified":"2024-01-03T09:57:41","modified_gmt":"2024-01-03T09:57:41","slug":"maquillaje-mineral","status":"publish","type":"product","link":"https:\/\/namcosmetics.eu\/pt-pt\/producto\/maquillaje-mineral\/","title":{"rendered":"Base mineral\u00a0 Naked\n  Neutral"},"content":{"rendered":"<h4>Modo<br \/>\n  de uso<\/h4>\n<p>Hidratar e preparar a pele. Recomenda-se a utiliza\u00e7\u00e3o de um<br \/>\n  primer para melhorar a ader\u00eancia e a durabilidade da maquilhagem. Em seguida,<br \/>\n  aplicar a base em todo o rosto com um pincel ou uma esponja.<br \/>\n    tiene men\u00fa contextual<\/p>\n","protected":false},"excerpt":{"rendered":"<p>Base em p\u00f3 mineral que<br \/>\n  proporciona uma cobertura ligeira a total. Produto de longa dura\u00e7\u00e3o com um<br \/>\n  acabamento natural. Minimiza a visibilidade dos poros e das pequenas<br \/>\n  imperfei\u00e7\u00f5es da pele. N\u00e3o obstrui os poros nem se fixa nas r\u00eddulas. Al\u00e9m<br \/>\n  disso, o p\u00f3 cont\u00e9m um filtro UV que protege a pele do envelhecimento<br \/>\n  prematuro.<\/p>\n","protected":false},"featured_media":28075,"comment_status":"closed","ping_status":"closed","template":"","meta":[],"product_brand":[],"product_cat":[1654,1646,1655],"product_tag":[],"class_list":{"0":"post-28572","1":"product","2":"type-product","3":"status-publish","4":"has-post-thumbnail","6":"product_cat-base-de-maquillaje-pt-pt","7":"product_cat-new-2023-pt-pt","8":"product_cat-new-coleccion-iii-pt-pt","10":"first","11":"instock","12":"shipping-taxable","13":"purchasable","14":"product-type-variable"},"yoast_head":"<!-- This site is optimized with the Yoast SEO plugin v25.0 - https:\/\/yoast.com\/wordpress\/plugins\/seo\/ -->\n<title>Base mineral\u00a0 Naked  Neutral - NAM<\/title>\n<meta name=\"robots\" content=\"index, follow, max-snippet:-1, max-image-preview:large, max-video-preview:-1\" \/>\n<link rel=\"canonical\" href=\"https:\/\/namcosmetics.eu\/pt-pt\/producto\/maquillaje-mineral\/\" \/>\n<meta property=\"og:locale\" content=\"pt_PT\" \/>\n<meta property=\"og:type\" content=\"article\" \/>\n<meta property=\"og:title\" content=\"Base mineral\u00a0 Naked  Neutral - NAM\" \/>\n<meta property=\"og:description\" content=\"Base em p\u00f3 mineral que  proporciona uma cobertura ligeira a total. Produto de longa dura\u00e7\u00e3o com um  acabamento natural. Minimiza a visibilidade dos poros e das pequenas  imperfei\u00e7\u00f5es da pele. N\u00e3o obstrui os poros nem se fixa nas r\u00eddulas. Al\u00e9m  disso, o p\u00f3 cont\u00e9m um filtro UV que protege a pele do envelhecimento  prematuro.\" \/>\n<meta property=\"og:url\" content=\"https:\/\/namcosmetics.eu\/pt-pt\/producto\/maquillaje-mineral\/\" \/>\n<meta property=\"og:site_name\" content=\"NAM\" \/>\n<meta property=\"article:modified_time\" content=\"2024-01-03T09:57:41+00:00\" \/>\n<meta property=\"og:image\" content=\"https:\/\/namcosmetics.eu\/wp-content\/uploads\/2023\/12\/CE621N1_5905309903142.jpg\" \/>\n\t<meta property=\"og:image:width\" content=\"800\" \/>\n\t<meta property=\"og:image:height\" content=\"800\" \/>\n\t<meta property=\"og:image:type\" content=\"image\/jpeg\" \/>\n<meta name=\"twitter:card\" content=\"summary_large_image\" \/>\n<script type=\"application\/ld+json\" class=\"yoast-schema-graph\">{\"@context\":\"https:\/\/schema.org\",\"@graph\":[{\"@type\":\"WebPage\",\"@id\":\"https:\/\/namcosmetics.eu\/pt-pt\/producto\/maquillaje-mineral\/\",\"url\":\"https:\/\/namcosmetics.eu\/pt-pt\/producto\/maquillaje-mineral\/\",\"name\":\"Base mineral\u00a0 Naked Neutral - NAM\",\"isPartOf\":{\"@id\":\"https:\/\/namcosmetics.eu\/pt-pt\/#website\"},\"primaryImageOfPage\":{\"@id\":\"https:\/\/namcosmetics.eu\/pt-pt\/producto\/maquillaje-mineral\/#primaryimage\"},\"image\":{\"@id\":\"https:\/\/namcosmetics.eu\/pt-pt\/producto\/maquillaje-mineral\/#primaryimage\"},\"thumbnailUrl\":\"https:\/\/namcosmetics.eu\/wp-content\/uploads\/2023\/12\/CE621N1_5905309903142.jpg\",\"datePublished\":\"2023-12-13T08:49:35+00:00\",\"dateModified\":\"2024-01-03T09:57:41+00:00\",\"breadcrumb\":{\"@id\":\"https:\/\/namcosmetics.eu\/pt-pt\/producto\/maquillaje-mineral\/#breadcrumb\"},\"inLanguage\":\"pt-PT\",\"potentialAction\":[{\"@type\":\"ReadAction\",\"target\":[\"https:\/\/namcosmetics.eu\/pt-pt\/producto\/maquillaje-mineral\/\"]}]},{\"@type\":\"ImageObject\",\"inLanguage\":\"pt-PT\",\"@id\":\"https:\/\/namcosmetics.eu\/pt-pt\/producto\/maquillaje-mineral\/#primaryimage\",\"url\":\"https:\/\/namcosmetics.eu\/wp-content\/uploads\/2023\/12\/CE621N1_5905309903142.jpg\",\"contentUrl\":\"https:\/\/namcosmetics.eu\/wp-content\/uploads\/2023\/12\/CE621N1_5905309903142.jpg\",\"width\":800,\"height\":800},{\"@type\":\"BreadcrumbList\",\"@id\":\"https:\/\/namcosmetics.eu\/pt-pt\/producto\/maquillaje-mineral\/#breadcrumb\",\"itemListElement\":[{\"@type\":\"ListItem\",\"position\":1,\"name\":\"Portada\",\"item\":\"https:\/\/namcosmetics.eu\/pt-pt\/\"},{\"@type\":\"ListItem\",\"position\":2,\"name\":\"Tienda\",\"item\":\"https:\/\/namcosmetics.eu\/tienda\/\"},{\"@type\":\"ListItem\",\"position\":3,\"name\":\"Base mineral\u00a0 Naked Neutral\"}]},{\"@type\":\"WebSite\",\"@id\":\"https:\/\/namcosmetics.eu\/pt-pt\/#website\",\"url\":\"https:\/\/namcosmetics.eu\/pt-pt\/\",\"name\":\"NAM\",\"description\":\"NAM Europe\",\"potentialAction\":[{\"@type\":\"SearchAction\",\"target\":{\"@type\":\"EntryPoint\",\"urlTemplate\":\"https:\/\/namcosmetics.eu\/pt-pt\/?s={search_term_string}\"},\"query-input\":{\"@type\":\"PropertyValueSpecification\",\"valueRequired\":true,\"valueName\":\"search_term_string\"}}],\"inLanguage\":\"pt-PT\"}]}<\/script>\n<!-- \/ Yoast SEO plugin. -->","yoast_head_json":{"title":"Base mineral\u00a0 Naked  Neutral - NAM","robots":{"index":"index","follow":"follow","max-snippet":"max-snippet:-1","max-image-preview":"max-image-preview:large","max-video-preview":"max-video-preview:-1"},"canonical":"https:\/\/namcosmetics.eu\/pt-pt\/producto\/maquillaje-mineral\/","og_locale":"pt_PT","og_type":"article","og_title":"Base mineral\u00a0 Naked  Neutral - NAM","og_description":"Base em p\u00f3 mineral que  proporciona uma cobertura ligeira a total. Produto de longa dura\u00e7\u00e3o com um  acabamento natural. Minimiza a visibilidade dos poros e das pequenas  imperfei\u00e7\u00f5es da pele. N\u00e3o obstrui os poros nem se fixa nas r\u00eddulas. Al\u00e9m  disso, o p\u00f3 cont\u00e9m um filtro UV que protege a pele do envelhecimento  prematuro.","og_url":"https:\/\/namcosmetics.eu\/pt-pt\/producto\/maquillaje-mineral\/","og_site_name":"NAM","article_modified_time":"2024-01-03T09:57:41+00:00","og_image":[{"width":800,"height":800,"url":"https:\/\/namcosmetics.eu\/wp-content\/uploads\/2023\/12\/CE621N1_5905309903142.jpg","type":"image\/jpeg"}],"twitter_card":"summary_large_image","schema":{"@context":"https:\/\/schema.org","@graph":[{"@type":"WebPage","@id":"https:\/\/namcosmetics.eu\/pt-pt\/producto\/maquillaje-mineral\/","url":"https:\/\/namcosmetics.eu\/pt-pt\/producto\/maquillaje-mineral\/","name":"Base mineral\u00a0 Naked Neutral - NAM","isPartOf":{"@id":"https:\/\/namcosmetics.eu\/pt-pt\/#website"},"primaryImageOfPage":{"@id":"https:\/\/namcosmetics.eu\/pt-pt\/producto\/maquillaje-mineral\/#primaryimage"},"image":{"@id":"https:\/\/namcosmetics.eu\/pt-pt\/producto\/maquillaje-mineral\/#primaryimage"},"thumbnailUrl":"https:\/\/namcosmetics.eu\/wp-content\/uploads\/2023\/12\/CE621N1_5905309903142.jpg","datePublished":"2023-12-13T08:49:35+00:00","dateModified":"2024-01-03T09:57:41+00:00","breadcrumb":{"@id":"https:\/\/namcosmetics.eu\/pt-pt\/producto\/maquillaje-mineral\/#breadcrumb"},"inLanguage":"pt-PT","potentialAction":[{"@type":"ReadAction","target":["https:\/\/namcosmetics.eu\/pt-pt\/producto\/maquillaje-mineral\/"]}]},{"@type":"ImageObject","inLanguage":"pt-PT","@id":"https:\/\/namcosmetics.eu\/pt-pt\/producto\/maquillaje-mineral\/#primaryimage","url":"https:\/\/namcosmetics.eu\/wp-content\/uploads\/2023\/12\/CE621N1_5905309903142.jpg","contentUrl":"https:\/\/namcosmetics.eu\/wp-content\/uploads\/2023\/12\/CE621N1_5905309903142.jpg","width":800,"height":800},{"@type":"BreadcrumbList","@id":"https:\/\/namcosmetics.eu\/pt-pt\/producto\/maquillaje-mineral\/#breadcrumb","itemListElement":[{"@type":"ListItem","position":1,"name":"Portada","item":"https:\/\/namcosmetics.eu\/pt-pt\/"},{"@type":"ListItem","position":2,"name":"Tienda","item":"https:\/\/namcosmetics.eu\/tienda\/"},{"@type":"ListItem","position":3,"name":"Base mineral\u00a0 Naked Neutral"}]},{"@type":"WebSite","@id":"https:\/\/namcosmetics.eu\/pt-pt\/#website","url":"https:\/\/namcosmetics.eu\/pt-pt\/","name":"NAM","description":"NAM Europe","potentialAction":[{"@type":"SearchAction","target":{"@type":"EntryPoint","urlTemplate":"https:\/\/namcosmetics.eu\/pt-pt\/?s={search_term_string}"},"query-input":{"@type":"PropertyValueSpecification","valueRequired":true,"valueName":"search_term_string"}}],"inLanguage":"pt-PT"}]}},"_links":{"self":[{"href":"https:\/\/namcosmetics.eu\/pt-pt\/wp-json\/wp\/v2\/product\/28572"}],"collection":[{"href":"https:\/\/namcosmetics.eu\/pt-pt\/wp-json\/wp\/v2\/product"}],"about":[{"href":"https:\/\/namcosmetics.eu\/pt-pt\/wp-json\/wp\/v2\/types\/product"}],"replies":[{"embeddable":true,"href":"https:\/\/namcosmetics.eu\/pt-pt\/wp-json\/wp\/v2\/comments?post=28572"}],"wp:featuredmedia":[{"embeddable":true,"href":"https:\/\/namcosmetics.eu\/pt-pt\/wp-json\/wp\/v2\/media\/28075"}],"wp:attachment":[{"href":"https:\/\/namcosmetics.eu\/pt-pt\/wp-json\/wp\/v2\/media?parent=28572"}],"wp:term":[{"taxonomy":"product_brand","embeddable":true,"href":"https:\/\/namcosmetics.eu\/pt-pt\/wp-json\/wp\/v2\/product_brand?post=28572"},{"taxonomy":"product_cat","embeddable":true,"href":"https:\/\/namcosmetics.eu\/pt-pt\/wp-json\/wp\/v2\/product_cat?post=28572"},{"taxonomy":"product_tag","embeddable":true,"href":"https:\/\/namcosmetics.eu\/pt-pt\/wp-json\/wp\/v2\/product_tag?post=28572"}],"curies":[{"name":"wp","href":"https:\/\/api.w.org\/{rel}","templated":true}]}}