{"id":28565,"date":"2023-12-13T08:52:04","date_gmt":"2023-12-13T08:52:04","guid":{"rendered":"https:\/\/namcosmetics.eu\/producto\/pomada-en-lapiz\/"},"modified":"2024-01-03T09:57:41","modified_gmt":"2024-01-03T09:57:41","slug":"pomada-en-lapiz","status":"publish","type":"product","link":"https:\/\/namcosmetics.eu\/pt-pt\/producto\/pomada-en-lapiz\/","title":{"rendered":"Pomada l\u00e1pis para sobrancelhas\u00a0\n  Neutral Deep Brown"},"content":{"rendered":"<h4>Modo<br \/>\n  de uso<\/h4>\n<p>Delinea y contornea la forma de tu ceja deseada y rellena<br \/>\n  posteriormente. Por \u00faltimo cepilla las cejas para conseguir un aspecto<br \/>\n  natural.<\/p>\n","protected":false},"excerpt":{"rendered":"<p>Pomada<br \/>\n  para sobrancelhas, resistente \u00e0 \u00e1gua com uma consist\u00eancia cremosa que se<br \/>\n  funde na pele enquanto colore e define enquanto colore e define as<br \/>\n  sobrancelhas. Produto 2 em 1, fixa e preenche as sobrancelhas. Permite<br \/>\n  contornar e preencher corretamente, acentuando perfeitamente a linha das<br \/>\n  sobrancelhas. Dispon\u00edvel em duas cores<\/p>\n","protected":false},"featured_media":27939,"comment_status":"closed","ping_status":"closed","template":"","meta":[],"product_brand":[],"product_cat":[1646,1332],"product_tag":[],"class_list":{"0":"post-28565","1":"product","2":"type-product","3":"status-publish","4":"has-post-thumbnail","6":"product_cat-new-2023-pt-pt","7":"product_cat-sobrancelha","9":"first","10":"instock","11":"shipping-taxable","12":"purchasable","13":"product-type-variable"},"yoast_head":"<!-- This site is optimized with the Yoast SEO plugin v25.0 - https:\/\/yoast.com\/wordpress\/plugins\/seo\/ -->\n<title>Pomada l\u00e1pis para sobrancelhas\u00a0  Neutral Deep Brown - NAM<\/title>\n<meta name=\"robots\" content=\"index, follow, max-snippet:-1, max-image-preview:large, max-video-preview:-1\" \/>\n<link rel=\"canonical\" href=\"https:\/\/namcosmetics.eu\/pt-pt\/producto\/pomada-en-lapiz\/\" \/>\n<meta property=\"og:locale\" content=\"pt_PT\" \/>\n<meta property=\"og:type\" content=\"article\" \/>\n<meta property=\"og:title\" content=\"Pomada l\u00e1pis para sobrancelhas\u00a0  Neutral Deep Brown - NAM\" \/>\n<meta property=\"og:description\" content=\"Pomada  para sobrancelhas, resistente \u00e0 \u00e1gua com uma consist\u00eancia cremosa que se  funde na pele enquanto colore e define enquanto colore e define as  sobrancelhas. Produto 2 em 1, fixa e preenche as sobrancelhas. Permite  contornar e preencher corretamente, acentuando perfeitamente a linha das  sobrancelhas. Dispon\u00edvel em duas cores\" \/>\n<meta property=\"og:url\" content=\"https:\/\/namcosmetics.eu\/pt-pt\/producto\/pomada-en-lapiz\/\" \/>\n<meta property=\"og:site_name\" content=\"NAM\" \/>\n<meta property=\"article:modified_time\" content=\"2024-01-03T09:57:41+00:00\" \/>\n<meta property=\"og:image\" content=\"https:\/\/namcosmetics.eu\/wp-content\/uploads\/2023\/12\/OC642N1_5905309902800.jpg\" \/>\n\t<meta property=\"og:image:width\" content=\"800\" \/>\n\t<meta property=\"og:image:height\" content=\"800\" \/>\n\t<meta property=\"og:image:type\" content=\"image\/jpeg\" \/>\n<meta name=\"twitter:card\" content=\"summary_large_image\" \/>\n<script type=\"application\/ld+json\" class=\"yoast-schema-graph\">{\"@context\":\"https:\/\/schema.org\",\"@graph\":[{\"@type\":\"WebPage\",\"@id\":\"https:\/\/namcosmetics.eu\/pt-pt\/producto\/pomada-en-lapiz\/\",\"url\":\"https:\/\/namcosmetics.eu\/pt-pt\/producto\/pomada-en-lapiz\/\",\"name\":\"Pomada l\u00e1pis para sobrancelhas\u00a0 Neutral Deep Brown - NAM\",\"isPartOf\":{\"@id\":\"https:\/\/namcosmetics.eu\/pt-pt\/#website\"},\"primaryImageOfPage\":{\"@id\":\"https:\/\/namcosmetics.eu\/pt-pt\/producto\/pomada-en-lapiz\/#primaryimage\"},\"image\":{\"@id\":\"https:\/\/namcosmetics.eu\/pt-pt\/producto\/pomada-en-lapiz\/#primaryimage\"},\"thumbnailUrl\":\"https:\/\/namcosmetics.eu\/wp-content\/uploads\/2023\/12\/OC642N1_5905309902800.jpg\",\"datePublished\":\"2023-12-13T08:52:04+00:00\",\"dateModified\":\"2024-01-03T09:57:41+00:00\",\"breadcrumb\":{\"@id\":\"https:\/\/namcosmetics.eu\/pt-pt\/producto\/pomada-en-lapiz\/#breadcrumb\"},\"inLanguage\":\"pt-PT\",\"potentialAction\":[{\"@type\":\"ReadAction\",\"target\":[\"https:\/\/namcosmetics.eu\/pt-pt\/producto\/pomada-en-lapiz\/\"]}]},{\"@type\":\"ImageObject\",\"inLanguage\":\"pt-PT\",\"@id\":\"https:\/\/namcosmetics.eu\/pt-pt\/producto\/pomada-en-lapiz\/#primaryimage\",\"url\":\"https:\/\/namcosmetics.eu\/wp-content\/uploads\/2023\/12\/OC642N1_5905309902800.jpg\",\"contentUrl\":\"https:\/\/namcosmetics.eu\/wp-content\/uploads\/2023\/12\/OC642N1_5905309902800.jpg\",\"width\":800,\"height\":800},{\"@type\":\"BreadcrumbList\",\"@id\":\"https:\/\/namcosmetics.eu\/pt-pt\/producto\/pomada-en-lapiz\/#breadcrumb\",\"itemListElement\":[{\"@type\":\"ListItem\",\"position\":1,\"name\":\"Portada\",\"item\":\"https:\/\/namcosmetics.eu\/pt-pt\/\"},{\"@type\":\"ListItem\",\"position\":2,\"name\":\"Tienda\",\"item\":\"https:\/\/namcosmetics.eu\/tienda\/\"},{\"@type\":\"ListItem\",\"position\":3,\"name\":\"Pomada l\u00e1pis para sobrancelhas\u00a0 Neutral Deep Brown\"}]},{\"@type\":\"WebSite\",\"@id\":\"https:\/\/namcosmetics.eu\/pt-pt\/#website\",\"url\":\"https:\/\/namcosmetics.eu\/pt-pt\/\",\"name\":\"NAM\",\"description\":\"NAM Europe\",\"potentialAction\":[{\"@type\":\"SearchAction\",\"target\":{\"@type\":\"EntryPoint\",\"urlTemplate\":\"https:\/\/namcosmetics.eu\/pt-pt\/?s={search_term_string}\"},\"query-input\":{\"@type\":\"PropertyValueSpecification\",\"valueRequired\":true,\"valueName\":\"search_term_string\"}}],\"inLanguage\":\"pt-PT\"}]}<\/script>\n<!-- \/ Yoast SEO plugin. -->","yoast_head_json":{"title":"Pomada l\u00e1pis para sobrancelhas\u00a0  Neutral Deep Brown - NAM","robots":{"index":"index","follow":"follow","max-snippet":"max-snippet:-1","max-image-preview":"max-image-preview:large","max-video-preview":"max-video-preview:-1"},"canonical":"https:\/\/namcosmetics.eu\/pt-pt\/producto\/pomada-en-lapiz\/","og_locale":"pt_PT","og_type":"article","og_title":"Pomada l\u00e1pis para sobrancelhas\u00a0  Neutral Deep Brown - NAM","og_description":"Pomada  para sobrancelhas, resistente \u00e0 \u00e1gua com uma consist\u00eancia cremosa que se  funde na pele enquanto colore e define enquanto colore e define as  sobrancelhas. Produto 2 em 1, fixa e preenche as sobrancelhas. Permite  contornar e preencher corretamente, acentuando perfeitamente a linha das  sobrancelhas. Dispon\u00edvel em duas cores","og_url":"https:\/\/namcosmetics.eu\/pt-pt\/producto\/pomada-en-lapiz\/","og_site_name":"NAM","article_modified_time":"2024-01-03T09:57:41+00:00","og_image":[{"width":800,"height":800,"url":"https:\/\/namcosmetics.eu\/wp-content\/uploads\/2023\/12\/OC642N1_5905309902800.jpg","type":"image\/jpeg"}],"twitter_card":"summary_large_image","schema":{"@context":"https:\/\/schema.org","@graph":[{"@type":"WebPage","@id":"https:\/\/namcosmetics.eu\/pt-pt\/producto\/pomada-en-lapiz\/","url":"https:\/\/namcosmetics.eu\/pt-pt\/producto\/pomada-en-lapiz\/","name":"Pomada l\u00e1pis para sobrancelhas\u00a0 Neutral Deep Brown - NAM","isPartOf":{"@id":"https:\/\/namcosmetics.eu\/pt-pt\/#website"},"primaryImageOfPage":{"@id":"https:\/\/namcosmetics.eu\/pt-pt\/producto\/pomada-en-lapiz\/#primaryimage"},"image":{"@id":"https:\/\/namcosmetics.eu\/pt-pt\/producto\/pomada-en-lapiz\/#primaryimage"},"thumbnailUrl":"https:\/\/namcosmetics.eu\/wp-content\/uploads\/2023\/12\/OC642N1_5905309902800.jpg","datePublished":"2023-12-13T08:52:04+00:00","dateModified":"2024-01-03T09:57:41+00:00","breadcrumb":{"@id":"https:\/\/namcosmetics.eu\/pt-pt\/producto\/pomada-en-lapiz\/#breadcrumb"},"inLanguage":"pt-PT","potentialAction":[{"@type":"ReadAction","target":["https:\/\/namcosmetics.eu\/pt-pt\/producto\/pomada-en-lapiz\/"]}]},{"@type":"ImageObject","inLanguage":"pt-PT","@id":"https:\/\/namcosmetics.eu\/pt-pt\/producto\/pomada-en-lapiz\/#primaryimage","url":"https:\/\/namcosmetics.eu\/wp-content\/uploads\/2023\/12\/OC642N1_5905309902800.jpg","contentUrl":"https:\/\/namcosmetics.eu\/wp-content\/uploads\/2023\/12\/OC642N1_5905309902800.jpg","width":800,"height":800},{"@type":"BreadcrumbList","@id":"https:\/\/namcosmetics.eu\/pt-pt\/producto\/pomada-en-lapiz\/#breadcrumb","itemListElement":[{"@type":"ListItem","position":1,"name":"Portada","item":"https:\/\/namcosmetics.eu\/pt-pt\/"},{"@type":"ListItem","position":2,"name":"Tienda","item":"https:\/\/namcosmetics.eu\/tienda\/"},{"@type":"ListItem","position":3,"name":"Pomada l\u00e1pis para sobrancelhas\u00a0 Neutral Deep Brown"}]},{"@type":"WebSite","@id":"https:\/\/namcosmetics.eu\/pt-pt\/#website","url":"https:\/\/namcosmetics.eu\/pt-pt\/","name":"NAM","description":"NAM Europe","potentialAction":[{"@type":"SearchAction","target":{"@type":"EntryPoint","urlTemplate":"https:\/\/namcosmetics.eu\/pt-pt\/?s={search_term_string}"},"query-input":{"@type":"PropertyValueSpecification","valueRequired":true,"valueName":"search_term_string"}}],"inLanguage":"pt-PT"}]}},"_links":{"self":[{"href":"https:\/\/namcosmetics.eu\/pt-pt\/wp-json\/wp\/v2\/product\/28565"}],"collection":[{"href":"https:\/\/namcosmetics.eu\/pt-pt\/wp-json\/wp\/v2\/product"}],"about":[{"href":"https:\/\/namcosmetics.eu\/pt-pt\/wp-json\/wp\/v2\/types\/product"}],"replies":[{"embeddable":true,"href":"https:\/\/namcosmetics.eu\/pt-pt\/wp-json\/wp\/v2\/comments?post=28565"}],"wp:featuredmedia":[{"embeddable":true,"href":"https:\/\/namcosmetics.eu\/pt-pt\/wp-json\/wp\/v2\/media\/27939"}],"wp:attachment":[{"href":"https:\/\/namcosmetics.eu\/pt-pt\/wp-json\/wp\/v2\/media?parent=28565"}],"wp:term":[{"taxonomy":"product_brand","embeddable":true,"href":"https:\/\/namcosmetics.eu\/pt-pt\/wp-json\/wp\/v2\/product_brand?post=28565"},{"taxonomy":"product_cat","embeddable":true,"href":"https:\/\/namcosmetics.eu\/pt-pt\/wp-json\/wp\/v2\/product_cat?post=28565"},{"taxonomy":"product_tag","embeddable":true,"href":"https:\/\/namcosmetics.eu\/pt-pt\/wp-json\/wp\/v2\/product_tag?post=28565"}],"curies":[{"name":"wp","href":"https:\/\/api.w.org\/{rel}","templated":true}]}}