{"id":25309,"date":"2023-02-20T11:15:00","date_gmt":"2023-02-20T11:15:00","guid":{"rendered":"https:\/\/namcosmetics.eu\/producto\/topper-lip-booster\/"},"modified":"2024-01-03T09:50:12","modified_gmt":"2024-01-03T09:50:12","slug":"topper-lip-booster","status":"publish","type":"product","link":"https:\/\/namcosmetics.eu\/pt-pt\/producto\/topper-lip-booster\/","title":{"rendered":"Topper\u00a0 Lip Booster"},"content":{"rendered":"<h4>Como<br \/>\n    utilizar<\/h4>\n<p>Aplicar o batom no meio do l\u00e1bio inferior e em<br \/>\n    todo o l\u00e1bio superior. Na zona dos cantos \u00e9 importante respeitar a<br \/>\n  linha<br \/>\n    natural do l\u00e1bio para evitar um aspecto artificial. Massajar suavemente<br \/>\n  os<br \/>\n    l\u00e1bios de modo a que a cor se misture naturalmente. Pode come\u00e7ar por forrar<br \/>\n  o<br \/>\n    l\u00e1bio superior e inferior e depois preencher para um acabamento<br \/>\n    impec\u00e1vel.<\/p>\n<\/p>\n<h4>Ingredientes<\/h4>\n<p>Polybutene,<br \/>\n    Hydrogenated Polydecene, Octyldodecanol, Silica Dimethyl Silylate,<br \/>\n  Benzyl<br \/>\n    Nicotinate, Lauryl PEG\/PPG-18\/18 Methicone, Ricinus Communis Seed Oil,<br \/>\n  Prunus<br \/>\n    Amygdalus Dulcis Oil, Simmondsia Chinensis Seed Oil, Tocopheryl<br \/>\n  Acetate,<br \/>\n    Isohexadecane, PEG-8, Caprylyl Glycol, Phenoxyethanol, Tocopherol,<br \/>\n  Hexylene<br \/>\n    Glycol, Ascorbyl Palmitate, Bis-PEG\/PPG-14\/14 Dimethicone,<br \/>\n    Ethylene\/Propylene\/Styrene Copolymer, Butylene\/Ethylene\/Styrene Copolymer,<br \/>\n    Ascorbic Acid, Cyclopentasiloxane, Sodium Hyaluronate, Xanthan Gum,<br \/>\n  Citric<br \/>\n    Acid, Tripeptide-1.<\/p>\n","protected":false},"excerpt":{"rendered":"<p>Um topper de plumping labial<br \/>\n  para o melhoramento n\u00e3o invasivo dos l\u00e1bios. Deixa um lindo brilho e pode ser<br \/>\n  usado sozinho ou aplicado sobre batom. Cont\u00e9m \u00f3leo de jojoba e vitamina E.<\/p>\n","protected":false},"featured_media":21195,"comment_status":"closed","ping_status":"closed","template":"","meta":[],"product_brand":[],"product_cat":[1325],"product_tag":[1362,1353,1387],"class_list":{"0":"post-25309","1":"product","2":"type-product","3":"status-publish","4":"has-post-thumbnail","6":"product_cat-brilho-de-labios","7":"product_tag-batom","8":"product_tag-brilho-de-labios","9":"product_tag-topper-de-labios","11":"first","12":"instock","13":"shipping-taxable","14":"purchasable","15":"product-type-simple"},"yoast_head":"<!-- This site is optimized with the Yoast SEO plugin v25.0 - https:\/\/yoast.com\/wordpress\/plugins\/seo\/ -->\n<title>Topper\u00a0 Lip Booster - NAM<\/title>\n<meta name=\"robots\" content=\"index, follow, max-snippet:-1, max-image-preview:large, max-video-preview:-1\" \/>\n<link rel=\"canonical\" href=\"https:\/\/namcosmetics.eu\/pt-pt\/producto\/topper-lip-booster\/\" \/>\n<meta property=\"og:locale\" content=\"pt_PT\" \/>\n<meta property=\"og:type\" content=\"article\" \/>\n<meta property=\"og:title\" content=\"Topper\u00a0 Lip Booster - NAM\" \/>\n<meta property=\"og:description\" content=\"Um topper de plumping labial  para o melhoramento n\u00e3o invasivo dos l\u00e1bios. Deixa um lindo brilho e pode ser  usado sozinho ou aplicado sobre batom. Cont\u00e9m \u00f3leo de jojoba e vitamina E.\" \/>\n<meta property=\"og:url\" content=\"https:\/\/namcosmetics.eu\/pt-pt\/producto\/topper-lip-booster\/\" \/>\n<meta property=\"og:site_name\" content=\"NAM\" \/>\n<meta property=\"article:modified_time\" content=\"2024-01-03T09:50:12+00:00\" \/>\n<meta property=\"og:image\" content=\"https:\/\/namcosmetics.eu\/wp-content\/uploads\/2023\/02\/US238_5901801669883.jpg\" \/>\n\t<meta property=\"og:image:width\" content=\"800\" \/>\n\t<meta property=\"og:image:height\" content=\"800\" \/>\n\t<meta property=\"og:image:type\" content=\"image\/jpeg\" \/>\n<meta name=\"twitter:card\" content=\"summary_large_image\" \/>\n<meta name=\"twitter:label1\" content=\"Tempo estimado de leitura\" \/>\n\t<meta name=\"twitter:data1\" content=\"1 minuto\" \/>\n<script type=\"application\/ld+json\" class=\"yoast-schema-graph\">{\"@context\":\"https:\/\/schema.org\",\"@graph\":[{\"@type\":\"WebPage\",\"@id\":\"https:\/\/namcosmetics.eu\/pt-pt\/producto\/topper-lip-booster\/\",\"url\":\"https:\/\/namcosmetics.eu\/pt-pt\/producto\/topper-lip-booster\/\",\"name\":\"Topper\u00a0 Lip Booster - NAM\",\"isPartOf\":{\"@id\":\"https:\/\/namcosmetics.eu\/pt-pt\/#website\"},\"primaryImageOfPage\":{\"@id\":\"https:\/\/namcosmetics.eu\/pt-pt\/producto\/topper-lip-booster\/#primaryimage\"},\"image\":{\"@id\":\"https:\/\/namcosmetics.eu\/pt-pt\/producto\/topper-lip-booster\/#primaryimage\"},\"thumbnailUrl\":\"https:\/\/namcosmetics.eu\/wp-content\/uploads\/2023\/02\/US238_5901801669883.jpg\",\"datePublished\":\"2023-02-20T11:15:00+00:00\",\"dateModified\":\"2024-01-03T09:50:12+00:00\",\"breadcrumb\":{\"@id\":\"https:\/\/namcosmetics.eu\/pt-pt\/producto\/topper-lip-booster\/#breadcrumb\"},\"inLanguage\":\"pt-PT\",\"potentialAction\":[{\"@type\":\"ReadAction\",\"target\":[\"https:\/\/namcosmetics.eu\/pt-pt\/producto\/topper-lip-booster\/\"]}]},{\"@type\":\"ImageObject\",\"inLanguage\":\"pt-PT\",\"@id\":\"https:\/\/namcosmetics.eu\/pt-pt\/producto\/topper-lip-booster\/#primaryimage\",\"url\":\"https:\/\/namcosmetics.eu\/wp-content\/uploads\/2023\/02\/US238_5901801669883.jpg\",\"contentUrl\":\"https:\/\/namcosmetics.eu\/wp-content\/uploads\/2023\/02\/US238_5901801669883.jpg\",\"width\":800,\"height\":800},{\"@type\":\"BreadcrumbList\",\"@id\":\"https:\/\/namcosmetics.eu\/pt-pt\/producto\/topper-lip-booster\/#breadcrumb\",\"itemListElement\":[{\"@type\":\"ListItem\",\"position\":1,\"name\":\"Portada\",\"item\":\"https:\/\/namcosmetics.eu\/pt-pt\/\"},{\"@type\":\"ListItem\",\"position\":2,\"name\":\"Tienda\",\"item\":\"https:\/\/namcosmetics.eu\/tienda\/\"},{\"@type\":\"ListItem\",\"position\":3,\"name\":\"Topper\u00a0 Lip Booster\"}]},{\"@type\":\"WebSite\",\"@id\":\"https:\/\/namcosmetics.eu\/pt-pt\/#website\",\"url\":\"https:\/\/namcosmetics.eu\/pt-pt\/\",\"name\":\"NAM\",\"description\":\"NAM Europe\",\"potentialAction\":[{\"@type\":\"SearchAction\",\"target\":{\"@type\":\"EntryPoint\",\"urlTemplate\":\"https:\/\/namcosmetics.eu\/pt-pt\/?s={search_term_string}\"},\"query-input\":{\"@type\":\"PropertyValueSpecification\",\"valueRequired\":true,\"valueName\":\"search_term_string\"}}],\"inLanguage\":\"pt-PT\"}]}<\/script>\n<!-- \/ Yoast SEO plugin. -->","yoast_head_json":{"title":"Topper\u00a0 Lip Booster - NAM","robots":{"index":"index","follow":"follow","max-snippet":"max-snippet:-1","max-image-preview":"max-image-preview:large","max-video-preview":"max-video-preview:-1"},"canonical":"https:\/\/namcosmetics.eu\/pt-pt\/producto\/topper-lip-booster\/","og_locale":"pt_PT","og_type":"article","og_title":"Topper\u00a0 Lip Booster - NAM","og_description":"Um topper de plumping labial  para o melhoramento n\u00e3o invasivo dos l\u00e1bios. Deixa um lindo brilho e pode ser  usado sozinho ou aplicado sobre batom. Cont\u00e9m \u00f3leo de jojoba e vitamina E.","og_url":"https:\/\/namcosmetics.eu\/pt-pt\/producto\/topper-lip-booster\/","og_site_name":"NAM","article_modified_time":"2024-01-03T09:50:12+00:00","og_image":[{"width":800,"height":800,"url":"https:\/\/namcosmetics.eu\/wp-content\/uploads\/2023\/02\/US238_5901801669883.jpg","type":"image\/jpeg"}],"twitter_card":"summary_large_image","twitter_misc":{"Tempo estimado de leitura":"1 minuto"},"schema":{"@context":"https:\/\/schema.org","@graph":[{"@type":"WebPage","@id":"https:\/\/namcosmetics.eu\/pt-pt\/producto\/topper-lip-booster\/","url":"https:\/\/namcosmetics.eu\/pt-pt\/producto\/topper-lip-booster\/","name":"Topper\u00a0 Lip Booster - NAM","isPartOf":{"@id":"https:\/\/namcosmetics.eu\/pt-pt\/#website"},"primaryImageOfPage":{"@id":"https:\/\/namcosmetics.eu\/pt-pt\/producto\/topper-lip-booster\/#primaryimage"},"image":{"@id":"https:\/\/namcosmetics.eu\/pt-pt\/producto\/topper-lip-booster\/#primaryimage"},"thumbnailUrl":"https:\/\/namcosmetics.eu\/wp-content\/uploads\/2023\/02\/US238_5901801669883.jpg","datePublished":"2023-02-20T11:15:00+00:00","dateModified":"2024-01-03T09:50:12+00:00","breadcrumb":{"@id":"https:\/\/namcosmetics.eu\/pt-pt\/producto\/topper-lip-booster\/#breadcrumb"},"inLanguage":"pt-PT","potentialAction":[{"@type":"ReadAction","target":["https:\/\/namcosmetics.eu\/pt-pt\/producto\/topper-lip-booster\/"]}]},{"@type":"ImageObject","inLanguage":"pt-PT","@id":"https:\/\/namcosmetics.eu\/pt-pt\/producto\/topper-lip-booster\/#primaryimage","url":"https:\/\/namcosmetics.eu\/wp-content\/uploads\/2023\/02\/US238_5901801669883.jpg","contentUrl":"https:\/\/namcosmetics.eu\/wp-content\/uploads\/2023\/02\/US238_5901801669883.jpg","width":800,"height":800},{"@type":"BreadcrumbList","@id":"https:\/\/namcosmetics.eu\/pt-pt\/producto\/topper-lip-booster\/#breadcrumb","itemListElement":[{"@type":"ListItem","position":1,"name":"Portada","item":"https:\/\/namcosmetics.eu\/pt-pt\/"},{"@type":"ListItem","position":2,"name":"Tienda","item":"https:\/\/namcosmetics.eu\/tienda\/"},{"@type":"ListItem","position":3,"name":"Topper\u00a0 Lip Booster"}]},{"@type":"WebSite","@id":"https:\/\/namcosmetics.eu\/pt-pt\/#website","url":"https:\/\/namcosmetics.eu\/pt-pt\/","name":"NAM","description":"NAM Europe","potentialAction":[{"@type":"SearchAction","target":{"@type":"EntryPoint","urlTemplate":"https:\/\/namcosmetics.eu\/pt-pt\/?s={search_term_string}"},"query-input":{"@type":"PropertyValueSpecification","valueRequired":true,"valueName":"search_term_string"}}],"inLanguage":"pt-PT"}]}},"_links":{"self":[{"href":"https:\/\/namcosmetics.eu\/pt-pt\/wp-json\/wp\/v2\/product\/25309"}],"collection":[{"href":"https:\/\/namcosmetics.eu\/pt-pt\/wp-json\/wp\/v2\/product"}],"about":[{"href":"https:\/\/namcosmetics.eu\/pt-pt\/wp-json\/wp\/v2\/types\/product"}],"replies":[{"embeddable":true,"href":"https:\/\/namcosmetics.eu\/pt-pt\/wp-json\/wp\/v2\/comments?post=25309"}],"wp:featuredmedia":[{"embeddable":true,"href":"https:\/\/namcosmetics.eu\/pt-pt\/wp-json\/wp\/v2\/media\/21195"}],"wp:attachment":[{"href":"https:\/\/namcosmetics.eu\/pt-pt\/wp-json\/wp\/v2\/media?parent=25309"}],"wp:term":[{"taxonomy":"product_brand","embeddable":true,"href":"https:\/\/namcosmetics.eu\/pt-pt\/wp-json\/wp\/v2\/product_brand?post=25309"},{"taxonomy":"product_cat","embeddable":true,"href":"https:\/\/namcosmetics.eu\/pt-pt\/wp-json\/wp\/v2\/product_cat?post=25309"},{"taxonomy":"product_tag","embeddable":true,"href":"https:\/\/namcosmetics.eu\/pt-pt\/wp-json\/wp\/v2\/product_tag?post=25309"}],"curies":[{"name":"wp","href":"https:\/\/api.w.org\/{rel}","templated":true}]}}