{"id":25306,"date":"2023-02-20T11:15:01","date_gmt":"2023-02-20T11:15:01","guid":{"rendered":"https:\/\/namcosmetics.eu\/producto\/prebase-smart-flawless\/"},"modified":"2024-01-03T09:50:04","modified_gmt":"2024-01-03T09:50:04","slug":"prebase-smart-flawless","status":"publish","type":"product","link":"https:\/\/namcosmetics.eu\/pt-pt\/producto\/prebase-smart-flawless\/","title":{"rendered":"Pr\u00e9-base Smart Flawless\u00a0"},"content":{"rendered":"<h4>Como<br \/>\n    utilizar<\/h4>\n<p>O produto deve ser aplicado na pele limpa, de<br \/>\n    prefer\u00eancia ap\u00f3s a utiliza\u00e7\u00e3o do hidratante e antes da aplica\u00e7\u00e3o da<br \/>\n    maquilhagem. O primer tamb\u00e9m pode ser utilizado sem maquilhagem para obter<br \/>\n  o<br \/>\n    efeito de uma tez lisa e mate durante<br \/>\n    horas.<\/p>\n<\/p>\n<h4>Ingredientes<\/h4>\n<p>Aqua,<br \/>\n    Isododecane, Propanediol, Aluminum Starch Octenylsuccinate, Caprylic\/Capric<br \/>\n    Triglyceride,<br \/>\n    Dimethicone, Polyglyceryl-4 Isostearate, Glycerin, Triethylhexanoin,<br \/>\n  Cetyl<br \/>\n    PEG\/PPG-10\/1 Dimethicone, Hexyl<br \/>\n    Laurate, Pentaerythrityl Tetraisostearate, Magnesium Sulfate,<br \/>\n  Tocopheryl<br \/>\n    Acetate, Yeast Extract, Leuconostoc\/Radish<br \/>\n    Root Ferment Filtrate, Silica, Stearalkonium Hectorite, Xanthan Gum,<br \/>\n    HDI\/Trimethylol Hexyllactone Crosspolymer,<br \/>\n    Propylene Carbonate, Dimethicone\/Vinyl Dimethicone Crosspolymer,<br \/>\n    Ethylhexylglycerin, Phenoxyethanol,<br \/>\n    Triethoxycaprylylsilane, Alumina, CI 77891, CI 77492, CI 77491.<\/p>\n","protected":false},"excerpt":{"rendered":"<p>Um pr\u00e9-base de maquilhagem<br \/>\n  super leve que prolonga a durabilidade da maquilhagem. A sua f\u00f3rmula<br \/>\n  inovadora significa que absorve rapidamente quando aplicada na pele,<br \/>\n  deixando-a lisa e perfeitamente preparada para a aplica\u00e7\u00e3o de maquilhagem. A<br \/>\n  f\u00f3rmula foi enriquecida com o complexo &#8220;Best Filter Needed&#8221;, o que<br \/>\n  d\u00e1 \u00e0 pele um efeito de emba\u00e7amento. Combinado com a funda\u00e7\u00e3o Smart Flawless,<br \/>\n  assegura um acabamento impec\u00e1vel e aveludado. A f\u00f3rmula \u00e9 enriquecida com<br \/>\n  colag\u00e9nio vegan, vitamina E e extracto de levedura. Perfeito para todos os<br \/>\n  tipos de pele.<\/p>\n","protected":false},"featured_media":21357,"comment_status":"closed","ping_status":"closed","template":"","meta":[],"product_brand":[],"product_cat":[1349],"product_tag":[],"class_list":{"0":"post-25306","1":"product","2":"type-product","3":"status-publish","4":"has-post-thumbnail","6":"product_cat-primer-pt-pt","8":"first","9":"instock","10":"shipping-taxable","11":"purchasable","12":"product-type-simple"},"yoast_head":"<!-- This site is optimized with the Yoast SEO plugin v25.0 - https:\/\/yoast.com\/wordpress\/plugins\/seo\/ -->\n<title>Pr\u00e9-base Smart Flawless\u00a0 - NAM<\/title>\n<meta name=\"robots\" content=\"index, follow, max-snippet:-1, max-image-preview:large, max-video-preview:-1\" \/>\n<link rel=\"canonical\" href=\"https:\/\/namcosmetics.eu\/pt-pt\/producto\/prebase-smart-flawless\/\" \/>\n<meta property=\"og:locale\" content=\"pt_PT\" \/>\n<meta property=\"og:type\" content=\"article\" \/>\n<meta property=\"og:title\" content=\"Pr\u00e9-base Smart Flawless\u00a0 - NAM\" \/>\n<meta property=\"og:description\" content=\"Um pr\u00e9-base de maquilhagem  super leve que prolonga a durabilidade da maquilhagem. A sua f\u00f3rmula  inovadora significa que absorve rapidamente quando aplicada na pele,  deixando-a lisa e perfeitamente preparada para a aplica\u00e7\u00e3o de maquilhagem. A  f\u00f3rmula foi enriquecida com o complexo &quot;Best Filter Needed&quot;, o que  d\u00e1 \u00e0 pele um efeito de emba\u00e7amento. Combinado com a funda\u00e7\u00e3o Smart Flawless,  assegura um acabamento impec\u00e1vel e aveludado. A f\u00f3rmula \u00e9 enriquecida com  colag\u00e9nio vegan, vitamina E e extracto de levedura. Perfeito para todos os  tipos de pele.\" \/>\n<meta property=\"og:url\" content=\"https:\/\/namcosmetics.eu\/pt-pt\/producto\/prebase-smart-flawless\/\" \/>\n<meta property=\"og:site_name\" content=\"NAM\" \/>\n<meta property=\"article:modified_time\" content=\"2024-01-03T09:50:04+00:00\" \/>\n<meta property=\"og:image\" content=\"https:\/\/namcosmetics.eu\/wp-content\/uploads\/2023\/02\/CE138_5901801656562.jpg\" \/>\n\t<meta property=\"og:image:width\" content=\"800\" \/>\n\t<meta property=\"og:image:height\" content=\"800\" \/>\n\t<meta property=\"og:image:type\" content=\"image\/jpeg\" \/>\n<meta name=\"twitter:card\" content=\"summary_large_image\" \/>\n<meta name=\"twitter:label1\" content=\"Tempo estimado de leitura\" \/>\n\t<meta name=\"twitter:data1\" content=\"1 minuto\" \/>\n<script type=\"application\/ld+json\" class=\"yoast-schema-graph\">{\"@context\":\"https:\/\/schema.org\",\"@graph\":[{\"@type\":\"WebPage\",\"@id\":\"https:\/\/namcosmetics.eu\/pt-pt\/producto\/prebase-smart-flawless\/\",\"url\":\"https:\/\/namcosmetics.eu\/pt-pt\/producto\/prebase-smart-flawless\/\",\"name\":\"Pr\u00e9-base Smart Flawless\u00a0 - NAM\",\"isPartOf\":{\"@id\":\"https:\/\/namcosmetics.eu\/pt-pt\/#website\"},\"primaryImageOfPage\":{\"@id\":\"https:\/\/namcosmetics.eu\/pt-pt\/producto\/prebase-smart-flawless\/#primaryimage\"},\"image\":{\"@id\":\"https:\/\/namcosmetics.eu\/pt-pt\/producto\/prebase-smart-flawless\/#primaryimage\"},\"thumbnailUrl\":\"https:\/\/namcosmetics.eu\/wp-content\/uploads\/2023\/02\/CE138_5901801656562.jpg\",\"datePublished\":\"2023-02-20T11:15:01+00:00\",\"dateModified\":\"2024-01-03T09:50:04+00:00\",\"breadcrumb\":{\"@id\":\"https:\/\/namcosmetics.eu\/pt-pt\/producto\/prebase-smart-flawless\/#breadcrumb\"},\"inLanguage\":\"pt-PT\",\"potentialAction\":[{\"@type\":\"ReadAction\",\"target\":[\"https:\/\/namcosmetics.eu\/pt-pt\/producto\/prebase-smart-flawless\/\"]}]},{\"@type\":\"ImageObject\",\"inLanguage\":\"pt-PT\",\"@id\":\"https:\/\/namcosmetics.eu\/pt-pt\/producto\/prebase-smart-flawless\/#primaryimage\",\"url\":\"https:\/\/namcosmetics.eu\/wp-content\/uploads\/2023\/02\/CE138_5901801656562.jpg\",\"contentUrl\":\"https:\/\/namcosmetics.eu\/wp-content\/uploads\/2023\/02\/CE138_5901801656562.jpg\",\"width\":800,\"height\":800},{\"@type\":\"BreadcrumbList\",\"@id\":\"https:\/\/namcosmetics.eu\/pt-pt\/producto\/prebase-smart-flawless\/#breadcrumb\",\"itemListElement\":[{\"@type\":\"ListItem\",\"position\":1,\"name\":\"Portada\",\"item\":\"https:\/\/namcosmetics.eu\/pt-pt\/\"},{\"@type\":\"ListItem\",\"position\":2,\"name\":\"Tienda\",\"item\":\"https:\/\/namcosmetics.eu\/tienda\/\"},{\"@type\":\"ListItem\",\"position\":3,\"name\":\"Pr\u00e9-base Smart Flawless\u00a0\"}]},{\"@type\":\"WebSite\",\"@id\":\"https:\/\/namcosmetics.eu\/pt-pt\/#website\",\"url\":\"https:\/\/namcosmetics.eu\/pt-pt\/\",\"name\":\"NAM\",\"description\":\"NAM Europe\",\"potentialAction\":[{\"@type\":\"SearchAction\",\"target\":{\"@type\":\"EntryPoint\",\"urlTemplate\":\"https:\/\/namcosmetics.eu\/pt-pt\/?s={search_term_string}\"},\"query-input\":{\"@type\":\"PropertyValueSpecification\",\"valueRequired\":true,\"valueName\":\"search_term_string\"}}],\"inLanguage\":\"pt-PT\"}]}<\/script>\n<!-- \/ Yoast SEO plugin. -->","yoast_head_json":{"title":"Pr\u00e9-base Smart Flawless\u00a0 - NAM","robots":{"index":"index","follow":"follow","max-snippet":"max-snippet:-1","max-image-preview":"max-image-preview:large","max-video-preview":"max-video-preview:-1"},"canonical":"https:\/\/namcosmetics.eu\/pt-pt\/producto\/prebase-smart-flawless\/","og_locale":"pt_PT","og_type":"article","og_title":"Pr\u00e9-base Smart Flawless\u00a0 - NAM","og_description":"Um pr\u00e9-base de maquilhagem  super leve que prolonga a durabilidade da maquilhagem. A sua f\u00f3rmula  inovadora significa que absorve rapidamente quando aplicada na pele,  deixando-a lisa e perfeitamente preparada para a aplica\u00e7\u00e3o de maquilhagem. A  f\u00f3rmula foi enriquecida com o complexo \"Best Filter Needed\", o que  d\u00e1 \u00e0 pele um efeito de emba\u00e7amento. Combinado com a funda\u00e7\u00e3o Smart Flawless,  assegura um acabamento impec\u00e1vel e aveludado. A f\u00f3rmula \u00e9 enriquecida com  colag\u00e9nio vegan, vitamina E e extracto de levedura. Perfeito para todos os  tipos de pele.","og_url":"https:\/\/namcosmetics.eu\/pt-pt\/producto\/prebase-smart-flawless\/","og_site_name":"NAM","article_modified_time":"2024-01-03T09:50:04+00:00","og_image":[{"width":800,"height":800,"url":"https:\/\/namcosmetics.eu\/wp-content\/uploads\/2023\/02\/CE138_5901801656562.jpg","type":"image\/jpeg"}],"twitter_card":"summary_large_image","twitter_misc":{"Tempo estimado de leitura":"1 minuto"},"schema":{"@context":"https:\/\/schema.org","@graph":[{"@type":"WebPage","@id":"https:\/\/namcosmetics.eu\/pt-pt\/producto\/prebase-smart-flawless\/","url":"https:\/\/namcosmetics.eu\/pt-pt\/producto\/prebase-smart-flawless\/","name":"Pr\u00e9-base Smart Flawless\u00a0 - NAM","isPartOf":{"@id":"https:\/\/namcosmetics.eu\/pt-pt\/#website"},"primaryImageOfPage":{"@id":"https:\/\/namcosmetics.eu\/pt-pt\/producto\/prebase-smart-flawless\/#primaryimage"},"image":{"@id":"https:\/\/namcosmetics.eu\/pt-pt\/producto\/prebase-smart-flawless\/#primaryimage"},"thumbnailUrl":"https:\/\/namcosmetics.eu\/wp-content\/uploads\/2023\/02\/CE138_5901801656562.jpg","datePublished":"2023-02-20T11:15:01+00:00","dateModified":"2024-01-03T09:50:04+00:00","breadcrumb":{"@id":"https:\/\/namcosmetics.eu\/pt-pt\/producto\/prebase-smart-flawless\/#breadcrumb"},"inLanguage":"pt-PT","potentialAction":[{"@type":"ReadAction","target":["https:\/\/namcosmetics.eu\/pt-pt\/producto\/prebase-smart-flawless\/"]}]},{"@type":"ImageObject","inLanguage":"pt-PT","@id":"https:\/\/namcosmetics.eu\/pt-pt\/producto\/prebase-smart-flawless\/#primaryimage","url":"https:\/\/namcosmetics.eu\/wp-content\/uploads\/2023\/02\/CE138_5901801656562.jpg","contentUrl":"https:\/\/namcosmetics.eu\/wp-content\/uploads\/2023\/02\/CE138_5901801656562.jpg","width":800,"height":800},{"@type":"BreadcrumbList","@id":"https:\/\/namcosmetics.eu\/pt-pt\/producto\/prebase-smart-flawless\/#breadcrumb","itemListElement":[{"@type":"ListItem","position":1,"name":"Portada","item":"https:\/\/namcosmetics.eu\/pt-pt\/"},{"@type":"ListItem","position":2,"name":"Tienda","item":"https:\/\/namcosmetics.eu\/tienda\/"},{"@type":"ListItem","position":3,"name":"Pr\u00e9-base Smart Flawless\u00a0"}]},{"@type":"WebSite","@id":"https:\/\/namcosmetics.eu\/pt-pt\/#website","url":"https:\/\/namcosmetics.eu\/pt-pt\/","name":"NAM","description":"NAM Europe","potentialAction":[{"@type":"SearchAction","target":{"@type":"EntryPoint","urlTemplate":"https:\/\/namcosmetics.eu\/pt-pt\/?s={search_term_string}"},"query-input":{"@type":"PropertyValueSpecification","valueRequired":true,"valueName":"search_term_string"}}],"inLanguage":"pt-PT"}]}},"_links":{"self":[{"href":"https:\/\/namcosmetics.eu\/pt-pt\/wp-json\/wp\/v2\/product\/25306"}],"collection":[{"href":"https:\/\/namcosmetics.eu\/pt-pt\/wp-json\/wp\/v2\/product"}],"about":[{"href":"https:\/\/namcosmetics.eu\/pt-pt\/wp-json\/wp\/v2\/types\/product"}],"replies":[{"embeddable":true,"href":"https:\/\/namcosmetics.eu\/pt-pt\/wp-json\/wp\/v2\/comments?post=25306"}],"wp:featuredmedia":[{"embeddable":true,"href":"https:\/\/namcosmetics.eu\/pt-pt\/wp-json\/wp\/v2\/media\/21357"}],"wp:attachment":[{"href":"https:\/\/namcosmetics.eu\/pt-pt\/wp-json\/wp\/v2\/media?parent=25306"}],"wp:term":[{"taxonomy":"product_brand","embeddable":true,"href":"https:\/\/namcosmetics.eu\/pt-pt\/wp-json\/wp\/v2\/product_brand?post=25306"},{"taxonomy":"product_cat","embeddable":true,"href":"https:\/\/namcosmetics.eu\/pt-pt\/wp-json\/wp\/v2\/product_cat?post=25306"},{"taxonomy":"product_tag","embeddable":true,"href":"https:\/\/namcosmetics.eu\/pt-pt\/wp-json\/wp\/v2\/product_tag?post=25306"}],"curies":[{"name":"wp","href":"https:\/\/api.w.org\/{rel}","templated":true}]}}