{"id":25305,"date":"2023-02-20T11:15:01","date_gmt":"2023-02-20T11:15:01","guid":{"rendered":"https:\/\/namcosmetics.eu\/producto\/spray-fijador-shine-setting\/"},"modified":"2024-01-03T09:50:04","modified_gmt":"2024-01-03T09:50:04","slug":"spray-fijador-shine-setting","status":"publish","type":"product","link":"https:\/\/namcosmetics.eu\/pt-pt\/producto\/spray-fijador-shine-setting\/","title":{"rendered":"Spray Fixador Shine Setting"},"content":{"rendered":"<h4>Como<br \/>\n    utilizar<\/h4>\n<p>Segurando o frasco a 25-3 cm do rosto, pulverize<br \/>\n    a n\u00e9voa uniformemente no rosto. Espere que seque. Desfrute de um<br \/>\n  aspecto<br \/>\n    impec\u00e1vel durante muito<br \/>\n    tempo.<\/p>\n<\/p>\n<h4>Ingredientes<\/h4>\n<p>Aqua,<br \/>\n    1,2-Hexanediol, Glycerin, Lactobacillus Ferment, Olive Oil<br \/>\n  Glycereth-8<br \/>\n    Esters, HDI\/Trimethylol<br \/>\n    Hexyllactone Crosspolymer, Sodium Benzoate, Synthetic Fluorphlogopite,<br \/>\n    Parfum, Sodium Phytate, Lactic Acid,<br \/>\n    Hydrolyzed Jojoba Esters, Citrus Aurantium Amara Flower Extract,<br \/>\n  Silica,<br \/>\n    Calcium Sodium Borosilicate, Potassium<br \/>\n    Sorbate, Mica, Sorbic Acid, Tin Oxide, CI 77891, CI 77510, CI 77491,<br \/>\n  CI<br \/>\n    77492.<\/p>\n","protected":false},"excerpt":{"rendered":"<p>Uma bruma ligeira que fixa a<br \/>\n  maquilhagem, dando um brilho subtil. A efic\u00e1cia da maquilhagem \u00e9 garantida<br \/>\n  pela glicerina, p\u00f3s-bi\u00f3tico e extracto de neroli. O spray cont\u00e9m o melhor<br \/>\n  complexo de filtro necess\u00e1rio que garante o efeito de indefini\u00e7\u00e3o. A pele ser\u00e1<br \/>\n  hidratada e totalmente maquilhada ao longo de todo o dia.<\/p>\n","protected":false},"featured_media":21489,"comment_status":"closed","ping_status":"closed","template":"","meta":[],"product_brand":[],"product_cat":[1346],"product_tag":[1382],"class_list":{"0":"post-25305","1":"product","2":"type-product","3":"status-publish","4":"has-post-thumbnail","6":"product_cat-fixador","7":"product_tag-bruma-facial-pt-pt","9":"first","10":"instock","11":"shipping-taxable","12":"purchasable","13":"product-type-simple"},"yoast_head":"<!-- This site is optimized with the Yoast SEO plugin v25.0 - https:\/\/yoast.com\/wordpress\/plugins\/seo\/ -->\n<title>Spray Fixador Shine Setting - NAM<\/title>\n<meta name=\"robots\" content=\"index, follow, max-snippet:-1, max-image-preview:large, max-video-preview:-1\" \/>\n<link rel=\"canonical\" href=\"https:\/\/namcosmetics.eu\/pt-pt\/producto\/spray-fijador-shine-setting\/\" \/>\n<meta property=\"og:locale\" content=\"pt_PT\" \/>\n<meta property=\"og:type\" content=\"article\" \/>\n<meta property=\"og:title\" content=\"Spray Fixador Shine Setting - NAM\" \/>\n<meta property=\"og:description\" content=\"Uma bruma ligeira que fixa a  maquilhagem, dando um brilho subtil. A efic\u00e1cia da maquilhagem \u00e9 garantida  pela glicerina, p\u00f3s-bi\u00f3tico e extracto de neroli. O spray cont\u00e9m o melhor  complexo de filtro necess\u00e1rio que garante o efeito de indefini\u00e7\u00e3o. A pele ser\u00e1  hidratada e totalmente maquilhada ao longo de todo o dia.\" \/>\n<meta property=\"og:url\" content=\"https:\/\/namcosmetics.eu\/pt-pt\/producto\/spray-fijador-shine-setting\/\" \/>\n<meta property=\"og:site_name\" content=\"NAM\" \/>\n<meta property=\"article:modified_time\" content=\"2024-01-03T09:50:04+00:00\" \/>\n<meta property=\"og:image\" content=\"https:\/\/namcosmetics.eu\/wp-content\/uploads\/2023\/02\/CE143_5901801656616.jpg\" \/>\n\t<meta property=\"og:image:width\" content=\"800\" \/>\n\t<meta property=\"og:image:height\" content=\"800\" \/>\n\t<meta property=\"og:image:type\" content=\"image\/jpeg\" \/>\n<meta name=\"twitter:card\" content=\"summary_large_image\" \/>\n<script type=\"application\/ld+json\" class=\"yoast-schema-graph\">{\"@context\":\"https:\/\/schema.org\",\"@graph\":[{\"@type\":\"WebPage\",\"@id\":\"https:\/\/namcosmetics.eu\/pt-pt\/producto\/spray-fijador-shine-setting\/\",\"url\":\"https:\/\/namcosmetics.eu\/pt-pt\/producto\/spray-fijador-shine-setting\/\",\"name\":\"Spray Fixador Shine Setting - NAM\",\"isPartOf\":{\"@id\":\"https:\/\/namcosmetics.eu\/pt-pt\/#website\"},\"primaryImageOfPage\":{\"@id\":\"https:\/\/namcosmetics.eu\/pt-pt\/producto\/spray-fijador-shine-setting\/#primaryimage\"},\"image\":{\"@id\":\"https:\/\/namcosmetics.eu\/pt-pt\/producto\/spray-fijador-shine-setting\/#primaryimage\"},\"thumbnailUrl\":\"https:\/\/namcosmetics.eu\/wp-content\/uploads\/2023\/02\/CE143_5901801656616.jpg\",\"datePublished\":\"2023-02-20T11:15:01+00:00\",\"dateModified\":\"2024-01-03T09:50:04+00:00\",\"breadcrumb\":{\"@id\":\"https:\/\/namcosmetics.eu\/pt-pt\/producto\/spray-fijador-shine-setting\/#breadcrumb\"},\"inLanguage\":\"pt-PT\",\"potentialAction\":[{\"@type\":\"ReadAction\",\"target\":[\"https:\/\/namcosmetics.eu\/pt-pt\/producto\/spray-fijador-shine-setting\/\"]}]},{\"@type\":\"ImageObject\",\"inLanguage\":\"pt-PT\",\"@id\":\"https:\/\/namcosmetics.eu\/pt-pt\/producto\/spray-fijador-shine-setting\/#primaryimage\",\"url\":\"https:\/\/namcosmetics.eu\/wp-content\/uploads\/2023\/02\/CE143_5901801656616.jpg\",\"contentUrl\":\"https:\/\/namcosmetics.eu\/wp-content\/uploads\/2023\/02\/CE143_5901801656616.jpg\",\"width\":800,\"height\":800,\"caption\":\"NAM Fixing spray Shine Setting\"},{\"@type\":\"BreadcrumbList\",\"@id\":\"https:\/\/namcosmetics.eu\/pt-pt\/producto\/spray-fijador-shine-setting\/#breadcrumb\",\"itemListElement\":[{\"@type\":\"ListItem\",\"position\":1,\"name\":\"Portada\",\"item\":\"https:\/\/namcosmetics.eu\/pt-pt\/\"},{\"@type\":\"ListItem\",\"position\":2,\"name\":\"Tienda\",\"item\":\"https:\/\/namcosmetics.eu\/tienda\/\"},{\"@type\":\"ListItem\",\"position\":3,\"name\":\"Spray Fixador Shine Setting\"}]},{\"@type\":\"WebSite\",\"@id\":\"https:\/\/namcosmetics.eu\/pt-pt\/#website\",\"url\":\"https:\/\/namcosmetics.eu\/pt-pt\/\",\"name\":\"NAM\",\"description\":\"NAM Europe\",\"potentialAction\":[{\"@type\":\"SearchAction\",\"target\":{\"@type\":\"EntryPoint\",\"urlTemplate\":\"https:\/\/namcosmetics.eu\/pt-pt\/?s={search_term_string}\"},\"query-input\":{\"@type\":\"PropertyValueSpecification\",\"valueRequired\":true,\"valueName\":\"search_term_string\"}}],\"inLanguage\":\"pt-PT\"}]}<\/script>\n<!-- \/ Yoast SEO plugin. -->","yoast_head_json":{"title":"Spray Fixador Shine Setting - NAM","robots":{"index":"index","follow":"follow","max-snippet":"max-snippet:-1","max-image-preview":"max-image-preview:large","max-video-preview":"max-video-preview:-1"},"canonical":"https:\/\/namcosmetics.eu\/pt-pt\/producto\/spray-fijador-shine-setting\/","og_locale":"pt_PT","og_type":"article","og_title":"Spray Fixador Shine Setting - NAM","og_description":"Uma bruma ligeira que fixa a  maquilhagem, dando um brilho subtil. A efic\u00e1cia da maquilhagem \u00e9 garantida  pela glicerina, p\u00f3s-bi\u00f3tico e extracto de neroli. O spray cont\u00e9m o melhor  complexo de filtro necess\u00e1rio que garante o efeito de indefini\u00e7\u00e3o. A pele ser\u00e1  hidratada e totalmente maquilhada ao longo de todo o dia.","og_url":"https:\/\/namcosmetics.eu\/pt-pt\/producto\/spray-fijador-shine-setting\/","og_site_name":"NAM","article_modified_time":"2024-01-03T09:50:04+00:00","og_image":[{"width":800,"height":800,"url":"https:\/\/namcosmetics.eu\/wp-content\/uploads\/2023\/02\/CE143_5901801656616.jpg","type":"image\/jpeg"}],"twitter_card":"summary_large_image","schema":{"@context":"https:\/\/schema.org","@graph":[{"@type":"WebPage","@id":"https:\/\/namcosmetics.eu\/pt-pt\/producto\/spray-fijador-shine-setting\/","url":"https:\/\/namcosmetics.eu\/pt-pt\/producto\/spray-fijador-shine-setting\/","name":"Spray Fixador Shine Setting - NAM","isPartOf":{"@id":"https:\/\/namcosmetics.eu\/pt-pt\/#website"},"primaryImageOfPage":{"@id":"https:\/\/namcosmetics.eu\/pt-pt\/producto\/spray-fijador-shine-setting\/#primaryimage"},"image":{"@id":"https:\/\/namcosmetics.eu\/pt-pt\/producto\/spray-fijador-shine-setting\/#primaryimage"},"thumbnailUrl":"https:\/\/namcosmetics.eu\/wp-content\/uploads\/2023\/02\/CE143_5901801656616.jpg","datePublished":"2023-02-20T11:15:01+00:00","dateModified":"2024-01-03T09:50:04+00:00","breadcrumb":{"@id":"https:\/\/namcosmetics.eu\/pt-pt\/producto\/spray-fijador-shine-setting\/#breadcrumb"},"inLanguage":"pt-PT","potentialAction":[{"@type":"ReadAction","target":["https:\/\/namcosmetics.eu\/pt-pt\/producto\/spray-fijador-shine-setting\/"]}]},{"@type":"ImageObject","inLanguage":"pt-PT","@id":"https:\/\/namcosmetics.eu\/pt-pt\/producto\/spray-fijador-shine-setting\/#primaryimage","url":"https:\/\/namcosmetics.eu\/wp-content\/uploads\/2023\/02\/CE143_5901801656616.jpg","contentUrl":"https:\/\/namcosmetics.eu\/wp-content\/uploads\/2023\/02\/CE143_5901801656616.jpg","width":800,"height":800,"caption":"NAM Fixing spray Shine Setting"},{"@type":"BreadcrumbList","@id":"https:\/\/namcosmetics.eu\/pt-pt\/producto\/spray-fijador-shine-setting\/#breadcrumb","itemListElement":[{"@type":"ListItem","position":1,"name":"Portada","item":"https:\/\/namcosmetics.eu\/pt-pt\/"},{"@type":"ListItem","position":2,"name":"Tienda","item":"https:\/\/namcosmetics.eu\/tienda\/"},{"@type":"ListItem","position":3,"name":"Spray Fixador Shine Setting"}]},{"@type":"WebSite","@id":"https:\/\/namcosmetics.eu\/pt-pt\/#website","url":"https:\/\/namcosmetics.eu\/pt-pt\/","name":"NAM","description":"NAM Europe","potentialAction":[{"@type":"SearchAction","target":{"@type":"EntryPoint","urlTemplate":"https:\/\/namcosmetics.eu\/pt-pt\/?s={search_term_string}"},"query-input":{"@type":"PropertyValueSpecification","valueRequired":true,"valueName":"search_term_string"}}],"inLanguage":"pt-PT"}]}},"_links":{"self":[{"href":"https:\/\/namcosmetics.eu\/pt-pt\/wp-json\/wp\/v2\/product\/25305"}],"collection":[{"href":"https:\/\/namcosmetics.eu\/pt-pt\/wp-json\/wp\/v2\/product"}],"about":[{"href":"https:\/\/namcosmetics.eu\/pt-pt\/wp-json\/wp\/v2\/types\/product"}],"replies":[{"embeddable":true,"href":"https:\/\/namcosmetics.eu\/pt-pt\/wp-json\/wp\/v2\/comments?post=25305"}],"wp:featuredmedia":[{"embeddable":true,"href":"https:\/\/namcosmetics.eu\/pt-pt\/wp-json\/wp\/v2\/media\/21489"}],"wp:attachment":[{"href":"https:\/\/namcosmetics.eu\/pt-pt\/wp-json\/wp\/v2\/media?parent=25305"}],"wp:term":[{"taxonomy":"product_brand","embeddable":true,"href":"https:\/\/namcosmetics.eu\/pt-pt\/wp-json\/wp\/v2\/product_brand?post=25305"},{"taxonomy":"product_cat","embeddable":true,"href":"https:\/\/namcosmetics.eu\/pt-pt\/wp-json\/wp\/v2\/product_cat?post=25305"},{"taxonomy":"product_tag","embeddable":true,"href":"https:\/\/namcosmetics.eu\/pt-pt\/wp-json\/wp\/v2\/product_tag?post=25305"}],"curies":[{"name":"wp","href":"https:\/\/api.w.org\/{rel}","templated":true}]}}