{"id":25298,"date":"2023-02-20T11:15:02","date_gmt":"2023-02-20T11:15:02","guid":{"rendered":"https:\/\/namcosmetics.eu\/producto\/prebase-de-ojos-creamy\/"},"modified":"2024-01-03T09:49:47","modified_gmt":"2024-01-03T09:49:47","slug":"prebase-de-ojos-creamy","status":"publish","type":"product","link":"https:\/\/namcosmetics.eu\/pt-pt\/producto\/prebase-de-ojos-creamy\/","title":{"rendered":"Pr\u00e9-base de olhoss Creamy\u00a0"},"content":{"rendered":"<h4>Como<br \/>\n    utilizar<\/h4>\n<p>Aplicar o produto nas sobrancelhas penteando-as e<br \/>\n    moldando-as conforme<br \/>\n    desejado.<\/p>\n<\/p>\n<h4>Ingredientes<\/h4>\n<p>Aqua,<br \/>\n    Cyclopentasiloxane, Caprylic\/Capric Triglyceride, Dimethicone,<br \/>\n  Polyisobutene,<br \/>\n    Propanediol, Phenyl<br \/>\n    Trimethicone, Polyglyceryl-4 Isostearate, Cetyl PEG\/PPG-10\/1<br \/>\n  Dimethicone,<br \/>\n    Hexyl Laurate, Stearalkonium Hectorite,<br \/>\n    Trimethylsiloxysilicate, Silica Dimethyl Silylate, Sodium Chloride,<br \/>\n    Dimethicone Crosspolymer, PEG-10 Dimethicone,<br \/>\n    Propylene Carbonate, Xanthan Gum, Theobroma Cacao Extract, Olive Oil<br \/>\n  Decyl<br \/>\n    Esters, Colloidal Gold,<br \/>\n    Leuconostoc\/Radish Root Ferment Filtrate, Glycerin, Sodium<br \/>\n  Hyaluronate,<br \/>\n    Yeast Extract, Tocopherol, Squalene,<br \/>\n    Chlorella Vulgaris Extract, Sea Salt, Phenoxyethanol,<br \/>\n    Triethoxycaprylylsilane, Alumina, Boron Nitride,<br \/>\n    Ethylhexylglycerin, Bentonite, Hydrated Silica, Lactic Acid, Citric<br \/>\n  Acid,<br \/>\n    CI 77891, CI 77492, CI 77491, CI 77499.<\/p>\n","protected":false},"excerpt":{"rendered":"<p>O primer para os olhos melhora<br \/>\n  a ader\u00eancia e aumenta a durabilidade das sombras dos olhos, ao mesmo tempo<br \/>\n  que evita a acumula\u00e7\u00e3o de produto nas dobras da p\u00e1lpebra.<\/p>\n","protected":false},"featured_media":21396,"comment_status":"closed","ping_status":"closed","template":"","meta":[],"product_brand":[],"product_cat":[1339],"product_tag":[1363],"class_list":{"0":"post-25298","1":"product","2":"type-product","3":"status-publish","4":"has-post-thumbnail","6":"product_cat-sombra-dos-olhos","7":"product_tag-base","9":"first","10":"instock","11":"shipping-taxable","12":"purchasable","13":"product-type-simple"},"yoast_head":"<!-- This site is optimized with the Yoast SEO plugin v25.0 - https:\/\/yoast.com\/wordpress\/plugins\/seo\/ -->\n<title>Pr\u00e9-base de olhoss Creamy\u00a0 - NAM<\/title>\n<meta name=\"robots\" content=\"index, follow, max-snippet:-1, max-image-preview:large, max-video-preview:-1\" \/>\n<link rel=\"canonical\" href=\"https:\/\/namcosmetics.eu\/pt-pt\/producto\/prebase-de-ojos-creamy\/\" \/>\n<meta property=\"og:locale\" content=\"pt_PT\" \/>\n<meta property=\"og:type\" content=\"article\" \/>\n<meta property=\"og:title\" content=\"Pr\u00e9-base de olhoss Creamy\u00a0 - NAM\" \/>\n<meta property=\"og:description\" content=\"O primer para os olhos melhora  a ader\u00eancia e aumenta a durabilidade das sombras dos olhos, ao mesmo tempo  que evita a acumula\u00e7\u00e3o de produto nas dobras da p\u00e1lpebra.\" \/>\n<meta property=\"og:url\" content=\"https:\/\/namcosmetics.eu\/pt-pt\/producto\/prebase-de-ojos-creamy\/\" \/>\n<meta property=\"og:site_name\" content=\"NAM\" \/>\n<meta property=\"article:modified_time\" content=\"2024-01-03T09:49:47+00:00\" \/>\n<meta property=\"og:image\" content=\"https:\/\/namcosmetics.eu\/wp-content\/uploads\/2023\/02\/OC308_5901801658184.jpg\" \/>\n\t<meta property=\"og:image:width\" content=\"800\" \/>\n\t<meta property=\"og:image:height\" content=\"800\" \/>\n\t<meta property=\"og:image:type\" content=\"image\/jpeg\" \/>\n<meta name=\"twitter:card\" content=\"summary_large_image\" \/>\n<script type=\"application\/ld+json\" class=\"yoast-schema-graph\">{\"@context\":\"https:\/\/schema.org\",\"@graph\":[{\"@type\":\"WebPage\",\"@id\":\"https:\/\/namcosmetics.eu\/pt-pt\/producto\/prebase-de-ojos-creamy\/\",\"url\":\"https:\/\/namcosmetics.eu\/pt-pt\/producto\/prebase-de-ojos-creamy\/\",\"name\":\"Pr\u00e9-base de olhoss Creamy\u00a0 - NAM\",\"isPartOf\":{\"@id\":\"https:\/\/namcosmetics.eu\/pt-pt\/#website\"},\"primaryImageOfPage\":{\"@id\":\"https:\/\/namcosmetics.eu\/pt-pt\/producto\/prebase-de-ojos-creamy\/#primaryimage\"},\"image\":{\"@id\":\"https:\/\/namcosmetics.eu\/pt-pt\/producto\/prebase-de-ojos-creamy\/#primaryimage\"},\"thumbnailUrl\":\"https:\/\/namcosmetics.eu\/wp-content\/uploads\/2023\/02\/OC308_5901801658184.jpg\",\"datePublished\":\"2023-02-20T11:15:02+00:00\",\"dateModified\":\"2024-01-03T09:49:47+00:00\",\"breadcrumb\":{\"@id\":\"https:\/\/namcosmetics.eu\/pt-pt\/producto\/prebase-de-ojos-creamy\/#breadcrumb\"},\"inLanguage\":\"pt-PT\",\"potentialAction\":[{\"@type\":\"ReadAction\",\"target\":[\"https:\/\/namcosmetics.eu\/pt-pt\/producto\/prebase-de-ojos-creamy\/\"]}]},{\"@type\":\"ImageObject\",\"inLanguage\":\"pt-PT\",\"@id\":\"https:\/\/namcosmetics.eu\/pt-pt\/producto\/prebase-de-ojos-creamy\/#primaryimage\",\"url\":\"https:\/\/namcosmetics.eu\/wp-content\/uploads\/2023\/02\/OC308_5901801658184.jpg\",\"contentUrl\":\"https:\/\/namcosmetics.eu\/wp-content\/uploads\/2023\/02\/OC308_5901801658184.jpg\",\"width\":800,\"height\":800},{\"@type\":\"BreadcrumbList\",\"@id\":\"https:\/\/namcosmetics.eu\/pt-pt\/producto\/prebase-de-ojos-creamy\/#breadcrumb\",\"itemListElement\":[{\"@type\":\"ListItem\",\"position\":1,\"name\":\"Portada\",\"item\":\"https:\/\/namcosmetics.eu\/pt-pt\/\"},{\"@type\":\"ListItem\",\"position\":2,\"name\":\"Tienda\",\"item\":\"https:\/\/namcosmetics.eu\/tienda\/\"},{\"@type\":\"ListItem\",\"position\":3,\"name\":\"Pr\u00e9-base de olhoss Creamy\u00a0\"}]},{\"@type\":\"WebSite\",\"@id\":\"https:\/\/namcosmetics.eu\/pt-pt\/#website\",\"url\":\"https:\/\/namcosmetics.eu\/pt-pt\/\",\"name\":\"NAM\",\"description\":\"NAM Europe\",\"potentialAction\":[{\"@type\":\"SearchAction\",\"target\":{\"@type\":\"EntryPoint\",\"urlTemplate\":\"https:\/\/namcosmetics.eu\/pt-pt\/?s={search_term_string}\"},\"query-input\":{\"@type\":\"PropertyValueSpecification\",\"valueRequired\":true,\"valueName\":\"search_term_string\"}}],\"inLanguage\":\"pt-PT\"}]}<\/script>\n<!-- \/ Yoast SEO plugin. -->","yoast_head_json":{"title":"Pr\u00e9-base de olhoss Creamy\u00a0 - NAM","robots":{"index":"index","follow":"follow","max-snippet":"max-snippet:-1","max-image-preview":"max-image-preview:large","max-video-preview":"max-video-preview:-1"},"canonical":"https:\/\/namcosmetics.eu\/pt-pt\/producto\/prebase-de-ojos-creamy\/","og_locale":"pt_PT","og_type":"article","og_title":"Pr\u00e9-base de olhoss Creamy\u00a0 - NAM","og_description":"O primer para os olhos melhora  a ader\u00eancia e aumenta a durabilidade das sombras dos olhos, ao mesmo tempo  que evita a acumula\u00e7\u00e3o de produto nas dobras da p\u00e1lpebra.","og_url":"https:\/\/namcosmetics.eu\/pt-pt\/producto\/prebase-de-ojos-creamy\/","og_site_name":"NAM","article_modified_time":"2024-01-03T09:49:47+00:00","og_image":[{"width":800,"height":800,"url":"https:\/\/namcosmetics.eu\/wp-content\/uploads\/2023\/02\/OC308_5901801658184.jpg","type":"image\/jpeg"}],"twitter_card":"summary_large_image","schema":{"@context":"https:\/\/schema.org","@graph":[{"@type":"WebPage","@id":"https:\/\/namcosmetics.eu\/pt-pt\/producto\/prebase-de-ojos-creamy\/","url":"https:\/\/namcosmetics.eu\/pt-pt\/producto\/prebase-de-ojos-creamy\/","name":"Pr\u00e9-base de olhoss Creamy\u00a0 - NAM","isPartOf":{"@id":"https:\/\/namcosmetics.eu\/pt-pt\/#website"},"primaryImageOfPage":{"@id":"https:\/\/namcosmetics.eu\/pt-pt\/producto\/prebase-de-ojos-creamy\/#primaryimage"},"image":{"@id":"https:\/\/namcosmetics.eu\/pt-pt\/producto\/prebase-de-ojos-creamy\/#primaryimage"},"thumbnailUrl":"https:\/\/namcosmetics.eu\/wp-content\/uploads\/2023\/02\/OC308_5901801658184.jpg","datePublished":"2023-02-20T11:15:02+00:00","dateModified":"2024-01-03T09:49:47+00:00","breadcrumb":{"@id":"https:\/\/namcosmetics.eu\/pt-pt\/producto\/prebase-de-ojos-creamy\/#breadcrumb"},"inLanguage":"pt-PT","potentialAction":[{"@type":"ReadAction","target":["https:\/\/namcosmetics.eu\/pt-pt\/producto\/prebase-de-ojos-creamy\/"]}]},{"@type":"ImageObject","inLanguage":"pt-PT","@id":"https:\/\/namcosmetics.eu\/pt-pt\/producto\/prebase-de-ojos-creamy\/#primaryimage","url":"https:\/\/namcosmetics.eu\/wp-content\/uploads\/2023\/02\/OC308_5901801658184.jpg","contentUrl":"https:\/\/namcosmetics.eu\/wp-content\/uploads\/2023\/02\/OC308_5901801658184.jpg","width":800,"height":800},{"@type":"BreadcrumbList","@id":"https:\/\/namcosmetics.eu\/pt-pt\/producto\/prebase-de-ojos-creamy\/#breadcrumb","itemListElement":[{"@type":"ListItem","position":1,"name":"Portada","item":"https:\/\/namcosmetics.eu\/pt-pt\/"},{"@type":"ListItem","position":2,"name":"Tienda","item":"https:\/\/namcosmetics.eu\/tienda\/"},{"@type":"ListItem","position":3,"name":"Pr\u00e9-base de olhoss Creamy\u00a0"}]},{"@type":"WebSite","@id":"https:\/\/namcosmetics.eu\/pt-pt\/#website","url":"https:\/\/namcosmetics.eu\/pt-pt\/","name":"NAM","description":"NAM Europe","potentialAction":[{"@type":"SearchAction","target":{"@type":"EntryPoint","urlTemplate":"https:\/\/namcosmetics.eu\/pt-pt\/?s={search_term_string}"},"query-input":{"@type":"PropertyValueSpecification","valueRequired":true,"valueName":"search_term_string"}}],"inLanguage":"pt-PT"}]}},"_links":{"self":[{"href":"https:\/\/namcosmetics.eu\/pt-pt\/wp-json\/wp\/v2\/product\/25298"}],"collection":[{"href":"https:\/\/namcosmetics.eu\/pt-pt\/wp-json\/wp\/v2\/product"}],"about":[{"href":"https:\/\/namcosmetics.eu\/pt-pt\/wp-json\/wp\/v2\/types\/product"}],"replies":[{"embeddable":true,"href":"https:\/\/namcosmetics.eu\/pt-pt\/wp-json\/wp\/v2\/comments?post=25298"}],"wp:featuredmedia":[{"embeddable":true,"href":"https:\/\/namcosmetics.eu\/pt-pt\/wp-json\/wp\/v2\/media\/21396"}],"wp:attachment":[{"href":"https:\/\/namcosmetics.eu\/pt-pt\/wp-json\/wp\/v2\/media?parent=25298"}],"wp:term":[{"taxonomy":"product_brand","embeddable":true,"href":"https:\/\/namcosmetics.eu\/pt-pt\/wp-json\/wp\/v2\/product_brand?post=25298"},{"taxonomy":"product_cat","embeddable":true,"href":"https:\/\/namcosmetics.eu\/pt-pt\/wp-json\/wp\/v2\/product_cat?post=25298"},{"taxonomy":"product_tag","embeddable":true,"href":"https:\/\/namcosmetics.eu\/pt-pt\/wp-json\/wp\/v2\/product_tag?post=25298"}],"curies":[{"name":"wp","href":"https:\/\/api.w.org\/{rel}","templated":true}]}}