{"id":25297,"date":"2023-02-20T11:15:02","date_gmt":"2023-02-20T11:15:02","guid":{"rendered":"https:\/\/namcosmetics.eu\/producto\/prebase-para-la-ojera-aqua-boost\/"},"modified":"2024-01-03T09:49:47","modified_gmt":"2024-01-03T09:49:47","slug":"prebase-para-la-ojera-aqua-boost","status":"publish","type":"product","link":"https:\/\/namcosmetics.eu\/pt-pt\/producto\/prebase-para-la-ojera-aqua-boost\/","title":{"rendered":"Pr\u00e9-base para as olheiras\u00a0\n  Aqua boost\u00a0"},"content":{"rendered":"<h4>Como<br \/>\n    utilizar<\/h4>\n<p>O produto deve ser aplicado na pele limpa, de<br \/>\n    prefer\u00eancia ap\u00f3s a utiliza\u00e7\u00e3o do hidratante e antes da aplica\u00e7\u00e3o da<br \/>\n    maquilhagem. O primer tamb\u00e9m pode ser utilizado sem maquilhagem para obter<br \/>\n  o<br \/>\n    efeito de uma tez lisa e mate durante<br \/>\n    horas.<\/p>\n<\/p>\n<h4>Ingredientes<\/h4>\n<p>Aqua,<br \/>\n    Propanediol, Coco-Caprylate\/Caprate, Glycerin, Hydroxyethyl Acrylate\/Sodium<br \/>\n    Acryloyldimethyl Taurate Copolymer, Butyrospermum Parkii Butter,<br \/>\n  Tapioca<br \/>\n    Starch, Tocopheryl Acetate, Sodium Hyaluronate, Caffeine, Polysorbate<br \/>\n  60,<br \/>\n    Sorbitan Isostearate, Phenoxyethanol, Mica, Sodium Carrageenan, Jania<br \/>\n  Rubens<br \/>\n    Extract, Ethylhexylglycerin, Disodium EDTA, Tin Oxide, Citric Acid, CI<br \/>\n  77891,<br \/>\n    CI 77163, CI 77491, CI 77492, CI 77499.<\/p>\n","protected":false},"excerpt":{"rendered":"<p>Um primer para olhos<br \/>\n  profundamente hidratante. Evita que a zona do olho suave seque-se. Assegura<br \/>\n  um n\u00edvel de hidrata\u00e7\u00e3o duradouro e reduz a profundidade das rugas. Prepara<br \/>\n  perfeitamente a pele mesmo para a maquilhagem mais intensa e prolonga a sua<br \/>\n  longevidade.<\/p>\n","protected":false},"featured_media":21402,"comment_status":"closed","ping_status":"closed","template":"","meta":[],"product_brand":[],"product_cat":[1349],"product_tag":[],"class_list":{"0":"post-25297","1":"product","2":"type-product","3":"status-publish","4":"has-post-thumbnail","6":"product_cat-primer-pt-pt","8":"first","9":"instock","10":"shipping-taxable","11":"purchasable","12":"product-type-simple"},"yoast_head":"<!-- This site is optimized with the Yoast SEO plugin v25.0 - https:\/\/yoast.com\/wordpress\/plugins\/seo\/ -->\n<title>Pr\u00e9-base para as olheiras\u00a0  Aqua boost\u00a0 - NAM<\/title>\n<meta name=\"robots\" content=\"index, follow, max-snippet:-1, max-image-preview:large, max-video-preview:-1\" \/>\n<link rel=\"canonical\" href=\"https:\/\/namcosmetics.eu\/pt-pt\/producto\/prebase-para-la-ojera-aqua-boost\/\" \/>\n<meta property=\"og:locale\" content=\"pt_PT\" \/>\n<meta property=\"og:type\" content=\"article\" \/>\n<meta property=\"og:title\" content=\"Pr\u00e9-base para as olheiras\u00a0  Aqua boost\u00a0 - NAM\" \/>\n<meta property=\"og:description\" content=\"Um primer para olhos  profundamente hidratante. Evita que a zona do olho suave seque-se. Assegura  um n\u00edvel de hidrata\u00e7\u00e3o duradouro e reduz a profundidade das rugas. Prepara  perfeitamente a pele mesmo para a maquilhagem mais intensa e prolonga a sua  longevidade.\" \/>\n<meta property=\"og:url\" content=\"https:\/\/namcosmetics.eu\/pt-pt\/producto\/prebase-para-la-ojera-aqua-boost\/\" \/>\n<meta property=\"og:site_name\" content=\"NAM\" \/>\n<meta property=\"article:modified_time\" content=\"2024-01-03T09:49:47+00:00\" \/>\n<meta property=\"og:image\" content=\"https:\/\/namcosmetics.eu\/wp-content\/uploads\/2023\/02\/OC366N_5901801688211.jpg\" \/>\n\t<meta property=\"og:image:width\" content=\"800\" \/>\n\t<meta property=\"og:image:height\" content=\"800\" \/>\n\t<meta property=\"og:image:type\" content=\"image\/jpeg\" \/>\n<meta name=\"twitter:card\" content=\"summary_large_image\" \/>\n<script type=\"application\/ld+json\" class=\"yoast-schema-graph\">{\"@context\":\"https:\/\/schema.org\",\"@graph\":[{\"@type\":\"WebPage\",\"@id\":\"https:\/\/namcosmetics.eu\/pt-pt\/producto\/prebase-para-la-ojera-aqua-boost\/\",\"url\":\"https:\/\/namcosmetics.eu\/pt-pt\/producto\/prebase-para-la-ojera-aqua-boost\/\",\"name\":\"Pr\u00e9-base para as olheiras\u00a0 Aqua boost\u00a0 - NAM\",\"isPartOf\":{\"@id\":\"https:\/\/namcosmetics.eu\/pt-pt\/#website\"},\"primaryImageOfPage\":{\"@id\":\"https:\/\/namcosmetics.eu\/pt-pt\/producto\/prebase-para-la-ojera-aqua-boost\/#primaryimage\"},\"image\":{\"@id\":\"https:\/\/namcosmetics.eu\/pt-pt\/producto\/prebase-para-la-ojera-aqua-boost\/#primaryimage\"},\"thumbnailUrl\":\"https:\/\/namcosmetics.eu\/wp-content\/uploads\/2023\/02\/OC366N_5901801688211.jpg\",\"datePublished\":\"2023-02-20T11:15:02+00:00\",\"dateModified\":\"2024-01-03T09:49:47+00:00\",\"breadcrumb\":{\"@id\":\"https:\/\/namcosmetics.eu\/pt-pt\/producto\/prebase-para-la-ojera-aqua-boost\/#breadcrumb\"},\"inLanguage\":\"pt-PT\",\"potentialAction\":[{\"@type\":\"ReadAction\",\"target\":[\"https:\/\/namcosmetics.eu\/pt-pt\/producto\/prebase-para-la-ojera-aqua-boost\/\"]}]},{\"@type\":\"ImageObject\",\"inLanguage\":\"pt-PT\",\"@id\":\"https:\/\/namcosmetics.eu\/pt-pt\/producto\/prebase-para-la-ojera-aqua-boost\/#primaryimage\",\"url\":\"https:\/\/namcosmetics.eu\/wp-content\/uploads\/2023\/02\/OC366N_5901801688211.jpg\",\"contentUrl\":\"https:\/\/namcosmetics.eu\/wp-content\/uploads\/2023\/02\/OC366N_5901801688211.jpg\",\"width\":800,\"height\":800},{\"@type\":\"BreadcrumbList\",\"@id\":\"https:\/\/namcosmetics.eu\/pt-pt\/producto\/prebase-para-la-ojera-aqua-boost\/#breadcrumb\",\"itemListElement\":[{\"@type\":\"ListItem\",\"position\":1,\"name\":\"Portada\",\"item\":\"https:\/\/namcosmetics.eu\/pt-pt\/\"},{\"@type\":\"ListItem\",\"position\":2,\"name\":\"Tienda\",\"item\":\"https:\/\/namcosmetics.eu\/tienda\/\"},{\"@type\":\"ListItem\",\"position\":3,\"name\":\"Pr\u00e9-base para as olheiras\u00a0 Aqua boost\u00a0\"}]},{\"@type\":\"WebSite\",\"@id\":\"https:\/\/namcosmetics.eu\/pt-pt\/#website\",\"url\":\"https:\/\/namcosmetics.eu\/pt-pt\/\",\"name\":\"NAM\",\"description\":\"NAM Europe\",\"potentialAction\":[{\"@type\":\"SearchAction\",\"target\":{\"@type\":\"EntryPoint\",\"urlTemplate\":\"https:\/\/namcosmetics.eu\/pt-pt\/?s={search_term_string}\"},\"query-input\":{\"@type\":\"PropertyValueSpecification\",\"valueRequired\":true,\"valueName\":\"search_term_string\"}}],\"inLanguage\":\"pt-PT\"}]}<\/script>\n<!-- \/ Yoast SEO plugin. -->","yoast_head_json":{"title":"Pr\u00e9-base para as olheiras\u00a0  Aqua boost\u00a0 - NAM","robots":{"index":"index","follow":"follow","max-snippet":"max-snippet:-1","max-image-preview":"max-image-preview:large","max-video-preview":"max-video-preview:-1"},"canonical":"https:\/\/namcosmetics.eu\/pt-pt\/producto\/prebase-para-la-ojera-aqua-boost\/","og_locale":"pt_PT","og_type":"article","og_title":"Pr\u00e9-base para as olheiras\u00a0  Aqua boost\u00a0 - NAM","og_description":"Um primer para olhos  profundamente hidratante. Evita que a zona do olho suave seque-se. Assegura  um n\u00edvel de hidrata\u00e7\u00e3o duradouro e reduz a profundidade das rugas. Prepara  perfeitamente a pele mesmo para a maquilhagem mais intensa e prolonga a sua  longevidade.","og_url":"https:\/\/namcosmetics.eu\/pt-pt\/producto\/prebase-para-la-ojera-aqua-boost\/","og_site_name":"NAM","article_modified_time":"2024-01-03T09:49:47+00:00","og_image":[{"width":800,"height":800,"url":"https:\/\/namcosmetics.eu\/wp-content\/uploads\/2023\/02\/OC366N_5901801688211.jpg","type":"image\/jpeg"}],"twitter_card":"summary_large_image","schema":{"@context":"https:\/\/schema.org","@graph":[{"@type":"WebPage","@id":"https:\/\/namcosmetics.eu\/pt-pt\/producto\/prebase-para-la-ojera-aqua-boost\/","url":"https:\/\/namcosmetics.eu\/pt-pt\/producto\/prebase-para-la-ojera-aqua-boost\/","name":"Pr\u00e9-base para as olheiras\u00a0 Aqua boost\u00a0 - NAM","isPartOf":{"@id":"https:\/\/namcosmetics.eu\/pt-pt\/#website"},"primaryImageOfPage":{"@id":"https:\/\/namcosmetics.eu\/pt-pt\/producto\/prebase-para-la-ojera-aqua-boost\/#primaryimage"},"image":{"@id":"https:\/\/namcosmetics.eu\/pt-pt\/producto\/prebase-para-la-ojera-aqua-boost\/#primaryimage"},"thumbnailUrl":"https:\/\/namcosmetics.eu\/wp-content\/uploads\/2023\/02\/OC366N_5901801688211.jpg","datePublished":"2023-02-20T11:15:02+00:00","dateModified":"2024-01-03T09:49:47+00:00","breadcrumb":{"@id":"https:\/\/namcosmetics.eu\/pt-pt\/producto\/prebase-para-la-ojera-aqua-boost\/#breadcrumb"},"inLanguage":"pt-PT","potentialAction":[{"@type":"ReadAction","target":["https:\/\/namcosmetics.eu\/pt-pt\/producto\/prebase-para-la-ojera-aqua-boost\/"]}]},{"@type":"ImageObject","inLanguage":"pt-PT","@id":"https:\/\/namcosmetics.eu\/pt-pt\/producto\/prebase-para-la-ojera-aqua-boost\/#primaryimage","url":"https:\/\/namcosmetics.eu\/wp-content\/uploads\/2023\/02\/OC366N_5901801688211.jpg","contentUrl":"https:\/\/namcosmetics.eu\/wp-content\/uploads\/2023\/02\/OC366N_5901801688211.jpg","width":800,"height":800},{"@type":"BreadcrumbList","@id":"https:\/\/namcosmetics.eu\/pt-pt\/producto\/prebase-para-la-ojera-aqua-boost\/#breadcrumb","itemListElement":[{"@type":"ListItem","position":1,"name":"Portada","item":"https:\/\/namcosmetics.eu\/pt-pt\/"},{"@type":"ListItem","position":2,"name":"Tienda","item":"https:\/\/namcosmetics.eu\/tienda\/"},{"@type":"ListItem","position":3,"name":"Pr\u00e9-base para as olheiras\u00a0 Aqua boost\u00a0"}]},{"@type":"WebSite","@id":"https:\/\/namcosmetics.eu\/pt-pt\/#website","url":"https:\/\/namcosmetics.eu\/pt-pt\/","name":"NAM","description":"NAM Europe","potentialAction":[{"@type":"SearchAction","target":{"@type":"EntryPoint","urlTemplate":"https:\/\/namcosmetics.eu\/pt-pt\/?s={search_term_string}"},"query-input":{"@type":"PropertyValueSpecification","valueRequired":true,"valueName":"search_term_string"}}],"inLanguage":"pt-PT"}]}},"_links":{"self":[{"href":"https:\/\/namcosmetics.eu\/pt-pt\/wp-json\/wp\/v2\/product\/25297"}],"collection":[{"href":"https:\/\/namcosmetics.eu\/pt-pt\/wp-json\/wp\/v2\/product"}],"about":[{"href":"https:\/\/namcosmetics.eu\/pt-pt\/wp-json\/wp\/v2\/types\/product"}],"replies":[{"embeddable":true,"href":"https:\/\/namcosmetics.eu\/pt-pt\/wp-json\/wp\/v2\/comments?post=25297"}],"wp:featuredmedia":[{"embeddable":true,"href":"https:\/\/namcosmetics.eu\/pt-pt\/wp-json\/wp\/v2\/media\/21402"}],"wp:attachment":[{"href":"https:\/\/namcosmetics.eu\/pt-pt\/wp-json\/wp\/v2\/media?parent=25297"}],"wp:term":[{"taxonomy":"product_brand","embeddable":true,"href":"https:\/\/namcosmetics.eu\/pt-pt\/wp-json\/wp\/v2\/product_brand?post=25297"},{"taxonomy":"product_cat","embeddable":true,"href":"https:\/\/namcosmetics.eu\/pt-pt\/wp-json\/wp\/v2\/product_cat?post=25297"},{"taxonomy":"product_tag","embeddable":true,"href":"https:\/\/namcosmetics.eu\/pt-pt\/wp-json\/wp\/v2\/product_tag?post=25297"}],"curies":[{"name":"wp","href":"https:\/\/api.w.org\/{rel}","templated":true}]}}