{"id":25289,"date":"2023-02-20T11:15:04","date_gmt":"2023-02-20T11:15:04","guid":{"rendered":"https:\/\/namcosmetics.eu\/producto\/mascara-de-pestanas-volume-lover\/"},"modified":"2024-01-03T09:49:31","modified_gmt":"2024-01-03T09:49:31","slug":"mascara-de-pestanas-volume-lover","status":"publish","type":"product","link":"https:\/\/namcosmetics.eu\/pt-pt\/producto\/mascara-de-pestanas-volume-lover\/","title":{"rendered":"M\u00e1scara de Pestanas Volume Lover"},"content":{"rendered":"<h4>Como<br \/>\n    utilizar<\/h4>\n<p>Colocar a escova na base das pestanas superiores<br \/>\n    e mov\u00ea-la para tr\u00e1s e para a frente, cobrindo a base das pestanas. Pentear<br \/>\n  a<br \/>\n    escova atrav\u00e9s das pestanas para evitar os tufos. Aplicar duas dem\u00e3os se<br \/>\n  se<br \/>\n    pretender um efeito mais<br \/>\n    dram\u00e1tico.<\/p>\n<\/p>\n<h4>Ingredientes<\/h4>\n<p>Aqua,<br \/>\n    Copernicia Cerifera Cera, Glyceryl Stearate, Cera Microcristallina, Stearic<br \/>\n    Acid, Ozokerite, Palmitic Acid,<br \/>\n    Styrene\/Acrylates\/Ammonium Methacrylate Copolymer, Hydrogenated<br \/>\n  Vegetable<br \/>\n    Oil, Butylene Glycol, Stearyl Stearate, Aminomethyl<br \/>\n    Propanol, Ricinus Communis Seed Oil, Phenoxyethanol, Caprylyl Glycol,<br \/>\n    Galactoarabinan, Caprylic\/Capric Triglyceride, Sodium<br \/>\n    Dehydroacetate, Hydroxyethylcellulose, Sodium Laureth-12 Sulfate,<br \/>\n  Lecithin,<br \/>\n    C11-15 Pareth-7, Tocopherol, Ascorbyl Palmitate,<br \/>\n    Potassium Sorbate, Tetrasodium EDTA, Calendula Officinalis Flower<br \/>\n  Extract,<br \/>\n    Citric Acid, BHT, CI 77499, CI 77007.<\/p>\n","protected":false},"excerpt":{"rendered":"<p>M\u00e1scaras de pestanas que<br \/>\n  engrossa os c\u00edlios. Uma f\u00f3rmula cremosa que real\u00e7a a profundidade sensual do<br \/>\n  olho. A sua composi\u00e7\u00e3o \u00e9 enriquecida com extracto de cal\u00eandula.<\/p>\n","protected":false},"featured_media":21270,"comment_status":"closed","ping_status":"closed","template":"","meta":[],"product_brand":[],"product_cat":[1338],"product_tag":[1388],"class_list":{"0":"post-25289","1":"product","2":"type-product","3":"status-publish","4":"has-post-thumbnail","6":"product_cat-mascara-pt-pt","7":"product_tag-volume-pt-pt","9":"first","10":"instock","11":"shipping-taxable","12":"purchasable","13":"product-type-simple"},"yoast_head":"<!-- This site is optimized with the Yoast SEO plugin v25.0 - https:\/\/yoast.com\/wordpress\/plugins\/seo\/ -->\n<title>M\u00e1scara de Pestanas Volume Lover - NAM<\/title>\n<meta name=\"robots\" content=\"index, follow, max-snippet:-1, max-image-preview:large, max-video-preview:-1\" \/>\n<link rel=\"canonical\" href=\"https:\/\/namcosmetics.eu\/pt-pt\/producto\/mascara-de-pestanas-volume-lover\/\" \/>\n<meta property=\"og:locale\" content=\"pt_PT\" \/>\n<meta property=\"og:type\" content=\"article\" \/>\n<meta property=\"og:title\" content=\"M\u00e1scara de Pestanas Volume Lover - NAM\" \/>\n<meta property=\"og:description\" content=\"M\u00e1scaras de pestanas que  engrossa os c\u00edlios. Uma f\u00f3rmula cremosa que real\u00e7a a profundidade sensual do  olho. A sua composi\u00e7\u00e3o \u00e9 enriquecida com extracto de cal\u00eandula.\" \/>\n<meta property=\"og:url\" content=\"https:\/\/namcosmetics.eu\/pt-pt\/producto\/mascara-de-pestanas-volume-lover\/\" \/>\n<meta property=\"og:site_name\" content=\"NAM\" \/>\n<meta property=\"article:modified_time\" content=\"2024-01-03T09:49:31+00:00\" \/>\n<meta property=\"og:image\" content=\"https:\/\/namcosmetics.eu\/wp-content\/uploads\/2023\/02\/OC317_5901801660187.jpg\" \/>\n\t<meta property=\"og:image:width\" content=\"800\" \/>\n\t<meta property=\"og:image:height\" content=\"800\" \/>\n\t<meta property=\"og:image:type\" content=\"image\/jpeg\" \/>\n<meta name=\"twitter:card\" content=\"summary_large_image\" \/>\n<meta name=\"twitter:label1\" content=\"Tempo estimado de leitura\" \/>\n\t<meta name=\"twitter:data1\" content=\"1 minuto\" \/>\n<script type=\"application\/ld+json\" class=\"yoast-schema-graph\">{\"@context\":\"https:\/\/schema.org\",\"@graph\":[{\"@type\":\"WebPage\",\"@id\":\"https:\/\/namcosmetics.eu\/pt-pt\/producto\/mascara-de-pestanas-volume-lover\/\",\"url\":\"https:\/\/namcosmetics.eu\/pt-pt\/producto\/mascara-de-pestanas-volume-lover\/\",\"name\":\"M\u00e1scara de Pestanas Volume Lover - NAM\",\"isPartOf\":{\"@id\":\"https:\/\/namcosmetics.eu\/pt-pt\/#website\"},\"primaryImageOfPage\":{\"@id\":\"https:\/\/namcosmetics.eu\/pt-pt\/producto\/mascara-de-pestanas-volume-lover\/#primaryimage\"},\"image\":{\"@id\":\"https:\/\/namcosmetics.eu\/pt-pt\/producto\/mascara-de-pestanas-volume-lover\/#primaryimage\"},\"thumbnailUrl\":\"https:\/\/namcosmetics.eu\/wp-content\/uploads\/2023\/02\/OC317_5901801660187.jpg\",\"datePublished\":\"2023-02-20T11:15:04+00:00\",\"dateModified\":\"2024-01-03T09:49:31+00:00\",\"breadcrumb\":{\"@id\":\"https:\/\/namcosmetics.eu\/pt-pt\/producto\/mascara-de-pestanas-volume-lover\/#breadcrumb\"},\"inLanguage\":\"pt-PT\",\"potentialAction\":[{\"@type\":\"ReadAction\",\"target\":[\"https:\/\/namcosmetics.eu\/pt-pt\/producto\/mascara-de-pestanas-volume-lover\/\"]}]},{\"@type\":\"ImageObject\",\"inLanguage\":\"pt-PT\",\"@id\":\"https:\/\/namcosmetics.eu\/pt-pt\/producto\/mascara-de-pestanas-volume-lover\/#primaryimage\",\"url\":\"https:\/\/namcosmetics.eu\/wp-content\/uploads\/2023\/02\/OC317_5901801660187.jpg\",\"contentUrl\":\"https:\/\/namcosmetics.eu\/wp-content\/uploads\/2023\/02\/OC317_5901801660187.jpg\",\"width\":800,\"height\":800},{\"@type\":\"BreadcrumbList\",\"@id\":\"https:\/\/namcosmetics.eu\/pt-pt\/producto\/mascara-de-pestanas-volume-lover\/#breadcrumb\",\"itemListElement\":[{\"@type\":\"ListItem\",\"position\":1,\"name\":\"Portada\",\"item\":\"https:\/\/namcosmetics.eu\/pt-pt\/\"},{\"@type\":\"ListItem\",\"position\":2,\"name\":\"Tienda\",\"item\":\"https:\/\/namcosmetics.eu\/tienda\/\"},{\"@type\":\"ListItem\",\"position\":3,\"name\":\"M\u00e1scara de Pestanas Volume Lover\"}]},{\"@type\":\"WebSite\",\"@id\":\"https:\/\/namcosmetics.eu\/pt-pt\/#website\",\"url\":\"https:\/\/namcosmetics.eu\/pt-pt\/\",\"name\":\"NAM\",\"description\":\"NAM Europe\",\"potentialAction\":[{\"@type\":\"SearchAction\",\"target\":{\"@type\":\"EntryPoint\",\"urlTemplate\":\"https:\/\/namcosmetics.eu\/pt-pt\/?s={search_term_string}\"},\"query-input\":{\"@type\":\"PropertyValueSpecification\",\"valueRequired\":true,\"valueName\":\"search_term_string\"}}],\"inLanguage\":\"pt-PT\"}]}<\/script>\n<!-- \/ Yoast SEO plugin. -->","yoast_head_json":{"title":"M\u00e1scara de Pestanas Volume Lover - NAM","robots":{"index":"index","follow":"follow","max-snippet":"max-snippet:-1","max-image-preview":"max-image-preview:large","max-video-preview":"max-video-preview:-1"},"canonical":"https:\/\/namcosmetics.eu\/pt-pt\/producto\/mascara-de-pestanas-volume-lover\/","og_locale":"pt_PT","og_type":"article","og_title":"M\u00e1scara de Pestanas Volume Lover - NAM","og_description":"M\u00e1scaras de pestanas que  engrossa os c\u00edlios. Uma f\u00f3rmula cremosa que real\u00e7a a profundidade sensual do  olho. A sua composi\u00e7\u00e3o \u00e9 enriquecida com extracto de cal\u00eandula.","og_url":"https:\/\/namcosmetics.eu\/pt-pt\/producto\/mascara-de-pestanas-volume-lover\/","og_site_name":"NAM","article_modified_time":"2024-01-03T09:49:31+00:00","og_image":[{"width":800,"height":800,"url":"https:\/\/namcosmetics.eu\/wp-content\/uploads\/2023\/02\/OC317_5901801660187.jpg","type":"image\/jpeg"}],"twitter_card":"summary_large_image","twitter_misc":{"Tempo estimado de leitura":"1 minuto"},"schema":{"@context":"https:\/\/schema.org","@graph":[{"@type":"WebPage","@id":"https:\/\/namcosmetics.eu\/pt-pt\/producto\/mascara-de-pestanas-volume-lover\/","url":"https:\/\/namcosmetics.eu\/pt-pt\/producto\/mascara-de-pestanas-volume-lover\/","name":"M\u00e1scara de Pestanas Volume Lover - NAM","isPartOf":{"@id":"https:\/\/namcosmetics.eu\/pt-pt\/#website"},"primaryImageOfPage":{"@id":"https:\/\/namcosmetics.eu\/pt-pt\/producto\/mascara-de-pestanas-volume-lover\/#primaryimage"},"image":{"@id":"https:\/\/namcosmetics.eu\/pt-pt\/producto\/mascara-de-pestanas-volume-lover\/#primaryimage"},"thumbnailUrl":"https:\/\/namcosmetics.eu\/wp-content\/uploads\/2023\/02\/OC317_5901801660187.jpg","datePublished":"2023-02-20T11:15:04+00:00","dateModified":"2024-01-03T09:49:31+00:00","breadcrumb":{"@id":"https:\/\/namcosmetics.eu\/pt-pt\/producto\/mascara-de-pestanas-volume-lover\/#breadcrumb"},"inLanguage":"pt-PT","potentialAction":[{"@type":"ReadAction","target":["https:\/\/namcosmetics.eu\/pt-pt\/producto\/mascara-de-pestanas-volume-lover\/"]}]},{"@type":"ImageObject","inLanguage":"pt-PT","@id":"https:\/\/namcosmetics.eu\/pt-pt\/producto\/mascara-de-pestanas-volume-lover\/#primaryimage","url":"https:\/\/namcosmetics.eu\/wp-content\/uploads\/2023\/02\/OC317_5901801660187.jpg","contentUrl":"https:\/\/namcosmetics.eu\/wp-content\/uploads\/2023\/02\/OC317_5901801660187.jpg","width":800,"height":800},{"@type":"BreadcrumbList","@id":"https:\/\/namcosmetics.eu\/pt-pt\/producto\/mascara-de-pestanas-volume-lover\/#breadcrumb","itemListElement":[{"@type":"ListItem","position":1,"name":"Portada","item":"https:\/\/namcosmetics.eu\/pt-pt\/"},{"@type":"ListItem","position":2,"name":"Tienda","item":"https:\/\/namcosmetics.eu\/tienda\/"},{"@type":"ListItem","position":3,"name":"M\u00e1scara de Pestanas Volume Lover"}]},{"@type":"WebSite","@id":"https:\/\/namcosmetics.eu\/pt-pt\/#website","url":"https:\/\/namcosmetics.eu\/pt-pt\/","name":"NAM","description":"NAM Europe","potentialAction":[{"@type":"SearchAction","target":{"@type":"EntryPoint","urlTemplate":"https:\/\/namcosmetics.eu\/pt-pt\/?s={search_term_string}"},"query-input":{"@type":"PropertyValueSpecification","valueRequired":true,"valueName":"search_term_string"}}],"inLanguage":"pt-PT"}]}},"_links":{"self":[{"href":"https:\/\/namcosmetics.eu\/pt-pt\/wp-json\/wp\/v2\/product\/25289"}],"collection":[{"href":"https:\/\/namcosmetics.eu\/pt-pt\/wp-json\/wp\/v2\/product"}],"about":[{"href":"https:\/\/namcosmetics.eu\/pt-pt\/wp-json\/wp\/v2\/types\/product"}],"replies":[{"embeddable":true,"href":"https:\/\/namcosmetics.eu\/pt-pt\/wp-json\/wp\/v2\/comments?post=25289"}],"wp:featuredmedia":[{"embeddable":true,"href":"https:\/\/namcosmetics.eu\/pt-pt\/wp-json\/wp\/v2\/media\/21270"}],"wp:attachment":[{"href":"https:\/\/namcosmetics.eu\/pt-pt\/wp-json\/wp\/v2\/media?parent=25289"}],"wp:term":[{"taxonomy":"product_brand","embeddable":true,"href":"https:\/\/namcosmetics.eu\/pt-pt\/wp-json\/wp\/v2\/product_brand?post=25289"},{"taxonomy":"product_cat","embeddable":true,"href":"https:\/\/namcosmetics.eu\/pt-pt\/wp-json\/wp\/v2\/product_cat?post=25289"},{"taxonomy":"product_tag","embeddable":true,"href":"https:\/\/namcosmetics.eu\/pt-pt\/wp-json\/wp\/v2\/product_tag?post=25289"}],"curies":[{"name":"wp","href":"https:\/\/api.w.org\/{rel}","templated":true}]}}