{"id":25287,"date":"2023-02-20T11:15:04","date_gmt":"2023-02-20T11:15:04","guid":{"rendered":"https:\/\/namcosmetics.eu\/producto\/delineador-liquido-back-to-black\/"},"modified":"2024-01-03T09:49:22","modified_gmt":"2024-01-03T09:49:22","slug":"delineador-liquido-back-to-black","status":"publish","type":"product","link":"https:\/\/namcosmetics.eu\/pt-pt\/producto\/delineador-liquido-back-to-black\/","title":{"rendered":"Delineador L\u00edquido Back to Black\u00a0"},"content":{"rendered":"<h4>Como<br \/>\n    utilizar<\/h4>\n<p>Tra\u00e7ar a linha das pestanas superiores come\u00e7ando<br \/>\n    pela borda exterior e aplicar o produto um pouco de cada vez perto da<br \/>\n  raiz<br \/>\n    das pestanas superiores. Pode tamb\u00e9m utiliz\u00e1-lo na linha das pestanas<br \/>\n    inferiores ou na linha de \u00e1gua para adicionar intensidade \u00e0 maquilhagem<br \/>\n  dos<br \/>\n    seus<br \/>\n    olhos.<\/p>\n<\/p>\n<h4>Ingredientes<\/h4>\n<p>Aqua,<br \/>\n    Pentylene Glycol, Glycerin, Potassium Cetyl Phosphate,<br \/>\n  Ethylhexylglycerin,<br \/>\n    Magnesium Aluminum<br \/>\n    Silicate, Ricinus Communis Seed Oil, VP\/Hexadecene Copolymer, Stearic<br \/>\n  Acid,<br \/>\n    Cetyl Alcohol, Copernicia Cerifera Cera,<br \/>\n    Glyceryl Stearate, Sodium Dehydroacetate, Palmitic Acid, Xanthan Gum,<br \/>\n    Aminomethyl Propanol, Kaolin, CI 77499,<br \/>\n    CI 77007.<\/p>\n","protected":false},"excerpt":{"rendered":"<p>Delineador l\u00edquido de longa<br \/>\n  dura\u00e7\u00e3o com um pincel ultra-fino para qualquer visual de gato.<\/p>\n","protected":false},"featured_media":20679,"comment_status":"closed","ping_status":"closed","template":"","meta":[],"product_brand":[],"product_cat":[1337],"product_tag":[],"class_list":{"0":"post-25287","1":"product","2":"type-product","3":"status-publish","4":"has-post-thumbnail","6":"product_cat-eyeliners-e-lapis","8":"first","9":"instock","10":"shipping-taxable","11":"purchasable","12":"product-type-simple"},"yoast_head":"<!-- This site is optimized with the Yoast SEO plugin v25.0 - https:\/\/yoast.com\/wordpress\/plugins\/seo\/ -->\n<title>Delineador L\u00edquido Back to Black\u00a0 - NAM<\/title>\n<meta name=\"robots\" content=\"index, follow, max-snippet:-1, max-image-preview:large, max-video-preview:-1\" \/>\n<link rel=\"canonical\" href=\"https:\/\/namcosmetics.eu\/pt-pt\/producto\/delineador-liquido-back-to-black\/\" \/>\n<meta property=\"og:locale\" content=\"pt_PT\" \/>\n<meta property=\"og:type\" content=\"article\" \/>\n<meta property=\"og:title\" content=\"Delineador L\u00edquido Back to Black\u00a0 - NAM\" \/>\n<meta property=\"og:description\" content=\"Delineador l\u00edquido de longa  dura\u00e7\u00e3o com um pincel ultra-fino para qualquer visual de gato.\" \/>\n<meta property=\"og:url\" content=\"https:\/\/namcosmetics.eu\/pt-pt\/producto\/delineador-liquido-back-to-black\/\" \/>\n<meta property=\"og:site_name\" content=\"NAM\" \/>\n<meta property=\"article:modified_time\" content=\"2024-01-03T09:49:22+00:00\" \/>\n<meta property=\"og:image\" content=\"https:\/\/namcosmetics.eu\/wp-content\/uploads\/2023\/02\/OC325_5901801660453.jpg\" \/>\n\t<meta property=\"og:image:width\" content=\"800\" \/>\n\t<meta property=\"og:image:height\" content=\"800\" \/>\n\t<meta property=\"og:image:type\" content=\"image\/jpeg\" \/>\n<meta name=\"twitter:card\" content=\"summary_large_image\" \/>\n<script type=\"application\/ld+json\" class=\"yoast-schema-graph\">{\"@context\":\"https:\/\/schema.org\",\"@graph\":[{\"@type\":\"WebPage\",\"@id\":\"https:\/\/namcosmetics.eu\/pt-pt\/producto\/delineador-liquido-back-to-black\/\",\"url\":\"https:\/\/namcosmetics.eu\/pt-pt\/producto\/delineador-liquido-back-to-black\/\",\"name\":\"Delineador L\u00edquido Back to Black\u00a0 - NAM\",\"isPartOf\":{\"@id\":\"https:\/\/namcosmetics.eu\/pt-pt\/#website\"},\"primaryImageOfPage\":{\"@id\":\"https:\/\/namcosmetics.eu\/pt-pt\/producto\/delineador-liquido-back-to-black\/#primaryimage\"},\"image\":{\"@id\":\"https:\/\/namcosmetics.eu\/pt-pt\/producto\/delineador-liquido-back-to-black\/#primaryimage\"},\"thumbnailUrl\":\"https:\/\/namcosmetics.eu\/wp-content\/uploads\/2023\/02\/OC325_5901801660453.jpg\",\"datePublished\":\"2023-02-20T11:15:04+00:00\",\"dateModified\":\"2024-01-03T09:49:22+00:00\",\"breadcrumb\":{\"@id\":\"https:\/\/namcosmetics.eu\/pt-pt\/producto\/delineador-liquido-back-to-black\/#breadcrumb\"},\"inLanguage\":\"pt-PT\",\"potentialAction\":[{\"@type\":\"ReadAction\",\"target\":[\"https:\/\/namcosmetics.eu\/pt-pt\/producto\/delineador-liquido-back-to-black\/\"]}]},{\"@type\":\"ImageObject\",\"inLanguage\":\"pt-PT\",\"@id\":\"https:\/\/namcosmetics.eu\/pt-pt\/producto\/delineador-liquido-back-to-black\/#primaryimage\",\"url\":\"https:\/\/namcosmetics.eu\/wp-content\/uploads\/2023\/02\/OC325_5901801660453.jpg\",\"contentUrl\":\"https:\/\/namcosmetics.eu\/wp-content\/uploads\/2023\/02\/OC325_5901801660453.jpg\",\"width\":800,\"height\":800},{\"@type\":\"BreadcrumbList\",\"@id\":\"https:\/\/namcosmetics.eu\/pt-pt\/producto\/delineador-liquido-back-to-black\/#breadcrumb\",\"itemListElement\":[{\"@type\":\"ListItem\",\"position\":1,\"name\":\"Portada\",\"item\":\"https:\/\/namcosmetics.eu\/pt-pt\/\"},{\"@type\":\"ListItem\",\"position\":2,\"name\":\"Tienda\",\"item\":\"https:\/\/namcosmetics.eu\/tienda\/\"},{\"@type\":\"ListItem\",\"position\":3,\"name\":\"Delineador L\u00edquido Back to Black\u00a0\"}]},{\"@type\":\"WebSite\",\"@id\":\"https:\/\/namcosmetics.eu\/pt-pt\/#website\",\"url\":\"https:\/\/namcosmetics.eu\/pt-pt\/\",\"name\":\"NAM\",\"description\":\"NAM Europe\",\"potentialAction\":[{\"@type\":\"SearchAction\",\"target\":{\"@type\":\"EntryPoint\",\"urlTemplate\":\"https:\/\/namcosmetics.eu\/pt-pt\/?s={search_term_string}\"},\"query-input\":{\"@type\":\"PropertyValueSpecification\",\"valueRequired\":true,\"valueName\":\"search_term_string\"}}],\"inLanguage\":\"pt-PT\"}]}<\/script>\n<!-- \/ Yoast SEO plugin. -->","yoast_head_json":{"title":"Delineador L\u00edquido Back to Black\u00a0 - NAM","robots":{"index":"index","follow":"follow","max-snippet":"max-snippet:-1","max-image-preview":"max-image-preview:large","max-video-preview":"max-video-preview:-1"},"canonical":"https:\/\/namcosmetics.eu\/pt-pt\/producto\/delineador-liquido-back-to-black\/","og_locale":"pt_PT","og_type":"article","og_title":"Delineador L\u00edquido Back to Black\u00a0 - NAM","og_description":"Delineador l\u00edquido de longa  dura\u00e7\u00e3o com um pincel ultra-fino para qualquer visual de gato.","og_url":"https:\/\/namcosmetics.eu\/pt-pt\/producto\/delineador-liquido-back-to-black\/","og_site_name":"NAM","article_modified_time":"2024-01-03T09:49:22+00:00","og_image":[{"width":800,"height":800,"url":"https:\/\/namcosmetics.eu\/wp-content\/uploads\/2023\/02\/OC325_5901801660453.jpg","type":"image\/jpeg"}],"twitter_card":"summary_large_image","schema":{"@context":"https:\/\/schema.org","@graph":[{"@type":"WebPage","@id":"https:\/\/namcosmetics.eu\/pt-pt\/producto\/delineador-liquido-back-to-black\/","url":"https:\/\/namcosmetics.eu\/pt-pt\/producto\/delineador-liquido-back-to-black\/","name":"Delineador L\u00edquido Back to Black\u00a0 - NAM","isPartOf":{"@id":"https:\/\/namcosmetics.eu\/pt-pt\/#website"},"primaryImageOfPage":{"@id":"https:\/\/namcosmetics.eu\/pt-pt\/producto\/delineador-liquido-back-to-black\/#primaryimage"},"image":{"@id":"https:\/\/namcosmetics.eu\/pt-pt\/producto\/delineador-liquido-back-to-black\/#primaryimage"},"thumbnailUrl":"https:\/\/namcosmetics.eu\/wp-content\/uploads\/2023\/02\/OC325_5901801660453.jpg","datePublished":"2023-02-20T11:15:04+00:00","dateModified":"2024-01-03T09:49:22+00:00","breadcrumb":{"@id":"https:\/\/namcosmetics.eu\/pt-pt\/producto\/delineador-liquido-back-to-black\/#breadcrumb"},"inLanguage":"pt-PT","potentialAction":[{"@type":"ReadAction","target":["https:\/\/namcosmetics.eu\/pt-pt\/producto\/delineador-liquido-back-to-black\/"]}]},{"@type":"ImageObject","inLanguage":"pt-PT","@id":"https:\/\/namcosmetics.eu\/pt-pt\/producto\/delineador-liquido-back-to-black\/#primaryimage","url":"https:\/\/namcosmetics.eu\/wp-content\/uploads\/2023\/02\/OC325_5901801660453.jpg","contentUrl":"https:\/\/namcosmetics.eu\/wp-content\/uploads\/2023\/02\/OC325_5901801660453.jpg","width":800,"height":800},{"@type":"BreadcrumbList","@id":"https:\/\/namcosmetics.eu\/pt-pt\/producto\/delineador-liquido-back-to-black\/#breadcrumb","itemListElement":[{"@type":"ListItem","position":1,"name":"Portada","item":"https:\/\/namcosmetics.eu\/pt-pt\/"},{"@type":"ListItem","position":2,"name":"Tienda","item":"https:\/\/namcosmetics.eu\/tienda\/"},{"@type":"ListItem","position":3,"name":"Delineador L\u00edquido Back to Black\u00a0"}]},{"@type":"WebSite","@id":"https:\/\/namcosmetics.eu\/pt-pt\/#website","url":"https:\/\/namcosmetics.eu\/pt-pt\/","name":"NAM","description":"NAM Europe","potentialAction":[{"@type":"SearchAction","target":{"@type":"EntryPoint","urlTemplate":"https:\/\/namcosmetics.eu\/pt-pt\/?s={search_term_string}"},"query-input":{"@type":"PropertyValueSpecification","valueRequired":true,"valueName":"search_term_string"}}],"inLanguage":"pt-PT"}]}},"_links":{"self":[{"href":"https:\/\/namcosmetics.eu\/pt-pt\/wp-json\/wp\/v2\/product\/25287"}],"collection":[{"href":"https:\/\/namcosmetics.eu\/pt-pt\/wp-json\/wp\/v2\/product"}],"about":[{"href":"https:\/\/namcosmetics.eu\/pt-pt\/wp-json\/wp\/v2\/types\/product"}],"replies":[{"embeddable":true,"href":"https:\/\/namcosmetics.eu\/pt-pt\/wp-json\/wp\/v2\/comments?post=25287"}],"wp:featuredmedia":[{"embeddable":true,"href":"https:\/\/namcosmetics.eu\/pt-pt\/wp-json\/wp\/v2\/media\/20679"}],"wp:attachment":[{"href":"https:\/\/namcosmetics.eu\/pt-pt\/wp-json\/wp\/v2\/media?parent=25287"}],"wp:term":[{"taxonomy":"product_brand","embeddable":true,"href":"https:\/\/namcosmetics.eu\/pt-pt\/wp-json\/wp\/v2\/product_brand?post=25287"},{"taxonomy":"product_cat","embeddable":true,"href":"https:\/\/namcosmetics.eu\/pt-pt\/wp-json\/wp\/v2\/product_cat?post=25287"},{"taxonomy":"product_tag","embeddable":true,"href":"https:\/\/namcosmetics.eu\/pt-pt\/wp-json\/wp\/v2\/product_tag?post=25287"}],"curies":[{"name":"wp","href":"https:\/\/api.w.org\/{rel}","templated":true}]}}