{"id":25284,"date":"2023-02-20T11:15:04","date_gmt":"2023-02-20T11:15:04","guid":{"rendered":"https:\/\/namcosmetics.eu\/producto\/polvos-cocidos-diamond-crime\/"},"modified":"2024-01-03T09:49:22","modified_gmt":"2024-01-03T09:49:22","slug":"polvos-cocidos-diamond-crime","status":"publish","type":"product","link":"https:\/\/namcosmetics.eu\/pt-pt\/producto\/polvos-cocidos-diamond-crime\/","title":{"rendered":"P\u00f3s cozidos Diamond Crime"},"content":{"rendered":"<h4>Como<br \/>\n    utilizar<\/h4>\n<p>Aplicar o produto com um puff ou pincel em todo o<br \/>\n    rosto ou nas \u00e1reas desejadas, por exemplo, a zona T. O p\u00f3 \u00e9 espalhado<br \/>\n  da<br \/>\n    parte superior do rosto para baixo para evitar levantar os p\u00ealos faciais e<br \/>\n  um<br \/>\n    efeito de pele sem<br \/>\n    brilho.<\/p>\n<\/p>\n<h4>Ingredientes<\/h4>\n<p>Mica,<br \/>\n    Synthetic Fluorphlogopite, Aluminum Starch Octenylsuccinate, Aqua,<br \/>\n  Silica,<br \/>\n    Boron Nitride, Sorbitan<br \/>\n    Oleate, Caprylic\/Capric Triglyceride, Octyldodecanol, Ethylhexyl<br \/>\n  Palmitate,<br \/>\n    Isononyl Isononanoate, Bis-Diglyceryl<br \/>\n    Polyacyladipate-2, Triethoxycaprylylsilane, Caprylyl Glycol,<br \/>\n    Phenoxyethanol, Hexylene Glycol, Parfum, Limonene, CI<br \/>\n    77891, CI 77491, CI 77499, CI 77492.<\/p>\n","protected":false},"excerpt":{"rendered":"<p>P\u00f3s luxuosos para uma tez<br \/>\n  impec\u00e1vel, com ingredientes naturais que, sem complexos, real\u00e7am uma tez<br \/>\n  impec\u00e1vel, radiante e lisa.<br \/>\n    Um p\u00f3 facial exclusivo prensado, vegan, assado para um efeito acetinado de<br \/>\n  pele jovem e de aspecto saud\u00e1vel. A luxuosa f\u00f3rmula em micro p\u00e9rola suaviza<br \/>\n  dramaticamente a tez, envolvendo-a num brilho perolado. Pele perfeitamente<br \/>\n  radiante e descansada, a cobertura majestosa de qualquer olhar de<br \/>\n  maquilhagem, torna-se uma realidade com p\u00f3 DIAMOND CRIME. Aplicar os p\u00f3s com<br \/>\n  o pincel profissional KABUKI BRUSH com cerdas densas ou com o excelente<br \/>\n  POWDER BRUSH da NAM com cerdas densas e macias.<\/p>\n","protected":false},"featured_media":21093,"comment_status":"closed","ping_status":"closed","template":"","meta":[],"product_brand":[],"product_cat":[1348],"product_tag":[1359,1360],"class_list":{"0":"post-25284","1":"product","2":"type-product","3":"status-publish","4":"has-post-thumbnail","6":"product_cat-po-pt-pt","7":"product_tag-po-solto","8":"product_tag-po-solto-pt-pt","10":"first","11":"instock","12":"shipping-taxable","13":"purchasable","14":"product-type-simple"},"yoast_head":"<!-- This site is optimized with the Yoast SEO plugin v25.0 - https:\/\/yoast.com\/wordpress\/plugins\/seo\/ -->\n<title>P\u00f3s cozidos Diamond Crime - NAM<\/title>\n<meta name=\"robots\" content=\"index, follow, max-snippet:-1, max-image-preview:large, max-video-preview:-1\" \/>\n<link rel=\"canonical\" href=\"https:\/\/namcosmetics.eu\/pt-pt\/producto\/polvos-cocidos-diamond-crime\/\" \/>\n<meta property=\"og:locale\" content=\"pt_PT\" \/>\n<meta property=\"og:type\" content=\"article\" \/>\n<meta property=\"og:title\" content=\"P\u00f3s cozidos Diamond Crime - NAM\" \/>\n<meta property=\"og:description\" content=\"P\u00f3s luxuosos para uma tez  impec\u00e1vel, com ingredientes naturais que, sem complexos, real\u00e7am uma tez  impec\u00e1vel, radiante e lisa.   Um p\u00f3 facial exclusivo prensado, vegan, assado para um efeito acetinado de  pele jovem e de aspecto saud\u00e1vel. A luxuosa f\u00f3rmula em micro p\u00e9rola suaviza  dramaticamente a tez, envolvendo-a num brilho perolado. Pele perfeitamente  radiante e descansada, a cobertura majestosa de qualquer olhar de  maquilhagem, torna-se uma realidade com p\u00f3 DIAMOND CRIME. Aplicar os p\u00f3s com  o pincel profissional KABUKI BRUSH com cerdas densas ou com o excelente  POWDER BRUSH da NAM com cerdas densas e macias.\" \/>\n<meta property=\"og:url\" content=\"https:\/\/namcosmetics.eu\/pt-pt\/producto\/polvos-cocidos-diamond-crime\/\" \/>\n<meta property=\"og:site_name\" content=\"NAM\" \/>\n<meta property=\"article:modified_time\" content=\"2024-01-03T09:49:22+00:00\" \/>\n<meta property=\"og:image\" content=\"https:\/\/namcosmetics.eu\/wp-content\/uploads\/2023\/02\/CE511_5901801677215.jpg\" \/>\n\t<meta property=\"og:image:width\" content=\"800\" \/>\n\t<meta property=\"og:image:height\" content=\"800\" \/>\n\t<meta property=\"og:image:type\" content=\"image\/jpeg\" \/>\n<meta name=\"twitter:card\" content=\"summary_large_image\" \/>\n<script type=\"application\/ld+json\" class=\"yoast-schema-graph\">{\"@context\":\"https:\/\/schema.org\",\"@graph\":[{\"@type\":\"WebPage\",\"@id\":\"https:\/\/namcosmetics.eu\/pt-pt\/producto\/polvos-cocidos-diamond-crime\/\",\"url\":\"https:\/\/namcosmetics.eu\/pt-pt\/producto\/polvos-cocidos-diamond-crime\/\",\"name\":\"P\u00f3s cozidos Diamond Crime - NAM\",\"isPartOf\":{\"@id\":\"https:\/\/namcosmetics.eu\/pt-pt\/#website\"},\"primaryImageOfPage\":{\"@id\":\"https:\/\/namcosmetics.eu\/pt-pt\/producto\/polvos-cocidos-diamond-crime\/#primaryimage\"},\"image\":{\"@id\":\"https:\/\/namcosmetics.eu\/pt-pt\/producto\/polvos-cocidos-diamond-crime\/#primaryimage\"},\"thumbnailUrl\":\"https:\/\/namcosmetics.eu\/wp-content\/uploads\/2023\/02\/CE511_5901801677215.jpg\",\"datePublished\":\"2023-02-20T11:15:04+00:00\",\"dateModified\":\"2024-01-03T09:49:22+00:00\",\"breadcrumb\":{\"@id\":\"https:\/\/namcosmetics.eu\/pt-pt\/producto\/polvos-cocidos-diamond-crime\/#breadcrumb\"},\"inLanguage\":\"pt-PT\",\"potentialAction\":[{\"@type\":\"ReadAction\",\"target\":[\"https:\/\/namcosmetics.eu\/pt-pt\/producto\/polvos-cocidos-diamond-crime\/\"]}]},{\"@type\":\"ImageObject\",\"inLanguage\":\"pt-PT\",\"@id\":\"https:\/\/namcosmetics.eu\/pt-pt\/producto\/polvos-cocidos-diamond-crime\/#primaryimage\",\"url\":\"https:\/\/namcosmetics.eu\/wp-content\/uploads\/2023\/02\/CE511_5901801677215.jpg\",\"contentUrl\":\"https:\/\/namcosmetics.eu\/wp-content\/uploads\/2023\/02\/CE511_5901801677215.jpg\",\"width\":800,\"height\":800},{\"@type\":\"BreadcrumbList\",\"@id\":\"https:\/\/namcosmetics.eu\/pt-pt\/producto\/polvos-cocidos-diamond-crime\/#breadcrumb\",\"itemListElement\":[{\"@type\":\"ListItem\",\"position\":1,\"name\":\"Portada\",\"item\":\"https:\/\/namcosmetics.eu\/pt-pt\/\"},{\"@type\":\"ListItem\",\"position\":2,\"name\":\"Tienda\",\"item\":\"https:\/\/namcosmetics.eu\/tienda\/\"},{\"@type\":\"ListItem\",\"position\":3,\"name\":\"P\u00f3s cozidos Diamond Crime\"}]},{\"@type\":\"WebSite\",\"@id\":\"https:\/\/namcosmetics.eu\/pt-pt\/#website\",\"url\":\"https:\/\/namcosmetics.eu\/pt-pt\/\",\"name\":\"NAM\",\"description\":\"NAM Europe\",\"potentialAction\":[{\"@type\":\"SearchAction\",\"target\":{\"@type\":\"EntryPoint\",\"urlTemplate\":\"https:\/\/namcosmetics.eu\/pt-pt\/?s={search_term_string}\"},\"query-input\":{\"@type\":\"PropertyValueSpecification\",\"valueRequired\":true,\"valueName\":\"search_term_string\"}}],\"inLanguage\":\"pt-PT\"}]}<\/script>\n<!-- \/ Yoast SEO plugin. -->","yoast_head_json":{"title":"P\u00f3s cozidos Diamond Crime - NAM","robots":{"index":"index","follow":"follow","max-snippet":"max-snippet:-1","max-image-preview":"max-image-preview:large","max-video-preview":"max-video-preview:-1"},"canonical":"https:\/\/namcosmetics.eu\/pt-pt\/producto\/polvos-cocidos-diamond-crime\/","og_locale":"pt_PT","og_type":"article","og_title":"P\u00f3s cozidos Diamond Crime - NAM","og_description":"P\u00f3s luxuosos para uma tez  impec\u00e1vel, com ingredientes naturais que, sem complexos, real\u00e7am uma tez  impec\u00e1vel, radiante e lisa.   Um p\u00f3 facial exclusivo prensado, vegan, assado para um efeito acetinado de  pele jovem e de aspecto saud\u00e1vel. A luxuosa f\u00f3rmula em micro p\u00e9rola suaviza  dramaticamente a tez, envolvendo-a num brilho perolado. Pele perfeitamente  radiante e descansada, a cobertura majestosa de qualquer olhar de  maquilhagem, torna-se uma realidade com p\u00f3 DIAMOND CRIME. Aplicar os p\u00f3s com  o pincel profissional KABUKI BRUSH com cerdas densas ou com o excelente  POWDER BRUSH da NAM com cerdas densas e macias.","og_url":"https:\/\/namcosmetics.eu\/pt-pt\/producto\/polvos-cocidos-diamond-crime\/","og_site_name":"NAM","article_modified_time":"2024-01-03T09:49:22+00:00","og_image":[{"width":800,"height":800,"url":"https:\/\/namcosmetics.eu\/wp-content\/uploads\/2023\/02\/CE511_5901801677215.jpg","type":"image\/jpeg"}],"twitter_card":"summary_large_image","schema":{"@context":"https:\/\/schema.org","@graph":[{"@type":"WebPage","@id":"https:\/\/namcosmetics.eu\/pt-pt\/producto\/polvos-cocidos-diamond-crime\/","url":"https:\/\/namcosmetics.eu\/pt-pt\/producto\/polvos-cocidos-diamond-crime\/","name":"P\u00f3s cozidos Diamond Crime - NAM","isPartOf":{"@id":"https:\/\/namcosmetics.eu\/pt-pt\/#website"},"primaryImageOfPage":{"@id":"https:\/\/namcosmetics.eu\/pt-pt\/producto\/polvos-cocidos-diamond-crime\/#primaryimage"},"image":{"@id":"https:\/\/namcosmetics.eu\/pt-pt\/producto\/polvos-cocidos-diamond-crime\/#primaryimage"},"thumbnailUrl":"https:\/\/namcosmetics.eu\/wp-content\/uploads\/2023\/02\/CE511_5901801677215.jpg","datePublished":"2023-02-20T11:15:04+00:00","dateModified":"2024-01-03T09:49:22+00:00","breadcrumb":{"@id":"https:\/\/namcosmetics.eu\/pt-pt\/producto\/polvos-cocidos-diamond-crime\/#breadcrumb"},"inLanguage":"pt-PT","potentialAction":[{"@type":"ReadAction","target":["https:\/\/namcosmetics.eu\/pt-pt\/producto\/polvos-cocidos-diamond-crime\/"]}]},{"@type":"ImageObject","inLanguage":"pt-PT","@id":"https:\/\/namcosmetics.eu\/pt-pt\/producto\/polvos-cocidos-diamond-crime\/#primaryimage","url":"https:\/\/namcosmetics.eu\/wp-content\/uploads\/2023\/02\/CE511_5901801677215.jpg","contentUrl":"https:\/\/namcosmetics.eu\/wp-content\/uploads\/2023\/02\/CE511_5901801677215.jpg","width":800,"height":800},{"@type":"BreadcrumbList","@id":"https:\/\/namcosmetics.eu\/pt-pt\/producto\/polvos-cocidos-diamond-crime\/#breadcrumb","itemListElement":[{"@type":"ListItem","position":1,"name":"Portada","item":"https:\/\/namcosmetics.eu\/pt-pt\/"},{"@type":"ListItem","position":2,"name":"Tienda","item":"https:\/\/namcosmetics.eu\/tienda\/"},{"@type":"ListItem","position":3,"name":"P\u00f3s cozidos Diamond Crime"}]},{"@type":"WebSite","@id":"https:\/\/namcosmetics.eu\/pt-pt\/#website","url":"https:\/\/namcosmetics.eu\/pt-pt\/","name":"NAM","description":"NAM Europe","potentialAction":[{"@type":"SearchAction","target":{"@type":"EntryPoint","urlTemplate":"https:\/\/namcosmetics.eu\/pt-pt\/?s={search_term_string}"},"query-input":{"@type":"PropertyValueSpecification","valueRequired":true,"valueName":"search_term_string"}}],"inLanguage":"pt-PT"}]}},"_links":{"self":[{"href":"https:\/\/namcosmetics.eu\/pt-pt\/wp-json\/wp\/v2\/product\/25284"}],"collection":[{"href":"https:\/\/namcosmetics.eu\/pt-pt\/wp-json\/wp\/v2\/product"}],"about":[{"href":"https:\/\/namcosmetics.eu\/pt-pt\/wp-json\/wp\/v2\/types\/product"}],"replies":[{"embeddable":true,"href":"https:\/\/namcosmetics.eu\/pt-pt\/wp-json\/wp\/v2\/comments?post=25284"}],"wp:featuredmedia":[{"embeddable":true,"href":"https:\/\/namcosmetics.eu\/pt-pt\/wp-json\/wp\/v2\/media\/21093"}],"wp:attachment":[{"href":"https:\/\/namcosmetics.eu\/pt-pt\/wp-json\/wp\/v2\/media?parent=25284"}],"wp:term":[{"taxonomy":"product_brand","embeddable":true,"href":"https:\/\/namcosmetics.eu\/pt-pt\/wp-json\/wp\/v2\/product_brand?post=25284"},{"taxonomy":"product_cat","embeddable":true,"href":"https:\/\/namcosmetics.eu\/pt-pt\/wp-json\/wp\/v2\/product_cat?post=25284"},{"taxonomy":"product_tag","embeddable":true,"href":"https:\/\/namcosmetics.eu\/pt-pt\/wp-json\/wp\/v2\/product_tag?post=25284"}],"curies":[{"name":"wp","href":"https:\/\/api.w.org\/{rel}","templated":true}]}}