{"id":25282,"date":"2023-02-20T11:15:05","date_gmt":"2023-02-20T11:15:05","guid":{"rendered":"https:\/\/namcosmetics.eu\/producto\/iluminador-bouncy-glass-glow-champagne\/"},"modified":"2024-01-03T09:49:13","modified_gmt":"2024-01-03T09:49:13","slug":"iluminador-bouncy-glass-glow-champagne","status":"publish","type":"product","link":"https:\/\/namcosmetics.eu\/pt-pt\/producto\/iluminador-bouncy-glass-glow-champagne\/","title":{"rendered":"Iluminador\u00a0 Bouncy Glass\n  Glow Champagne"},"content":{"rendered":"<h4>Como<br \/>\n    utilizar<\/h4>\n<p>Quando tiver a sua pele maquilhada e pronta,<br \/>\n    pegue numa pincelada do iluminador e aplique-a logo acima das bochechas<br \/>\n  para<br \/>\n    real\u00e7ar as ma\u00e7\u00e3s do rosto, debaixo do arco da sobrancelha para levantar<br \/>\n  a<br \/>\n    p\u00e1lpebra e no canal da l\u00e1grima do olho para abrir o olhar. Tamb\u00e9m se<br \/>\n  pode<br \/>\n    pincelar no arco do cupido para ampliar visualmente os l\u00e1bios e no septo<br \/>\n  do<br \/>\n    nariz para o<br \/>\n    afiar.<\/p>\n<\/p>\n<h4>Ingredientes<\/h4>\n<p>Mica,<br \/>\n    Dimethicone, Caprylic\/Capric Triglyceride, Cyclopentasiloxane,<br \/>\n  Hydrogenated<br \/>\n    Polyisobutene, Calcium<br \/>\n    Sodium Borosilicate, Talc, Dimethicone\/Vinyl Dimethicone Crosspolymer,<br \/>\n    Silica, Boron Nitride,<br \/>\n    Ethylene\/Propylene\/Styrene Copolymer, Butylene\/Ethylene\/Styrene<br \/>\n  Copolymer,<br \/>\n    Triethoxycaprylylsilane, Caprylyl<br \/>\n    Glycol, Phenoxyethanol, Parfum, BHT, Tin Oxide, Hexylene Glycol, CI<br \/>\n  77491,<br \/>\n    CI 77891, CI 77492.<\/p>\n","protected":false},"excerpt":{"rendered":"<p>\u00c9 um produto para os amantes<br \/>\n  do brilho. A textura cremosa perfeita do marcador, na f\u00f3rmula saltitante,<br \/>\n  cheia de part\u00edculas reflectoras de luz para um efeito molhado perfeito.<br \/>\n  Gra\u00e7as \u00e0 composi\u00e7\u00e3o original de p\u00e9rolas, obter\u00e1 uma frescura luminosa na sua<br \/>\n  maquilhagem. Gra\u00e7as \u00e0 sua f\u00f3rmula \u00e9 constru\u00edvel: da difus\u00e3o natural da luz ao<br \/>\n  efeito sedoso. Mistura-se perfeitamente com base e p\u00f3.<\/p>\n","protected":false},"featured_media":21054,"comment_status":"closed","ping_status":"closed","template":"","meta":[],"product_brand":[],"product_cat":[],"product_tag":[],"class_list":{"0":"post-25282","1":"product","2":"type-product","3":"status-publish","4":"has-post-thumbnail","6":"first","7":"instock","8":"shipping-taxable","9":"purchasable","10":"product-type-simple"},"yoast_head":"<!-- This site is optimized with the Yoast SEO plugin v25.0 - https:\/\/yoast.com\/wordpress\/plugins\/seo\/ -->\n<title>Iluminador\u00a0 Bouncy Glass  Glow Champagne - NAM<\/title>\n<meta name=\"robots\" content=\"index, follow, max-snippet:-1, max-image-preview:large, max-video-preview:-1\" \/>\n<link rel=\"canonical\" href=\"https:\/\/namcosmetics.eu\/pt-pt\/producto\/iluminador-bouncy-glass-glow-champagne\/\" \/>\n<meta property=\"og:locale\" content=\"pt_PT\" \/>\n<meta property=\"og:type\" content=\"article\" \/>\n<meta property=\"og:title\" content=\"Iluminador\u00a0 Bouncy Glass  Glow Champagne - NAM\" \/>\n<meta property=\"og:description\" content=\"\u00c9 um produto para os amantes  do brilho. A textura cremosa perfeita do marcador, na f\u00f3rmula saltitante,  cheia de part\u00edculas reflectoras de luz para um efeito molhado perfeito.  Gra\u00e7as \u00e0 composi\u00e7\u00e3o original de p\u00e9rolas, obter\u00e1 uma frescura luminosa na sua  maquilhagem. Gra\u00e7as \u00e0 sua f\u00f3rmula \u00e9 constru\u00edvel: da difus\u00e3o natural da luz ao  efeito sedoso. Mistura-se perfeitamente com base e p\u00f3.\" \/>\n<meta property=\"og:url\" content=\"https:\/\/namcosmetics.eu\/pt-pt\/producto\/iluminador-bouncy-glass-glow-champagne\/\" \/>\n<meta property=\"og:site_name\" content=\"NAM\" \/>\n<meta property=\"article:modified_time\" content=\"2024-01-03T09:49:13+00:00\" \/>\n<meta property=\"og:image\" content=\"https:\/\/namcosmetics.eu\/wp-content\/uploads\/2023\/02\/CE174_5901801657170.jpg\" \/>\n\t<meta property=\"og:image:width\" content=\"800\" \/>\n\t<meta property=\"og:image:height\" content=\"800\" \/>\n\t<meta property=\"og:image:type\" content=\"image\/jpeg\" \/>\n<meta name=\"twitter:card\" content=\"summary_large_image\" \/>\n<meta name=\"twitter:label1\" content=\"Tempo estimado de leitura\" \/>\n\t<meta name=\"twitter:data1\" content=\"1 minuto\" \/>\n<script type=\"application\/ld+json\" class=\"yoast-schema-graph\">{\"@context\":\"https:\/\/schema.org\",\"@graph\":[{\"@type\":\"WebPage\",\"@id\":\"https:\/\/namcosmetics.eu\/pt-pt\/producto\/iluminador-bouncy-glass-glow-champagne\/\",\"url\":\"https:\/\/namcosmetics.eu\/pt-pt\/producto\/iluminador-bouncy-glass-glow-champagne\/\",\"name\":\"Iluminador\u00a0 Bouncy Glass Glow Champagne - NAM\",\"isPartOf\":{\"@id\":\"https:\/\/namcosmetics.eu\/pt-pt\/#website\"},\"primaryImageOfPage\":{\"@id\":\"https:\/\/namcosmetics.eu\/pt-pt\/producto\/iluminador-bouncy-glass-glow-champagne\/#primaryimage\"},\"image\":{\"@id\":\"https:\/\/namcosmetics.eu\/pt-pt\/producto\/iluminador-bouncy-glass-glow-champagne\/#primaryimage\"},\"thumbnailUrl\":\"https:\/\/namcosmetics.eu\/wp-content\/uploads\/2023\/02\/CE174_5901801657170.jpg\",\"datePublished\":\"2023-02-20T11:15:05+00:00\",\"dateModified\":\"2024-01-03T09:49:13+00:00\",\"breadcrumb\":{\"@id\":\"https:\/\/namcosmetics.eu\/pt-pt\/producto\/iluminador-bouncy-glass-glow-champagne\/#breadcrumb\"},\"inLanguage\":\"pt-PT\",\"potentialAction\":[{\"@type\":\"ReadAction\",\"target\":[\"https:\/\/namcosmetics.eu\/pt-pt\/producto\/iluminador-bouncy-glass-glow-champagne\/\"]}]},{\"@type\":\"ImageObject\",\"inLanguage\":\"pt-PT\",\"@id\":\"https:\/\/namcosmetics.eu\/pt-pt\/producto\/iluminador-bouncy-glass-glow-champagne\/#primaryimage\",\"url\":\"https:\/\/namcosmetics.eu\/wp-content\/uploads\/2023\/02\/CE174_5901801657170.jpg\",\"contentUrl\":\"https:\/\/namcosmetics.eu\/wp-content\/uploads\/2023\/02\/CE174_5901801657170.jpg\",\"width\":800,\"height\":800},{\"@type\":\"BreadcrumbList\",\"@id\":\"https:\/\/namcosmetics.eu\/pt-pt\/producto\/iluminador-bouncy-glass-glow-champagne\/#breadcrumb\",\"itemListElement\":[{\"@type\":\"ListItem\",\"position\":1,\"name\":\"Portada\",\"item\":\"https:\/\/namcosmetics.eu\/pt-pt\/\"},{\"@type\":\"ListItem\",\"position\":2,\"name\":\"Tienda\",\"item\":\"https:\/\/namcosmetics.eu\/tienda\/\"},{\"@type\":\"ListItem\",\"position\":3,\"name\":\"Iluminador\u00a0 Bouncy Glass Glow Champagne\"}]},{\"@type\":\"WebSite\",\"@id\":\"https:\/\/namcosmetics.eu\/pt-pt\/#website\",\"url\":\"https:\/\/namcosmetics.eu\/pt-pt\/\",\"name\":\"NAM\",\"description\":\"NAM Europe\",\"potentialAction\":[{\"@type\":\"SearchAction\",\"target\":{\"@type\":\"EntryPoint\",\"urlTemplate\":\"https:\/\/namcosmetics.eu\/pt-pt\/?s={search_term_string}\"},\"query-input\":{\"@type\":\"PropertyValueSpecification\",\"valueRequired\":true,\"valueName\":\"search_term_string\"}}],\"inLanguage\":\"pt-PT\"}]}<\/script>\n<!-- \/ Yoast SEO plugin. -->","yoast_head_json":{"title":"Iluminador\u00a0 Bouncy Glass  Glow Champagne - NAM","robots":{"index":"index","follow":"follow","max-snippet":"max-snippet:-1","max-image-preview":"max-image-preview:large","max-video-preview":"max-video-preview:-1"},"canonical":"https:\/\/namcosmetics.eu\/pt-pt\/producto\/iluminador-bouncy-glass-glow-champagne\/","og_locale":"pt_PT","og_type":"article","og_title":"Iluminador\u00a0 Bouncy Glass  Glow Champagne - NAM","og_description":"\u00c9 um produto para os amantes  do brilho. A textura cremosa perfeita do marcador, na f\u00f3rmula saltitante,  cheia de part\u00edculas reflectoras de luz para um efeito molhado perfeito.  Gra\u00e7as \u00e0 composi\u00e7\u00e3o original de p\u00e9rolas, obter\u00e1 uma frescura luminosa na sua  maquilhagem. Gra\u00e7as \u00e0 sua f\u00f3rmula \u00e9 constru\u00edvel: da difus\u00e3o natural da luz ao  efeito sedoso. Mistura-se perfeitamente com base e p\u00f3.","og_url":"https:\/\/namcosmetics.eu\/pt-pt\/producto\/iluminador-bouncy-glass-glow-champagne\/","og_site_name":"NAM","article_modified_time":"2024-01-03T09:49:13+00:00","og_image":[{"width":800,"height":800,"url":"https:\/\/namcosmetics.eu\/wp-content\/uploads\/2023\/02\/CE174_5901801657170.jpg","type":"image\/jpeg"}],"twitter_card":"summary_large_image","twitter_misc":{"Tempo estimado de leitura":"1 minuto"},"schema":{"@context":"https:\/\/schema.org","@graph":[{"@type":"WebPage","@id":"https:\/\/namcosmetics.eu\/pt-pt\/producto\/iluminador-bouncy-glass-glow-champagne\/","url":"https:\/\/namcosmetics.eu\/pt-pt\/producto\/iluminador-bouncy-glass-glow-champagne\/","name":"Iluminador\u00a0 Bouncy Glass Glow Champagne - NAM","isPartOf":{"@id":"https:\/\/namcosmetics.eu\/pt-pt\/#website"},"primaryImageOfPage":{"@id":"https:\/\/namcosmetics.eu\/pt-pt\/producto\/iluminador-bouncy-glass-glow-champagne\/#primaryimage"},"image":{"@id":"https:\/\/namcosmetics.eu\/pt-pt\/producto\/iluminador-bouncy-glass-glow-champagne\/#primaryimage"},"thumbnailUrl":"https:\/\/namcosmetics.eu\/wp-content\/uploads\/2023\/02\/CE174_5901801657170.jpg","datePublished":"2023-02-20T11:15:05+00:00","dateModified":"2024-01-03T09:49:13+00:00","breadcrumb":{"@id":"https:\/\/namcosmetics.eu\/pt-pt\/producto\/iluminador-bouncy-glass-glow-champagne\/#breadcrumb"},"inLanguage":"pt-PT","potentialAction":[{"@type":"ReadAction","target":["https:\/\/namcosmetics.eu\/pt-pt\/producto\/iluminador-bouncy-glass-glow-champagne\/"]}]},{"@type":"ImageObject","inLanguage":"pt-PT","@id":"https:\/\/namcosmetics.eu\/pt-pt\/producto\/iluminador-bouncy-glass-glow-champagne\/#primaryimage","url":"https:\/\/namcosmetics.eu\/wp-content\/uploads\/2023\/02\/CE174_5901801657170.jpg","contentUrl":"https:\/\/namcosmetics.eu\/wp-content\/uploads\/2023\/02\/CE174_5901801657170.jpg","width":800,"height":800},{"@type":"BreadcrumbList","@id":"https:\/\/namcosmetics.eu\/pt-pt\/producto\/iluminador-bouncy-glass-glow-champagne\/#breadcrumb","itemListElement":[{"@type":"ListItem","position":1,"name":"Portada","item":"https:\/\/namcosmetics.eu\/pt-pt\/"},{"@type":"ListItem","position":2,"name":"Tienda","item":"https:\/\/namcosmetics.eu\/tienda\/"},{"@type":"ListItem","position":3,"name":"Iluminador\u00a0 Bouncy Glass Glow Champagne"}]},{"@type":"WebSite","@id":"https:\/\/namcosmetics.eu\/pt-pt\/#website","url":"https:\/\/namcosmetics.eu\/pt-pt\/","name":"NAM","description":"NAM Europe","potentialAction":[{"@type":"SearchAction","target":{"@type":"EntryPoint","urlTemplate":"https:\/\/namcosmetics.eu\/pt-pt\/?s={search_term_string}"},"query-input":{"@type":"PropertyValueSpecification","valueRequired":true,"valueName":"search_term_string"}}],"inLanguage":"pt-PT"}]}},"_links":{"self":[{"href":"https:\/\/namcosmetics.eu\/pt-pt\/wp-json\/wp\/v2\/product\/25282"}],"collection":[{"href":"https:\/\/namcosmetics.eu\/pt-pt\/wp-json\/wp\/v2\/product"}],"about":[{"href":"https:\/\/namcosmetics.eu\/pt-pt\/wp-json\/wp\/v2\/types\/product"}],"replies":[{"embeddable":true,"href":"https:\/\/namcosmetics.eu\/pt-pt\/wp-json\/wp\/v2\/comments?post=25282"}],"wp:featuredmedia":[{"embeddable":true,"href":"https:\/\/namcosmetics.eu\/pt-pt\/wp-json\/wp\/v2\/media\/21054"}],"wp:attachment":[{"href":"https:\/\/namcosmetics.eu\/pt-pt\/wp-json\/wp\/v2\/media?parent=25282"}],"wp:term":[{"taxonomy":"product_brand","embeddable":true,"href":"https:\/\/namcosmetics.eu\/pt-pt\/wp-json\/wp\/v2\/product_brand?post=25282"},{"taxonomy":"product_cat","embeddable":true,"href":"https:\/\/namcosmetics.eu\/pt-pt\/wp-json\/wp\/v2\/product_cat?post=25282"},{"taxonomy":"product_tag","embeddable":true,"href":"https:\/\/namcosmetics.eu\/pt-pt\/wp-json\/wp\/v2\/product_tag?post=25282"}],"curies":[{"name":"wp","href":"https:\/\/api.w.org\/{rel}","templated":true}]}}