{"id":25281,"date":"2023-02-20T11:15:05","date_gmt":"2023-02-20T11:15:05","guid":{"rendered":"https:\/\/namcosmetics.eu\/producto\/mascarilla-de-labios-reviving\/"},"modified":"2024-01-03T09:49:13","modified_gmt":"2024-01-03T09:49:13","slug":"mascarilla-de-labios-reviving","status":"publish","type":"product","link":"https:\/\/namcosmetics.eu\/pt-pt\/producto\/mascarilla-de-labios-reviving\/","title":{"rendered":"M\u00e1scara labial Reviving\u00a0"},"content":{"rendered":"<h4>Como<br \/>\n    utilizar<\/h4>\n<p>Aplicar uma camada espessa nos l\u00e1bios at\u00e9 ser<br \/>\n    absorvida.<\/p>\n<\/p>\n<h4>Ingredientes<\/h4>\n<p>Hydrogenated<br \/>\n    Polyisobutene, Diisostearyl Malate, Trimethylolpropane<br \/>\n  Triisostearate,<br \/>\n    Polyglyceryl-10<br \/>\n    Hydroxystearate\/Stearate\/Eicosadioate, Ozokerite, Butyrospermum<br \/>\n  Parkii<br \/>\n    Butter, Silica Dimethyl Silylate, Helianthus<br \/>\n    Annuus Seed Oil, Isohexadecane, Aroma, Copernicia Cerifera Cera,<br \/>\n  Euphorbia<br \/>\n    Cerifera Cera,<br \/>\n    Ethylene\/Propylene\/Styrene Copolymer, Butylene\/Ethylene\/Styrene<br \/>\n  Copolymer,<br \/>\n    PEG-8, Caprylyl Glycol,<br \/>\n    Phenoxyethanol, Bis-PEG\/PPG-14\/14 Dimethicone, Tocopherol, Octyldodecanol,<br \/>\n    Hexylene Glycol, Dextrin Palmitate,<br \/>\n    Rubus Idaeus Fruit Extract, Rubus Fruticosus Fruit Extract, Fragaria<br \/>\n    Ananassa Fruit Extract, Ascorbyl Palmitate,<br \/>\n    Cyclopentasiloxane, Stearic Acid, Sodium Hyaluronate, Xanthan Gum,<br \/>\n    Magnesium Hydroxide, Aluminum Hydroxide,<br \/>\n    Sorbitan Oleate, Ascorbic Acid, Citric Acid, Tripeptide-1, BHT,<br \/>\n  Limonene,<br \/>\n    Linalool, CI 77891, CI 15850, CI 19140.<\/p>\n","protected":false},"excerpt":{"rendered":"<p>M\u00e1scara labial intensamente<br \/>\n  hidratante com manteiga de karit\u00e9. Suaviza, hidrata e remove a aspereza dos<br \/>\n  l\u00e1bios. Enriquecido com 7 extractos de plantas: camomila, alca\u00e7uz, alecrim,<br \/>\n  Centella asiatica, baicalin, ch\u00e1, nozes japonesas, que juntos formam uma bomba<br \/>\n  para acalmar a irrita\u00e7\u00e3o. A composi\u00e7\u00e3o optimizada proporciona um cuidado<br \/>\n  eficaz para a pele delicada dos l\u00e1bios.<\/p>\n","protected":false},"featured_media":20805,"comment_status":"closed","ping_status":"closed","template":"","meta":[],"product_brand":[],"product_cat":[1351],"product_tag":[],"class_list":{"0":"post-25281","1":"product","2":"type-product","3":"status-publish","4":"has-post-thumbnail","6":"product_cat-tratamentos","8":"first","9":"instock","10":"shipping-taxable","11":"purchasable","12":"product-type-simple"},"yoast_head":"<!-- This site is optimized with the Yoast SEO plugin v25.0 - https:\/\/yoast.com\/wordpress\/plugins\/seo\/ -->\n<title>M\u00e1scara labial Reviving\u00a0 - NAM<\/title>\n<meta name=\"robots\" content=\"index, follow, max-snippet:-1, max-image-preview:large, max-video-preview:-1\" \/>\n<link rel=\"canonical\" href=\"https:\/\/namcosmetics.eu\/pt-pt\/producto\/mascarilla-de-labios-reviving\/\" \/>\n<meta property=\"og:locale\" content=\"pt_PT\" \/>\n<meta property=\"og:type\" content=\"article\" \/>\n<meta property=\"og:title\" content=\"M\u00e1scara labial Reviving\u00a0 - NAM\" \/>\n<meta property=\"og:description\" content=\"M\u00e1scara labial intensamente  hidratante com manteiga de karit\u00e9. Suaviza, hidrata e remove a aspereza dos  l\u00e1bios. Enriquecido com 7 extractos de plantas: camomila, alca\u00e7uz, alecrim,  Centella asiatica, baicalin, ch\u00e1, nozes japonesas, que juntos formam uma bomba  para acalmar a irrita\u00e7\u00e3o. A composi\u00e7\u00e3o optimizada proporciona um cuidado  eficaz para a pele delicada dos l\u00e1bios.\" \/>\n<meta property=\"og:url\" content=\"https:\/\/namcosmetics.eu\/pt-pt\/producto\/mascarilla-de-labios-reviving\/\" \/>\n<meta property=\"og:site_name\" content=\"NAM\" \/>\n<meta property=\"article:modified_time\" content=\"2024-01-03T09:49:13+00:00\" \/>\n<meta property=\"og:image\" content=\"https:\/\/namcosmetics.eu\/wp-content\/uploads\/2023\/02\/US107_5901801677406.jpg\" \/>\n\t<meta property=\"og:image:width\" content=\"800\" \/>\n\t<meta property=\"og:image:height\" content=\"800\" \/>\n\t<meta property=\"og:image:type\" content=\"image\/jpeg\" \/>\n<meta name=\"twitter:card\" content=\"summary_large_image\" \/>\n<meta name=\"twitter:label1\" content=\"Tempo estimado de leitura\" \/>\n\t<meta name=\"twitter:data1\" content=\"1 minuto\" \/>\n<script type=\"application\/ld+json\" class=\"yoast-schema-graph\">{\"@context\":\"https:\/\/schema.org\",\"@graph\":[{\"@type\":\"WebPage\",\"@id\":\"https:\/\/namcosmetics.eu\/pt-pt\/producto\/mascarilla-de-labios-reviving\/\",\"url\":\"https:\/\/namcosmetics.eu\/pt-pt\/producto\/mascarilla-de-labios-reviving\/\",\"name\":\"M\u00e1scara labial Reviving\u00a0 - NAM\",\"isPartOf\":{\"@id\":\"https:\/\/namcosmetics.eu\/pt-pt\/#website\"},\"primaryImageOfPage\":{\"@id\":\"https:\/\/namcosmetics.eu\/pt-pt\/producto\/mascarilla-de-labios-reviving\/#primaryimage\"},\"image\":{\"@id\":\"https:\/\/namcosmetics.eu\/pt-pt\/producto\/mascarilla-de-labios-reviving\/#primaryimage\"},\"thumbnailUrl\":\"https:\/\/namcosmetics.eu\/wp-content\/uploads\/2023\/02\/US107_5901801677406.jpg\",\"datePublished\":\"2023-02-20T11:15:05+00:00\",\"dateModified\":\"2024-01-03T09:49:13+00:00\",\"breadcrumb\":{\"@id\":\"https:\/\/namcosmetics.eu\/pt-pt\/producto\/mascarilla-de-labios-reviving\/#breadcrumb\"},\"inLanguage\":\"pt-PT\",\"potentialAction\":[{\"@type\":\"ReadAction\",\"target\":[\"https:\/\/namcosmetics.eu\/pt-pt\/producto\/mascarilla-de-labios-reviving\/\"]}]},{\"@type\":\"ImageObject\",\"inLanguage\":\"pt-PT\",\"@id\":\"https:\/\/namcosmetics.eu\/pt-pt\/producto\/mascarilla-de-labios-reviving\/#primaryimage\",\"url\":\"https:\/\/namcosmetics.eu\/wp-content\/uploads\/2023\/02\/US107_5901801677406.jpg\",\"contentUrl\":\"https:\/\/namcosmetics.eu\/wp-content\/uploads\/2023\/02\/US107_5901801677406.jpg\",\"width\":800,\"height\":800},{\"@type\":\"BreadcrumbList\",\"@id\":\"https:\/\/namcosmetics.eu\/pt-pt\/producto\/mascarilla-de-labios-reviving\/#breadcrumb\",\"itemListElement\":[{\"@type\":\"ListItem\",\"position\":1,\"name\":\"Portada\",\"item\":\"https:\/\/namcosmetics.eu\/pt-pt\/\"},{\"@type\":\"ListItem\",\"position\":2,\"name\":\"Tienda\",\"item\":\"https:\/\/namcosmetics.eu\/tienda\/\"},{\"@type\":\"ListItem\",\"position\":3,\"name\":\"M\u00e1scara labial Reviving\u00a0\"}]},{\"@type\":\"WebSite\",\"@id\":\"https:\/\/namcosmetics.eu\/pt-pt\/#website\",\"url\":\"https:\/\/namcosmetics.eu\/pt-pt\/\",\"name\":\"NAM\",\"description\":\"NAM Europe\",\"potentialAction\":[{\"@type\":\"SearchAction\",\"target\":{\"@type\":\"EntryPoint\",\"urlTemplate\":\"https:\/\/namcosmetics.eu\/pt-pt\/?s={search_term_string}\"},\"query-input\":{\"@type\":\"PropertyValueSpecification\",\"valueRequired\":true,\"valueName\":\"search_term_string\"}}],\"inLanguage\":\"pt-PT\"}]}<\/script>\n<!-- \/ Yoast SEO plugin. -->","yoast_head_json":{"title":"M\u00e1scara labial Reviving\u00a0 - NAM","robots":{"index":"index","follow":"follow","max-snippet":"max-snippet:-1","max-image-preview":"max-image-preview:large","max-video-preview":"max-video-preview:-1"},"canonical":"https:\/\/namcosmetics.eu\/pt-pt\/producto\/mascarilla-de-labios-reviving\/","og_locale":"pt_PT","og_type":"article","og_title":"M\u00e1scara labial Reviving\u00a0 - NAM","og_description":"M\u00e1scara labial intensamente  hidratante com manteiga de karit\u00e9. Suaviza, hidrata e remove a aspereza dos  l\u00e1bios. Enriquecido com 7 extractos de plantas: camomila, alca\u00e7uz, alecrim,  Centella asiatica, baicalin, ch\u00e1, nozes japonesas, que juntos formam uma bomba  para acalmar a irrita\u00e7\u00e3o. A composi\u00e7\u00e3o optimizada proporciona um cuidado  eficaz para a pele delicada dos l\u00e1bios.","og_url":"https:\/\/namcosmetics.eu\/pt-pt\/producto\/mascarilla-de-labios-reviving\/","og_site_name":"NAM","article_modified_time":"2024-01-03T09:49:13+00:00","og_image":[{"width":800,"height":800,"url":"https:\/\/namcosmetics.eu\/wp-content\/uploads\/2023\/02\/US107_5901801677406.jpg","type":"image\/jpeg"}],"twitter_card":"summary_large_image","twitter_misc":{"Tempo estimado de leitura":"1 minuto"},"schema":{"@context":"https:\/\/schema.org","@graph":[{"@type":"WebPage","@id":"https:\/\/namcosmetics.eu\/pt-pt\/producto\/mascarilla-de-labios-reviving\/","url":"https:\/\/namcosmetics.eu\/pt-pt\/producto\/mascarilla-de-labios-reviving\/","name":"M\u00e1scara labial Reviving\u00a0 - NAM","isPartOf":{"@id":"https:\/\/namcosmetics.eu\/pt-pt\/#website"},"primaryImageOfPage":{"@id":"https:\/\/namcosmetics.eu\/pt-pt\/producto\/mascarilla-de-labios-reviving\/#primaryimage"},"image":{"@id":"https:\/\/namcosmetics.eu\/pt-pt\/producto\/mascarilla-de-labios-reviving\/#primaryimage"},"thumbnailUrl":"https:\/\/namcosmetics.eu\/wp-content\/uploads\/2023\/02\/US107_5901801677406.jpg","datePublished":"2023-02-20T11:15:05+00:00","dateModified":"2024-01-03T09:49:13+00:00","breadcrumb":{"@id":"https:\/\/namcosmetics.eu\/pt-pt\/producto\/mascarilla-de-labios-reviving\/#breadcrumb"},"inLanguage":"pt-PT","potentialAction":[{"@type":"ReadAction","target":["https:\/\/namcosmetics.eu\/pt-pt\/producto\/mascarilla-de-labios-reviving\/"]}]},{"@type":"ImageObject","inLanguage":"pt-PT","@id":"https:\/\/namcosmetics.eu\/pt-pt\/producto\/mascarilla-de-labios-reviving\/#primaryimage","url":"https:\/\/namcosmetics.eu\/wp-content\/uploads\/2023\/02\/US107_5901801677406.jpg","contentUrl":"https:\/\/namcosmetics.eu\/wp-content\/uploads\/2023\/02\/US107_5901801677406.jpg","width":800,"height":800},{"@type":"BreadcrumbList","@id":"https:\/\/namcosmetics.eu\/pt-pt\/producto\/mascarilla-de-labios-reviving\/#breadcrumb","itemListElement":[{"@type":"ListItem","position":1,"name":"Portada","item":"https:\/\/namcosmetics.eu\/pt-pt\/"},{"@type":"ListItem","position":2,"name":"Tienda","item":"https:\/\/namcosmetics.eu\/tienda\/"},{"@type":"ListItem","position":3,"name":"M\u00e1scara labial Reviving\u00a0"}]},{"@type":"WebSite","@id":"https:\/\/namcosmetics.eu\/pt-pt\/#website","url":"https:\/\/namcosmetics.eu\/pt-pt\/","name":"NAM","description":"NAM Europe","potentialAction":[{"@type":"SearchAction","target":{"@type":"EntryPoint","urlTemplate":"https:\/\/namcosmetics.eu\/pt-pt\/?s={search_term_string}"},"query-input":{"@type":"PropertyValueSpecification","valueRequired":true,"valueName":"search_term_string"}}],"inLanguage":"pt-PT"}]}},"_links":{"self":[{"href":"https:\/\/namcosmetics.eu\/pt-pt\/wp-json\/wp\/v2\/product\/25281"}],"collection":[{"href":"https:\/\/namcosmetics.eu\/pt-pt\/wp-json\/wp\/v2\/product"}],"about":[{"href":"https:\/\/namcosmetics.eu\/pt-pt\/wp-json\/wp\/v2\/types\/product"}],"replies":[{"embeddable":true,"href":"https:\/\/namcosmetics.eu\/pt-pt\/wp-json\/wp\/v2\/comments?post=25281"}],"wp:featuredmedia":[{"embeddable":true,"href":"https:\/\/namcosmetics.eu\/pt-pt\/wp-json\/wp\/v2\/media\/20805"}],"wp:attachment":[{"href":"https:\/\/namcosmetics.eu\/pt-pt\/wp-json\/wp\/v2\/media?parent=25281"}],"wp:term":[{"taxonomy":"product_brand","embeddable":true,"href":"https:\/\/namcosmetics.eu\/pt-pt\/wp-json\/wp\/v2\/product_brand?post=25281"},{"taxonomy":"product_cat","embeddable":true,"href":"https:\/\/namcosmetics.eu\/pt-pt\/wp-json\/wp\/v2\/product_cat?post=25281"},{"taxonomy":"product_tag","embeddable":true,"href":"https:\/\/namcosmetics.eu\/pt-pt\/wp-json\/wp\/v2\/product_tag?post=25281"}],"curies":[{"name":"wp","href":"https:\/\/api.w.org\/{rel}","templated":true}]}}