{"id":25275,"date":"2023-02-20T11:15:07","date_gmt":"2023-02-20T11:15:07","guid":{"rendered":"https:\/\/namcosmetics.eu\/producto\/polvos-minerales-masterpiece\/"},"modified":"2024-01-03T09:48:56","modified_gmt":"2024-01-03T09:48:56","slug":"polvos-minerales-masterpiece","status":"publish","type":"product","link":"https:\/\/namcosmetics.eu\/pt-pt\/producto\/polvos-minerales-masterpiece\/","title":{"rendered":"P\u00f3s Minerais Masterpiece"},"content":{"rendered":"<h4>Como<br \/>\n    utilizar<\/h4>\n<p>Aplicar o produto com um puff ou pincel em todo o<br \/>\n    rosto ou nas \u00e1reas desejadas, por exemplo, a zona T. O p\u00f3 \u00e9 espalhado<br \/>\n  da<br \/>\n    parte superior do rosto para baixo para evitar levantar os p\u00ealos faciais e<br \/>\n  um<br \/>\n    efeito de pele sem<br \/>\n    brilho.<\/p>\n<\/p>\n<h4>Ingredientes<\/h4>\n<p>Talc,<br \/>\n    Silica, Boron Nitride, Caprylic\/Capric Triglyceride, Magnesium<br \/>\n  Stearate,<br \/>\n    Octyldodecyl Stearoyl Stearate, Bis-Diglyceryl Polyacyladipate-1,<br \/>\n  Caprylyl<br \/>\n    Glycol, Ethylhexyl Stearate, Phenoxyethanol, Hexylene Glycol, Parfum,<br \/>\n    Tocopheryl Acetate, Alpha-Isomethyl Ionone, Benzyl Salicylate,<br \/>\n  Coumarin,<br \/>\n    Geraniol, Limonene, Linalool, CI 77891, CI 77492, CI 77491, CI 77499.\n    <\/p>\n","protected":false},"excerpt":{"rendered":"<p>Deixa a pele aveludada ao<br \/>\n  toque e evapora o tom de pele.<\/p>\n","protected":false},"featured_media":21327,"comment_status":"closed","ping_status":"closed","template":"","meta":[],"product_brand":[],"product_cat":[1348],"product_tag":[1361],"class_list":{"0":"post-25275","1":"product","2":"type-product","3":"status-publish","4":"has-post-thumbnail","6":"product_cat-po-pt-pt","7":"product_tag-po","9":"first","10":"instock","11":"shipping-taxable","12":"purchasable","13":"product-type-simple"},"yoast_head":"<!-- This site is optimized with the Yoast SEO plugin v25.0 - https:\/\/yoast.com\/wordpress\/plugins\/seo\/ -->\n<title>P\u00f3s Minerais Masterpiece - NAM<\/title>\n<meta name=\"robots\" content=\"index, follow, max-snippet:-1, max-image-preview:large, max-video-preview:-1\" \/>\n<link rel=\"canonical\" href=\"https:\/\/namcosmetics.eu\/pt-pt\/producto\/polvos-minerales-masterpiece\/\" \/>\n<meta property=\"og:locale\" content=\"pt_PT\" \/>\n<meta property=\"og:type\" content=\"article\" \/>\n<meta property=\"og:title\" content=\"P\u00f3s Minerais Masterpiece - NAM\" \/>\n<meta property=\"og:description\" content=\"Deixa a pele aveludada ao  toque e evapora o tom de pele.\" \/>\n<meta property=\"og:url\" content=\"https:\/\/namcosmetics.eu\/pt-pt\/producto\/polvos-minerales-masterpiece\/\" \/>\n<meta property=\"og:site_name\" content=\"NAM\" \/>\n<meta property=\"article:modified_time\" content=\"2024-01-03T09:48:56+00:00\" \/>\n<meta property=\"og:image\" content=\"https:\/\/namcosmetics.eu\/wp-content\/uploads\/2023\/02\/CE510_5901801677109.jpg\" \/>\n\t<meta property=\"og:image:width\" content=\"800\" \/>\n\t<meta property=\"og:image:height\" content=\"800\" \/>\n\t<meta property=\"og:image:type\" content=\"image\/jpeg\" \/>\n<meta name=\"twitter:card\" content=\"summary_large_image\" \/>\n<script type=\"application\/ld+json\" class=\"yoast-schema-graph\">{\"@context\":\"https:\/\/schema.org\",\"@graph\":[{\"@type\":\"WebPage\",\"@id\":\"https:\/\/namcosmetics.eu\/pt-pt\/producto\/polvos-minerales-masterpiece\/\",\"url\":\"https:\/\/namcosmetics.eu\/pt-pt\/producto\/polvos-minerales-masterpiece\/\",\"name\":\"P\u00f3s Minerais Masterpiece - NAM\",\"isPartOf\":{\"@id\":\"https:\/\/namcosmetics.eu\/pt-pt\/#website\"},\"primaryImageOfPage\":{\"@id\":\"https:\/\/namcosmetics.eu\/pt-pt\/producto\/polvos-minerales-masterpiece\/#primaryimage\"},\"image\":{\"@id\":\"https:\/\/namcosmetics.eu\/pt-pt\/producto\/polvos-minerales-masterpiece\/#primaryimage\"},\"thumbnailUrl\":\"https:\/\/namcosmetics.eu\/wp-content\/uploads\/2023\/02\/CE510_5901801677109.jpg\",\"datePublished\":\"2023-02-20T11:15:07+00:00\",\"dateModified\":\"2024-01-03T09:48:56+00:00\",\"breadcrumb\":{\"@id\":\"https:\/\/namcosmetics.eu\/pt-pt\/producto\/polvos-minerales-masterpiece\/#breadcrumb\"},\"inLanguage\":\"pt-PT\",\"potentialAction\":[{\"@type\":\"ReadAction\",\"target\":[\"https:\/\/namcosmetics.eu\/pt-pt\/producto\/polvos-minerales-masterpiece\/\"]}]},{\"@type\":\"ImageObject\",\"inLanguage\":\"pt-PT\",\"@id\":\"https:\/\/namcosmetics.eu\/pt-pt\/producto\/polvos-minerales-masterpiece\/#primaryimage\",\"url\":\"https:\/\/namcosmetics.eu\/wp-content\/uploads\/2023\/02\/CE510_5901801677109.jpg\",\"contentUrl\":\"https:\/\/namcosmetics.eu\/wp-content\/uploads\/2023\/02\/CE510_5901801677109.jpg\",\"width\":800,\"height\":800},{\"@type\":\"BreadcrumbList\",\"@id\":\"https:\/\/namcosmetics.eu\/pt-pt\/producto\/polvos-minerales-masterpiece\/#breadcrumb\",\"itemListElement\":[{\"@type\":\"ListItem\",\"position\":1,\"name\":\"Portada\",\"item\":\"https:\/\/namcosmetics.eu\/pt-pt\/\"},{\"@type\":\"ListItem\",\"position\":2,\"name\":\"Tienda\",\"item\":\"https:\/\/namcosmetics.eu\/tienda\/\"},{\"@type\":\"ListItem\",\"position\":3,\"name\":\"P\u00f3s Minerais Masterpiece\"}]},{\"@type\":\"WebSite\",\"@id\":\"https:\/\/namcosmetics.eu\/pt-pt\/#website\",\"url\":\"https:\/\/namcosmetics.eu\/pt-pt\/\",\"name\":\"NAM\",\"description\":\"NAM Europe\",\"potentialAction\":[{\"@type\":\"SearchAction\",\"target\":{\"@type\":\"EntryPoint\",\"urlTemplate\":\"https:\/\/namcosmetics.eu\/pt-pt\/?s={search_term_string}\"},\"query-input\":{\"@type\":\"PropertyValueSpecification\",\"valueRequired\":true,\"valueName\":\"search_term_string\"}}],\"inLanguage\":\"pt-PT\"}]}<\/script>\n<!-- \/ Yoast SEO plugin. -->","yoast_head_json":{"title":"P\u00f3s Minerais Masterpiece - NAM","robots":{"index":"index","follow":"follow","max-snippet":"max-snippet:-1","max-image-preview":"max-image-preview:large","max-video-preview":"max-video-preview:-1"},"canonical":"https:\/\/namcosmetics.eu\/pt-pt\/producto\/polvos-minerales-masterpiece\/","og_locale":"pt_PT","og_type":"article","og_title":"P\u00f3s Minerais Masterpiece - NAM","og_description":"Deixa a pele aveludada ao  toque e evapora o tom de pele.","og_url":"https:\/\/namcosmetics.eu\/pt-pt\/producto\/polvos-minerales-masterpiece\/","og_site_name":"NAM","article_modified_time":"2024-01-03T09:48:56+00:00","og_image":[{"width":800,"height":800,"url":"https:\/\/namcosmetics.eu\/wp-content\/uploads\/2023\/02\/CE510_5901801677109.jpg","type":"image\/jpeg"}],"twitter_card":"summary_large_image","schema":{"@context":"https:\/\/schema.org","@graph":[{"@type":"WebPage","@id":"https:\/\/namcosmetics.eu\/pt-pt\/producto\/polvos-minerales-masterpiece\/","url":"https:\/\/namcosmetics.eu\/pt-pt\/producto\/polvos-minerales-masterpiece\/","name":"P\u00f3s Minerais Masterpiece - NAM","isPartOf":{"@id":"https:\/\/namcosmetics.eu\/pt-pt\/#website"},"primaryImageOfPage":{"@id":"https:\/\/namcosmetics.eu\/pt-pt\/producto\/polvos-minerales-masterpiece\/#primaryimage"},"image":{"@id":"https:\/\/namcosmetics.eu\/pt-pt\/producto\/polvos-minerales-masterpiece\/#primaryimage"},"thumbnailUrl":"https:\/\/namcosmetics.eu\/wp-content\/uploads\/2023\/02\/CE510_5901801677109.jpg","datePublished":"2023-02-20T11:15:07+00:00","dateModified":"2024-01-03T09:48:56+00:00","breadcrumb":{"@id":"https:\/\/namcosmetics.eu\/pt-pt\/producto\/polvos-minerales-masterpiece\/#breadcrumb"},"inLanguage":"pt-PT","potentialAction":[{"@type":"ReadAction","target":["https:\/\/namcosmetics.eu\/pt-pt\/producto\/polvos-minerales-masterpiece\/"]}]},{"@type":"ImageObject","inLanguage":"pt-PT","@id":"https:\/\/namcosmetics.eu\/pt-pt\/producto\/polvos-minerales-masterpiece\/#primaryimage","url":"https:\/\/namcosmetics.eu\/wp-content\/uploads\/2023\/02\/CE510_5901801677109.jpg","contentUrl":"https:\/\/namcosmetics.eu\/wp-content\/uploads\/2023\/02\/CE510_5901801677109.jpg","width":800,"height":800},{"@type":"BreadcrumbList","@id":"https:\/\/namcosmetics.eu\/pt-pt\/producto\/polvos-minerales-masterpiece\/#breadcrumb","itemListElement":[{"@type":"ListItem","position":1,"name":"Portada","item":"https:\/\/namcosmetics.eu\/pt-pt\/"},{"@type":"ListItem","position":2,"name":"Tienda","item":"https:\/\/namcosmetics.eu\/tienda\/"},{"@type":"ListItem","position":3,"name":"P\u00f3s Minerais Masterpiece"}]},{"@type":"WebSite","@id":"https:\/\/namcosmetics.eu\/pt-pt\/#website","url":"https:\/\/namcosmetics.eu\/pt-pt\/","name":"NAM","description":"NAM Europe","potentialAction":[{"@type":"SearchAction","target":{"@type":"EntryPoint","urlTemplate":"https:\/\/namcosmetics.eu\/pt-pt\/?s={search_term_string}"},"query-input":{"@type":"PropertyValueSpecification","valueRequired":true,"valueName":"search_term_string"}}],"inLanguage":"pt-PT"}]}},"_links":{"self":[{"href":"https:\/\/namcosmetics.eu\/pt-pt\/wp-json\/wp\/v2\/product\/25275"}],"collection":[{"href":"https:\/\/namcosmetics.eu\/pt-pt\/wp-json\/wp\/v2\/product"}],"about":[{"href":"https:\/\/namcosmetics.eu\/pt-pt\/wp-json\/wp\/v2\/types\/product"}],"replies":[{"embeddable":true,"href":"https:\/\/namcosmetics.eu\/pt-pt\/wp-json\/wp\/v2\/comments?post=25275"}],"wp:featuredmedia":[{"embeddable":true,"href":"https:\/\/namcosmetics.eu\/pt-pt\/wp-json\/wp\/v2\/media\/21327"}],"wp:attachment":[{"href":"https:\/\/namcosmetics.eu\/pt-pt\/wp-json\/wp\/v2\/media?parent=25275"}],"wp:term":[{"taxonomy":"product_brand","embeddable":true,"href":"https:\/\/namcosmetics.eu\/pt-pt\/wp-json\/wp\/v2\/product_brand?post=25275"},{"taxonomy":"product_cat","embeddable":true,"href":"https:\/\/namcosmetics.eu\/pt-pt\/wp-json\/wp\/v2\/product_cat?post=25275"},{"taxonomy":"product_tag","embeddable":true,"href":"https:\/\/namcosmetics.eu\/pt-pt\/wp-json\/wp\/v2\/product_tag?post=25275"}],"curies":[{"name":"wp","href":"https:\/\/api.w.org\/{rel}","templated":true}]}}