{"id":25272,"date":"2023-02-20T11:15:08","date_gmt":"2023-02-20T11:15:08","guid":{"rendered":"https:\/\/namcosmetics.eu\/producto\/polvos-sueltos-satin\/"},"modified":"2024-01-03T09:48:56","modified_gmt":"2024-01-03T09:48:56","slug":"polvos-sueltos-satin","status":"publish","type":"product","link":"https:\/\/namcosmetics.eu\/pt-pt\/producto\/polvos-sueltos-satin\/","title":{"rendered":"P\u00f3 solto Satin\u00a0"},"content":{"rendered":"<p>Dispersa<br \/>\n  la fatiga, alisa e ilumina la tez, dej\u00e1ndola naturalmente sana y<br \/>\n  radiante<br \/>\n    Vegano y Cruelty Free<\/p>\n<h4>Modo de uso<\/h4>\n<p>Aplicar el producto con una borla o una brocha en todo el rostro o<br \/>\n  en en las zonas que desees, por ejemplo, la zona T. Los polvos se extienden<br \/>\n  desde la parte superior del rostro hacia abajo para evitar que se levante el<br \/>\n  vello facial y se vea un efecto de piel apagada.<\/p>\n<h4>Ingredientes<\/h4>\n<p>Talc, Tapioca Starch, Polymethylsilsesquio xane, Magnesium<br \/>\n  Myristate, Dimethicone\/Vinyl Dimethicone<br \/>\n    Crosspolymer, Synthetic Fluorphlogopite, Silica, Mica, Illite, Simmondsia<br \/>\n  Chinensis (Jojoba) Seed Oil, Kaolin,<br \/>\n    Lithothamnium Calcarum Powder, Diatomaceous Earth, Mannitol, Caprylyl<br \/>\n  Glycol, Phenoxyethanol, Hexylene Glycol,<br \/>\n    Parfum, PEG-8, HDI\/Trimethylol Hexyllactone Crosspolymer, Tin Oxide,<br \/>\n  Tocopherol, Ascorbyl Palmitate, Zinc Sulfate,<br \/>\n    Ascorbic Acid, Citric Acid, Linalool, Benzyl Salicylate, Alpha-Isomethyl<br \/>\n  Ionone,<br \/>\n    Limonene, Coumarin, Geraniol, CI 77891, CI 77492, CI 77491, CI<br \/>\n  77499.<\/p>\n","protected":false},"excerpt":{"rendered":"<p>Con SATIN LOOSE POWDER<br \/>\n  recuperar\u00e1s un aspecto fresco y juvenil con s\u00f3lo unos toques estrat\u00e9gicos. Es<br \/>\n  un polvo vegano ligero con un acabado satinado, que puede utilizarse solo o<br \/>\n  como toque final para el acabado del maquillaje. Es maleable y c\u00f3modo de aplicar.<\/p>\n<p>    Enriquecido con la naturaleza, devuelve r\u00e1pidamente el color y la vitalidad<br \/>\n  a la piel. La arcilla regeneradora disimula las antiest\u00e9ticas ojeras y<br \/>\n  dispersa el tono gris de las pieles privadas de sue\u00f1o. Las microalgas<br \/>\n  protectoras con part\u00edculas resaltantes iluminan, resaltan y aportan un brillo<br \/>\n  natural a la tez. El innovador complejo BestFILTERneed en la composici\u00f3n de<br \/>\n  los polvos, proporciona un efecto de enfoque suave en el maquillaje:<br \/>\n  dispersar\u00e1 la fatiga, alisar\u00e1 e iluminar\u00e1 la tez, dej\u00e1ndola naturalmente sana<br \/>\n  y radiante.\u00a0<\/p>\n","protected":false},"featured_media":21339,"comment_status":"closed","ping_status":"closed","template":"","meta":[],"product_brand":[],"product_cat":[1348],"product_tag":[1361],"class_list":{"0":"post-25272","1":"product","2":"type-product","3":"status-publish","4":"has-post-thumbnail","6":"product_cat-po-pt-pt","7":"product_tag-po","9":"first","10":"instock","11":"shipping-taxable","12":"purchasable","13":"product-type-simple"},"yoast_head":"<!-- This site is optimized with the Yoast SEO plugin v25.0 - https:\/\/yoast.com\/wordpress\/plugins\/seo\/ -->\n<title>P\u00f3 solto Satin\u00a0 - NAM<\/title>\n<meta name=\"robots\" content=\"index, follow, max-snippet:-1, max-image-preview:large, max-video-preview:-1\" \/>\n<link rel=\"canonical\" href=\"https:\/\/namcosmetics.eu\/pt-pt\/producto\/polvos-sueltos-satin\/\" \/>\n<meta property=\"og:locale\" content=\"pt_PT\" \/>\n<meta property=\"og:type\" content=\"article\" \/>\n<meta property=\"og:title\" content=\"P\u00f3 solto Satin\u00a0 - NAM\" \/>\n<meta property=\"og:description\" content=\"Con SATIN LOOSE POWDER  recuperar\u00e1s un aspecto fresco y juvenil con s\u00f3lo unos toques estrat\u00e9gicos. Es  un polvo vegano ligero con un acabado satinado, que puede utilizarse solo o  como toque final para el acabado del maquillaje. Es maleable y c\u00f3modo de aplicar.    Enriquecido con la naturaleza, devuelve r\u00e1pidamente el color y la vitalidad  a la piel. La arcilla regeneradora disimula las antiest\u00e9ticas ojeras y  dispersa el tono gris de las pieles privadas de sue\u00f1o. Las microalgas  protectoras con part\u00edculas resaltantes iluminan, resaltan y aportan un brillo  natural a la tez. El innovador complejo BestFILTERneed en la composici\u00f3n de  los polvos, proporciona un efecto de enfoque suave en el maquillaje:  dispersar\u00e1 la fatiga, alisar\u00e1 e iluminar\u00e1 la tez, dej\u00e1ndola naturalmente sana  y radiante.\u00a0\" \/>\n<meta property=\"og:url\" content=\"https:\/\/namcosmetics.eu\/pt-pt\/producto\/polvos-sueltos-satin\/\" \/>\n<meta property=\"og:site_name\" content=\"NAM\" \/>\n<meta property=\"article:modified_time\" content=\"2024-01-03T09:48:56+00:00\" \/>\n<meta property=\"og:image\" content=\"https:\/\/namcosmetics.eu\/wp-content\/uploads\/2023\/02\/CE523_5901801679189.jpg\" \/>\n\t<meta property=\"og:image:width\" content=\"800\" \/>\n\t<meta property=\"og:image:height\" content=\"800\" \/>\n\t<meta property=\"og:image:type\" content=\"image\/jpeg\" \/>\n<meta name=\"twitter:card\" content=\"summary_large_image\" \/>\n<meta name=\"twitter:label1\" content=\"Tempo estimado de leitura\" \/>\n\t<meta name=\"twitter:data1\" content=\"1 minuto\" \/>\n<script type=\"application\/ld+json\" class=\"yoast-schema-graph\">{\"@context\":\"https:\/\/schema.org\",\"@graph\":[{\"@type\":\"WebPage\",\"@id\":\"https:\/\/namcosmetics.eu\/pt-pt\/producto\/polvos-sueltos-satin\/\",\"url\":\"https:\/\/namcosmetics.eu\/pt-pt\/producto\/polvos-sueltos-satin\/\",\"name\":\"P\u00f3 solto Satin\u00a0 - NAM\",\"isPartOf\":{\"@id\":\"https:\/\/namcosmetics.eu\/pt-pt\/#website\"},\"primaryImageOfPage\":{\"@id\":\"https:\/\/namcosmetics.eu\/pt-pt\/producto\/polvos-sueltos-satin\/#primaryimage\"},\"image\":{\"@id\":\"https:\/\/namcosmetics.eu\/pt-pt\/producto\/polvos-sueltos-satin\/#primaryimage\"},\"thumbnailUrl\":\"https:\/\/namcosmetics.eu\/wp-content\/uploads\/2023\/02\/CE523_5901801679189.jpg\",\"datePublished\":\"2023-02-20T11:15:08+00:00\",\"dateModified\":\"2024-01-03T09:48:56+00:00\",\"breadcrumb\":{\"@id\":\"https:\/\/namcosmetics.eu\/pt-pt\/producto\/polvos-sueltos-satin\/#breadcrumb\"},\"inLanguage\":\"pt-PT\",\"potentialAction\":[{\"@type\":\"ReadAction\",\"target\":[\"https:\/\/namcosmetics.eu\/pt-pt\/producto\/polvos-sueltos-satin\/\"]}]},{\"@type\":\"ImageObject\",\"inLanguage\":\"pt-PT\",\"@id\":\"https:\/\/namcosmetics.eu\/pt-pt\/producto\/polvos-sueltos-satin\/#primaryimage\",\"url\":\"https:\/\/namcosmetics.eu\/wp-content\/uploads\/2023\/02\/CE523_5901801679189.jpg\",\"contentUrl\":\"https:\/\/namcosmetics.eu\/wp-content\/uploads\/2023\/02\/CE523_5901801679189.jpg\",\"width\":800,\"height\":800},{\"@type\":\"BreadcrumbList\",\"@id\":\"https:\/\/namcosmetics.eu\/pt-pt\/producto\/polvos-sueltos-satin\/#breadcrumb\",\"itemListElement\":[{\"@type\":\"ListItem\",\"position\":1,\"name\":\"Portada\",\"item\":\"https:\/\/namcosmetics.eu\/pt-pt\/\"},{\"@type\":\"ListItem\",\"position\":2,\"name\":\"Tienda\",\"item\":\"https:\/\/namcosmetics.eu\/tienda\/\"},{\"@type\":\"ListItem\",\"position\":3,\"name\":\"P\u00f3 solto Satin\u00a0\"}]},{\"@type\":\"WebSite\",\"@id\":\"https:\/\/namcosmetics.eu\/pt-pt\/#website\",\"url\":\"https:\/\/namcosmetics.eu\/pt-pt\/\",\"name\":\"NAM\",\"description\":\"NAM Europe\",\"potentialAction\":[{\"@type\":\"SearchAction\",\"target\":{\"@type\":\"EntryPoint\",\"urlTemplate\":\"https:\/\/namcosmetics.eu\/pt-pt\/?s={search_term_string}\"},\"query-input\":{\"@type\":\"PropertyValueSpecification\",\"valueRequired\":true,\"valueName\":\"search_term_string\"}}],\"inLanguage\":\"pt-PT\"}]}<\/script>\n<!-- \/ Yoast SEO plugin. -->","yoast_head_json":{"title":"P\u00f3 solto Satin\u00a0 - NAM","robots":{"index":"index","follow":"follow","max-snippet":"max-snippet:-1","max-image-preview":"max-image-preview:large","max-video-preview":"max-video-preview:-1"},"canonical":"https:\/\/namcosmetics.eu\/pt-pt\/producto\/polvos-sueltos-satin\/","og_locale":"pt_PT","og_type":"article","og_title":"P\u00f3 solto Satin\u00a0 - NAM","og_description":"Con SATIN LOOSE POWDER  recuperar\u00e1s un aspecto fresco y juvenil con s\u00f3lo unos toques estrat\u00e9gicos. Es  un polvo vegano ligero con un acabado satinado, que puede utilizarse solo o  como toque final para el acabado del maquillaje. Es maleable y c\u00f3modo de aplicar.    Enriquecido con la naturaleza, devuelve r\u00e1pidamente el color y la vitalidad  a la piel. La arcilla regeneradora disimula las antiest\u00e9ticas ojeras y  dispersa el tono gris de las pieles privadas de sue\u00f1o. Las microalgas  protectoras con part\u00edculas resaltantes iluminan, resaltan y aportan un brillo  natural a la tez. El innovador complejo BestFILTERneed en la composici\u00f3n de  los polvos, proporciona un efecto de enfoque suave en el maquillaje:  dispersar\u00e1 la fatiga, alisar\u00e1 e iluminar\u00e1 la tez, dej\u00e1ndola naturalmente sana  y radiante.\u00a0","og_url":"https:\/\/namcosmetics.eu\/pt-pt\/producto\/polvos-sueltos-satin\/","og_site_name":"NAM","article_modified_time":"2024-01-03T09:48:56+00:00","og_image":[{"width":800,"height":800,"url":"https:\/\/namcosmetics.eu\/wp-content\/uploads\/2023\/02\/CE523_5901801679189.jpg","type":"image\/jpeg"}],"twitter_card":"summary_large_image","twitter_misc":{"Tempo estimado de leitura":"1 minuto"},"schema":{"@context":"https:\/\/schema.org","@graph":[{"@type":"WebPage","@id":"https:\/\/namcosmetics.eu\/pt-pt\/producto\/polvos-sueltos-satin\/","url":"https:\/\/namcosmetics.eu\/pt-pt\/producto\/polvos-sueltos-satin\/","name":"P\u00f3 solto Satin\u00a0 - NAM","isPartOf":{"@id":"https:\/\/namcosmetics.eu\/pt-pt\/#website"},"primaryImageOfPage":{"@id":"https:\/\/namcosmetics.eu\/pt-pt\/producto\/polvos-sueltos-satin\/#primaryimage"},"image":{"@id":"https:\/\/namcosmetics.eu\/pt-pt\/producto\/polvos-sueltos-satin\/#primaryimage"},"thumbnailUrl":"https:\/\/namcosmetics.eu\/wp-content\/uploads\/2023\/02\/CE523_5901801679189.jpg","datePublished":"2023-02-20T11:15:08+00:00","dateModified":"2024-01-03T09:48:56+00:00","breadcrumb":{"@id":"https:\/\/namcosmetics.eu\/pt-pt\/producto\/polvos-sueltos-satin\/#breadcrumb"},"inLanguage":"pt-PT","potentialAction":[{"@type":"ReadAction","target":["https:\/\/namcosmetics.eu\/pt-pt\/producto\/polvos-sueltos-satin\/"]}]},{"@type":"ImageObject","inLanguage":"pt-PT","@id":"https:\/\/namcosmetics.eu\/pt-pt\/producto\/polvos-sueltos-satin\/#primaryimage","url":"https:\/\/namcosmetics.eu\/wp-content\/uploads\/2023\/02\/CE523_5901801679189.jpg","contentUrl":"https:\/\/namcosmetics.eu\/wp-content\/uploads\/2023\/02\/CE523_5901801679189.jpg","width":800,"height":800},{"@type":"BreadcrumbList","@id":"https:\/\/namcosmetics.eu\/pt-pt\/producto\/polvos-sueltos-satin\/#breadcrumb","itemListElement":[{"@type":"ListItem","position":1,"name":"Portada","item":"https:\/\/namcosmetics.eu\/pt-pt\/"},{"@type":"ListItem","position":2,"name":"Tienda","item":"https:\/\/namcosmetics.eu\/tienda\/"},{"@type":"ListItem","position":3,"name":"P\u00f3 solto Satin\u00a0"}]},{"@type":"WebSite","@id":"https:\/\/namcosmetics.eu\/pt-pt\/#website","url":"https:\/\/namcosmetics.eu\/pt-pt\/","name":"NAM","description":"NAM Europe","potentialAction":[{"@type":"SearchAction","target":{"@type":"EntryPoint","urlTemplate":"https:\/\/namcosmetics.eu\/pt-pt\/?s={search_term_string}"},"query-input":{"@type":"PropertyValueSpecification","valueRequired":true,"valueName":"search_term_string"}}],"inLanguage":"pt-PT"}]}},"_links":{"self":[{"href":"https:\/\/namcosmetics.eu\/pt-pt\/wp-json\/wp\/v2\/product\/25272"}],"collection":[{"href":"https:\/\/namcosmetics.eu\/pt-pt\/wp-json\/wp\/v2\/product"}],"about":[{"href":"https:\/\/namcosmetics.eu\/pt-pt\/wp-json\/wp\/v2\/types\/product"}],"replies":[{"embeddable":true,"href":"https:\/\/namcosmetics.eu\/pt-pt\/wp-json\/wp\/v2\/comments?post=25272"}],"wp:featuredmedia":[{"embeddable":true,"href":"https:\/\/namcosmetics.eu\/pt-pt\/wp-json\/wp\/v2\/media\/21339"}],"wp:attachment":[{"href":"https:\/\/namcosmetics.eu\/pt-pt\/wp-json\/wp\/v2\/media?parent=25272"}],"wp:term":[{"taxonomy":"product_brand","embeddable":true,"href":"https:\/\/namcosmetics.eu\/pt-pt\/wp-json\/wp\/v2\/product_brand?post=25272"},{"taxonomy":"product_cat","embeddable":true,"href":"https:\/\/namcosmetics.eu\/pt-pt\/wp-json\/wp\/v2\/product_cat?post=25272"},{"taxonomy":"product_tag","embeddable":true,"href":"https:\/\/namcosmetics.eu\/pt-pt\/wp-json\/wp\/v2\/product_tag?post=25272"}],"curies":[{"name":"wp","href":"https:\/\/api.w.org\/{rel}","templated":true}]}}