{"id":25244,"date":"2023-02-20T11:15:14","date_gmt":"2023-02-20T11:15:14","guid":{"rendered":"https:\/\/namcosmetics.eu\/producto\/serum-black-rosebotox\/"},"modified":"2024-01-03T09:48:15","modified_gmt":"2024-01-03T09:48:15","slug":"serum-black-rosebotox","status":"publish","type":"product","link":"https:\/\/namcosmetics.eu\/pt-pt\/producto\/serum-black-rosebotox\/","title":{"rendered":"Black Rose&#038;Botox Like Serum"},"content":{"rendered":"<h4>Como<br \/>\n    utilizar<\/h4>\n<p>Aplicar algumas gotas no rosto antes de aplicar o<br \/>\n    hidratante.<\/p>\n<\/p>\n<h4>Ingredientes<\/h4>\n<p>Aqua,<br \/>\n    Glycerin, Pullulan, Propanediol, Polysorbate 20, Phenoxyethanol,<br \/>\n  Sodium<br \/>\n    Hyaluronate, Parfum, Ethylhexylglycerin, Rosa Hybrid Flower Extract,<br \/>\n  Caprylyl<br \/>\n    Glycol, Sodium Benzoate, Potassium Sorbate, Sodium Hydroxide, Acetyl<br \/>\n    Hexapeptide-8, Lactic Acid, Citronellol, Linalool, Geraniol.<\/p>\n","protected":false},"excerpt":{"rendered":"<p>Serum para olheiras com \u00e1cido<br \/>\n  hialur\u00f3nico, extracto de rosa preta, pullulan e pept\u00eddeo anti-rugas. O \u00e1cido<br \/>\n  hialur\u00f3nico promove intensamente a hidrata\u00e7\u00e3o da pele, enquanto que o<br \/>\n  pullulan e o extracto de rosa preta t\u00eam propriedades anti-rugas. Al\u00e9m disso, o<br \/>\n  conte\u00fado de um pept\u00eddeo que imita a toxina botul\u00ednica ajuda a reduzir as<br \/>\n  rugas e aumenta a elasticidade da pele. Para ser usado antes da maquilhagem<br \/>\n  ou \u00e0 noite como um produto de cuidado da pele.<\/p>\n","protected":false},"featured_media":23264,"comment_status":"closed","ping_status":"closed","template":"","meta":[],"product_brand":[],"product_cat":[1351],"product_tag":[],"class_list":{"0":"post-25244","1":"product","2":"type-product","3":"status-publish","4":"has-post-thumbnail","6":"product_cat-tratamentos","8":"first","9":"instock","10":"shipping-taxable","11":"purchasable","12":"product-type-simple"},"yoast_head":"<!-- This site is optimized with the Yoast SEO plugin v25.0 - https:\/\/yoast.com\/wordpress\/plugins\/seo\/ -->\n<title>Black Rose&amp;Botox Like Serum - NAM<\/title>\n<meta name=\"robots\" content=\"index, follow, max-snippet:-1, max-image-preview:large, max-video-preview:-1\" \/>\n<link rel=\"canonical\" href=\"https:\/\/namcosmetics.eu\/pt-pt\/producto\/serum-black-rosebotox\/\" \/>\n<meta property=\"og:locale\" content=\"pt_PT\" \/>\n<meta property=\"og:type\" content=\"article\" \/>\n<meta property=\"og:title\" content=\"Black Rose&amp;Botox Like Serum - NAM\" \/>\n<meta property=\"og:description\" content=\"Serum para olheiras com \u00e1cido  hialur\u00f3nico, extracto de rosa preta, pullulan e pept\u00eddeo anti-rugas. O \u00e1cido  hialur\u00f3nico promove intensamente a hidrata\u00e7\u00e3o da pele, enquanto que o  pullulan e o extracto de rosa preta t\u00eam propriedades anti-rugas. Al\u00e9m disso, o  conte\u00fado de um pept\u00eddeo que imita a toxina botul\u00ednica ajuda a reduzir as  rugas e aumenta a elasticidade da pele. Para ser usado antes da maquilhagem  ou \u00e0 noite como um produto de cuidado da pele.\" \/>\n<meta property=\"og:url\" content=\"https:\/\/namcosmetics.eu\/pt-pt\/producto\/serum-black-rosebotox\/\" \/>\n<meta property=\"og:site_name\" content=\"NAM\" \/>\n<meta property=\"article:modified_time\" content=\"2024-01-03T09:48:15+00:00\" \/>\n<meta property=\"og:image\" content=\"https:\/\/namcosmetics.eu\/wp-content\/uploads\/2023\/02\/OC596_5901801686972-1.jpg\" \/>\n\t<meta property=\"og:image:width\" content=\"800\" \/>\n\t<meta property=\"og:image:height\" content=\"800\" \/>\n\t<meta property=\"og:image:type\" content=\"image\/jpeg\" \/>\n<meta name=\"twitter:card\" content=\"summary_large_image\" \/>\n<meta name=\"twitter:label1\" content=\"Tempo estimado de leitura\" \/>\n\t<meta name=\"twitter:data1\" content=\"1 minuto\" \/>\n<script type=\"application\/ld+json\" class=\"yoast-schema-graph\">{\"@context\":\"https:\/\/schema.org\",\"@graph\":[{\"@type\":\"WebPage\",\"@id\":\"https:\/\/namcosmetics.eu\/pt-pt\/producto\/serum-black-rosebotox\/\",\"url\":\"https:\/\/namcosmetics.eu\/pt-pt\/producto\/serum-black-rosebotox\/\",\"name\":\"Black Rose&Botox Like Serum - NAM\",\"isPartOf\":{\"@id\":\"https:\/\/namcosmetics.eu\/pt-pt\/#website\"},\"primaryImageOfPage\":{\"@id\":\"https:\/\/namcosmetics.eu\/pt-pt\/producto\/serum-black-rosebotox\/#primaryimage\"},\"image\":{\"@id\":\"https:\/\/namcosmetics.eu\/pt-pt\/producto\/serum-black-rosebotox\/#primaryimage\"},\"thumbnailUrl\":\"https:\/\/namcosmetics.eu\/wp-content\/uploads\/2023\/02\/OC596_5901801686972-1.jpg\",\"datePublished\":\"2023-02-20T11:15:14+00:00\",\"dateModified\":\"2024-01-03T09:48:15+00:00\",\"breadcrumb\":{\"@id\":\"https:\/\/namcosmetics.eu\/pt-pt\/producto\/serum-black-rosebotox\/#breadcrumb\"},\"inLanguage\":\"pt-PT\",\"potentialAction\":[{\"@type\":\"ReadAction\",\"target\":[\"https:\/\/namcosmetics.eu\/pt-pt\/producto\/serum-black-rosebotox\/\"]}]},{\"@type\":\"ImageObject\",\"inLanguage\":\"pt-PT\",\"@id\":\"https:\/\/namcosmetics.eu\/pt-pt\/producto\/serum-black-rosebotox\/#primaryimage\",\"url\":\"https:\/\/namcosmetics.eu\/wp-content\/uploads\/2023\/02\/OC596_5901801686972-1.jpg\",\"contentUrl\":\"https:\/\/namcosmetics.eu\/wp-content\/uploads\/2023\/02\/OC596_5901801686972-1.jpg\",\"width\":800,\"height\":800},{\"@type\":\"BreadcrumbList\",\"@id\":\"https:\/\/namcosmetics.eu\/pt-pt\/producto\/serum-black-rosebotox\/#breadcrumb\",\"itemListElement\":[{\"@type\":\"ListItem\",\"position\":1,\"name\":\"Portada\",\"item\":\"https:\/\/namcosmetics.eu\/pt-pt\/\"},{\"@type\":\"ListItem\",\"position\":2,\"name\":\"Tienda\",\"item\":\"https:\/\/namcosmetics.eu\/tienda\/\"},{\"@type\":\"ListItem\",\"position\":3,\"name\":\"Black Rose&#038;Botox Like Serum\"}]},{\"@type\":\"WebSite\",\"@id\":\"https:\/\/namcosmetics.eu\/pt-pt\/#website\",\"url\":\"https:\/\/namcosmetics.eu\/pt-pt\/\",\"name\":\"NAM\",\"description\":\"NAM Europe\",\"potentialAction\":[{\"@type\":\"SearchAction\",\"target\":{\"@type\":\"EntryPoint\",\"urlTemplate\":\"https:\/\/namcosmetics.eu\/pt-pt\/?s={search_term_string}\"},\"query-input\":{\"@type\":\"PropertyValueSpecification\",\"valueRequired\":true,\"valueName\":\"search_term_string\"}}],\"inLanguage\":\"pt-PT\"}]}<\/script>\n<!-- \/ Yoast SEO plugin. -->","yoast_head_json":{"title":"Black Rose&Botox Like Serum - NAM","robots":{"index":"index","follow":"follow","max-snippet":"max-snippet:-1","max-image-preview":"max-image-preview:large","max-video-preview":"max-video-preview:-1"},"canonical":"https:\/\/namcosmetics.eu\/pt-pt\/producto\/serum-black-rosebotox\/","og_locale":"pt_PT","og_type":"article","og_title":"Black Rose&Botox Like Serum - NAM","og_description":"Serum para olheiras com \u00e1cido  hialur\u00f3nico, extracto de rosa preta, pullulan e pept\u00eddeo anti-rugas. O \u00e1cido  hialur\u00f3nico promove intensamente a hidrata\u00e7\u00e3o da pele, enquanto que o  pullulan e o extracto de rosa preta t\u00eam propriedades anti-rugas. Al\u00e9m disso, o  conte\u00fado de um pept\u00eddeo que imita a toxina botul\u00ednica ajuda a reduzir as  rugas e aumenta a elasticidade da pele. Para ser usado antes da maquilhagem  ou \u00e0 noite como um produto de cuidado da pele.","og_url":"https:\/\/namcosmetics.eu\/pt-pt\/producto\/serum-black-rosebotox\/","og_site_name":"NAM","article_modified_time":"2024-01-03T09:48:15+00:00","og_image":[{"width":800,"height":800,"url":"https:\/\/namcosmetics.eu\/wp-content\/uploads\/2023\/02\/OC596_5901801686972-1.jpg","type":"image\/jpeg"}],"twitter_card":"summary_large_image","twitter_misc":{"Tempo estimado de leitura":"1 minuto"},"schema":{"@context":"https:\/\/schema.org","@graph":[{"@type":"WebPage","@id":"https:\/\/namcosmetics.eu\/pt-pt\/producto\/serum-black-rosebotox\/","url":"https:\/\/namcosmetics.eu\/pt-pt\/producto\/serum-black-rosebotox\/","name":"Black Rose&Botox Like Serum - NAM","isPartOf":{"@id":"https:\/\/namcosmetics.eu\/pt-pt\/#website"},"primaryImageOfPage":{"@id":"https:\/\/namcosmetics.eu\/pt-pt\/producto\/serum-black-rosebotox\/#primaryimage"},"image":{"@id":"https:\/\/namcosmetics.eu\/pt-pt\/producto\/serum-black-rosebotox\/#primaryimage"},"thumbnailUrl":"https:\/\/namcosmetics.eu\/wp-content\/uploads\/2023\/02\/OC596_5901801686972-1.jpg","datePublished":"2023-02-20T11:15:14+00:00","dateModified":"2024-01-03T09:48:15+00:00","breadcrumb":{"@id":"https:\/\/namcosmetics.eu\/pt-pt\/producto\/serum-black-rosebotox\/#breadcrumb"},"inLanguage":"pt-PT","potentialAction":[{"@type":"ReadAction","target":["https:\/\/namcosmetics.eu\/pt-pt\/producto\/serum-black-rosebotox\/"]}]},{"@type":"ImageObject","inLanguage":"pt-PT","@id":"https:\/\/namcosmetics.eu\/pt-pt\/producto\/serum-black-rosebotox\/#primaryimage","url":"https:\/\/namcosmetics.eu\/wp-content\/uploads\/2023\/02\/OC596_5901801686972-1.jpg","contentUrl":"https:\/\/namcosmetics.eu\/wp-content\/uploads\/2023\/02\/OC596_5901801686972-1.jpg","width":800,"height":800},{"@type":"BreadcrumbList","@id":"https:\/\/namcosmetics.eu\/pt-pt\/producto\/serum-black-rosebotox\/#breadcrumb","itemListElement":[{"@type":"ListItem","position":1,"name":"Portada","item":"https:\/\/namcosmetics.eu\/pt-pt\/"},{"@type":"ListItem","position":2,"name":"Tienda","item":"https:\/\/namcosmetics.eu\/tienda\/"},{"@type":"ListItem","position":3,"name":"Black Rose&#038;Botox Like Serum"}]},{"@type":"WebSite","@id":"https:\/\/namcosmetics.eu\/pt-pt\/#website","url":"https:\/\/namcosmetics.eu\/pt-pt\/","name":"NAM","description":"NAM Europe","potentialAction":[{"@type":"SearchAction","target":{"@type":"EntryPoint","urlTemplate":"https:\/\/namcosmetics.eu\/pt-pt\/?s={search_term_string}"},"query-input":{"@type":"PropertyValueSpecification","valueRequired":true,"valueName":"search_term_string"}}],"inLanguage":"pt-PT"}]}},"_links":{"self":[{"href":"https:\/\/namcosmetics.eu\/pt-pt\/wp-json\/wp\/v2\/product\/25244"}],"collection":[{"href":"https:\/\/namcosmetics.eu\/pt-pt\/wp-json\/wp\/v2\/product"}],"about":[{"href":"https:\/\/namcosmetics.eu\/pt-pt\/wp-json\/wp\/v2\/types\/product"}],"replies":[{"embeddable":true,"href":"https:\/\/namcosmetics.eu\/pt-pt\/wp-json\/wp\/v2\/comments?post=25244"}],"wp:featuredmedia":[{"embeddable":true,"href":"https:\/\/namcosmetics.eu\/pt-pt\/wp-json\/wp\/v2\/media\/23264"}],"wp:attachment":[{"href":"https:\/\/namcosmetics.eu\/pt-pt\/wp-json\/wp\/v2\/media?parent=25244"}],"wp:term":[{"taxonomy":"product_brand","embeddable":true,"href":"https:\/\/namcosmetics.eu\/pt-pt\/wp-json\/wp\/v2\/product_brand?post=25244"},{"taxonomy":"product_cat","embeddable":true,"href":"https:\/\/namcosmetics.eu\/pt-pt\/wp-json\/wp\/v2\/product_cat?post=25244"},{"taxonomy":"product_tag","embeddable":true,"href":"https:\/\/namcosmetics.eu\/pt-pt\/wp-json\/wp\/v2\/product_tag?post=25244"}],"curies":[{"name":"wp","href":"https:\/\/api.w.org\/{rel}","templated":true}]}}