{"id":25237,"date":"2023-02-20T11:15:15","date_gmt":"2023-02-20T11:15:15","guid":{"rendered":"https:\/\/namcosmetics.eu\/producto\/bruma-facial-prebiotic\/"},"modified":"2024-01-03T09:48:07","modified_gmt":"2024-01-03T09:48:07","slug":"bruma-facial-prebiotic","status":"publish","type":"product","link":"https:\/\/namcosmetics.eu\/pt-pt\/producto\/bruma-facial-prebiotic\/","title":{"rendered":"Prebiotic Face Mist"},"content":{"rendered":"<h4>Como<br \/>\n    utilizar<\/h4>\n<p>Segurando o frasco a 25-3 cm do rosto, pulverize<br \/>\n    a n\u00e9voa uniformemente no rosto. Espere que seque. Desfrute de um<br \/>\n  aspecto<br \/>\n    impec\u00e1vel durante muito<br \/>\n    tempo.<\/p>\n<\/p>\n<h4>Ingredientes<\/h4>\n<p>Ingredients:<br \/>\n    Aqua, Glycerin, Propanediol, Inulin, Phenoxyethanol, Polysorbate 20,<br \/>\n  Sea<br \/>\n    Water, Fructose, Hydrolyzed Caesalpinia Spinosa Gum,<br \/>\n  Ethylhexylglycerin,<br \/>\n    Dipotassium Glycyrrhizate, Parfum, Lactic Acid, Caesalpinia Spinosa<br \/>\n  Gum,<br \/>\n    Sodium Benzoate, Potassium Sorbate, Sodium Hydroxide, Citronellol,<br \/>\n  Linalool,<br \/>\n    Geraniol.<\/p>\n","protected":false},"excerpt":{"rendered":"<p>A bruma facial prebi\u00f3tica \u00e9<br \/>\n  composta por 98% de ingredientes naturais*. \u00c9 uma n\u00e9voa hidratante com um<br \/>\n  prebi\u00f3tico que tem um efeito ben\u00e9fico sobre a pele ao manter o seu equil\u00edbrio<br \/>\n  microbiol\u00f3gico natural. Refor\u00e7a a barreira protectora da pele, tornando-a resistente<br \/>\n  a factores externos. O \u00e1cido glicirr\u00edzico contido no produto regula a<br \/>\n  secre\u00e7\u00e3o seb\u00e1cea, e a adi\u00e7\u00e3o de \u00e1gua do mar fornece \u00e0 pele os minerais<br \/>\n  necess\u00e1rios.\u00a0<\/p>\n","protected":false},"featured_media":22201,"comment_status":"closed","ping_status":"closed","template":"","meta":[],"product_brand":[],"product_cat":[1346],"product_tag":[],"class_list":{"0":"post-25237","1":"product","2":"type-product","3":"status-publish","4":"has-post-thumbnail","6":"product_cat-fixador","8":"first","9":"instock","10":"shipping-taxable","11":"purchasable","12":"product-type-simple"},"yoast_head":"<!-- This site is optimized with the Yoast SEO plugin v25.0 - https:\/\/yoast.com\/wordpress\/plugins\/seo\/ -->\n<title>Prebiotic Face Mist - NAM<\/title>\n<meta name=\"robots\" content=\"index, follow, max-snippet:-1, max-image-preview:large, max-video-preview:-1\" \/>\n<link rel=\"canonical\" href=\"https:\/\/namcosmetics.eu\/pt-pt\/producto\/bruma-facial-prebiotic\/\" \/>\n<meta property=\"og:locale\" content=\"pt_PT\" \/>\n<meta property=\"og:type\" content=\"article\" \/>\n<meta property=\"og:title\" content=\"Prebiotic Face Mist - NAM\" \/>\n<meta property=\"og:description\" content=\"A bruma facial prebi\u00f3tica \u00e9  composta por 98% de ingredientes naturais*. \u00c9 uma n\u00e9voa hidratante com um  prebi\u00f3tico que tem um efeito ben\u00e9fico sobre a pele ao manter o seu equil\u00edbrio  microbiol\u00f3gico natural. Refor\u00e7a a barreira protectora da pele, tornando-a resistente  a factores externos. O \u00e1cido glicirr\u00edzico contido no produto regula a  secre\u00e7\u00e3o seb\u00e1cea, e a adi\u00e7\u00e3o de \u00e1gua do mar fornece \u00e0 pele os minerais  necess\u00e1rios.\u00a0\" \/>\n<meta property=\"og:url\" content=\"https:\/\/namcosmetics.eu\/pt-pt\/producto\/bruma-facial-prebiotic\/\" \/>\n<meta property=\"og:site_name\" content=\"NAM\" \/>\n<meta property=\"article:modified_time\" content=\"2024-01-03T09:48:07+00:00\" \/>\n<meta property=\"og:image\" content=\"https:\/\/namcosmetics.eu\/wp-content\/uploads\/2023\/02\/CE445_5901801698913.jpg\" \/>\n\t<meta property=\"og:image:width\" content=\"800\" \/>\n\t<meta property=\"og:image:height\" content=\"800\" \/>\n\t<meta property=\"og:image:type\" content=\"image\/jpeg\" \/>\n<meta name=\"twitter:card\" content=\"summary_large_image\" \/>\n<script type=\"application\/ld+json\" class=\"yoast-schema-graph\">{\"@context\":\"https:\/\/schema.org\",\"@graph\":[{\"@type\":\"WebPage\",\"@id\":\"https:\/\/namcosmetics.eu\/pt-pt\/producto\/bruma-facial-prebiotic\/\",\"url\":\"https:\/\/namcosmetics.eu\/pt-pt\/producto\/bruma-facial-prebiotic\/\",\"name\":\"Prebiotic Face Mist - NAM\",\"isPartOf\":{\"@id\":\"https:\/\/namcosmetics.eu\/pt-pt\/#website\"},\"primaryImageOfPage\":{\"@id\":\"https:\/\/namcosmetics.eu\/pt-pt\/producto\/bruma-facial-prebiotic\/#primaryimage\"},\"image\":{\"@id\":\"https:\/\/namcosmetics.eu\/pt-pt\/producto\/bruma-facial-prebiotic\/#primaryimage\"},\"thumbnailUrl\":\"https:\/\/namcosmetics.eu\/wp-content\/uploads\/2023\/02\/CE445_5901801698913.jpg\",\"datePublished\":\"2023-02-20T11:15:15+00:00\",\"dateModified\":\"2024-01-03T09:48:07+00:00\",\"breadcrumb\":{\"@id\":\"https:\/\/namcosmetics.eu\/pt-pt\/producto\/bruma-facial-prebiotic\/#breadcrumb\"},\"inLanguage\":\"pt-PT\",\"potentialAction\":[{\"@type\":\"ReadAction\",\"target\":[\"https:\/\/namcosmetics.eu\/pt-pt\/producto\/bruma-facial-prebiotic\/\"]}]},{\"@type\":\"ImageObject\",\"inLanguage\":\"pt-PT\",\"@id\":\"https:\/\/namcosmetics.eu\/pt-pt\/producto\/bruma-facial-prebiotic\/#primaryimage\",\"url\":\"https:\/\/namcosmetics.eu\/wp-content\/uploads\/2023\/02\/CE445_5901801698913.jpg\",\"contentUrl\":\"https:\/\/namcosmetics.eu\/wp-content\/uploads\/2023\/02\/CE445_5901801698913.jpg\",\"width\":800,\"height\":800},{\"@type\":\"BreadcrumbList\",\"@id\":\"https:\/\/namcosmetics.eu\/pt-pt\/producto\/bruma-facial-prebiotic\/#breadcrumb\",\"itemListElement\":[{\"@type\":\"ListItem\",\"position\":1,\"name\":\"Portada\",\"item\":\"https:\/\/namcosmetics.eu\/pt-pt\/\"},{\"@type\":\"ListItem\",\"position\":2,\"name\":\"Tienda\",\"item\":\"https:\/\/namcosmetics.eu\/tienda\/\"},{\"@type\":\"ListItem\",\"position\":3,\"name\":\"Prebiotic Face Mist\"}]},{\"@type\":\"WebSite\",\"@id\":\"https:\/\/namcosmetics.eu\/pt-pt\/#website\",\"url\":\"https:\/\/namcosmetics.eu\/pt-pt\/\",\"name\":\"NAM\",\"description\":\"NAM Europe\",\"potentialAction\":[{\"@type\":\"SearchAction\",\"target\":{\"@type\":\"EntryPoint\",\"urlTemplate\":\"https:\/\/namcosmetics.eu\/pt-pt\/?s={search_term_string}\"},\"query-input\":{\"@type\":\"PropertyValueSpecification\",\"valueRequired\":true,\"valueName\":\"search_term_string\"}}],\"inLanguage\":\"pt-PT\"}]}<\/script>\n<!-- \/ Yoast SEO plugin. -->","yoast_head_json":{"title":"Prebiotic Face Mist - NAM","robots":{"index":"index","follow":"follow","max-snippet":"max-snippet:-1","max-image-preview":"max-image-preview:large","max-video-preview":"max-video-preview:-1"},"canonical":"https:\/\/namcosmetics.eu\/pt-pt\/producto\/bruma-facial-prebiotic\/","og_locale":"pt_PT","og_type":"article","og_title":"Prebiotic Face Mist - NAM","og_description":"A bruma facial prebi\u00f3tica \u00e9  composta por 98% de ingredientes naturais*. \u00c9 uma n\u00e9voa hidratante com um  prebi\u00f3tico que tem um efeito ben\u00e9fico sobre a pele ao manter o seu equil\u00edbrio  microbiol\u00f3gico natural. Refor\u00e7a a barreira protectora da pele, tornando-a resistente  a factores externos. O \u00e1cido glicirr\u00edzico contido no produto regula a  secre\u00e7\u00e3o seb\u00e1cea, e a adi\u00e7\u00e3o de \u00e1gua do mar fornece \u00e0 pele os minerais  necess\u00e1rios.\u00a0","og_url":"https:\/\/namcosmetics.eu\/pt-pt\/producto\/bruma-facial-prebiotic\/","og_site_name":"NAM","article_modified_time":"2024-01-03T09:48:07+00:00","og_image":[{"width":800,"height":800,"url":"https:\/\/namcosmetics.eu\/wp-content\/uploads\/2023\/02\/CE445_5901801698913.jpg","type":"image\/jpeg"}],"twitter_card":"summary_large_image","schema":{"@context":"https:\/\/schema.org","@graph":[{"@type":"WebPage","@id":"https:\/\/namcosmetics.eu\/pt-pt\/producto\/bruma-facial-prebiotic\/","url":"https:\/\/namcosmetics.eu\/pt-pt\/producto\/bruma-facial-prebiotic\/","name":"Prebiotic Face Mist - NAM","isPartOf":{"@id":"https:\/\/namcosmetics.eu\/pt-pt\/#website"},"primaryImageOfPage":{"@id":"https:\/\/namcosmetics.eu\/pt-pt\/producto\/bruma-facial-prebiotic\/#primaryimage"},"image":{"@id":"https:\/\/namcosmetics.eu\/pt-pt\/producto\/bruma-facial-prebiotic\/#primaryimage"},"thumbnailUrl":"https:\/\/namcosmetics.eu\/wp-content\/uploads\/2023\/02\/CE445_5901801698913.jpg","datePublished":"2023-02-20T11:15:15+00:00","dateModified":"2024-01-03T09:48:07+00:00","breadcrumb":{"@id":"https:\/\/namcosmetics.eu\/pt-pt\/producto\/bruma-facial-prebiotic\/#breadcrumb"},"inLanguage":"pt-PT","potentialAction":[{"@type":"ReadAction","target":["https:\/\/namcosmetics.eu\/pt-pt\/producto\/bruma-facial-prebiotic\/"]}]},{"@type":"ImageObject","inLanguage":"pt-PT","@id":"https:\/\/namcosmetics.eu\/pt-pt\/producto\/bruma-facial-prebiotic\/#primaryimage","url":"https:\/\/namcosmetics.eu\/wp-content\/uploads\/2023\/02\/CE445_5901801698913.jpg","contentUrl":"https:\/\/namcosmetics.eu\/wp-content\/uploads\/2023\/02\/CE445_5901801698913.jpg","width":800,"height":800},{"@type":"BreadcrumbList","@id":"https:\/\/namcosmetics.eu\/pt-pt\/producto\/bruma-facial-prebiotic\/#breadcrumb","itemListElement":[{"@type":"ListItem","position":1,"name":"Portada","item":"https:\/\/namcosmetics.eu\/pt-pt\/"},{"@type":"ListItem","position":2,"name":"Tienda","item":"https:\/\/namcosmetics.eu\/tienda\/"},{"@type":"ListItem","position":3,"name":"Prebiotic Face Mist"}]},{"@type":"WebSite","@id":"https:\/\/namcosmetics.eu\/pt-pt\/#website","url":"https:\/\/namcosmetics.eu\/pt-pt\/","name":"NAM","description":"NAM Europe","potentialAction":[{"@type":"SearchAction","target":{"@type":"EntryPoint","urlTemplate":"https:\/\/namcosmetics.eu\/pt-pt\/?s={search_term_string}"},"query-input":{"@type":"PropertyValueSpecification","valueRequired":true,"valueName":"search_term_string"}}],"inLanguage":"pt-PT"}]}},"_links":{"self":[{"href":"https:\/\/namcosmetics.eu\/pt-pt\/wp-json\/wp\/v2\/product\/25237"}],"collection":[{"href":"https:\/\/namcosmetics.eu\/pt-pt\/wp-json\/wp\/v2\/product"}],"about":[{"href":"https:\/\/namcosmetics.eu\/pt-pt\/wp-json\/wp\/v2\/types\/product"}],"replies":[{"embeddable":true,"href":"https:\/\/namcosmetics.eu\/pt-pt\/wp-json\/wp\/v2\/comments?post=25237"}],"wp:featuredmedia":[{"embeddable":true,"href":"https:\/\/namcosmetics.eu\/pt-pt\/wp-json\/wp\/v2\/media\/22201"}],"wp:attachment":[{"href":"https:\/\/namcosmetics.eu\/pt-pt\/wp-json\/wp\/v2\/media?parent=25237"}],"wp:term":[{"taxonomy":"product_brand","embeddable":true,"href":"https:\/\/namcosmetics.eu\/pt-pt\/wp-json\/wp\/v2\/product_brand?post=25237"},{"taxonomy":"product_cat","embeddable":true,"href":"https:\/\/namcosmetics.eu\/pt-pt\/wp-json\/wp\/v2\/product_cat?post=25237"},{"taxonomy":"product_tag","embeddable":true,"href":"https:\/\/namcosmetics.eu\/pt-pt\/wp-json\/wp\/v2\/product_tag?post=25237"}],"curies":[{"name":"wp","href":"https:\/\/api.w.org\/{rel}","templated":true}]}}