{"id":25219,"date":"2023-02-20T11:16:06","date_gmt":"2023-02-20T11:16:06","guid":{"rendered":"https:\/\/namcosmetics.eu\/producto\/base-de-maquillaje-smart-flawless-01n-swan\/"},"modified":"2024-01-03T09:57:25","modified_gmt":"2024-01-03T09:57:25","slug":"base-de-maquillaje-smart-flawless-01n-swan","status":"publish","type":"product","link":"https:\/\/namcosmetics.eu\/pt-pt\/producto\/base-de-maquillaje-smart-flawless-01n-swan\/","title":{"rendered":"Base de Maquilhagem Smart Flawless\u00a0 01N &#8211; Swan"},"content":{"rendered":"<h4>Modo<br \/>\n  de uso<\/h4>\n<p>Hidratar e preparar a pele. Recomenda-se a utiliza\u00e7\u00e3o de um<br \/>\n  primer para melhorar a ader\u00eancia e a durabilidade da maquilhagem. Em seguida,<br \/>\n  aplicar a base em todo o rosto com um pincel ou uma esponja.<br \/>\n    tiene men\u00fa contextual<\/p>\n","protected":false},"excerpt":{"rendered":"<p>Uma nova gera\u00e7\u00e3o de bases<br \/>\n  inteligentes com caviar vegan, \u00e1gua do Atl\u00e2ntico e extracto de arroz<br \/>\n  condicionado. Consegue uma pele saud\u00e1vel e hidratada, dando-lhe um efeito<br \/>\n  mate luminoso. A base evapora e suaviza perfeitamente a pele, deixando-a<br \/>\n  maravilhosamente macia. Uma f\u00f3rmula moderna, sem \u00f3leo, rica em nutrientes,<br \/>\n  com cobertura m\u00e9dia que pode ser modulada para uma maior cobertura. A base \u00e9<br \/>\n  resistente \u00e0 humidade, fric\u00e7\u00e3o e transpira\u00e7\u00e3o &#8211; perfeita para todos os tipos<br \/>\n  de pele! Dispon\u00edvel em 8 tonalidades.<\/p>\n","protected":false},"featured_media":22087,"comment_status":"closed","ping_status":"closed","template":"","meta":[],"product_brand":[],"product_cat":[1342],"product_tag":[],"class_list":{"0":"post-25219","1":"product","2":"type-product","3":"status-publish","4":"has-post-thumbnail","6":"product_cat-base-pt-pt","8":"first","9":"instock","10":"shipping-taxable","11":"purchasable","12":"product-type-variable"},"yoast_head":"<!-- This site is optimized with the Yoast SEO plugin v25.0 - https:\/\/yoast.com\/wordpress\/plugins\/seo\/ -->\n<title>Base de Maquilhagem Smart Flawless\u00a0 01N - Swan - NAM<\/title>\n<meta name=\"robots\" content=\"index, follow, max-snippet:-1, max-image-preview:large, max-video-preview:-1\" \/>\n<link rel=\"canonical\" href=\"https:\/\/namcosmetics.eu\/pt-pt\/producto\/base-de-maquillaje-smart-flawless-01n-swan\/\" \/>\n<meta property=\"og:locale\" content=\"pt_PT\" \/>\n<meta property=\"og:type\" content=\"article\" \/>\n<meta property=\"og:title\" content=\"Base de Maquilhagem Smart Flawless\u00a0 01N - Swan - NAM\" \/>\n<meta property=\"og:description\" content=\"Uma nova gera\u00e7\u00e3o de bases  inteligentes com caviar vegan, \u00e1gua do Atl\u00e2ntico e extracto de arroz  condicionado. Consegue uma pele saud\u00e1vel e hidratada, dando-lhe um efeito  mate luminoso. A base evapora e suaviza perfeitamente a pele, deixando-a  maravilhosamente macia. Uma f\u00f3rmula moderna, sem \u00f3leo, rica em nutrientes,  com cobertura m\u00e9dia que pode ser modulada para uma maior cobertura. A base \u00e9  resistente \u00e0 humidade, fric\u00e7\u00e3o e transpira\u00e7\u00e3o - perfeita para todos os tipos  de pele! Dispon\u00edvel em 8 tonalidades.\" \/>\n<meta property=\"og:url\" content=\"https:\/\/namcosmetics.eu\/pt-pt\/producto\/base-de-maquillaje-smart-flawless-01n-swan\/\" \/>\n<meta property=\"og:site_name\" content=\"NAM\" \/>\n<meta property=\"article:modified_time\" content=\"2024-01-03T09:57:25+00:00\" \/>\n<meta property=\"og:image\" content=\"https:\/\/namcosmetics.eu\/wp-content\/uploads\/2023\/02\/CE149N1_5901801656791.jpg\" \/>\n\t<meta property=\"og:image:width\" content=\"800\" \/>\n\t<meta property=\"og:image:height\" content=\"800\" \/>\n\t<meta property=\"og:image:type\" content=\"image\/jpeg\" \/>\n<meta name=\"twitter:card\" content=\"summary_large_image\" \/>\n<script type=\"application\/ld+json\" class=\"yoast-schema-graph\">{\"@context\":\"https:\/\/schema.org\",\"@graph\":[{\"@type\":\"WebPage\",\"@id\":\"https:\/\/namcosmetics.eu\/pt-pt\/producto\/base-de-maquillaje-smart-flawless-01n-swan\/\",\"url\":\"https:\/\/namcosmetics.eu\/pt-pt\/producto\/base-de-maquillaje-smart-flawless-01n-swan\/\",\"name\":\"Base de Maquilhagem Smart Flawless\u00a0 01N - Swan - NAM\",\"isPartOf\":{\"@id\":\"https:\/\/namcosmetics.eu\/pt-pt\/#website\"},\"primaryImageOfPage\":{\"@id\":\"https:\/\/namcosmetics.eu\/pt-pt\/producto\/base-de-maquillaje-smart-flawless-01n-swan\/#primaryimage\"},\"image\":{\"@id\":\"https:\/\/namcosmetics.eu\/pt-pt\/producto\/base-de-maquillaje-smart-flawless-01n-swan\/#primaryimage\"},\"thumbnailUrl\":\"https:\/\/namcosmetics.eu\/wp-content\/uploads\/2023\/02\/CE149N1_5901801656791.jpg\",\"datePublished\":\"2023-02-20T11:16:06+00:00\",\"dateModified\":\"2024-01-03T09:57:25+00:00\",\"breadcrumb\":{\"@id\":\"https:\/\/namcosmetics.eu\/pt-pt\/producto\/base-de-maquillaje-smart-flawless-01n-swan\/#breadcrumb\"},\"inLanguage\":\"pt-PT\",\"potentialAction\":[{\"@type\":\"ReadAction\",\"target\":[\"https:\/\/namcosmetics.eu\/pt-pt\/producto\/base-de-maquillaje-smart-flawless-01n-swan\/\"]}]},{\"@type\":\"ImageObject\",\"inLanguage\":\"pt-PT\",\"@id\":\"https:\/\/namcosmetics.eu\/pt-pt\/producto\/base-de-maquillaje-smart-flawless-01n-swan\/#primaryimage\",\"url\":\"https:\/\/namcosmetics.eu\/wp-content\/uploads\/2023\/02\/CE149N1_5901801656791.jpg\",\"contentUrl\":\"https:\/\/namcosmetics.eu\/wp-content\/uploads\/2023\/02\/CE149N1_5901801656791.jpg\",\"width\":800,\"height\":800},{\"@type\":\"BreadcrumbList\",\"@id\":\"https:\/\/namcosmetics.eu\/pt-pt\/producto\/base-de-maquillaje-smart-flawless-01n-swan\/#breadcrumb\",\"itemListElement\":[{\"@type\":\"ListItem\",\"position\":1,\"name\":\"Portada\",\"item\":\"https:\/\/namcosmetics.eu\/pt-pt\/\"},{\"@type\":\"ListItem\",\"position\":2,\"name\":\"Tienda\",\"item\":\"https:\/\/namcosmetics.eu\/tienda\/\"},{\"@type\":\"ListItem\",\"position\":3,\"name\":\"Base de Maquilhagem Smart Flawless\u00a0 01N &#8211; Swan\"}]},{\"@type\":\"WebSite\",\"@id\":\"https:\/\/namcosmetics.eu\/pt-pt\/#website\",\"url\":\"https:\/\/namcosmetics.eu\/pt-pt\/\",\"name\":\"NAM\",\"description\":\"NAM Europe\",\"potentialAction\":[{\"@type\":\"SearchAction\",\"target\":{\"@type\":\"EntryPoint\",\"urlTemplate\":\"https:\/\/namcosmetics.eu\/pt-pt\/?s={search_term_string}\"},\"query-input\":{\"@type\":\"PropertyValueSpecification\",\"valueRequired\":true,\"valueName\":\"search_term_string\"}}],\"inLanguage\":\"pt-PT\"}]}<\/script>\n<!-- \/ Yoast SEO plugin. -->","yoast_head_json":{"title":"Base de Maquilhagem Smart Flawless\u00a0 01N - Swan - NAM","robots":{"index":"index","follow":"follow","max-snippet":"max-snippet:-1","max-image-preview":"max-image-preview:large","max-video-preview":"max-video-preview:-1"},"canonical":"https:\/\/namcosmetics.eu\/pt-pt\/producto\/base-de-maquillaje-smart-flawless-01n-swan\/","og_locale":"pt_PT","og_type":"article","og_title":"Base de Maquilhagem Smart Flawless\u00a0 01N - Swan - NAM","og_description":"Uma nova gera\u00e7\u00e3o de bases  inteligentes com caviar vegan, \u00e1gua do Atl\u00e2ntico e extracto de arroz  condicionado. Consegue uma pele saud\u00e1vel e hidratada, dando-lhe um efeito  mate luminoso. A base evapora e suaviza perfeitamente a pele, deixando-a  maravilhosamente macia. Uma f\u00f3rmula moderna, sem \u00f3leo, rica em nutrientes,  com cobertura m\u00e9dia que pode ser modulada para uma maior cobertura. A base \u00e9  resistente \u00e0 humidade, fric\u00e7\u00e3o e transpira\u00e7\u00e3o - perfeita para todos os tipos  de pele! Dispon\u00edvel em 8 tonalidades.","og_url":"https:\/\/namcosmetics.eu\/pt-pt\/producto\/base-de-maquillaje-smart-flawless-01n-swan\/","og_site_name":"NAM","article_modified_time":"2024-01-03T09:57:25+00:00","og_image":[{"width":800,"height":800,"url":"https:\/\/namcosmetics.eu\/wp-content\/uploads\/2023\/02\/CE149N1_5901801656791.jpg","type":"image\/jpeg"}],"twitter_card":"summary_large_image","schema":{"@context":"https:\/\/schema.org","@graph":[{"@type":"WebPage","@id":"https:\/\/namcosmetics.eu\/pt-pt\/producto\/base-de-maquillaje-smart-flawless-01n-swan\/","url":"https:\/\/namcosmetics.eu\/pt-pt\/producto\/base-de-maquillaje-smart-flawless-01n-swan\/","name":"Base de Maquilhagem Smart Flawless\u00a0 01N - Swan - NAM","isPartOf":{"@id":"https:\/\/namcosmetics.eu\/pt-pt\/#website"},"primaryImageOfPage":{"@id":"https:\/\/namcosmetics.eu\/pt-pt\/producto\/base-de-maquillaje-smart-flawless-01n-swan\/#primaryimage"},"image":{"@id":"https:\/\/namcosmetics.eu\/pt-pt\/producto\/base-de-maquillaje-smart-flawless-01n-swan\/#primaryimage"},"thumbnailUrl":"https:\/\/namcosmetics.eu\/wp-content\/uploads\/2023\/02\/CE149N1_5901801656791.jpg","datePublished":"2023-02-20T11:16:06+00:00","dateModified":"2024-01-03T09:57:25+00:00","breadcrumb":{"@id":"https:\/\/namcosmetics.eu\/pt-pt\/producto\/base-de-maquillaje-smart-flawless-01n-swan\/#breadcrumb"},"inLanguage":"pt-PT","potentialAction":[{"@type":"ReadAction","target":["https:\/\/namcosmetics.eu\/pt-pt\/producto\/base-de-maquillaje-smart-flawless-01n-swan\/"]}]},{"@type":"ImageObject","inLanguage":"pt-PT","@id":"https:\/\/namcosmetics.eu\/pt-pt\/producto\/base-de-maquillaje-smart-flawless-01n-swan\/#primaryimage","url":"https:\/\/namcosmetics.eu\/wp-content\/uploads\/2023\/02\/CE149N1_5901801656791.jpg","contentUrl":"https:\/\/namcosmetics.eu\/wp-content\/uploads\/2023\/02\/CE149N1_5901801656791.jpg","width":800,"height":800},{"@type":"BreadcrumbList","@id":"https:\/\/namcosmetics.eu\/pt-pt\/producto\/base-de-maquillaje-smart-flawless-01n-swan\/#breadcrumb","itemListElement":[{"@type":"ListItem","position":1,"name":"Portada","item":"https:\/\/namcosmetics.eu\/pt-pt\/"},{"@type":"ListItem","position":2,"name":"Tienda","item":"https:\/\/namcosmetics.eu\/tienda\/"},{"@type":"ListItem","position":3,"name":"Base de Maquilhagem Smart Flawless\u00a0 01N &#8211; Swan"}]},{"@type":"WebSite","@id":"https:\/\/namcosmetics.eu\/pt-pt\/#website","url":"https:\/\/namcosmetics.eu\/pt-pt\/","name":"NAM","description":"NAM Europe","potentialAction":[{"@type":"SearchAction","target":{"@type":"EntryPoint","urlTemplate":"https:\/\/namcosmetics.eu\/pt-pt\/?s={search_term_string}"},"query-input":{"@type":"PropertyValueSpecification","valueRequired":true,"valueName":"search_term_string"}}],"inLanguage":"pt-PT"}]}},"_links":{"self":[{"href":"https:\/\/namcosmetics.eu\/pt-pt\/wp-json\/wp\/v2\/product\/25219"}],"collection":[{"href":"https:\/\/namcosmetics.eu\/pt-pt\/wp-json\/wp\/v2\/product"}],"about":[{"href":"https:\/\/namcosmetics.eu\/pt-pt\/wp-json\/wp\/v2\/types\/product"}],"replies":[{"embeddable":true,"href":"https:\/\/namcosmetics.eu\/pt-pt\/wp-json\/wp\/v2\/comments?post=25219"}],"wp:featuredmedia":[{"embeddable":true,"href":"https:\/\/namcosmetics.eu\/pt-pt\/wp-json\/wp\/v2\/media\/22087"}],"wp:attachment":[{"href":"https:\/\/namcosmetics.eu\/pt-pt\/wp-json\/wp\/v2\/media?parent=25219"}],"wp:term":[{"taxonomy":"product_brand","embeddable":true,"href":"https:\/\/namcosmetics.eu\/pt-pt\/wp-json\/wp\/v2\/product_brand?post=25219"},{"taxonomy":"product_cat","embeddable":true,"href":"https:\/\/namcosmetics.eu\/pt-pt\/wp-json\/wp\/v2\/product_cat?post=25219"},{"taxonomy":"product_tag","embeddable":true,"href":"https:\/\/namcosmetics.eu\/pt-pt\/wp-json\/wp\/v2\/product_tag?post=25219"}],"curies":[{"name":"wp","href":"https:\/\/api.w.org\/{rel}","templated":true}]}}