{"id":25212,"date":"2023-02-20T11:16:06","date_gmt":"2023-02-20T11:16:06","guid":{"rendered":"https:\/\/namcosmetics.eu\/producto\/corrector-creaseless-camouflage-01c-swan\/"},"modified":"2024-01-03T09:57:10","modified_gmt":"2024-01-03T09:57:10","slug":"corrector-creaseless-camouflage-01c-swan","status":"publish","type":"product","link":"https:\/\/namcosmetics.eu\/pt-pt\/producto\/corrector-creaseless-camouflage-01c-swan\/","title":{"rendered":"\u00a0Corrector Creaseless\n  Camouflage 01C &#8211; Swan"},"content":{"rendered":"<h4>Modo<br \/>\n  de uso<\/h4>\n<p>Depois de aplicar a maquilhagem no rosto, aplicar o<br \/>\n  corretivo em torno da \u00e1rea das olheiras, batendo levemente com a ponta dos<br \/>\n  dedos para misturar. Pode ser utilizado para iluminar outras \u00e1reas como o<br \/>\n  arco da sobrancelha, o arco do cupido ou diferentes \u00e1reas para criar<br \/>\n  contornos. Tamb\u00e9m pode ser utilizado para cobrir pequenas imperfei\u00e7\u00f5es.<\/p>\n","protected":false},"excerpt":{"rendered":"<p>Mesmo que tenha olheiras<br \/>\n  teimosas sob os olhos ou pele propensa a vermelhid\u00e3o ou pequenas cicatrizes,<br \/>\n  este correctivo permitir-lhe-\u00e1 esquecer estes pequenos problemas. Camufla<br \/>\n  perfeitamente, suaviza e d\u00e1-lhe uma tez com aspecto defeituoso. \u00c9 mais eficaz<br \/>\n  quando usado em combina\u00e7\u00e3o com a funda\u00e7\u00e3o Smart Flawless. Cont\u00e9m a nossa<br \/>\n  assinatura Melhor Filtro Complexo de suaviza\u00e7\u00e3o da pele necess\u00e1rio.<br \/>\n  Dispon\u00edvel em 6 tonalidades.<\/p>\n","protected":false},"featured_media":20169,"comment_status":"closed","ping_status":"closed","template":"","meta":[],"product_brand":[],"product_cat":[1345],"product_tag":[],"class_list":{"0":"post-25212","1":"product","2":"type-product","3":"status-publish","4":"has-post-thumbnail","6":"product_cat-corrector-pt-pt","8":"first","9":"instock","10":"shipping-taxable","11":"purchasable","12":"product-type-variable"},"yoast_head":"<!-- This site is optimized with the Yoast SEO plugin v25.0 - https:\/\/yoast.com\/wordpress\/plugins\/seo\/ -->\n<title>\u00a0Corrector Creaseless  Camouflage 01C - Swan - NAM<\/title>\n<meta name=\"robots\" content=\"index, follow, max-snippet:-1, max-image-preview:large, max-video-preview:-1\" \/>\n<link rel=\"canonical\" href=\"https:\/\/namcosmetics.eu\/pt-pt\/producto\/corrector-creaseless-camouflage-01c-swan\/\" \/>\n<meta property=\"og:locale\" content=\"pt_PT\" \/>\n<meta property=\"og:type\" content=\"article\" \/>\n<meta property=\"og:title\" content=\"\u00a0Corrector Creaseless  Camouflage 01C - Swan - NAM\" \/>\n<meta property=\"og:description\" content=\"Mesmo que tenha olheiras  teimosas sob os olhos ou pele propensa a vermelhid\u00e3o ou pequenas cicatrizes,  este correctivo permitir-lhe-\u00e1 esquecer estes pequenos problemas. Camufla  perfeitamente, suaviza e d\u00e1-lhe uma tez com aspecto defeituoso. \u00c9 mais eficaz  quando usado em combina\u00e7\u00e3o com a funda\u00e7\u00e3o Smart Flawless. Cont\u00e9m a nossa  assinatura Melhor Filtro Complexo de suaviza\u00e7\u00e3o da pele necess\u00e1rio.  Dispon\u00edvel em 6 tonalidades.\" \/>\n<meta property=\"og:url\" content=\"https:\/\/namcosmetics.eu\/pt-pt\/producto\/corrector-creaseless-camouflage-01c-swan\/\" \/>\n<meta property=\"og:site_name\" content=\"NAM\" \/>\n<meta property=\"article:modified_time\" content=\"2024-01-03T09:57:10+00:00\" \/>\n<meta property=\"og:image\" content=\"https:\/\/namcosmetics.eu\/wp-content\/uploads\/2023\/02\/CE162N1_5901801656876.jpg\" \/>\n\t<meta property=\"og:image:width\" content=\"800\" \/>\n\t<meta property=\"og:image:height\" content=\"800\" \/>\n\t<meta property=\"og:image:type\" content=\"image\/jpeg\" \/>\n<meta name=\"twitter:card\" content=\"summary_large_image\" \/>\n<meta name=\"twitter:label1\" content=\"Tempo estimado de leitura\" \/>\n\t<meta name=\"twitter:data1\" content=\"1 minuto\" \/>\n<script type=\"application\/ld+json\" class=\"yoast-schema-graph\">{\"@context\":\"https:\/\/schema.org\",\"@graph\":[{\"@type\":\"WebPage\",\"@id\":\"https:\/\/namcosmetics.eu\/pt-pt\/producto\/corrector-creaseless-camouflage-01c-swan\/\",\"url\":\"https:\/\/namcosmetics.eu\/pt-pt\/producto\/corrector-creaseless-camouflage-01c-swan\/\",\"name\":\"\u00a0Corrector Creaseless Camouflage 01C - Swan - NAM\",\"isPartOf\":{\"@id\":\"https:\/\/namcosmetics.eu\/pt-pt\/#website\"},\"primaryImageOfPage\":{\"@id\":\"https:\/\/namcosmetics.eu\/pt-pt\/producto\/corrector-creaseless-camouflage-01c-swan\/#primaryimage\"},\"image\":{\"@id\":\"https:\/\/namcosmetics.eu\/pt-pt\/producto\/corrector-creaseless-camouflage-01c-swan\/#primaryimage\"},\"thumbnailUrl\":\"https:\/\/namcosmetics.eu\/wp-content\/uploads\/2023\/02\/CE162N1_5901801656876.jpg\",\"datePublished\":\"2023-02-20T11:16:06+00:00\",\"dateModified\":\"2024-01-03T09:57:10+00:00\",\"breadcrumb\":{\"@id\":\"https:\/\/namcosmetics.eu\/pt-pt\/producto\/corrector-creaseless-camouflage-01c-swan\/#breadcrumb\"},\"inLanguage\":\"pt-PT\",\"potentialAction\":[{\"@type\":\"ReadAction\",\"target\":[\"https:\/\/namcosmetics.eu\/pt-pt\/producto\/corrector-creaseless-camouflage-01c-swan\/\"]}]},{\"@type\":\"ImageObject\",\"inLanguage\":\"pt-PT\",\"@id\":\"https:\/\/namcosmetics.eu\/pt-pt\/producto\/corrector-creaseless-camouflage-01c-swan\/#primaryimage\",\"url\":\"https:\/\/namcosmetics.eu\/wp-content\/uploads\/2023\/02\/CE162N1_5901801656876.jpg\",\"contentUrl\":\"https:\/\/namcosmetics.eu\/wp-content\/uploads\/2023\/02\/CE162N1_5901801656876.jpg\",\"width\":800,\"height\":800},{\"@type\":\"BreadcrumbList\",\"@id\":\"https:\/\/namcosmetics.eu\/pt-pt\/producto\/corrector-creaseless-camouflage-01c-swan\/#breadcrumb\",\"itemListElement\":[{\"@type\":\"ListItem\",\"position\":1,\"name\":\"Portada\",\"item\":\"https:\/\/namcosmetics.eu\/pt-pt\/\"},{\"@type\":\"ListItem\",\"position\":2,\"name\":\"Tienda\",\"item\":\"https:\/\/namcosmetics.eu\/tienda\/\"},{\"@type\":\"ListItem\",\"position\":3,\"name\":\"\u00a0Corrector Creaseless Camouflage 01C &#8211; Swan\"}]},{\"@type\":\"WebSite\",\"@id\":\"https:\/\/namcosmetics.eu\/pt-pt\/#website\",\"url\":\"https:\/\/namcosmetics.eu\/pt-pt\/\",\"name\":\"NAM\",\"description\":\"NAM Europe\",\"potentialAction\":[{\"@type\":\"SearchAction\",\"target\":{\"@type\":\"EntryPoint\",\"urlTemplate\":\"https:\/\/namcosmetics.eu\/pt-pt\/?s={search_term_string}\"},\"query-input\":{\"@type\":\"PropertyValueSpecification\",\"valueRequired\":true,\"valueName\":\"search_term_string\"}}],\"inLanguage\":\"pt-PT\"}]}<\/script>\n<!-- \/ Yoast SEO plugin. -->","yoast_head_json":{"title":"\u00a0Corrector Creaseless  Camouflage 01C - Swan - NAM","robots":{"index":"index","follow":"follow","max-snippet":"max-snippet:-1","max-image-preview":"max-image-preview:large","max-video-preview":"max-video-preview:-1"},"canonical":"https:\/\/namcosmetics.eu\/pt-pt\/producto\/corrector-creaseless-camouflage-01c-swan\/","og_locale":"pt_PT","og_type":"article","og_title":"\u00a0Corrector Creaseless  Camouflage 01C - Swan - NAM","og_description":"Mesmo que tenha olheiras  teimosas sob os olhos ou pele propensa a vermelhid\u00e3o ou pequenas cicatrizes,  este correctivo permitir-lhe-\u00e1 esquecer estes pequenos problemas. Camufla  perfeitamente, suaviza e d\u00e1-lhe uma tez com aspecto defeituoso. \u00c9 mais eficaz  quando usado em combina\u00e7\u00e3o com a funda\u00e7\u00e3o Smart Flawless. Cont\u00e9m a nossa  assinatura Melhor Filtro Complexo de suaviza\u00e7\u00e3o da pele necess\u00e1rio.  Dispon\u00edvel em 6 tonalidades.","og_url":"https:\/\/namcosmetics.eu\/pt-pt\/producto\/corrector-creaseless-camouflage-01c-swan\/","og_site_name":"NAM","article_modified_time":"2024-01-03T09:57:10+00:00","og_image":[{"width":800,"height":800,"url":"https:\/\/namcosmetics.eu\/wp-content\/uploads\/2023\/02\/CE162N1_5901801656876.jpg","type":"image\/jpeg"}],"twitter_card":"summary_large_image","twitter_misc":{"Tempo estimado de leitura":"1 minuto"},"schema":{"@context":"https:\/\/schema.org","@graph":[{"@type":"WebPage","@id":"https:\/\/namcosmetics.eu\/pt-pt\/producto\/corrector-creaseless-camouflage-01c-swan\/","url":"https:\/\/namcosmetics.eu\/pt-pt\/producto\/corrector-creaseless-camouflage-01c-swan\/","name":"\u00a0Corrector Creaseless Camouflage 01C - Swan - NAM","isPartOf":{"@id":"https:\/\/namcosmetics.eu\/pt-pt\/#website"},"primaryImageOfPage":{"@id":"https:\/\/namcosmetics.eu\/pt-pt\/producto\/corrector-creaseless-camouflage-01c-swan\/#primaryimage"},"image":{"@id":"https:\/\/namcosmetics.eu\/pt-pt\/producto\/corrector-creaseless-camouflage-01c-swan\/#primaryimage"},"thumbnailUrl":"https:\/\/namcosmetics.eu\/wp-content\/uploads\/2023\/02\/CE162N1_5901801656876.jpg","datePublished":"2023-02-20T11:16:06+00:00","dateModified":"2024-01-03T09:57:10+00:00","breadcrumb":{"@id":"https:\/\/namcosmetics.eu\/pt-pt\/producto\/corrector-creaseless-camouflage-01c-swan\/#breadcrumb"},"inLanguage":"pt-PT","potentialAction":[{"@type":"ReadAction","target":["https:\/\/namcosmetics.eu\/pt-pt\/producto\/corrector-creaseless-camouflage-01c-swan\/"]}]},{"@type":"ImageObject","inLanguage":"pt-PT","@id":"https:\/\/namcosmetics.eu\/pt-pt\/producto\/corrector-creaseless-camouflage-01c-swan\/#primaryimage","url":"https:\/\/namcosmetics.eu\/wp-content\/uploads\/2023\/02\/CE162N1_5901801656876.jpg","contentUrl":"https:\/\/namcosmetics.eu\/wp-content\/uploads\/2023\/02\/CE162N1_5901801656876.jpg","width":800,"height":800},{"@type":"BreadcrumbList","@id":"https:\/\/namcosmetics.eu\/pt-pt\/producto\/corrector-creaseless-camouflage-01c-swan\/#breadcrumb","itemListElement":[{"@type":"ListItem","position":1,"name":"Portada","item":"https:\/\/namcosmetics.eu\/pt-pt\/"},{"@type":"ListItem","position":2,"name":"Tienda","item":"https:\/\/namcosmetics.eu\/tienda\/"},{"@type":"ListItem","position":3,"name":"\u00a0Corrector Creaseless Camouflage 01C &#8211; Swan"}]},{"@type":"WebSite","@id":"https:\/\/namcosmetics.eu\/pt-pt\/#website","url":"https:\/\/namcosmetics.eu\/pt-pt\/","name":"NAM","description":"NAM Europe","potentialAction":[{"@type":"SearchAction","target":{"@type":"EntryPoint","urlTemplate":"https:\/\/namcosmetics.eu\/pt-pt\/?s={search_term_string}"},"query-input":{"@type":"PropertyValueSpecification","valueRequired":true,"valueName":"search_term_string"}}],"inLanguage":"pt-PT"}]}},"_links":{"self":[{"href":"https:\/\/namcosmetics.eu\/pt-pt\/wp-json\/wp\/v2\/product\/25212"}],"collection":[{"href":"https:\/\/namcosmetics.eu\/pt-pt\/wp-json\/wp\/v2\/product"}],"about":[{"href":"https:\/\/namcosmetics.eu\/pt-pt\/wp-json\/wp\/v2\/types\/product"}],"replies":[{"embeddable":true,"href":"https:\/\/namcosmetics.eu\/pt-pt\/wp-json\/wp\/v2\/comments?post=25212"}],"wp:featuredmedia":[{"embeddable":true,"href":"https:\/\/namcosmetics.eu\/pt-pt\/wp-json\/wp\/v2\/media\/20169"}],"wp:attachment":[{"href":"https:\/\/namcosmetics.eu\/pt-pt\/wp-json\/wp\/v2\/media?parent=25212"}],"wp:term":[{"taxonomy":"product_brand","embeddable":true,"href":"https:\/\/namcosmetics.eu\/pt-pt\/wp-json\/wp\/v2\/product_brand?post=25212"},{"taxonomy":"product_cat","embeddable":true,"href":"https:\/\/namcosmetics.eu\/pt-pt\/wp-json\/wp\/v2\/product_cat?post=25212"},{"taxonomy":"product_tag","embeddable":true,"href":"https:\/\/namcosmetics.eu\/pt-pt\/wp-json\/wp\/v2\/product_tag?post=25212"}],"curies":[{"name":"wp","href":"https:\/\/api.w.org\/{rel}","templated":true}]}}