{"id":25195,"date":"2023-02-20T11:16:06","date_gmt":"2023-02-20T11:16:06","guid":{"rendered":"https:\/\/namcosmetics.eu\/producto\/colorete-touch-of-color-blusher-nr-4\/"},"modified":"2024-12-13T12:19:11","modified_gmt":"2024-12-13T12:19:11","slug":"colorete-touch-of-color-blusher-nr-4","status":"publish","type":"product","link":"https:\/\/namcosmetics.eu\/pt-pt\/producto\/colorete-touch-of-color-blusher-nr-4\/","title":{"rendered":"Blusher Touch of Color Blusher\u00a0"},"content":{"rendered":"<h4>Modo de uso<\/h4>\n<p>Blushers que melhoram visivelmente o tom da pele e<br \/>\npermanecem colocados durante todo o dia. e ficar durante todo o dia. Com<br \/>\ningredientes nutricionais e minerais que melhoram o aspecto e o estado da<br \/>\npele. Dispon\u00edvel em 6 cores para que possa escolher o seu look de bochecha<br \/>\ncada dia.<\/p>\n","protected":false},"excerpt":{"rendered":"<p>Realce sua beleza natural com o TOUCH OF COLOR BLUSHER vegano, que traz frescor e um charme sutil \u00e0 sua maquiagem. Este blush excepcional, enriquecido com um complexo natural, foi criado para mulheres que desejam uma pele radiante e com apar\u00eancia saud\u00e1vel. Sua f\u00f3rmula aveludada desliza suavemente na pele, deixando um acabamento acetinado e uma cor perfeitamente esfumada. TOUCH OF COLOR BLUSHER n\u00e3o apenas adiciona cor, mas tamb\u00e9m cuida da pele gra\u00e7as ao inovador complexo BestFILTERneeded, que suaviza pequenas imperfei\u00e7\u00f5es e disfar\u00e7a manchas. A embalagem ecol\u00f3gica e reutiliz\u00e1vel torna essa escolha respons\u00e1vel, permitindo m\u00faltiplos usos com refis substitu\u00edveis. Al\u00e9m disso, 50% da embalagem \u00e9 feita de pl\u00e1stico reciclado.<\/p>\n","protected":false},"featured_media":20124,"comment_status":"closed","ping_status":"closed","template":"","meta":[],"product_brand":[],"product_cat":[1343],"product_tag":[],"class_list":{"0":"post-25195","1":"product","2":"type-product","3":"status-publish","4":"has-post-thumbnail","6":"product_cat-blusher","8":"first","9":"instock","10":"shipping-taxable","11":"purchasable","12":"product-type-variable"},"yoast_head":"<!-- This site is optimized with the Yoast SEO plugin v25.0 - https:\/\/yoast.com\/wordpress\/plugins\/seo\/ -->\n<title>Blusher Touch of Color Blusher\u00a0 - NAM<\/title>\n<meta name=\"robots\" content=\"index, follow, max-snippet:-1, max-image-preview:large, max-video-preview:-1\" \/>\n<link rel=\"canonical\" href=\"https:\/\/namcosmetics.eu\/pt-pt\/producto\/colorete-touch-of-color-blusher-nr-4\/\" \/>\n<meta property=\"og:locale\" content=\"pt_PT\" \/>\n<meta property=\"og:type\" content=\"article\" \/>\n<meta property=\"og:title\" content=\"Blusher Touch of Color Blusher\u00a0 - NAM\" \/>\n<meta property=\"og:description\" content=\"Realce sua beleza natural com o TOUCH OF COLOR BLUSHER vegano, que traz frescor e um charme sutil \u00e0 sua maquiagem. Este blush excepcional, enriquecido com um complexo natural, foi criado para mulheres que desejam uma pele radiante e com apar\u00eancia saud\u00e1vel. Sua f\u00f3rmula aveludada desliza suavemente na pele, deixando um acabamento acetinado e uma cor perfeitamente esfumada. TOUCH OF COLOR BLUSHER n\u00e3o apenas adiciona cor, mas tamb\u00e9m cuida da pele gra\u00e7as ao inovador complexo BestFILTERneeded, que suaviza pequenas imperfei\u00e7\u00f5es e disfar\u00e7a manchas. A embalagem ecol\u00f3gica e reutiliz\u00e1vel torna essa escolha respons\u00e1vel, permitindo m\u00faltiplos usos com refis substitu\u00edveis. Al\u00e9m disso, 50% da embalagem \u00e9 feita de pl\u00e1stico reciclado.\" \/>\n<meta property=\"og:url\" content=\"https:\/\/namcosmetics.eu\/pt-pt\/producto\/colorete-touch-of-color-blusher-nr-4\/\" \/>\n<meta property=\"og:site_name\" content=\"NAM\" \/>\n<meta property=\"article:modified_time\" content=\"2024-12-13T12:19:11+00:00\" \/>\n<meta property=\"og:image\" content=\"https:\/\/namcosmetics.eu\/wp-content\/uploads\/2023\/02\/CE172N4_5901801657118.jpg\" \/>\n\t<meta property=\"og:image:width\" content=\"800\" \/>\n\t<meta property=\"og:image:height\" content=\"800\" \/>\n\t<meta property=\"og:image:type\" content=\"image\/jpeg\" \/>\n<meta name=\"twitter:card\" content=\"summary_large_image\" \/>\n<meta name=\"twitter:label1\" content=\"Tempo estimado de leitura\" \/>\n\t<meta name=\"twitter:data1\" content=\"1 minuto\" \/>\n<script type=\"application\/ld+json\" class=\"yoast-schema-graph\">{\"@context\":\"https:\/\/schema.org\",\"@graph\":[{\"@type\":\"WebPage\",\"@id\":\"https:\/\/namcosmetics.eu\/pt-pt\/producto\/colorete-touch-of-color-blusher-nr-4\/\",\"url\":\"https:\/\/namcosmetics.eu\/pt-pt\/producto\/colorete-touch-of-color-blusher-nr-4\/\",\"name\":\"Blusher Touch of Color Blusher\u00a0 - NAM\",\"isPartOf\":{\"@id\":\"https:\/\/namcosmetics.eu\/pt-pt\/#website\"},\"primaryImageOfPage\":{\"@id\":\"https:\/\/namcosmetics.eu\/pt-pt\/producto\/colorete-touch-of-color-blusher-nr-4\/#primaryimage\"},\"image\":{\"@id\":\"https:\/\/namcosmetics.eu\/pt-pt\/producto\/colorete-touch-of-color-blusher-nr-4\/#primaryimage\"},\"thumbnailUrl\":\"https:\/\/namcosmetics.eu\/wp-content\/uploads\/2023\/02\/CE172N4_5901801657118.jpg\",\"datePublished\":\"2023-02-20T11:16:06+00:00\",\"dateModified\":\"2024-12-13T12:19:11+00:00\",\"breadcrumb\":{\"@id\":\"https:\/\/namcosmetics.eu\/pt-pt\/producto\/colorete-touch-of-color-blusher-nr-4\/#breadcrumb\"},\"inLanguage\":\"pt-PT\",\"potentialAction\":[{\"@type\":\"ReadAction\",\"target\":[\"https:\/\/namcosmetics.eu\/pt-pt\/producto\/colorete-touch-of-color-blusher-nr-4\/\"]}]},{\"@type\":\"ImageObject\",\"inLanguage\":\"pt-PT\",\"@id\":\"https:\/\/namcosmetics.eu\/pt-pt\/producto\/colorete-touch-of-color-blusher-nr-4\/#primaryimage\",\"url\":\"https:\/\/namcosmetics.eu\/wp-content\/uploads\/2023\/02\/CE172N4_5901801657118.jpg\",\"contentUrl\":\"https:\/\/namcosmetics.eu\/wp-content\/uploads\/2023\/02\/CE172N4_5901801657118.jpg\",\"width\":800,\"height\":800},{\"@type\":\"BreadcrumbList\",\"@id\":\"https:\/\/namcosmetics.eu\/pt-pt\/producto\/colorete-touch-of-color-blusher-nr-4\/#breadcrumb\",\"itemListElement\":[{\"@type\":\"ListItem\",\"position\":1,\"name\":\"Portada\",\"item\":\"https:\/\/namcosmetics.eu\/pt-pt\/\"},{\"@type\":\"ListItem\",\"position\":2,\"name\":\"Tienda\",\"item\":\"https:\/\/namcosmetics.eu\/tienda\/\"},{\"@type\":\"ListItem\",\"position\":3,\"name\":\"Blusher Touch of Color Blusher\u00a0\"}]},{\"@type\":\"WebSite\",\"@id\":\"https:\/\/namcosmetics.eu\/pt-pt\/#website\",\"url\":\"https:\/\/namcosmetics.eu\/pt-pt\/\",\"name\":\"NAM\",\"description\":\"NAM Europe\",\"potentialAction\":[{\"@type\":\"SearchAction\",\"target\":{\"@type\":\"EntryPoint\",\"urlTemplate\":\"https:\/\/namcosmetics.eu\/pt-pt\/?s={search_term_string}\"},\"query-input\":{\"@type\":\"PropertyValueSpecification\",\"valueRequired\":true,\"valueName\":\"search_term_string\"}}],\"inLanguage\":\"pt-PT\"}]}<\/script>\n<!-- \/ Yoast SEO plugin. -->","yoast_head_json":{"title":"Blusher Touch of Color Blusher\u00a0 - NAM","robots":{"index":"index","follow":"follow","max-snippet":"max-snippet:-1","max-image-preview":"max-image-preview:large","max-video-preview":"max-video-preview:-1"},"canonical":"https:\/\/namcosmetics.eu\/pt-pt\/producto\/colorete-touch-of-color-blusher-nr-4\/","og_locale":"pt_PT","og_type":"article","og_title":"Blusher Touch of Color Blusher\u00a0 - NAM","og_description":"Realce sua beleza natural com o TOUCH OF COLOR BLUSHER vegano, que traz frescor e um charme sutil \u00e0 sua maquiagem. Este blush excepcional, enriquecido com um complexo natural, foi criado para mulheres que desejam uma pele radiante e com apar\u00eancia saud\u00e1vel. Sua f\u00f3rmula aveludada desliza suavemente na pele, deixando um acabamento acetinado e uma cor perfeitamente esfumada. TOUCH OF COLOR BLUSHER n\u00e3o apenas adiciona cor, mas tamb\u00e9m cuida da pele gra\u00e7as ao inovador complexo BestFILTERneeded, que suaviza pequenas imperfei\u00e7\u00f5es e disfar\u00e7a manchas. A embalagem ecol\u00f3gica e reutiliz\u00e1vel torna essa escolha respons\u00e1vel, permitindo m\u00faltiplos usos com refis substitu\u00edveis. Al\u00e9m disso, 50% da embalagem \u00e9 feita de pl\u00e1stico reciclado.","og_url":"https:\/\/namcosmetics.eu\/pt-pt\/producto\/colorete-touch-of-color-blusher-nr-4\/","og_site_name":"NAM","article_modified_time":"2024-12-13T12:19:11+00:00","og_image":[{"width":800,"height":800,"url":"https:\/\/namcosmetics.eu\/wp-content\/uploads\/2023\/02\/CE172N4_5901801657118.jpg","type":"image\/jpeg"}],"twitter_card":"summary_large_image","twitter_misc":{"Tempo estimado de leitura":"1 minuto"},"schema":{"@context":"https:\/\/schema.org","@graph":[{"@type":"WebPage","@id":"https:\/\/namcosmetics.eu\/pt-pt\/producto\/colorete-touch-of-color-blusher-nr-4\/","url":"https:\/\/namcosmetics.eu\/pt-pt\/producto\/colorete-touch-of-color-blusher-nr-4\/","name":"Blusher Touch of Color Blusher\u00a0 - NAM","isPartOf":{"@id":"https:\/\/namcosmetics.eu\/pt-pt\/#website"},"primaryImageOfPage":{"@id":"https:\/\/namcosmetics.eu\/pt-pt\/producto\/colorete-touch-of-color-blusher-nr-4\/#primaryimage"},"image":{"@id":"https:\/\/namcosmetics.eu\/pt-pt\/producto\/colorete-touch-of-color-blusher-nr-4\/#primaryimage"},"thumbnailUrl":"https:\/\/namcosmetics.eu\/wp-content\/uploads\/2023\/02\/CE172N4_5901801657118.jpg","datePublished":"2023-02-20T11:16:06+00:00","dateModified":"2024-12-13T12:19:11+00:00","breadcrumb":{"@id":"https:\/\/namcosmetics.eu\/pt-pt\/producto\/colorete-touch-of-color-blusher-nr-4\/#breadcrumb"},"inLanguage":"pt-PT","potentialAction":[{"@type":"ReadAction","target":["https:\/\/namcosmetics.eu\/pt-pt\/producto\/colorete-touch-of-color-blusher-nr-4\/"]}]},{"@type":"ImageObject","inLanguage":"pt-PT","@id":"https:\/\/namcosmetics.eu\/pt-pt\/producto\/colorete-touch-of-color-blusher-nr-4\/#primaryimage","url":"https:\/\/namcosmetics.eu\/wp-content\/uploads\/2023\/02\/CE172N4_5901801657118.jpg","contentUrl":"https:\/\/namcosmetics.eu\/wp-content\/uploads\/2023\/02\/CE172N4_5901801657118.jpg","width":800,"height":800},{"@type":"BreadcrumbList","@id":"https:\/\/namcosmetics.eu\/pt-pt\/producto\/colorete-touch-of-color-blusher-nr-4\/#breadcrumb","itemListElement":[{"@type":"ListItem","position":1,"name":"Portada","item":"https:\/\/namcosmetics.eu\/pt-pt\/"},{"@type":"ListItem","position":2,"name":"Tienda","item":"https:\/\/namcosmetics.eu\/tienda\/"},{"@type":"ListItem","position":3,"name":"Blusher Touch of Color Blusher\u00a0"}]},{"@type":"WebSite","@id":"https:\/\/namcosmetics.eu\/pt-pt\/#website","url":"https:\/\/namcosmetics.eu\/pt-pt\/","name":"NAM","description":"NAM Europe","potentialAction":[{"@type":"SearchAction","target":{"@type":"EntryPoint","urlTemplate":"https:\/\/namcosmetics.eu\/pt-pt\/?s={search_term_string}"},"query-input":{"@type":"PropertyValueSpecification","valueRequired":true,"valueName":"search_term_string"}}],"inLanguage":"pt-PT"}]}},"_links":{"self":[{"href":"https:\/\/namcosmetics.eu\/pt-pt\/wp-json\/wp\/v2\/product\/25195"}],"collection":[{"href":"https:\/\/namcosmetics.eu\/pt-pt\/wp-json\/wp\/v2\/product"}],"about":[{"href":"https:\/\/namcosmetics.eu\/pt-pt\/wp-json\/wp\/v2\/types\/product"}],"replies":[{"embeddable":true,"href":"https:\/\/namcosmetics.eu\/pt-pt\/wp-json\/wp\/v2\/comments?post=25195"}],"wp:featuredmedia":[{"embeddable":true,"href":"https:\/\/namcosmetics.eu\/pt-pt\/wp-json\/wp\/v2\/media\/20124"}],"wp:attachment":[{"href":"https:\/\/namcosmetics.eu\/pt-pt\/wp-json\/wp\/v2\/media?parent=25195"}],"wp:term":[{"taxonomy":"product_brand","embeddable":true,"href":"https:\/\/namcosmetics.eu\/pt-pt\/wp-json\/wp\/v2\/product_brand?post=25195"},{"taxonomy":"product_cat","embeddable":true,"href":"https:\/\/namcosmetics.eu\/pt-pt\/wp-json\/wp\/v2\/product_cat?post=25195"},{"taxonomy":"product_tag","embeddable":true,"href":"https:\/\/namcosmetics.eu\/pt-pt\/wp-json\/wp\/v2\/product_tag?post=25195"}],"curies":[{"name":"wp","href":"https:\/\/api.w.org\/{rel}","templated":true}]}}