{"id":25187,"date":"2023-02-20T11:16:07","date_gmt":"2023-02-20T11:16:07","guid":{"rendered":"https:\/\/namcosmetics.eu\/producto\/polvos-compactos-contouring-nr-2\/"},"modified":"2024-01-03T09:56:23","modified_gmt":"2024-01-03T09:56:23","slug":"polvos-compactos-contouring-nr-2","status":"publish","type":"product","link":"https:\/\/namcosmetics.eu\/pt-pt\/producto\/polvos-compactos-contouring-nr-2\/","title":{"rendered":"P\u00f3 compactos Contouring\u00a0\u00a0"},"content":{"rendered":"<h4>Modo<br \/>\n  de uso<\/h4>\n<p>Aplique o p\u00f3 bronzeador nas zonas do seu rosto onde o sol<br \/>\n  atinge o seu rosto com mais for\u00e7a: na linha do cabelo, nas ma\u00e7\u00e3s do rosto, no<br \/>\n  nariz e no queixo. Ap\u00f3s a aplica\u00e7\u00e3o, limpe o pincel e misture bem o p\u00f3 para<br \/>\n  dar o efeito perfeito e misture-o na sua pele.<\/p>\n","protected":false},"excerpt":{"rendered":"<p>O p\u00f3 compacto com um delicado<br \/>\n  pigmento fino mate que se mistura facilmente com a maquilhagem, deixando um<br \/>\n  acabamento impec\u00e1vel para o desgaste de todo o dia. Uma f\u00f3rmula especial,<br \/>\n  ligeiramente cremosa, que contorna perfeitamente ou ilumina \u00e1reas seleccionadas.<br \/>\n  Gra\u00e7as ao complexo Best Filter Needed e ao Hidrasolinol, os p\u00f3s proporcionam<br \/>\n  um efeito de desfoque. Em tr\u00eas tonalidades diferentes na colec\u00e7\u00e3o, concebida<br \/>\n  para contornar cada tom de pele. As tonalidades claras aplicadas sob os olhos<br \/>\n  suavizam visivelmente as rugas, dando o efeito de pele saud\u00e1vel e<br \/>\n  relaxada.\u00a0<\/p>\n","protected":false},"featured_media":19986,"comment_status":"closed","ping_status":"closed","template":"","meta":[],"product_brand":[],"product_cat":[],"product_tag":[],"class_list":{"0":"post-25187","1":"product","2":"type-product","3":"status-publish","4":"has-post-thumbnail","6":"first","7":"instock","8":"shipping-taxable","9":"purchasable","10":"product-type-variable"},"yoast_head":"<!-- This site is optimized with the Yoast SEO plugin v25.0 - https:\/\/yoast.com\/wordpress\/plugins\/seo\/ -->\n<title>P\u00f3 compactos Contouring\u00a0\u00a0 - NAM<\/title>\n<meta name=\"robots\" content=\"index, follow, max-snippet:-1, max-image-preview:large, max-video-preview:-1\" \/>\n<link rel=\"canonical\" href=\"https:\/\/namcosmetics.eu\/pt-pt\/producto\/polvos-compactos-contouring-nr-2\/\" \/>\n<meta property=\"og:locale\" content=\"pt_PT\" \/>\n<meta property=\"og:type\" content=\"article\" \/>\n<meta property=\"og:title\" content=\"P\u00f3 compactos Contouring\u00a0\u00a0 - NAM\" \/>\n<meta property=\"og:description\" content=\"O p\u00f3 compacto com um delicado  pigmento fino mate que se mistura facilmente com a maquilhagem, deixando um  acabamento impec\u00e1vel para o desgaste de todo o dia. Uma f\u00f3rmula especial,  ligeiramente cremosa, que contorna perfeitamente ou ilumina \u00e1reas seleccionadas.  Gra\u00e7as ao complexo Best Filter Needed e ao Hidrasolinol, os p\u00f3s proporcionam  um efeito de desfoque. Em tr\u00eas tonalidades diferentes na colec\u00e7\u00e3o, concebida  para contornar cada tom de pele. As tonalidades claras aplicadas sob os olhos  suavizam visivelmente as rugas, dando o efeito de pele saud\u00e1vel e  relaxada.\u00a0\" \/>\n<meta property=\"og:url\" content=\"https:\/\/namcosmetics.eu\/pt-pt\/producto\/polvos-compactos-contouring-nr-2\/\" \/>\n<meta property=\"og:site_name\" content=\"NAM\" \/>\n<meta property=\"article:modified_time\" content=\"2024-01-03T09:56:23+00:00\" \/>\n<meta property=\"og:image\" content=\"https:\/\/namcosmetics.eu\/wp-content\/uploads\/2023\/02\/CE180N2_5901801657248.jpg\" \/>\n\t<meta property=\"og:image:width\" content=\"800\" \/>\n\t<meta property=\"og:image:height\" content=\"800\" \/>\n\t<meta property=\"og:image:type\" content=\"image\/jpeg\" \/>\n<meta name=\"twitter:card\" content=\"summary_large_image\" \/>\n<script type=\"application\/ld+json\" class=\"yoast-schema-graph\">{\"@context\":\"https:\/\/schema.org\",\"@graph\":[{\"@type\":\"WebPage\",\"@id\":\"https:\/\/namcosmetics.eu\/pt-pt\/producto\/polvos-compactos-contouring-nr-2\/\",\"url\":\"https:\/\/namcosmetics.eu\/pt-pt\/producto\/polvos-compactos-contouring-nr-2\/\",\"name\":\"P\u00f3 compactos Contouring\u00a0\u00a0 - NAM\",\"isPartOf\":{\"@id\":\"https:\/\/namcosmetics.eu\/pt-pt\/#website\"},\"primaryImageOfPage\":{\"@id\":\"https:\/\/namcosmetics.eu\/pt-pt\/producto\/polvos-compactos-contouring-nr-2\/#primaryimage\"},\"image\":{\"@id\":\"https:\/\/namcosmetics.eu\/pt-pt\/producto\/polvos-compactos-contouring-nr-2\/#primaryimage\"},\"thumbnailUrl\":\"https:\/\/namcosmetics.eu\/wp-content\/uploads\/2023\/02\/CE180N2_5901801657248.jpg\",\"datePublished\":\"2023-02-20T11:16:07+00:00\",\"dateModified\":\"2024-01-03T09:56:23+00:00\",\"breadcrumb\":{\"@id\":\"https:\/\/namcosmetics.eu\/pt-pt\/producto\/polvos-compactos-contouring-nr-2\/#breadcrumb\"},\"inLanguage\":\"pt-PT\",\"potentialAction\":[{\"@type\":\"ReadAction\",\"target\":[\"https:\/\/namcosmetics.eu\/pt-pt\/producto\/polvos-compactos-contouring-nr-2\/\"]}]},{\"@type\":\"ImageObject\",\"inLanguage\":\"pt-PT\",\"@id\":\"https:\/\/namcosmetics.eu\/pt-pt\/producto\/polvos-compactos-contouring-nr-2\/#primaryimage\",\"url\":\"https:\/\/namcosmetics.eu\/wp-content\/uploads\/2023\/02\/CE180N2_5901801657248.jpg\",\"contentUrl\":\"https:\/\/namcosmetics.eu\/wp-content\/uploads\/2023\/02\/CE180N2_5901801657248.jpg\",\"width\":800,\"height\":800},{\"@type\":\"BreadcrumbList\",\"@id\":\"https:\/\/namcosmetics.eu\/pt-pt\/producto\/polvos-compactos-contouring-nr-2\/#breadcrumb\",\"itemListElement\":[{\"@type\":\"ListItem\",\"position\":1,\"name\":\"Portada\",\"item\":\"https:\/\/namcosmetics.eu\/pt-pt\/\"},{\"@type\":\"ListItem\",\"position\":2,\"name\":\"Tienda\",\"item\":\"https:\/\/namcosmetics.eu\/tienda\/\"},{\"@type\":\"ListItem\",\"position\":3,\"name\":\"P\u00f3 compactos Contouring\u00a0\u00a0\"}]},{\"@type\":\"WebSite\",\"@id\":\"https:\/\/namcosmetics.eu\/pt-pt\/#website\",\"url\":\"https:\/\/namcosmetics.eu\/pt-pt\/\",\"name\":\"NAM\",\"description\":\"NAM Europe\",\"potentialAction\":[{\"@type\":\"SearchAction\",\"target\":{\"@type\":\"EntryPoint\",\"urlTemplate\":\"https:\/\/namcosmetics.eu\/pt-pt\/?s={search_term_string}\"},\"query-input\":{\"@type\":\"PropertyValueSpecification\",\"valueRequired\":true,\"valueName\":\"search_term_string\"}}],\"inLanguage\":\"pt-PT\"}]}<\/script>\n<!-- \/ Yoast SEO plugin. -->","yoast_head_json":{"title":"P\u00f3 compactos Contouring\u00a0\u00a0 - NAM","robots":{"index":"index","follow":"follow","max-snippet":"max-snippet:-1","max-image-preview":"max-image-preview:large","max-video-preview":"max-video-preview:-1"},"canonical":"https:\/\/namcosmetics.eu\/pt-pt\/producto\/polvos-compactos-contouring-nr-2\/","og_locale":"pt_PT","og_type":"article","og_title":"P\u00f3 compactos Contouring\u00a0\u00a0 - NAM","og_description":"O p\u00f3 compacto com um delicado  pigmento fino mate que se mistura facilmente com a maquilhagem, deixando um  acabamento impec\u00e1vel para o desgaste de todo o dia. Uma f\u00f3rmula especial,  ligeiramente cremosa, que contorna perfeitamente ou ilumina \u00e1reas seleccionadas.  Gra\u00e7as ao complexo Best Filter Needed e ao Hidrasolinol, os p\u00f3s proporcionam  um efeito de desfoque. Em tr\u00eas tonalidades diferentes na colec\u00e7\u00e3o, concebida  para contornar cada tom de pele. As tonalidades claras aplicadas sob os olhos  suavizam visivelmente as rugas, dando o efeito de pele saud\u00e1vel e  relaxada.\u00a0","og_url":"https:\/\/namcosmetics.eu\/pt-pt\/producto\/polvos-compactos-contouring-nr-2\/","og_site_name":"NAM","article_modified_time":"2024-01-03T09:56:23+00:00","og_image":[{"width":800,"height":800,"url":"https:\/\/namcosmetics.eu\/wp-content\/uploads\/2023\/02\/CE180N2_5901801657248.jpg","type":"image\/jpeg"}],"twitter_card":"summary_large_image","schema":{"@context":"https:\/\/schema.org","@graph":[{"@type":"WebPage","@id":"https:\/\/namcosmetics.eu\/pt-pt\/producto\/polvos-compactos-contouring-nr-2\/","url":"https:\/\/namcosmetics.eu\/pt-pt\/producto\/polvos-compactos-contouring-nr-2\/","name":"P\u00f3 compactos Contouring\u00a0\u00a0 - NAM","isPartOf":{"@id":"https:\/\/namcosmetics.eu\/pt-pt\/#website"},"primaryImageOfPage":{"@id":"https:\/\/namcosmetics.eu\/pt-pt\/producto\/polvos-compactos-contouring-nr-2\/#primaryimage"},"image":{"@id":"https:\/\/namcosmetics.eu\/pt-pt\/producto\/polvos-compactos-contouring-nr-2\/#primaryimage"},"thumbnailUrl":"https:\/\/namcosmetics.eu\/wp-content\/uploads\/2023\/02\/CE180N2_5901801657248.jpg","datePublished":"2023-02-20T11:16:07+00:00","dateModified":"2024-01-03T09:56:23+00:00","breadcrumb":{"@id":"https:\/\/namcosmetics.eu\/pt-pt\/producto\/polvos-compactos-contouring-nr-2\/#breadcrumb"},"inLanguage":"pt-PT","potentialAction":[{"@type":"ReadAction","target":["https:\/\/namcosmetics.eu\/pt-pt\/producto\/polvos-compactos-contouring-nr-2\/"]}]},{"@type":"ImageObject","inLanguage":"pt-PT","@id":"https:\/\/namcosmetics.eu\/pt-pt\/producto\/polvos-compactos-contouring-nr-2\/#primaryimage","url":"https:\/\/namcosmetics.eu\/wp-content\/uploads\/2023\/02\/CE180N2_5901801657248.jpg","contentUrl":"https:\/\/namcosmetics.eu\/wp-content\/uploads\/2023\/02\/CE180N2_5901801657248.jpg","width":800,"height":800},{"@type":"BreadcrumbList","@id":"https:\/\/namcosmetics.eu\/pt-pt\/producto\/polvos-compactos-contouring-nr-2\/#breadcrumb","itemListElement":[{"@type":"ListItem","position":1,"name":"Portada","item":"https:\/\/namcosmetics.eu\/pt-pt\/"},{"@type":"ListItem","position":2,"name":"Tienda","item":"https:\/\/namcosmetics.eu\/tienda\/"},{"@type":"ListItem","position":3,"name":"P\u00f3 compactos Contouring\u00a0\u00a0"}]},{"@type":"WebSite","@id":"https:\/\/namcosmetics.eu\/pt-pt\/#website","url":"https:\/\/namcosmetics.eu\/pt-pt\/","name":"NAM","description":"NAM Europe","potentialAction":[{"@type":"SearchAction","target":{"@type":"EntryPoint","urlTemplate":"https:\/\/namcosmetics.eu\/pt-pt\/?s={search_term_string}"},"query-input":{"@type":"PropertyValueSpecification","valueRequired":true,"valueName":"search_term_string"}}],"inLanguage":"pt-PT"}]}},"_links":{"self":[{"href":"https:\/\/namcosmetics.eu\/pt-pt\/wp-json\/wp\/v2\/product\/25187"}],"collection":[{"href":"https:\/\/namcosmetics.eu\/pt-pt\/wp-json\/wp\/v2\/product"}],"about":[{"href":"https:\/\/namcosmetics.eu\/pt-pt\/wp-json\/wp\/v2\/types\/product"}],"replies":[{"embeddable":true,"href":"https:\/\/namcosmetics.eu\/pt-pt\/wp-json\/wp\/v2\/comments?post=25187"}],"wp:featuredmedia":[{"embeddable":true,"href":"https:\/\/namcosmetics.eu\/pt-pt\/wp-json\/wp\/v2\/media\/19986"}],"wp:attachment":[{"href":"https:\/\/namcosmetics.eu\/pt-pt\/wp-json\/wp\/v2\/media?parent=25187"}],"wp:term":[{"taxonomy":"product_brand","embeddable":true,"href":"https:\/\/namcosmetics.eu\/pt-pt\/wp-json\/wp\/v2\/product_brand?post=25187"},{"taxonomy":"product_cat","embeddable":true,"href":"https:\/\/namcosmetics.eu\/pt-pt\/wp-json\/wp\/v2\/product_cat?post=25187"},{"taxonomy":"product_tag","embeddable":true,"href":"https:\/\/namcosmetics.eu\/pt-pt\/wp-json\/wp\/v2\/product_tag?post=25187"}],"curies":[{"name":"wp","href":"https:\/\/api.w.org\/{rel}","templated":true}]}}