{"id":25138,"date":"2023-02-20T11:16:09","date_gmt":"2023-02-20T11:16:09","guid":{"rendered":"https:\/\/namcosmetics.eu\/producto\/base-de-maquillaje-real-skin-nr-1\/"},"modified":"2024-01-03T09:55:14","modified_gmt":"2024-01-03T09:55:14","slug":"base-de-maquillaje-real-skin-nr-1","status":"publish","type":"product","link":"https:\/\/namcosmetics.eu\/pt-pt\/producto\/base-de-maquillaje-real-skin-nr-1\/","title":{"rendered":"Base de maquilhagem Real Skin\u00a0\u00a0"},"content":{"rendered":"<h4>Modo<br \/>\n  de uso<\/h4>\n<p>Hidratar e preparar a pele. Recomenda-se a utiliza\u00e7\u00e3o de um<br \/>\n  primer para melhorar a ader\u00eancia e a durabilidade da maquilhagem. Em seguida,<br \/>\n  aplicar a base em todo o rosto com um pincel ou uma esponja.<br \/>\n    tiene men\u00fa contextual<\/p>\n","protected":false},"excerpt":{"rendered":"<p>Base com uma f\u00f3rmula vegana<br \/>\n  contendo \u00e1cido hialur\u00f3nico, tapioca e um extracto de 3 tipos de arroz. Para<br \/>\n  pele normal, oleosa e mista. A sua f\u00f3rmula extremamente concentrada permite<br \/>\n  uma cobertura modul\u00e1vel, desde a mais subtil at\u00e9 \u00e0 mais coberta. A sua consist\u00eancia<br \/>\n  cremosa e ingredientes, tais como glicose activa, hidratam as camadas da<br \/>\n  pele, preenchem os poros e tornam a tez suave e radiante. Cont\u00e9m mais de 90%<br \/>\n  de ingredientes de origem natural. Dispon\u00edvel em 5 tonalidades.<\/p>\n","protected":false},"featured_media":22213,"comment_status":"closed","ping_status":"closed","template":"","meta":[],"product_brand":[],"product_cat":[1342],"product_tag":[],"class_list":{"0":"post-25138","1":"product","2":"type-product","3":"status-publish","4":"has-post-thumbnail","6":"product_cat-base-pt-pt","8":"first","9":"instock","10":"shipping-taxable","11":"purchasable","12":"product-type-variable"},"yoast_head":"<!-- This site is optimized with the Yoast SEO plugin v25.0 - https:\/\/yoast.com\/wordpress\/plugins\/seo\/ -->\n<title>Base de maquilhagem Real Skin\u00a0\u00a0 - NAM<\/title>\n<meta name=\"robots\" content=\"index, follow, max-snippet:-1, max-image-preview:large, max-video-preview:-1\" \/>\n<link rel=\"canonical\" href=\"https:\/\/namcosmetics.eu\/pt-pt\/producto\/base-de-maquillaje-real-skin-nr-1\/\" \/>\n<meta property=\"og:locale\" content=\"pt_PT\" \/>\n<meta property=\"og:type\" content=\"article\" \/>\n<meta property=\"og:title\" content=\"Base de maquilhagem Real Skin\u00a0\u00a0 - NAM\" \/>\n<meta property=\"og:description\" content=\"Base com uma f\u00f3rmula vegana  contendo \u00e1cido hialur\u00f3nico, tapioca e um extracto de 3 tipos de arroz. Para  pele normal, oleosa e mista. A sua f\u00f3rmula extremamente concentrada permite  uma cobertura modul\u00e1vel, desde a mais subtil at\u00e9 \u00e0 mais coberta. A sua consist\u00eancia  cremosa e ingredientes, tais como glicose activa, hidratam as camadas da  pele, preenchem os poros e tornam a tez suave e radiante. Cont\u00e9m mais de 90%  de ingredientes de origem natural. Dispon\u00edvel em 5 tonalidades.\" \/>\n<meta property=\"og:url\" content=\"https:\/\/namcosmetics.eu\/pt-pt\/producto\/base-de-maquillaje-real-skin-nr-1\/\" \/>\n<meta property=\"og:site_name\" content=\"NAM\" \/>\n<meta property=\"article:modified_time\" content=\"2024-01-03T09:55:14+00:00\" \/>\n<meta property=\"og:image\" content=\"https:\/\/namcosmetics.eu\/wp-content\/uploads\/2023\/02\/CE537N1_5901801681472.jpg\" \/>\n\t<meta property=\"og:image:width\" content=\"800\" \/>\n\t<meta property=\"og:image:height\" content=\"800\" \/>\n\t<meta property=\"og:image:type\" content=\"image\/jpeg\" \/>\n<meta name=\"twitter:card\" content=\"summary_large_image\" \/>\n<script type=\"application\/ld+json\" class=\"yoast-schema-graph\">{\"@context\":\"https:\/\/schema.org\",\"@graph\":[{\"@type\":\"WebPage\",\"@id\":\"https:\/\/namcosmetics.eu\/pt-pt\/producto\/base-de-maquillaje-real-skin-nr-1\/\",\"url\":\"https:\/\/namcosmetics.eu\/pt-pt\/producto\/base-de-maquillaje-real-skin-nr-1\/\",\"name\":\"Base de maquilhagem Real Skin\u00a0\u00a0 - NAM\",\"isPartOf\":{\"@id\":\"https:\/\/namcosmetics.eu\/pt-pt\/#website\"},\"primaryImageOfPage\":{\"@id\":\"https:\/\/namcosmetics.eu\/pt-pt\/producto\/base-de-maquillaje-real-skin-nr-1\/#primaryimage\"},\"image\":{\"@id\":\"https:\/\/namcosmetics.eu\/pt-pt\/producto\/base-de-maquillaje-real-skin-nr-1\/#primaryimage\"},\"thumbnailUrl\":\"https:\/\/namcosmetics.eu\/wp-content\/uploads\/2023\/02\/CE537N1_5901801681472.jpg\",\"datePublished\":\"2023-02-20T11:16:09+00:00\",\"dateModified\":\"2024-01-03T09:55:14+00:00\",\"breadcrumb\":{\"@id\":\"https:\/\/namcosmetics.eu\/pt-pt\/producto\/base-de-maquillaje-real-skin-nr-1\/#breadcrumb\"},\"inLanguage\":\"pt-PT\",\"potentialAction\":[{\"@type\":\"ReadAction\",\"target\":[\"https:\/\/namcosmetics.eu\/pt-pt\/producto\/base-de-maquillaje-real-skin-nr-1\/\"]}]},{\"@type\":\"ImageObject\",\"inLanguage\":\"pt-PT\",\"@id\":\"https:\/\/namcosmetics.eu\/pt-pt\/producto\/base-de-maquillaje-real-skin-nr-1\/#primaryimage\",\"url\":\"https:\/\/namcosmetics.eu\/wp-content\/uploads\/2023\/02\/CE537N1_5901801681472.jpg\",\"contentUrl\":\"https:\/\/namcosmetics.eu\/wp-content\/uploads\/2023\/02\/CE537N1_5901801681472.jpg\",\"width\":800,\"height\":800},{\"@type\":\"BreadcrumbList\",\"@id\":\"https:\/\/namcosmetics.eu\/pt-pt\/producto\/base-de-maquillaje-real-skin-nr-1\/#breadcrumb\",\"itemListElement\":[{\"@type\":\"ListItem\",\"position\":1,\"name\":\"Portada\",\"item\":\"https:\/\/namcosmetics.eu\/pt-pt\/\"},{\"@type\":\"ListItem\",\"position\":2,\"name\":\"Tienda\",\"item\":\"https:\/\/namcosmetics.eu\/tienda\/\"},{\"@type\":\"ListItem\",\"position\":3,\"name\":\"Base de maquilhagem Real Skin\u00a0\u00a0\"}]},{\"@type\":\"WebSite\",\"@id\":\"https:\/\/namcosmetics.eu\/pt-pt\/#website\",\"url\":\"https:\/\/namcosmetics.eu\/pt-pt\/\",\"name\":\"NAM\",\"description\":\"NAM Europe\",\"potentialAction\":[{\"@type\":\"SearchAction\",\"target\":{\"@type\":\"EntryPoint\",\"urlTemplate\":\"https:\/\/namcosmetics.eu\/pt-pt\/?s={search_term_string}\"},\"query-input\":{\"@type\":\"PropertyValueSpecification\",\"valueRequired\":true,\"valueName\":\"search_term_string\"}}],\"inLanguage\":\"pt-PT\"}]}<\/script>\n<!-- \/ Yoast SEO plugin. -->","yoast_head_json":{"title":"Base de maquilhagem Real Skin\u00a0\u00a0 - NAM","robots":{"index":"index","follow":"follow","max-snippet":"max-snippet:-1","max-image-preview":"max-image-preview:large","max-video-preview":"max-video-preview:-1"},"canonical":"https:\/\/namcosmetics.eu\/pt-pt\/producto\/base-de-maquillaje-real-skin-nr-1\/","og_locale":"pt_PT","og_type":"article","og_title":"Base de maquilhagem Real Skin\u00a0\u00a0 - NAM","og_description":"Base com uma f\u00f3rmula vegana  contendo \u00e1cido hialur\u00f3nico, tapioca e um extracto de 3 tipos de arroz. Para  pele normal, oleosa e mista. A sua f\u00f3rmula extremamente concentrada permite  uma cobertura modul\u00e1vel, desde a mais subtil at\u00e9 \u00e0 mais coberta. A sua consist\u00eancia  cremosa e ingredientes, tais como glicose activa, hidratam as camadas da  pele, preenchem os poros e tornam a tez suave e radiante. Cont\u00e9m mais de 90%  de ingredientes de origem natural. Dispon\u00edvel em 5 tonalidades.","og_url":"https:\/\/namcosmetics.eu\/pt-pt\/producto\/base-de-maquillaje-real-skin-nr-1\/","og_site_name":"NAM","article_modified_time":"2024-01-03T09:55:14+00:00","og_image":[{"width":800,"height":800,"url":"https:\/\/namcosmetics.eu\/wp-content\/uploads\/2023\/02\/CE537N1_5901801681472.jpg","type":"image\/jpeg"}],"twitter_card":"summary_large_image","schema":{"@context":"https:\/\/schema.org","@graph":[{"@type":"WebPage","@id":"https:\/\/namcosmetics.eu\/pt-pt\/producto\/base-de-maquillaje-real-skin-nr-1\/","url":"https:\/\/namcosmetics.eu\/pt-pt\/producto\/base-de-maquillaje-real-skin-nr-1\/","name":"Base de maquilhagem Real Skin\u00a0\u00a0 - NAM","isPartOf":{"@id":"https:\/\/namcosmetics.eu\/pt-pt\/#website"},"primaryImageOfPage":{"@id":"https:\/\/namcosmetics.eu\/pt-pt\/producto\/base-de-maquillaje-real-skin-nr-1\/#primaryimage"},"image":{"@id":"https:\/\/namcosmetics.eu\/pt-pt\/producto\/base-de-maquillaje-real-skin-nr-1\/#primaryimage"},"thumbnailUrl":"https:\/\/namcosmetics.eu\/wp-content\/uploads\/2023\/02\/CE537N1_5901801681472.jpg","datePublished":"2023-02-20T11:16:09+00:00","dateModified":"2024-01-03T09:55:14+00:00","breadcrumb":{"@id":"https:\/\/namcosmetics.eu\/pt-pt\/producto\/base-de-maquillaje-real-skin-nr-1\/#breadcrumb"},"inLanguage":"pt-PT","potentialAction":[{"@type":"ReadAction","target":["https:\/\/namcosmetics.eu\/pt-pt\/producto\/base-de-maquillaje-real-skin-nr-1\/"]}]},{"@type":"ImageObject","inLanguage":"pt-PT","@id":"https:\/\/namcosmetics.eu\/pt-pt\/producto\/base-de-maquillaje-real-skin-nr-1\/#primaryimage","url":"https:\/\/namcosmetics.eu\/wp-content\/uploads\/2023\/02\/CE537N1_5901801681472.jpg","contentUrl":"https:\/\/namcosmetics.eu\/wp-content\/uploads\/2023\/02\/CE537N1_5901801681472.jpg","width":800,"height":800},{"@type":"BreadcrumbList","@id":"https:\/\/namcosmetics.eu\/pt-pt\/producto\/base-de-maquillaje-real-skin-nr-1\/#breadcrumb","itemListElement":[{"@type":"ListItem","position":1,"name":"Portada","item":"https:\/\/namcosmetics.eu\/pt-pt\/"},{"@type":"ListItem","position":2,"name":"Tienda","item":"https:\/\/namcosmetics.eu\/tienda\/"},{"@type":"ListItem","position":3,"name":"Base de maquilhagem Real Skin\u00a0\u00a0"}]},{"@type":"WebSite","@id":"https:\/\/namcosmetics.eu\/pt-pt\/#website","url":"https:\/\/namcosmetics.eu\/pt-pt\/","name":"NAM","description":"NAM Europe","potentialAction":[{"@type":"SearchAction","target":{"@type":"EntryPoint","urlTemplate":"https:\/\/namcosmetics.eu\/pt-pt\/?s={search_term_string}"},"query-input":{"@type":"PropertyValueSpecification","valueRequired":true,"valueName":"search_term_string"}}],"inLanguage":"pt-PT"}]}},"_links":{"self":[{"href":"https:\/\/namcosmetics.eu\/pt-pt\/wp-json\/wp\/v2\/product\/25138"}],"collection":[{"href":"https:\/\/namcosmetics.eu\/pt-pt\/wp-json\/wp\/v2\/product"}],"about":[{"href":"https:\/\/namcosmetics.eu\/pt-pt\/wp-json\/wp\/v2\/types\/product"}],"replies":[{"embeddable":true,"href":"https:\/\/namcosmetics.eu\/pt-pt\/wp-json\/wp\/v2\/comments?post=25138"}],"wp:featuredmedia":[{"embeddable":true,"href":"https:\/\/namcosmetics.eu\/pt-pt\/wp-json\/wp\/v2\/media\/22213"}],"wp:attachment":[{"href":"https:\/\/namcosmetics.eu\/pt-pt\/wp-json\/wp\/v2\/media?parent=25138"}],"wp:term":[{"taxonomy":"product_brand","embeddable":true,"href":"https:\/\/namcosmetics.eu\/pt-pt\/wp-json\/wp\/v2\/product_brand?post=25138"},{"taxonomy":"product_cat","embeddable":true,"href":"https:\/\/namcosmetics.eu\/pt-pt\/wp-json\/wp\/v2\/product_cat?post=25138"},{"taxonomy":"product_tag","embeddable":true,"href":"https:\/\/namcosmetics.eu\/pt-pt\/wp-json\/wp\/v2\/product_tag?post=25138"}],"curies":[{"name":"wp","href":"https:\/\/api.w.org\/{rel}","templated":true}]}}