{"id":25049,"date":"2023-02-20T11:16:13","date_gmt":"2023-02-20T11:16:13","guid":{"rendered":"https:\/\/namcosmetics.eu\/producto\/lipgloss-latex-nr-1\/"},"modified":"2024-01-03T09:53:02","modified_gmt":"2024-01-03T09:53:02","slug":"lipgloss-latex-nr-1","status":"publish","type":"product","link":"https:\/\/namcosmetics.eu\/pt-pt\/producto\/lipgloss-latex-nr-1\/","title":{"rendered":"\u00a0L\u00e1tex Lipgloss\u00a0"},"content":{"rendered":"<h4>Modo<br \/>\n  de uso<\/h4>\n<p>Come\u00e7ar no centro do l\u00e1bio superior e trabalhar em direc\u00e7\u00e3o<br \/>\n  aos contornos. Percorrer o batom sobre todo o l\u00e1bio inferior e esperar que<br \/>\n  ele seque. Finalmente, deslizar o aplicador de batom l\u00edquido sobre todo o<br \/>\n  l\u00e1bio inferior.<\/p>\n","protected":false},"excerpt":{"rendered":"<p>Aposta por um brilho tentador<br \/>\n  em 7 tonalidades incr\u00edveis\u00a0 . A sua<br \/>\n  f\u00f3rmula suaviza, nutre e hidrata os l\u00e1bios gra\u00e7as ao Hydrasalinol TM que<br \/>\n  cont\u00e9m e ao complexo InstaPlum TM, que aumenta opticamente os l\u00e1bios (cont\u00e9m paprica<br \/>\n  e gengibre). Confort\u00e1vel de usar e f\u00f3rmula n\u00e3o pegajosa.\u00a0<\/p>\n","protected":false},"featured_media":21135,"comment_status":"closed","ping_status":"closed","template":"","meta":[],"product_brand":[],"product_cat":[1325],"product_tag":[],"class_list":{"0":"post-25049","1":"product","2":"type-product","3":"status-publish","4":"has-post-thumbnail","6":"product_cat-brilho-de-labios","8":"first","9":"instock","10":"shipping-taxable","11":"purchasable","12":"product-type-variable"},"yoast_head":"<!-- This site is optimized with the Yoast SEO plugin v25.0 - https:\/\/yoast.com\/wordpress\/plugins\/seo\/ -->\n<title>\u00a0L\u00e1tex Lipgloss\u00a0 - NAM<\/title>\n<meta name=\"robots\" content=\"index, follow, max-snippet:-1, max-image-preview:large, max-video-preview:-1\" \/>\n<link rel=\"canonical\" href=\"https:\/\/namcosmetics.eu\/pt-pt\/producto\/lipgloss-latex-nr-1\/\" \/>\n<meta property=\"og:locale\" content=\"pt_PT\" \/>\n<meta property=\"og:type\" content=\"article\" \/>\n<meta property=\"og:title\" content=\"\u00a0L\u00e1tex Lipgloss\u00a0 - NAM\" \/>\n<meta property=\"og:description\" content=\"Aposta por um brilho tentador  em 7 tonalidades incr\u00edveis\u00a0 . A sua  f\u00f3rmula suaviza, nutre e hidrata os l\u00e1bios gra\u00e7as ao Hydrasalinol TM que  cont\u00e9m e ao complexo InstaPlum TM, que aumenta opticamente os l\u00e1bios (cont\u00e9m paprica  e gengibre). Confort\u00e1vel de usar e f\u00f3rmula n\u00e3o pegajosa.\u00a0\" \/>\n<meta property=\"og:url\" content=\"https:\/\/namcosmetics.eu\/pt-pt\/producto\/lipgloss-latex-nr-1\/\" \/>\n<meta property=\"og:site_name\" content=\"NAM\" \/>\n<meta property=\"article:modified_time\" content=\"2024-01-03T09:53:02+00:00\" \/>\n<meta property=\"og:image\" content=\"https:\/\/namcosmetics.eu\/wp-content\/uploads\/2023\/02\/US150N1_5901801656654.jpg\" \/>\n\t<meta property=\"og:image:width\" content=\"800\" \/>\n\t<meta property=\"og:image:height\" content=\"800\" \/>\n\t<meta property=\"og:image:type\" content=\"image\/jpeg\" \/>\n<meta name=\"twitter:card\" content=\"summary_large_image\" \/>\n<script type=\"application\/ld+json\" class=\"yoast-schema-graph\">{\"@context\":\"https:\/\/schema.org\",\"@graph\":[{\"@type\":\"WebPage\",\"@id\":\"https:\/\/namcosmetics.eu\/pt-pt\/producto\/lipgloss-latex-nr-1\/\",\"url\":\"https:\/\/namcosmetics.eu\/pt-pt\/producto\/lipgloss-latex-nr-1\/\",\"name\":\"\u00a0L\u00e1tex Lipgloss\u00a0 - NAM\",\"isPartOf\":{\"@id\":\"https:\/\/namcosmetics.eu\/pt-pt\/#website\"},\"primaryImageOfPage\":{\"@id\":\"https:\/\/namcosmetics.eu\/pt-pt\/producto\/lipgloss-latex-nr-1\/#primaryimage\"},\"image\":{\"@id\":\"https:\/\/namcosmetics.eu\/pt-pt\/producto\/lipgloss-latex-nr-1\/#primaryimage\"},\"thumbnailUrl\":\"https:\/\/namcosmetics.eu\/wp-content\/uploads\/2023\/02\/US150N1_5901801656654.jpg\",\"datePublished\":\"2023-02-20T11:16:13+00:00\",\"dateModified\":\"2024-01-03T09:53:02+00:00\",\"breadcrumb\":{\"@id\":\"https:\/\/namcosmetics.eu\/pt-pt\/producto\/lipgloss-latex-nr-1\/#breadcrumb\"},\"inLanguage\":\"pt-PT\",\"potentialAction\":[{\"@type\":\"ReadAction\",\"target\":[\"https:\/\/namcosmetics.eu\/pt-pt\/producto\/lipgloss-latex-nr-1\/\"]}]},{\"@type\":\"ImageObject\",\"inLanguage\":\"pt-PT\",\"@id\":\"https:\/\/namcosmetics.eu\/pt-pt\/producto\/lipgloss-latex-nr-1\/#primaryimage\",\"url\":\"https:\/\/namcosmetics.eu\/wp-content\/uploads\/2023\/02\/US150N1_5901801656654.jpg\",\"contentUrl\":\"https:\/\/namcosmetics.eu\/wp-content\/uploads\/2023\/02\/US150N1_5901801656654.jpg\",\"width\":800,\"height\":800},{\"@type\":\"BreadcrumbList\",\"@id\":\"https:\/\/namcosmetics.eu\/pt-pt\/producto\/lipgloss-latex-nr-1\/#breadcrumb\",\"itemListElement\":[{\"@type\":\"ListItem\",\"position\":1,\"name\":\"Portada\",\"item\":\"https:\/\/namcosmetics.eu\/pt-pt\/\"},{\"@type\":\"ListItem\",\"position\":2,\"name\":\"Tienda\",\"item\":\"https:\/\/namcosmetics.eu\/tienda\/\"},{\"@type\":\"ListItem\",\"position\":3,\"name\":\"\u00a0L\u00e1tex Lipgloss\u00a0\"}]},{\"@type\":\"WebSite\",\"@id\":\"https:\/\/namcosmetics.eu\/pt-pt\/#website\",\"url\":\"https:\/\/namcosmetics.eu\/pt-pt\/\",\"name\":\"NAM\",\"description\":\"NAM Europe\",\"potentialAction\":[{\"@type\":\"SearchAction\",\"target\":{\"@type\":\"EntryPoint\",\"urlTemplate\":\"https:\/\/namcosmetics.eu\/pt-pt\/?s={search_term_string}\"},\"query-input\":{\"@type\":\"PropertyValueSpecification\",\"valueRequired\":true,\"valueName\":\"search_term_string\"}}],\"inLanguage\":\"pt-PT\"}]}<\/script>\n<!-- \/ Yoast SEO plugin. -->","yoast_head_json":{"title":"\u00a0L\u00e1tex Lipgloss\u00a0 - NAM","robots":{"index":"index","follow":"follow","max-snippet":"max-snippet:-1","max-image-preview":"max-image-preview:large","max-video-preview":"max-video-preview:-1"},"canonical":"https:\/\/namcosmetics.eu\/pt-pt\/producto\/lipgloss-latex-nr-1\/","og_locale":"pt_PT","og_type":"article","og_title":"\u00a0L\u00e1tex Lipgloss\u00a0 - NAM","og_description":"Aposta por um brilho tentador  em 7 tonalidades incr\u00edveis\u00a0 . A sua  f\u00f3rmula suaviza, nutre e hidrata os l\u00e1bios gra\u00e7as ao Hydrasalinol TM que  cont\u00e9m e ao complexo InstaPlum TM, que aumenta opticamente os l\u00e1bios (cont\u00e9m paprica  e gengibre). Confort\u00e1vel de usar e f\u00f3rmula n\u00e3o pegajosa.\u00a0","og_url":"https:\/\/namcosmetics.eu\/pt-pt\/producto\/lipgloss-latex-nr-1\/","og_site_name":"NAM","article_modified_time":"2024-01-03T09:53:02+00:00","og_image":[{"width":800,"height":800,"url":"https:\/\/namcosmetics.eu\/wp-content\/uploads\/2023\/02\/US150N1_5901801656654.jpg","type":"image\/jpeg"}],"twitter_card":"summary_large_image","schema":{"@context":"https:\/\/schema.org","@graph":[{"@type":"WebPage","@id":"https:\/\/namcosmetics.eu\/pt-pt\/producto\/lipgloss-latex-nr-1\/","url":"https:\/\/namcosmetics.eu\/pt-pt\/producto\/lipgloss-latex-nr-1\/","name":"\u00a0L\u00e1tex Lipgloss\u00a0 - NAM","isPartOf":{"@id":"https:\/\/namcosmetics.eu\/pt-pt\/#website"},"primaryImageOfPage":{"@id":"https:\/\/namcosmetics.eu\/pt-pt\/producto\/lipgloss-latex-nr-1\/#primaryimage"},"image":{"@id":"https:\/\/namcosmetics.eu\/pt-pt\/producto\/lipgloss-latex-nr-1\/#primaryimage"},"thumbnailUrl":"https:\/\/namcosmetics.eu\/wp-content\/uploads\/2023\/02\/US150N1_5901801656654.jpg","datePublished":"2023-02-20T11:16:13+00:00","dateModified":"2024-01-03T09:53:02+00:00","breadcrumb":{"@id":"https:\/\/namcosmetics.eu\/pt-pt\/producto\/lipgloss-latex-nr-1\/#breadcrumb"},"inLanguage":"pt-PT","potentialAction":[{"@type":"ReadAction","target":["https:\/\/namcosmetics.eu\/pt-pt\/producto\/lipgloss-latex-nr-1\/"]}]},{"@type":"ImageObject","inLanguage":"pt-PT","@id":"https:\/\/namcosmetics.eu\/pt-pt\/producto\/lipgloss-latex-nr-1\/#primaryimage","url":"https:\/\/namcosmetics.eu\/wp-content\/uploads\/2023\/02\/US150N1_5901801656654.jpg","contentUrl":"https:\/\/namcosmetics.eu\/wp-content\/uploads\/2023\/02\/US150N1_5901801656654.jpg","width":800,"height":800},{"@type":"BreadcrumbList","@id":"https:\/\/namcosmetics.eu\/pt-pt\/producto\/lipgloss-latex-nr-1\/#breadcrumb","itemListElement":[{"@type":"ListItem","position":1,"name":"Portada","item":"https:\/\/namcosmetics.eu\/pt-pt\/"},{"@type":"ListItem","position":2,"name":"Tienda","item":"https:\/\/namcosmetics.eu\/tienda\/"},{"@type":"ListItem","position":3,"name":"\u00a0L\u00e1tex Lipgloss\u00a0"}]},{"@type":"WebSite","@id":"https:\/\/namcosmetics.eu\/pt-pt\/#website","url":"https:\/\/namcosmetics.eu\/pt-pt\/","name":"NAM","description":"NAM Europe","potentialAction":[{"@type":"SearchAction","target":{"@type":"EntryPoint","urlTemplate":"https:\/\/namcosmetics.eu\/pt-pt\/?s={search_term_string}"},"query-input":{"@type":"PropertyValueSpecification","valueRequired":true,"valueName":"search_term_string"}}],"inLanguage":"pt-PT"}]}},"_links":{"self":[{"href":"https:\/\/namcosmetics.eu\/pt-pt\/wp-json\/wp\/v2\/product\/25049"}],"collection":[{"href":"https:\/\/namcosmetics.eu\/pt-pt\/wp-json\/wp\/v2\/product"}],"about":[{"href":"https:\/\/namcosmetics.eu\/pt-pt\/wp-json\/wp\/v2\/types\/product"}],"replies":[{"embeddable":true,"href":"https:\/\/namcosmetics.eu\/pt-pt\/wp-json\/wp\/v2\/comments?post=25049"}],"wp:featuredmedia":[{"embeddable":true,"href":"https:\/\/namcosmetics.eu\/pt-pt\/wp-json\/wp\/v2\/media\/21135"}],"wp:attachment":[{"href":"https:\/\/namcosmetics.eu\/pt-pt\/wp-json\/wp\/v2\/media?parent=25049"}],"wp:term":[{"taxonomy":"product_brand","embeddable":true,"href":"https:\/\/namcosmetics.eu\/pt-pt\/wp-json\/wp\/v2\/product_brand?post=25049"},{"taxonomy":"product_cat","embeddable":true,"href":"https:\/\/namcosmetics.eu\/pt-pt\/wp-json\/wp\/v2\/product_cat?post=25049"},{"taxonomy":"product_tag","embeddable":true,"href":"https:\/\/namcosmetics.eu\/pt-pt\/wp-json\/wp\/v2\/product_tag?post=25049"}],"curies":[{"name":"wp","href":"https:\/\/api.w.org\/{rel}","templated":true}]}}