{"id":25001,"date":"2023-06-05T08:47:38","date_gmt":"2023-06-05T08:47:38","guid":{"rendered":"https:\/\/namcosmetics.eu\/?post_type=product&#038;p=25001"},"modified":"2024-01-03T09:46:30","modified_gmt":"2024-01-03T09:46:30","slug":"pestanas-postizas-insanity-look","status":"publish","type":"product","link":"https:\/\/namcosmetics.eu\/pt-pt\/producto\/pestanas-postizas-insanity-look\/","title":{"rendered":"Pestanas Insanity Look"},"content":{"rendered":"<h4>Modo<br \/>\n  de uso<\/h4>\n<p>Aplicar pegamento y colocarlas en el p\u00e1rpado superior a lo largo<br \/>\n  de la l\u00ednea de las pesta\u00f1as. Es un producto reutilizable. Incluye<br \/>\n  pegamento.<\/p>\n<\/p>\n<h4>Ingredientes<\/h4>\n<p>Acrylates\/Ethylhexyl Acrylate Copolymer, Propylene Glycol,<br \/>\n  Phenoxyethanol, Ethylhexylglycerin, CI 77499.<\/p>\n","protected":false},"excerpt":{"rendered":"<p>Pestanas falsas em faixa<br \/>\n  transparente ideal para maquilhagem nocturna. Aplica\u00e7\u00e3o: Aplicar cola e<br \/>\n  coloc\u00e1-las na p\u00e1lpebra superior ao longo da linha das pestanas. \u00c9 um produto<br \/>\n  reutiliz\u00e1vel. Cola inclu\u00edda<\/p>\n","protected":false},"featured_media":24921,"comment_status":"closed","ping_status":"closed","template":"","meta":[],"product_brand":[],"product_cat":[1330,1323],"product_tag":[],"class_list":{"0":"post-25001","1":"product","2":"type-product","3":"status-publish","4":"has-post-thumbnail","6":"product_cat-novo-2023","7":"product_cat-pestanas-falsas","9":"first","10":"instock","11":"shipping-taxable","12":"purchasable","13":"product-type-simple"},"yoast_head":"<!-- This site is optimized with the Yoast SEO plugin v25.0 - https:\/\/yoast.com\/wordpress\/plugins\/seo\/ -->\n<title>Pestanas Insanity Look - NAM<\/title>\n<meta name=\"robots\" content=\"index, follow, max-snippet:-1, max-image-preview:large, max-video-preview:-1\" \/>\n<link rel=\"canonical\" href=\"https:\/\/namcosmetics.eu\/pt-pt\/producto\/pestanas-postizas-insanity-look\/\" \/>\n<meta property=\"og:locale\" content=\"pt_PT\" \/>\n<meta property=\"og:type\" content=\"article\" \/>\n<meta property=\"og:title\" content=\"Pestanas Insanity Look - NAM\" \/>\n<meta property=\"og:description\" content=\"Pestanas falsas em faixa  transparente ideal para maquilhagem nocturna. Aplica\u00e7\u00e3o: Aplicar cola e  coloc\u00e1-las na p\u00e1lpebra superior ao longo da linha das pestanas. \u00c9 um produto  reutiliz\u00e1vel. Cola inclu\u00edda\" \/>\n<meta property=\"og:url\" content=\"https:\/\/namcosmetics.eu\/pt-pt\/producto\/pestanas-postizas-insanity-look\/\" \/>\n<meta property=\"og:site_name\" content=\"NAM\" \/>\n<meta property=\"article:modified_time\" content=\"2024-01-03T09:46:30+00:00\" \/>\n<meta property=\"og:image\" content=\"https:\/\/namcosmetics.eu\/wp-content\/uploads\/2023\/06\/OC680_5907439138807-1.jpg\" \/>\n\t<meta property=\"og:image:width\" content=\"800\" \/>\n\t<meta property=\"og:image:height\" content=\"800\" \/>\n\t<meta property=\"og:image:type\" content=\"image\/jpeg\" \/>\n<meta name=\"twitter:card\" content=\"summary_large_image\" \/>\n<script type=\"application\/ld+json\" class=\"yoast-schema-graph\">{\"@context\":\"https:\/\/schema.org\",\"@graph\":[{\"@type\":\"WebPage\",\"@id\":\"https:\/\/namcosmetics.eu\/pt-pt\/producto\/pestanas-postizas-insanity-look\/\",\"url\":\"https:\/\/namcosmetics.eu\/pt-pt\/producto\/pestanas-postizas-insanity-look\/\",\"name\":\"Pestanas Insanity Look - NAM\",\"isPartOf\":{\"@id\":\"https:\/\/namcosmetics.eu\/pt-pt\/#website\"},\"primaryImageOfPage\":{\"@id\":\"https:\/\/namcosmetics.eu\/pt-pt\/producto\/pestanas-postizas-insanity-look\/#primaryimage\"},\"image\":{\"@id\":\"https:\/\/namcosmetics.eu\/pt-pt\/producto\/pestanas-postizas-insanity-look\/#primaryimage\"},\"thumbnailUrl\":\"https:\/\/namcosmetics.eu\/wp-content\/uploads\/2023\/06\/OC680_5907439138807-1.jpg\",\"datePublished\":\"2023-06-05T08:47:38+00:00\",\"dateModified\":\"2024-01-03T09:46:30+00:00\",\"breadcrumb\":{\"@id\":\"https:\/\/namcosmetics.eu\/pt-pt\/producto\/pestanas-postizas-insanity-look\/#breadcrumb\"},\"inLanguage\":\"pt-PT\",\"potentialAction\":[{\"@type\":\"ReadAction\",\"target\":[\"https:\/\/namcosmetics.eu\/pt-pt\/producto\/pestanas-postizas-insanity-look\/\"]}]},{\"@type\":\"ImageObject\",\"inLanguage\":\"pt-PT\",\"@id\":\"https:\/\/namcosmetics.eu\/pt-pt\/producto\/pestanas-postizas-insanity-look\/#primaryimage\",\"url\":\"https:\/\/namcosmetics.eu\/wp-content\/uploads\/2023\/06\/OC680_5907439138807-1.jpg\",\"contentUrl\":\"https:\/\/namcosmetics.eu\/wp-content\/uploads\/2023\/06\/OC680_5907439138807-1.jpg\",\"width\":800,\"height\":800},{\"@type\":\"BreadcrumbList\",\"@id\":\"https:\/\/namcosmetics.eu\/pt-pt\/producto\/pestanas-postizas-insanity-look\/#breadcrumb\",\"itemListElement\":[{\"@type\":\"ListItem\",\"position\":1,\"name\":\"Portada\",\"item\":\"https:\/\/namcosmetics.eu\/pt-pt\/\"},{\"@type\":\"ListItem\",\"position\":2,\"name\":\"Tienda\",\"item\":\"https:\/\/namcosmetics.eu\/tienda\/\"},{\"@type\":\"ListItem\",\"position\":3,\"name\":\"Pestanas Insanity Look\"}]},{\"@type\":\"WebSite\",\"@id\":\"https:\/\/namcosmetics.eu\/pt-pt\/#website\",\"url\":\"https:\/\/namcosmetics.eu\/pt-pt\/\",\"name\":\"NAM\",\"description\":\"NAM Europe\",\"potentialAction\":[{\"@type\":\"SearchAction\",\"target\":{\"@type\":\"EntryPoint\",\"urlTemplate\":\"https:\/\/namcosmetics.eu\/pt-pt\/?s={search_term_string}\"},\"query-input\":{\"@type\":\"PropertyValueSpecification\",\"valueRequired\":true,\"valueName\":\"search_term_string\"}}],\"inLanguage\":\"pt-PT\"}]}<\/script>\n<!-- \/ Yoast SEO plugin. -->","yoast_head_json":{"title":"Pestanas Insanity Look - NAM","robots":{"index":"index","follow":"follow","max-snippet":"max-snippet:-1","max-image-preview":"max-image-preview:large","max-video-preview":"max-video-preview:-1"},"canonical":"https:\/\/namcosmetics.eu\/pt-pt\/producto\/pestanas-postizas-insanity-look\/","og_locale":"pt_PT","og_type":"article","og_title":"Pestanas Insanity Look - NAM","og_description":"Pestanas falsas em faixa  transparente ideal para maquilhagem nocturna. Aplica\u00e7\u00e3o: Aplicar cola e  coloc\u00e1-las na p\u00e1lpebra superior ao longo da linha das pestanas. \u00c9 um produto  reutiliz\u00e1vel. Cola inclu\u00edda","og_url":"https:\/\/namcosmetics.eu\/pt-pt\/producto\/pestanas-postizas-insanity-look\/","og_site_name":"NAM","article_modified_time":"2024-01-03T09:46:30+00:00","og_image":[{"width":800,"height":800,"url":"https:\/\/namcosmetics.eu\/wp-content\/uploads\/2023\/06\/OC680_5907439138807-1.jpg","type":"image\/jpeg"}],"twitter_card":"summary_large_image","schema":{"@context":"https:\/\/schema.org","@graph":[{"@type":"WebPage","@id":"https:\/\/namcosmetics.eu\/pt-pt\/producto\/pestanas-postizas-insanity-look\/","url":"https:\/\/namcosmetics.eu\/pt-pt\/producto\/pestanas-postizas-insanity-look\/","name":"Pestanas Insanity Look - NAM","isPartOf":{"@id":"https:\/\/namcosmetics.eu\/pt-pt\/#website"},"primaryImageOfPage":{"@id":"https:\/\/namcosmetics.eu\/pt-pt\/producto\/pestanas-postizas-insanity-look\/#primaryimage"},"image":{"@id":"https:\/\/namcosmetics.eu\/pt-pt\/producto\/pestanas-postizas-insanity-look\/#primaryimage"},"thumbnailUrl":"https:\/\/namcosmetics.eu\/wp-content\/uploads\/2023\/06\/OC680_5907439138807-1.jpg","datePublished":"2023-06-05T08:47:38+00:00","dateModified":"2024-01-03T09:46:30+00:00","breadcrumb":{"@id":"https:\/\/namcosmetics.eu\/pt-pt\/producto\/pestanas-postizas-insanity-look\/#breadcrumb"},"inLanguage":"pt-PT","potentialAction":[{"@type":"ReadAction","target":["https:\/\/namcosmetics.eu\/pt-pt\/producto\/pestanas-postizas-insanity-look\/"]}]},{"@type":"ImageObject","inLanguage":"pt-PT","@id":"https:\/\/namcosmetics.eu\/pt-pt\/producto\/pestanas-postizas-insanity-look\/#primaryimage","url":"https:\/\/namcosmetics.eu\/wp-content\/uploads\/2023\/06\/OC680_5907439138807-1.jpg","contentUrl":"https:\/\/namcosmetics.eu\/wp-content\/uploads\/2023\/06\/OC680_5907439138807-1.jpg","width":800,"height":800},{"@type":"BreadcrumbList","@id":"https:\/\/namcosmetics.eu\/pt-pt\/producto\/pestanas-postizas-insanity-look\/#breadcrumb","itemListElement":[{"@type":"ListItem","position":1,"name":"Portada","item":"https:\/\/namcosmetics.eu\/pt-pt\/"},{"@type":"ListItem","position":2,"name":"Tienda","item":"https:\/\/namcosmetics.eu\/tienda\/"},{"@type":"ListItem","position":3,"name":"Pestanas Insanity Look"}]},{"@type":"WebSite","@id":"https:\/\/namcosmetics.eu\/pt-pt\/#website","url":"https:\/\/namcosmetics.eu\/pt-pt\/","name":"NAM","description":"NAM Europe","potentialAction":[{"@type":"SearchAction","target":{"@type":"EntryPoint","urlTemplate":"https:\/\/namcosmetics.eu\/pt-pt\/?s={search_term_string}"},"query-input":{"@type":"PropertyValueSpecification","valueRequired":true,"valueName":"search_term_string"}}],"inLanguage":"pt-PT"}]}},"_links":{"self":[{"href":"https:\/\/namcosmetics.eu\/pt-pt\/wp-json\/wp\/v2\/product\/25001"}],"collection":[{"href":"https:\/\/namcosmetics.eu\/pt-pt\/wp-json\/wp\/v2\/product"}],"about":[{"href":"https:\/\/namcosmetics.eu\/pt-pt\/wp-json\/wp\/v2\/types\/product"}],"replies":[{"embeddable":true,"href":"https:\/\/namcosmetics.eu\/pt-pt\/wp-json\/wp\/v2\/comments?post=25001"}],"wp:featuredmedia":[{"embeddable":true,"href":"https:\/\/namcosmetics.eu\/pt-pt\/wp-json\/wp\/v2\/media\/24921"}],"wp:attachment":[{"href":"https:\/\/namcosmetics.eu\/pt-pt\/wp-json\/wp\/v2\/media?parent=25001"}],"wp:term":[{"taxonomy":"product_brand","embeddable":true,"href":"https:\/\/namcosmetics.eu\/pt-pt\/wp-json\/wp\/v2\/product_brand?post=25001"},{"taxonomy":"product_cat","embeddable":true,"href":"https:\/\/namcosmetics.eu\/pt-pt\/wp-json\/wp\/v2\/product_cat?post=25001"},{"taxonomy":"product_tag","embeddable":true,"href":"https:\/\/namcosmetics.eu\/pt-pt\/wp-json\/wp\/v2\/product_tag?post=25001"}],"curies":[{"name":"wp","href":"https:\/\/api.w.org\/{rel}","templated":true}]}}