{"id":24999,"date":"2023-06-05T08:47:38","date_gmt":"2023-06-05T08:47:38","guid":{"rendered":"https:\/\/namcosmetics.eu\/?post_type=product&#038;p=24999"},"modified":"2024-01-03T09:46:30","modified_gmt":"2024-01-03T09:46:30","slug":"eyeliner-magnetico-smart","status":"publish","type":"product","link":"https:\/\/namcosmetics.eu\/pt-pt\/producto\/eyeliner-magnetico-smart\/","title":{"rendered":"Delineador magn\u00e9tico Smart"},"content":{"rendered":"<h4>Modo<br \/>\n  de uso<\/h4>\n<p>Dibuja una l\u00ednea con el eyeliner, espera a que se seque, coloca<br \/>\n  las pesta\u00f1as en ella &#8211; las part\u00edculas magn\u00e9ticas contenidas en el eyeliner<br \/>\n  atraer\u00e1n las pesta\u00f1as hacia la l\u00ednea que has dibujado. La aplicaci\u00f3n de las<br \/>\n  pesta\u00f1as magn\u00e9ticas nunca ha sido tan f\u00e1cil.<\/p>\n<\/p>\n<h4>Ingredientes<\/h4>\n<p>Styrene\/Acrylates Copolymer, Aqua, Propylene Glycol,<br \/>\n  Phenoxyethanol, Caprylyl Glycol, Ethylhexylglycerin, CI 77499, CI 77266<br \/>\n  (nano). <\/p>\n","protected":false},"excerpt":{"rendered":"<p>Um eyeliner magn\u00e9tico,<br \/>\n  intensamente preto, que pode ser usado como eyeliner cl\u00e1ssico ou para fixar<br \/>\n  c\u00edlios NAM Magnetic Eyelashes. Como usar: desenhar uma linha com o<br \/>\n  delineador, esperar que seque, colocar os c\u00edlios sobre ele &#8211; as part\u00edculas<br \/>\n  magn\u00e9ticas contidas no delineador atrair\u00e3o os c\u00edlios para a linha que<br \/>\n  desenhou. A aplica\u00e7\u00e3o de c\u00edlios magn\u00e9ticos nunca foi t\u00e3o f\u00e1cil.<\/p>\n","protected":false},"featured_media":24900,"comment_status":"closed","ping_status":"closed","template":"","meta":[],"product_brand":[],"product_cat":[1330,1323],"product_tag":[],"class_list":{"0":"post-24999","1":"product","2":"type-product","3":"status-publish","4":"has-post-thumbnail","6":"product_cat-novo-2023","7":"product_cat-pestanas-falsas","9":"first","10":"instock","11":"shipping-taxable","12":"purchasable","13":"product-type-simple"},"yoast_head":"<!-- This site is optimized with the Yoast SEO plugin v25.0 - https:\/\/yoast.com\/wordpress\/plugins\/seo\/ -->\n<title>Delineador magn\u00e9tico Smart - NAM<\/title>\n<meta name=\"robots\" content=\"index, follow, max-snippet:-1, max-image-preview:large, max-video-preview:-1\" \/>\n<link rel=\"canonical\" href=\"https:\/\/namcosmetics.eu\/pt-pt\/producto\/eyeliner-magnetico-smart\/\" \/>\n<meta property=\"og:locale\" content=\"pt_PT\" \/>\n<meta property=\"og:type\" content=\"article\" \/>\n<meta property=\"og:title\" content=\"Delineador magn\u00e9tico Smart - NAM\" \/>\n<meta property=\"og:description\" content=\"Um eyeliner magn\u00e9tico,  intensamente preto, que pode ser usado como eyeliner cl\u00e1ssico ou para fixar  c\u00edlios NAM Magnetic Eyelashes. Como usar: desenhar uma linha com o  delineador, esperar que seque, colocar os c\u00edlios sobre ele - as part\u00edculas  magn\u00e9ticas contidas no delineador atrair\u00e3o os c\u00edlios para a linha que  desenhou. A aplica\u00e7\u00e3o de c\u00edlios magn\u00e9ticos nunca foi t\u00e3o f\u00e1cil.\" \/>\n<meta property=\"og:url\" content=\"https:\/\/namcosmetics.eu\/pt-pt\/producto\/eyeliner-magnetico-smart\/\" \/>\n<meta property=\"og:site_name\" content=\"NAM\" \/>\n<meta property=\"article:modified_time\" content=\"2024-01-03T09:46:30+00:00\" \/>\n<meta property=\"og:image\" content=\"https:\/\/namcosmetics.eu\/wp-content\/uploads\/2023\/06\/OC396_5901801679165-1.jpg\" \/>\n\t<meta property=\"og:image:width\" content=\"800\" \/>\n\t<meta property=\"og:image:height\" content=\"800\" \/>\n\t<meta property=\"og:image:type\" content=\"image\/jpeg\" \/>\n<meta name=\"twitter:card\" content=\"summary_large_image\" \/>\n<script type=\"application\/ld+json\" class=\"yoast-schema-graph\">{\"@context\":\"https:\/\/schema.org\",\"@graph\":[{\"@type\":\"WebPage\",\"@id\":\"https:\/\/namcosmetics.eu\/pt-pt\/producto\/eyeliner-magnetico-smart\/\",\"url\":\"https:\/\/namcosmetics.eu\/pt-pt\/producto\/eyeliner-magnetico-smart\/\",\"name\":\"Delineador magn\u00e9tico Smart - NAM\",\"isPartOf\":{\"@id\":\"https:\/\/namcosmetics.eu\/pt-pt\/#website\"},\"primaryImageOfPage\":{\"@id\":\"https:\/\/namcosmetics.eu\/pt-pt\/producto\/eyeliner-magnetico-smart\/#primaryimage\"},\"image\":{\"@id\":\"https:\/\/namcosmetics.eu\/pt-pt\/producto\/eyeliner-magnetico-smart\/#primaryimage\"},\"thumbnailUrl\":\"https:\/\/namcosmetics.eu\/wp-content\/uploads\/2023\/06\/OC396_5901801679165-1.jpg\",\"datePublished\":\"2023-06-05T08:47:38+00:00\",\"dateModified\":\"2024-01-03T09:46:30+00:00\",\"breadcrumb\":{\"@id\":\"https:\/\/namcosmetics.eu\/pt-pt\/producto\/eyeliner-magnetico-smart\/#breadcrumb\"},\"inLanguage\":\"pt-PT\",\"potentialAction\":[{\"@type\":\"ReadAction\",\"target\":[\"https:\/\/namcosmetics.eu\/pt-pt\/producto\/eyeliner-magnetico-smart\/\"]}]},{\"@type\":\"ImageObject\",\"inLanguage\":\"pt-PT\",\"@id\":\"https:\/\/namcosmetics.eu\/pt-pt\/producto\/eyeliner-magnetico-smart\/#primaryimage\",\"url\":\"https:\/\/namcosmetics.eu\/wp-content\/uploads\/2023\/06\/OC396_5901801679165-1.jpg\",\"contentUrl\":\"https:\/\/namcosmetics.eu\/wp-content\/uploads\/2023\/06\/OC396_5901801679165-1.jpg\",\"width\":800,\"height\":800},{\"@type\":\"BreadcrumbList\",\"@id\":\"https:\/\/namcosmetics.eu\/pt-pt\/producto\/eyeliner-magnetico-smart\/#breadcrumb\",\"itemListElement\":[{\"@type\":\"ListItem\",\"position\":1,\"name\":\"Portada\",\"item\":\"https:\/\/namcosmetics.eu\/pt-pt\/\"},{\"@type\":\"ListItem\",\"position\":2,\"name\":\"Tienda\",\"item\":\"https:\/\/namcosmetics.eu\/tienda\/\"},{\"@type\":\"ListItem\",\"position\":3,\"name\":\"Delineador magn\u00e9tico Smart\"}]},{\"@type\":\"WebSite\",\"@id\":\"https:\/\/namcosmetics.eu\/pt-pt\/#website\",\"url\":\"https:\/\/namcosmetics.eu\/pt-pt\/\",\"name\":\"NAM\",\"description\":\"NAM Europe\",\"potentialAction\":[{\"@type\":\"SearchAction\",\"target\":{\"@type\":\"EntryPoint\",\"urlTemplate\":\"https:\/\/namcosmetics.eu\/pt-pt\/?s={search_term_string}\"},\"query-input\":{\"@type\":\"PropertyValueSpecification\",\"valueRequired\":true,\"valueName\":\"search_term_string\"}}],\"inLanguage\":\"pt-PT\"}]}<\/script>\n<!-- \/ Yoast SEO plugin. -->","yoast_head_json":{"title":"Delineador magn\u00e9tico Smart - NAM","robots":{"index":"index","follow":"follow","max-snippet":"max-snippet:-1","max-image-preview":"max-image-preview:large","max-video-preview":"max-video-preview:-1"},"canonical":"https:\/\/namcosmetics.eu\/pt-pt\/producto\/eyeliner-magnetico-smart\/","og_locale":"pt_PT","og_type":"article","og_title":"Delineador magn\u00e9tico Smart - NAM","og_description":"Um eyeliner magn\u00e9tico,  intensamente preto, que pode ser usado como eyeliner cl\u00e1ssico ou para fixar  c\u00edlios NAM Magnetic Eyelashes. Como usar: desenhar uma linha com o  delineador, esperar que seque, colocar os c\u00edlios sobre ele - as part\u00edculas  magn\u00e9ticas contidas no delineador atrair\u00e3o os c\u00edlios para a linha que  desenhou. A aplica\u00e7\u00e3o de c\u00edlios magn\u00e9ticos nunca foi t\u00e3o f\u00e1cil.","og_url":"https:\/\/namcosmetics.eu\/pt-pt\/producto\/eyeliner-magnetico-smart\/","og_site_name":"NAM","article_modified_time":"2024-01-03T09:46:30+00:00","og_image":[{"width":800,"height":800,"url":"https:\/\/namcosmetics.eu\/wp-content\/uploads\/2023\/06\/OC396_5901801679165-1.jpg","type":"image\/jpeg"}],"twitter_card":"summary_large_image","schema":{"@context":"https:\/\/schema.org","@graph":[{"@type":"WebPage","@id":"https:\/\/namcosmetics.eu\/pt-pt\/producto\/eyeliner-magnetico-smart\/","url":"https:\/\/namcosmetics.eu\/pt-pt\/producto\/eyeliner-magnetico-smart\/","name":"Delineador magn\u00e9tico Smart - NAM","isPartOf":{"@id":"https:\/\/namcosmetics.eu\/pt-pt\/#website"},"primaryImageOfPage":{"@id":"https:\/\/namcosmetics.eu\/pt-pt\/producto\/eyeliner-magnetico-smart\/#primaryimage"},"image":{"@id":"https:\/\/namcosmetics.eu\/pt-pt\/producto\/eyeliner-magnetico-smart\/#primaryimage"},"thumbnailUrl":"https:\/\/namcosmetics.eu\/wp-content\/uploads\/2023\/06\/OC396_5901801679165-1.jpg","datePublished":"2023-06-05T08:47:38+00:00","dateModified":"2024-01-03T09:46:30+00:00","breadcrumb":{"@id":"https:\/\/namcosmetics.eu\/pt-pt\/producto\/eyeliner-magnetico-smart\/#breadcrumb"},"inLanguage":"pt-PT","potentialAction":[{"@type":"ReadAction","target":["https:\/\/namcosmetics.eu\/pt-pt\/producto\/eyeliner-magnetico-smart\/"]}]},{"@type":"ImageObject","inLanguage":"pt-PT","@id":"https:\/\/namcosmetics.eu\/pt-pt\/producto\/eyeliner-magnetico-smart\/#primaryimage","url":"https:\/\/namcosmetics.eu\/wp-content\/uploads\/2023\/06\/OC396_5901801679165-1.jpg","contentUrl":"https:\/\/namcosmetics.eu\/wp-content\/uploads\/2023\/06\/OC396_5901801679165-1.jpg","width":800,"height":800},{"@type":"BreadcrumbList","@id":"https:\/\/namcosmetics.eu\/pt-pt\/producto\/eyeliner-magnetico-smart\/#breadcrumb","itemListElement":[{"@type":"ListItem","position":1,"name":"Portada","item":"https:\/\/namcosmetics.eu\/pt-pt\/"},{"@type":"ListItem","position":2,"name":"Tienda","item":"https:\/\/namcosmetics.eu\/tienda\/"},{"@type":"ListItem","position":3,"name":"Delineador magn\u00e9tico Smart"}]},{"@type":"WebSite","@id":"https:\/\/namcosmetics.eu\/pt-pt\/#website","url":"https:\/\/namcosmetics.eu\/pt-pt\/","name":"NAM","description":"NAM Europe","potentialAction":[{"@type":"SearchAction","target":{"@type":"EntryPoint","urlTemplate":"https:\/\/namcosmetics.eu\/pt-pt\/?s={search_term_string}"},"query-input":{"@type":"PropertyValueSpecification","valueRequired":true,"valueName":"search_term_string"}}],"inLanguage":"pt-PT"}]}},"_links":{"self":[{"href":"https:\/\/namcosmetics.eu\/pt-pt\/wp-json\/wp\/v2\/product\/24999"}],"collection":[{"href":"https:\/\/namcosmetics.eu\/pt-pt\/wp-json\/wp\/v2\/product"}],"about":[{"href":"https:\/\/namcosmetics.eu\/pt-pt\/wp-json\/wp\/v2\/types\/product"}],"replies":[{"embeddable":true,"href":"https:\/\/namcosmetics.eu\/pt-pt\/wp-json\/wp\/v2\/comments?post=24999"}],"wp:featuredmedia":[{"embeddable":true,"href":"https:\/\/namcosmetics.eu\/pt-pt\/wp-json\/wp\/v2\/media\/24900"}],"wp:attachment":[{"href":"https:\/\/namcosmetics.eu\/pt-pt\/wp-json\/wp\/v2\/media?parent=24999"}],"wp:term":[{"taxonomy":"product_brand","embeddable":true,"href":"https:\/\/namcosmetics.eu\/pt-pt\/wp-json\/wp\/v2\/product_brand?post=24999"},{"taxonomy":"product_cat","embeddable":true,"href":"https:\/\/namcosmetics.eu\/pt-pt\/wp-json\/wp\/v2\/product_cat?post=24999"},{"taxonomy":"product_tag","embeddable":true,"href":"https:\/\/namcosmetics.eu\/pt-pt\/wp-json\/wp\/v2\/product_tag?post=24999"}],"curies":[{"name":"wp","href":"https:\/\/api.w.org\/{rel}","templated":true}]}}