{"id":24988,"date":"2023-06-05T08:48:31","date_gmt":"2023-06-05T08:48:31","guid":{"rendered":"https:\/\/namcosmetics.eu\/?post_type=product&#038;p=24988"},"modified":"2024-01-03T09:51:44","modified_gmt":"2024-01-03T09:51:44","slug":"serum-de-labios-baobab","status":"publish","type":"product","link":"https:\/\/namcosmetics.eu\/pt-pt\/producto\/serum-de-labios-baobab\/","title":{"rendered":"S\u00e9rum de L\u00e1bios BAOBAB\u00a0"},"content":{"rendered":"<h4>Modo<br \/>\n  de uso<\/h4>\n<p>Come\u00e7ar no centro do l\u00e1bio superior e trabalhar em direc\u00e7\u00e3o<br \/>\n  aos contornos. Percorrer o batom sobre todo o l\u00e1bio inferior e esperar que<br \/>\n  ele seque. Finalmente, deslizar o aplicador de batom l\u00edquido sobre todo o<br \/>\n  l\u00e1bio inferior.<\/p>\n","protected":false},"excerpt":{"rendered":"<p>Um s\u00e9rum labial com \u00f3leo de<br \/>\n  \u00e1rvore baob\u00e1 e uma composi\u00e7\u00e3o de\u00d7 extratos florais que mant\u00eam os seus l\u00e1bios<br \/>\n  hidratados, regenerados e suaves, alisando a superf\u00edcie dos seus l\u00e1bios.<br \/>\n  Aplique sozinho ou antes de aplicar o seu batom preferido, sobre os l\u00e1bios, deixa<br \/>\n  nos l\u00e1bios at\u00e9 ser completamente absorvido<\/p>\n","protected":false},"featured_media":24959,"comment_status":"closed","ping_status":"closed","template":"","meta":[],"product_brand":[],"product_cat":[1325,1330],"product_tag":[],"class_list":{"0":"post-24988","1":"product","2":"type-product","3":"status-publish","4":"has-post-thumbnail","6":"product_cat-brilho-de-labios","7":"product_cat-novo-2023","9":"first","10":"instock","11":"shipping-taxable","12":"purchasable","13":"product-type-variable"},"yoast_head":"<!-- This site is optimized with the Yoast SEO plugin v25.0 - https:\/\/yoast.com\/wordpress\/plugins\/seo\/ -->\n<title>S\u00e9rum de L\u00e1bios BAOBAB\u00a0 - NAM<\/title>\n<meta name=\"robots\" content=\"index, follow, max-snippet:-1, max-image-preview:large, max-video-preview:-1\" \/>\n<link rel=\"canonical\" href=\"https:\/\/namcosmetics.eu\/pt-pt\/producto\/serum-de-labios-baobab\/\" \/>\n<meta property=\"og:locale\" content=\"pt_PT\" \/>\n<meta property=\"og:type\" content=\"article\" \/>\n<meta property=\"og:title\" content=\"S\u00e9rum de L\u00e1bios BAOBAB\u00a0 - NAM\" \/>\n<meta property=\"og:description\" content=\"Um s\u00e9rum labial com \u00f3leo de  \u00e1rvore baob\u00e1 e uma composi\u00e7\u00e3o de\u00d7 extratos florais que mant\u00eam os seus l\u00e1bios  hidratados, regenerados e suaves, alisando a superf\u00edcie dos seus l\u00e1bios.  Aplique sozinho ou antes de aplicar o seu batom preferido, sobre os l\u00e1bios, deixa  nos l\u00e1bios at\u00e9 ser completamente absorvido\" \/>\n<meta property=\"og:url\" content=\"https:\/\/namcosmetics.eu\/pt-pt\/producto\/serum-de-labios-baobab\/\" \/>\n<meta property=\"og:site_name\" content=\"NAM\" \/>\n<meta property=\"article:modified_time\" content=\"2024-01-03T09:51:44+00:00\" \/>\n<meta property=\"og:image\" content=\"https:\/\/namcosmetics.eu\/wp-content\/uploads\/2023\/06\/US309N1_5901571042879.jpg\" \/>\n\t<meta property=\"og:image:width\" content=\"800\" \/>\n\t<meta property=\"og:image:height\" content=\"800\" \/>\n\t<meta property=\"og:image:type\" content=\"image\/jpeg\" \/>\n<meta name=\"twitter:card\" content=\"summary_large_image\" \/>\n<script type=\"application\/ld+json\" class=\"yoast-schema-graph\">{\"@context\":\"https:\/\/schema.org\",\"@graph\":[{\"@type\":\"WebPage\",\"@id\":\"https:\/\/namcosmetics.eu\/pt-pt\/producto\/serum-de-labios-baobab\/\",\"url\":\"https:\/\/namcosmetics.eu\/pt-pt\/producto\/serum-de-labios-baobab\/\",\"name\":\"S\u00e9rum de L\u00e1bios BAOBAB\u00a0 - NAM\",\"isPartOf\":{\"@id\":\"https:\/\/namcosmetics.eu\/pt-pt\/#website\"},\"primaryImageOfPage\":{\"@id\":\"https:\/\/namcosmetics.eu\/pt-pt\/producto\/serum-de-labios-baobab\/#primaryimage\"},\"image\":{\"@id\":\"https:\/\/namcosmetics.eu\/pt-pt\/producto\/serum-de-labios-baobab\/#primaryimage\"},\"thumbnailUrl\":\"https:\/\/namcosmetics.eu\/wp-content\/uploads\/2023\/06\/US309N1_5901571042879.jpg\",\"datePublished\":\"2023-06-05T08:48:31+00:00\",\"dateModified\":\"2024-01-03T09:51:44+00:00\",\"breadcrumb\":{\"@id\":\"https:\/\/namcosmetics.eu\/pt-pt\/producto\/serum-de-labios-baobab\/#breadcrumb\"},\"inLanguage\":\"pt-PT\",\"potentialAction\":[{\"@type\":\"ReadAction\",\"target\":[\"https:\/\/namcosmetics.eu\/pt-pt\/producto\/serum-de-labios-baobab\/\"]}]},{\"@type\":\"ImageObject\",\"inLanguage\":\"pt-PT\",\"@id\":\"https:\/\/namcosmetics.eu\/pt-pt\/producto\/serum-de-labios-baobab\/#primaryimage\",\"url\":\"https:\/\/namcosmetics.eu\/wp-content\/uploads\/2023\/06\/US309N1_5901571042879.jpg\",\"contentUrl\":\"https:\/\/namcosmetics.eu\/wp-content\/uploads\/2023\/06\/US309N1_5901571042879.jpg\",\"width\":800,\"height\":800},{\"@type\":\"BreadcrumbList\",\"@id\":\"https:\/\/namcosmetics.eu\/pt-pt\/producto\/serum-de-labios-baobab\/#breadcrumb\",\"itemListElement\":[{\"@type\":\"ListItem\",\"position\":1,\"name\":\"Portada\",\"item\":\"https:\/\/namcosmetics.eu\/pt-pt\/\"},{\"@type\":\"ListItem\",\"position\":2,\"name\":\"Tienda\",\"item\":\"https:\/\/namcosmetics.eu\/tienda\/\"},{\"@type\":\"ListItem\",\"position\":3,\"name\":\"S\u00e9rum de L\u00e1bios BAOBAB\u00a0\"}]},{\"@type\":\"WebSite\",\"@id\":\"https:\/\/namcosmetics.eu\/pt-pt\/#website\",\"url\":\"https:\/\/namcosmetics.eu\/pt-pt\/\",\"name\":\"NAM\",\"description\":\"NAM Europe\",\"potentialAction\":[{\"@type\":\"SearchAction\",\"target\":{\"@type\":\"EntryPoint\",\"urlTemplate\":\"https:\/\/namcosmetics.eu\/pt-pt\/?s={search_term_string}\"},\"query-input\":{\"@type\":\"PropertyValueSpecification\",\"valueRequired\":true,\"valueName\":\"search_term_string\"}}],\"inLanguage\":\"pt-PT\"}]}<\/script>\n<!-- \/ Yoast SEO plugin. -->","yoast_head_json":{"title":"S\u00e9rum de L\u00e1bios BAOBAB\u00a0 - NAM","robots":{"index":"index","follow":"follow","max-snippet":"max-snippet:-1","max-image-preview":"max-image-preview:large","max-video-preview":"max-video-preview:-1"},"canonical":"https:\/\/namcosmetics.eu\/pt-pt\/producto\/serum-de-labios-baobab\/","og_locale":"pt_PT","og_type":"article","og_title":"S\u00e9rum de L\u00e1bios BAOBAB\u00a0 - NAM","og_description":"Um s\u00e9rum labial com \u00f3leo de  \u00e1rvore baob\u00e1 e uma composi\u00e7\u00e3o de\u00d7 extratos florais que mant\u00eam os seus l\u00e1bios  hidratados, regenerados e suaves, alisando a superf\u00edcie dos seus l\u00e1bios.  Aplique sozinho ou antes de aplicar o seu batom preferido, sobre os l\u00e1bios, deixa  nos l\u00e1bios at\u00e9 ser completamente absorvido","og_url":"https:\/\/namcosmetics.eu\/pt-pt\/producto\/serum-de-labios-baobab\/","og_site_name":"NAM","article_modified_time":"2024-01-03T09:51:44+00:00","og_image":[{"width":800,"height":800,"url":"https:\/\/namcosmetics.eu\/wp-content\/uploads\/2023\/06\/US309N1_5901571042879.jpg","type":"image\/jpeg"}],"twitter_card":"summary_large_image","schema":{"@context":"https:\/\/schema.org","@graph":[{"@type":"WebPage","@id":"https:\/\/namcosmetics.eu\/pt-pt\/producto\/serum-de-labios-baobab\/","url":"https:\/\/namcosmetics.eu\/pt-pt\/producto\/serum-de-labios-baobab\/","name":"S\u00e9rum de L\u00e1bios BAOBAB\u00a0 - NAM","isPartOf":{"@id":"https:\/\/namcosmetics.eu\/pt-pt\/#website"},"primaryImageOfPage":{"@id":"https:\/\/namcosmetics.eu\/pt-pt\/producto\/serum-de-labios-baobab\/#primaryimage"},"image":{"@id":"https:\/\/namcosmetics.eu\/pt-pt\/producto\/serum-de-labios-baobab\/#primaryimage"},"thumbnailUrl":"https:\/\/namcosmetics.eu\/wp-content\/uploads\/2023\/06\/US309N1_5901571042879.jpg","datePublished":"2023-06-05T08:48:31+00:00","dateModified":"2024-01-03T09:51:44+00:00","breadcrumb":{"@id":"https:\/\/namcosmetics.eu\/pt-pt\/producto\/serum-de-labios-baobab\/#breadcrumb"},"inLanguage":"pt-PT","potentialAction":[{"@type":"ReadAction","target":["https:\/\/namcosmetics.eu\/pt-pt\/producto\/serum-de-labios-baobab\/"]}]},{"@type":"ImageObject","inLanguage":"pt-PT","@id":"https:\/\/namcosmetics.eu\/pt-pt\/producto\/serum-de-labios-baobab\/#primaryimage","url":"https:\/\/namcosmetics.eu\/wp-content\/uploads\/2023\/06\/US309N1_5901571042879.jpg","contentUrl":"https:\/\/namcosmetics.eu\/wp-content\/uploads\/2023\/06\/US309N1_5901571042879.jpg","width":800,"height":800},{"@type":"BreadcrumbList","@id":"https:\/\/namcosmetics.eu\/pt-pt\/producto\/serum-de-labios-baobab\/#breadcrumb","itemListElement":[{"@type":"ListItem","position":1,"name":"Portada","item":"https:\/\/namcosmetics.eu\/pt-pt\/"},{"@type":"ListItem","position":2,"name":"Tienda","item":"https:\/\/namcosmetics.eu\/tienda\/"},{"@type":"ListItem","position":3,"name":"S\u00e9rum de L\u00e1bios BAOBAB\u00a0"}]},{"@type":"WebSite","@id":"https:\/\/namcosmetics.eu\/pt-pt\/#website","url":"https:\/\/namcosmetics.eu\/pt-pt\/","name":"NAM","description":"NAM Europe","potentialAction":[{"@type":"SearchAction","target":{"@type":"EntryPoint","urlTemplate":"https:\/\/namcosmetics.eu\/pt-pt\/?s={search_term_string}"},"query-input":{"@type":"PropertyValueSpecification","valueRequired":true,"valueName":"search_term_string"}}],"inLanguage":"pt-PT"}]}},"_links":{"self":[{"href":"https:\/\/namcosmetics.eu\/pt-pt\/wp-json\/wp\/v2\/product\/24988"}],"collection":[{"href":"https:\/\/namcosmetics.eu\/pt-pt\/wp-json\/wp\/v2\/product"}],"about":[{"href":"https:\/\/namcosmetics.eu\/pt-pt\/wp-json\/wp\/v2\/types\/product"}],"replies":[{"embeddable":true,"href":"https:\/\/namcosmetics.eu\/pt-pt\/wp-json\/wp\/v2\/comments?post=24988"}],"wp:featuredmedia":[{"embeddable":true,"href":"https:\/\/namcosmetics.eu\/pt-pt\/wp-json\/wp\/v2\/media\/24959"}],"wp:attachment":[{"href":"https:\/\/namcosmetics.eu\/pt-pt\/wp-json\/wp\/v2\/media?parent=24988"}],"wp:term":[{"taxonomy":"product_brand","embeddable":true,"href":"https:\/\/namcosmetics.eu\/pt-pt\/wp-json\/wp\/v2\/product_brand?post=24988"},{"taxonomy":"product_cat","embeddable":true,"href":"https:\/\/namcosmetics.eu\/pt-pt\/wp-json\/wp\/v2\/product_cat?post=24988"},{"taxonomy":"product_tag","embeddable":true,"href":"https:\/\/namcosmetics.eu\/pt-pt\/wp-json\/wp\/v2\/product_tag?post=24988"}],"curies":[{"name":"wp","href":"https:\/\/api.w.org\/{rel}","templated":true}]}}