{"id":24290,"date":"2023-02-20T11:15:03","date_gmt":"2023-02-20T11:15:03","guid":{"rendered":"https:\/\/namcosmetics.eu\/producto\/topper-para-ojos-eye-water\/"},"modified":"2024-01-03T08:10:37","modified_gmt":"2024-01-03T08:10:37","slug":"topper-para-ojos-eye-water","status":"publish","type":"product","link":"https:\/\/namcosmetics.eu\/en\/producto\/topper-para-ojos-eye-water\/","title":{"rendered":"Eye Water Topper"},"content":{"rendered":"<h4>How<br \/>\n  to use<\/h4>\n<p>Use colors as you see fit. It is recommended to use a light shadow<br \/>\n  on the entire eyelid as a base. Use a darker color for the moving part of the<br \/>\n  eyelid. Note to fix the effect, use a primer before applying the<br \/>\n  eyeshadow.<\/p>\n<\/p>\n<h4>Ingredients<\/h4>\n<p>Hydrogenated Polyisobutene, Trimethylolpropane Triisostearate,<br \/>\n  Petrolatum, Tridecyl Trimellitate, Ozokerite, Silica Dimethyl Silylate,<br \/>\n  Tocopheryl Acetate, Caprylyl Glycol, Phenoxyethanol, Hexylene<br \/>\n  Glycol.<\/p>\n","protected":false},"excerpt":{"rendered":"<p>Un topper para ojos<br \/>\n  transparente para un efecto h\u00famedo en los p\u00e1rpados. Se puede usar como un<br \/>\n  producto est\u00e1ndar o aplicar en las sombras de ojos para resaltar la<br \/>\n  intensidad de los pigmentos.<\/p>\n","protected":false},"featured_media":20477,"comment_status":"closed","ping_status":"closed","template":"","meta":[],"product_brand":[],"product_cat":[1032],"product_tag":[1048,1080],"class_list":{"0":"post-24290","1":"product","2":"type-product","3":"status-publish","4":"has-post-thumbnail","6":"product_cat-eyeshadow","7":"product_tag-topper-eyes","8":"product_tag-transparent-topper","10":"first","11":"instock","12":"shipping-taxable","13":"purchasable","14":"product-type-simple"},"yoast_head":"<!-- This site is optimized with the Yoast SEO plugin v25.0 - https:\/\/yoast.com\/wordpress\/plugins\/seo\/ -->\n<title>Eye Water Topper - NAM<\/title>\n<meta name=\"robots\" content=\"index, follow, max-snippet:-1, max-image-preview:large, max-video-preview:-1\" \/>\n<link rel=\"canonical\" href=\"https:\/\/namcosmetics.eu\/en\/producto\/topper-para-ojos-eye-water\/\" \/>\n<meta property=\"og:locale\" content=\"en_US\" \/>\n<meta property=\"og:type\" content=\"article\" \/>\n<meta property=\"og:title\" content=\"Eye Water Topper - NAM\" \/>\n<meta property=\"og:description\" content=\"Un topper para ojos  transparente para un efecto h\u00famedo en los p\u00e1rpados. Se puede usar como un  producto est\u00e1ndar o aplicar en las sombras de ojos para resaltar la  intensidad de los pigmentos.\" \/>\n<meta property=\"og:url\" content=\"https:\/\/namcosmetics.eu\/en\/producto\/topper-para-ojos-eye-water\/\" \/>\n<meta property=\"og:site_name\" content=\"NAM\" \/>\n<meta property=\"article:modified_time\" content=\"2024-01-03T08:10:37+00:00\" \/>\n<meta property=\"og:image\" content=\"https:\/\/namcosmetics.eu\/wp-content\/uploads\/2023\/02\/OC367N_5901801688181.jpg\" \/>\n\t<meta property=\"og:image:width\" content=\"800\" \/>\n\t<meta property=\"og:image:height\" content=\"800\" \/>\n\t<meta property=\"og:image:type\" content=\"image\/jpeg\" \/>\n<meta name=\"twitter:card\" content=\"summary_large_image\" \/>\n<meta name=\"twitter:label1\" content=\"Est. reading time\" \/>\n\t<meta name=\"twitter:data1\" content=\"1 minute\" \/>\n<script type=\"application\/ld+json\" class=\"yoast-schema-graph\">{\"@context\":\"https:\/\/schema.org\",\"@graph\":[{\"@type\":\"WebPage\",\"@id\":\"https:\/\/namcosmetics.eu\/en\/producto\/topper-para-ojos-eye-water\/\",\"url\":\"https:\/\/namcosmetics.eu\/en\/producto\/topper-para-ojos-eye-water\/\",\"name\":\"Eye Water Topper - NAM\",\"isPartOf\":{\"@id\":\"https:\/\/namcosmetics.eu\/en\/#website\"},\"primaryImageOfPage\":{\"@id\":\"https:\/\/namcosmetics.eu\/en\/producto\/topper-para-ojos-eye-water\/#primaryimage\"},\"image\":{\"@id\":\"https:\/\/namcosmetics.eu\/en\/producto\/topper-para-ojos-eye-water\/#primaryimage\"},\"thumbnailUrl\":\"https:\/\/namcosmetics.eu\/wp-content\/uploads\/2023\/02\/OC367N_5901801688181.jpg\",\"datePublished\":\"2023-02-20T11:15:03+00:00\",\"dateModified\":\"2024-01-03T08:10:37+00:00\",\"breadcrumb\":{\"@id\":\"https:\/\/namcosmetics.eu\/en\/producto\/topper-para-ojos-eye-water\/#breadcrumb\"},\"inLanguage\":\"en-US\",\"potentialAction\":[{\"@type\":\"ReadAction\",\"target\":[\"https:\/\/namcosmetics.eu\/en\/producto\/topper-para-ojos-eye-water\/\"]}]},{\"@type\":\"ImageObject\",\"inLanguage\":\"en-US\",\"@id\":\"https:\/\/namcosmetics.eu\/en\/producto\/topper-para-ojos-eye-water\/#primaryimage\",\"url\":\"https:\/\/namcosmetics.eu\/wp-content\/uploads\/2023\/02\/OC367N_5901801688181.jpg\",\"contentUrl\":\"https:\/\/namcosmetics.eu\/wp-content\/uploads\/2023\/02\/OC367N_5901801688181.jpg\",\"width\":800,\"height\":800},{\"@type\":\"BreadcrumbList\",\"@id\":\"https:\/\/namcosmetics.eu\/en\/producto\/topper-para-ojos-eye-water\/#breadcrumb\",\"itemListElement\":[{\"@type\":\"ListItem\",\"position\":1,\"name\":\"Portada\",\"item\":\"https:\/\/namcosmetics.eu\/en\/\"},{\"@type\":\"ListItem\",\"position\":2,\"name\":\"Tienda\",\"item\":\"https:\/\/namcosmetics.eu\/tienda\/\"},{\"@type\":\"ListItem\",\"position\":3,\"name\":\"Eye Water Topper\"}]},{\"@type\":\"WebSite\",\"@id\":\"https:\/\/namcosmetics.eu\/en\/#website\",\"url\":\"https:\/\/namcosmetics.eu\/en\/\",\"name\":\"NAM\",\"description\":\"NAM Europe\",\"potentialAction\":[{\"@type\":\"SearchAction\",\"target\":{\"@type\":\"EntryPoint\",\"urlTemplate\":\"https:\/\/namcosmetics.eu\/en\/?s={search_term_string}\"},\"query-input\":{\"@type\":\"PropertyValueSpecification\",\"valueRequired\":true,\"valueName\":\"search_term_string\"}}],\"inLanguage\":\"en-US\"}]}<\/script>\n<!-- \/ Yoast SEO plugin. -->","yoast_head_json":{"title":"Eye Water Topper - NAM","robots":{"index":"index","follow":"follow","max-snippet":"max-snippet:-1","max-image-preview":"max-image-preview:large","max-video-preview":"max-video-preview:-1"},"canonical":"https:\/\/namcosmetics.eu\/en\/producto\/topper-para-ojos-eye-water\/","og_locale":"en_US","og_type":"article","og_title":"Eye Water Topper - NAM","og_description":"Un topper para ojos  transparente para un efecto h\u00famedo en los p\u00e1rpados. Se puede usar como un  producto est\u00e1ndar o aplicar en las sombras de ojos para resaltar la  intensidad de los pigmentos.","og_url":"https:\/\/namcosmetics.eu\/en\/producto\/topper-para-ojos-eye-water\/","og_site_name":"NAM","article_modified_time":"2024-01-03T08:10:37+00:00","og_image":[{"width":800,"height":800,"url":"https:\/\/namcosmetics.eu\/wp-content\/uploads\/2023\/02\/OC367N_5901801688181.jpg","type":"image\/jpeg"}],"twitter_card":"summary_large_image","twitter_misc":{"Est. reading time":"1 minute"},"schema":{"@context":"https:\/\/schema.org","@graph":[{"@type":"WebPage","@id":"https:\/\/namcosmetics.eu\/en\/producto\/topper-para-ojos-eye-water\/","url":"https:\/\/namcosmetics.eu\/en\/producto\/topper-para-ojos-eye-water\/","name":"Eye Water Topper - NAM","isPartOf":{"@id":"https:\/\/namcosmetics.eu\/en\/#website"},"primaryImageOfPage":{"@id":"https:\/\/namcosmetics.eu\/en\/producto\/topper-para-ojos-eye-water\/#primaryimage"},"image":{"@id":"https:\/\/namcosmetics.eu\/en\/producto\/topper-para-ojos-eye-water\/#primaryimage"},"thumbnailUrl":"https:\/\/namcosmetics.eu\/wp-content\/uploads\/2023\/02\/OC367N_5901801688181.jpg","datePublished":"2023-02-20T11:15:03+00:00","dateModified":"2024-01-03T08:10:37+00:00","breadcrumb":{"@id":"https:\/\/namcosmetics.eu\/en\/producto\/topper-para-ojos-eye-water\/#breadcrumb"},"inLanguage":"en-US","potentialAction":[{"@type":"ReadAction","target":["https:\/\/namcosmetics.eu\/en\/producto\/topper-para-ojos-eye-water\/"]}]},{"@type":"ImageObject","inLanguage":"en-US","@id":"https:\/\/namcosmetics.eu\/en\/producto\/topper-para-ojos-eye-water\/#primaryimage","url":"https:\/\/namcosmetics.eu\/wp-content\/uploads\/2023\/02\/OC367N_5901801688181.jpg","contentUrl":"https:\/\/namcosmetics.eu\/wp-content\/uploads\/2023\/02\/OC367N_5901801688181.jpg","width":800,"height":800},{"@type":"BreadcrumbList","@id":"https:\/\/namcosmetics.eu\/en\/producto\/topper-para-ojos-eye-water\/#breadcrumb","itemListElement":[{"@type":"ListItem","position":1,"name":"Portada","item":"https:\/\/namcosmetics.eu\/en\/"},{"@type":"ListItem","position":2,"name":"Tienda","item":"https:\/\/namcosmetics.eu\/tienda\/"},{"@type":"ListItem","position":3,"name":"Eye Water Topper"}]},{"@type":"WebSite","@id":"https:\/\/namcosmetics.eu\/en\/#website","url":"https:\/\/namcosmetics.eu\/en\/","name":"NAM","description":"NAM Europe","potentialAction":[{"@type":"SearchAction","target":{"@type":"EntryPoint","urlTemplate":"https:\/\/namcosmetics.eu\/en\/?s={search_term_string}"},"query-input":{"@type":"PropertyValueSpecification","valueRequired":true,"valueName":"search_term_string"}}],"inLanguage":"en-US"}]}},"_links":{"self":[{"href":"https:\/\/namcosmetics.eu\/en\/wp-json\/wp\/v2\/product\/24290"}],"collection":[{"href":"https:\/\/namcosmetics.eu\/en\/wp-json\/wp\/v2\/product"}],"about":[{"href":"https:\/\/namcosmetics.eu\/en\/wp-json\/wp\/v2\/types\/product"}],"replies":[{"embeddable":true,"href":"https:\/\/namcosmetics.eu\/en\/wp-json\/wp\/v2\/comments?post=24290"}],"wp:featuredmedia":[{"embeddable":true,"href":"https:\/\/namcosmetics.eu\/en\/wp-json\/wp\/v2\/media\/20477"}],"wp:attachment":[{"href":"https:\/\/namcosmetics.eu\/en\/wp-json\/wp\/v2\/media?parent=24290"}],"wp:term":[{"taxonomy":"product_brand","embeddable":true,"href":"https:\/\/namcosmetics.eu\/en\/wp-json\/wp\/v2\/product_brand?post=24290"},{"taxonomy":"product_cat","embeddable":true,"href":"https:\/\/namcosmetics.eu\/en\/wp-json\/wp\/v2\/product_cat?post=24290"},{"taxonomy":"product_tag","embeddable":true,"href":"https:\/\/namcosmetics.eu\/en\/wp-json\/wp\/v2\/product_tag?post=24290"}],"curies":[{"name":"wp","href":"https:\/\/api.w.org\/{rel}","templated":true}]}}