{"id":24183,"date":"2023-02-20T11:16:07","date_gmt":"2023-02-20T11:16:07","guid":{"rendered":"https:\/\/namcosmetics.eu\/producto\/polvos-compactos-contouring-nr-2\/"},"modified":"2024-01-03T08:07:33","modified_gmt":"2024-01-03T08:07:33","slug":"polvos-compactos-contouring-nr-2","status":"publish","type":"product","link":"https:\/\/namcosmetics.eu\/en\/producto\/polvos-compactos-contouring-nr-2\/","title":{"rendered":"Polvos compactos\n  Contouring"},"content":{"rendered":"<h4>Modo de<br \/>\n  uso<\/h4>\n<p>Aplica los polvos bronceadores en las zonas de tu rostro en las<br \/>\n  que el sol incide con m\u00e1s fuerza: en la l\u00ednea del cabello, sobre el hueso de<br \/>\n  los p\u00f3mulos, en la nariz y la barbilla. Tras aplicarlo, limpia la brocha y<br \/>\n  difumina bien los polvos para dar el efecto perfecto y que se funda con tu<br \/>\n  piel.<\/p>\n<h4>Ingredientes<\/h4>\n<p>Talc, Dimethicone, Vinyl Dimethicone\/Methicone Silsesquioxane<br \/>\n  Crosspolymer, Boron Nitride, Magnesium<br \/>\n    Stearate, Silica, Parfum, HDI\/Trimethylol Hexyllactone Crosspolymer,<br \/>\n  Caprylic\/Capric Triglyceride,<br \/>\n    Caprylhydroxamic Acid, Salicornia Herbacea Extract, Linalool, Benzyl<br \/>\n  Salicylate,<br \/>\n    Alpha-Isomethyl Ionone, Limonene, Geraniol, Coumarin, CI 77891, CI 77492,<br \/>\n  CI 77491, CI 77499.<\/p>\n","protected":false},"excerpt":{"rendered":"<p>El polvo compacto<br \/>\n  con un delicado y fino pigmento mate que se funde f\u00e1cilmente con el<br \/>\n  maquillaje, dejando un acabado perfecto para todo el d\u00eda. Una f\u00f3rmula<br \/>\n  especial, ligeramente cremosa, contornea perfectamente o ilumina las partes<br \/>\n  seleccionadas. Gracias al complejo Best Filter Needed y el Hydrasolinol, los<br \/>\n  polvos proporcionan un efecto difuminado. En tres tonos diferentes en la<br \/>\n  colecci\u00f3n, dise\u00f1ados para contornear cada tono de piel. Los tonos claros<br \/>\n  aplicados bajo los ojos suavizan visiblemente arrugas, dando el efecto de una<br \/>\n  piel sana y relajada.<\/p>\n","protected":false},"featured_media":19985,"comment_status":"closed","ping_status":"closed","template":"","meta":[],"product_brand":[],"product_cat":[],"product_tag":[],"class_list":{"0":"post-24183","1":"product","2":"type-product","3":"status-publish","4":"has-post-thumbnail","6":"first","7":"instock","8":"shipping-taxable","9":"purchasable","10":"product-type-variable"},"yoast_head":"<!-- This site is optimized with the Yoast SEO plugin v25.0 - https:\/\/yoast.com\/wordpress\/plugins\/seo\/ -->\n<title>Polvos compactos  Contouring - NAM<\/title>\n<meta name=\"robots\" content=\"index, follow, max-snippet:-1, max-image-preview:large, max-video-preview:-1\" \/>\n<link rel=\"canonical\" href=\"https:\/\/namcosmetics.eu\/en\/producto\/polvos-compactos-contouring-nr-2\/\" \/>\n<meta property=\"og:locale\" content=\"en_US\" \/>\n<meta property=\"og:type\" content=\"article\" \/>\n<meta property=\"og:title\" content=\"Polvos compactos  Contouring - NAM\" \/>\n<meta property=\"og:description\" content=\"El polvo compacto  con un delicado y fino pigmento mate que se funde f\u00e1cilmente con el  maquillaje, dejando un acabado perfecto para todo el d\u00eda. Una f\u00f3rmula  especial, ligeramente cremosa, contornea perfectamente o ilumina las partes  seleccionadas. Gracias al complejo Best Filter Needed y el Hydrasolinol, los  polvos proporcionan un efecto difuminado. En tres tonos diferentes en la  colecci\u00f3n, dise\u00f1ados para contornear cada tono de piel. Los tonos claros  aplicados bajo los ojos suavizan visiblemente arrugas, dando el efecto de una  piel sana y relajada.\" \/>\n<meta property=\"og:url\" content=\"https:\/\/namcosmetics.eu\/en\/producto\/polvos-compactos-contouring-nr-2\/\" \/>\n<meta property=\"og:site_name\" content=\"NAM\" \/>\n<meta property=\"article:modified_time\" content=\"2024-01-03T08:07:33+00:00\" \/>\n<meta property=\"og:image\" content=\"https:\/\/namcosmetics.eu\/wp-content\/uploads\/2023\/02\/CE180N2_5901801657248.jpg\" \/>\n\t<meta property=\"og:image:width\" content=\"800\" \/>\n\t<meta property=\"og:image:height\" content=\"800\" \/>\n\t<meta property=\"og:image:type\" content=\"image\/jpeg\" \/>\n<meta name=\"twitter:card\" content=\"summary_large_image\" \/>\n<meta name=\"twitter:label1\" content=\"Est. reading time\" \/>\n\t<meta name=\"twitter:data1\" content=\"1 minute\" \/>\n<script type=\"application\/ld+json\" class=\"yoast-schema-graph\">{\"@context\":\"https:\/\/schema.org\",\"@graph\":[{\"@type\":\"WebPage\",\"@id\":\"https:\/\/namcosmetics.eu\/en\/producto\/polvos-compactos-contouring-nr-2\/\",\"url\":\"https:\/\/namcosmetics.eu\/en\/producto\/polvos-compactos-contouring-nr-2\/\",\"name\":\"Polvos compactos Contouring - NAM\",\"isPartOf\":{\"@id\":\"https:\/\/namcosmetics.eu\/en\/#website\"},\"primaryImageOfPage\":{\"@id\":\"https:\/\/namcosmetics.eu\/en\/producto\/polvos-compactos-contouring-nr-2\/#primaryimage\"},\"image\":{\"@id\":\"https:\/\/namcosmetics.eu\/en\/producto\/polvos-compactos-contouring-nr-2\/#primaryimage\"},\"thumbnailUrl\":\"https:\/\/namcosmetics.eu\/wp-content\/uploads\/2023\/02\/CE180N2_5901801657248.jpg\",\"datePublished\":\"2023-02-20T11:16:07+00:00\",\"dateModified\":\"2024-01-03T08:07:33+00:00\",\"breadcrumb\":{\"@id\":\"https:\/\/namcosmetics.eu\/en\/producto\/polvos-compactos-contouring-nr-2\/#breadcrumb\"},\"inLanguage\":\"en-US\",\"potentialAction\":[{\"@type\":\"ReadAction\",\"target\":[\"https:\/\/namcosmetics.eu\/en\/producto\/polvos-compactos-contouring-nr-2\/\"]}]},{\"@type\":\"ImageObject\",\"inLanguage\":\"en-US\",\"@id\":\"https:\/\/namcosmetics.eu\/en\/producto\/polvos-compactos-contouring-nr-2\/#primaryimage\",\"url\":\"https:\/\/namcosmetics.eu\/wp-content\/uploads\/2023\/02\/CE180N2_5901801657248.jpg\",\"contentUrl\":\"https:\/\/namcosmetics.eu\/wp-content\/uploads\/2023\/02\/CE180N2_5901801657248.jpg\",\"width\":800,\"height\":800},{\"@type\":\"BreadcrumbList\",\"@id\":\"https:\/\/namcosmetics.eu\/en\/producto\/polvos-compactos-contouring-nr-2\/#breadcrumb\",\"itemListElement\":[{\"@type\":\"ListItem\",\"position\":1,\"name\":\"Portada\",\"item\":\"https:\/\/namcosmetics.eu\/en\/\"},{\"@type\":\"ListItem\",\"position\":2,\"name\":\"Tienda\",\"item\":\"https:\/\/namcosmetics.eu\/tienda\/\"},{\"@type\":\"ListItem\",\"position\":3,\"name\":\"Polvos compactos Contouring\"}]},{\"@type\":\"WebSite\",\"@id\":\"https:\/\/namcosmetics.eu\/en\/#website\",\"url\":\"https:\/\/namcosmetics.eu\/en\/\",\"name\":\"NAM\",\"description\":\"NAM Europe\",\"potentialAction\":[{\"@type\":\"SearchAction\",\"target\":{\"@type\":\"EntryPoint\",\"urlTemplate\":\"https:\/\/namcosmetics.eu\/en\/?s={search_term_string}\"},\"query-input\":{\"@type\":\"PropertyValueSpecification\",\"valueRequired\":true,\"valueName\":\"search_term_string\"}}],\"inLanguage\":\"en-US\"}]}<\/script>\n<!-- \/ Yoast SEO plugin. -->","yoast_head_json":{"title":"Polvos compactos  Contouring - NAM","robots":{"index":"index","follow":"follow","max-snippet":"max-snippet:-1","max-image-preview":"max-image-preview:large","max-video-preview":"max-video-preview:-1"},"canonical":"https:\/\/namcosmetics.eu\/en\/producto\/polvos-compactos-contouring-nr-2\/","og_locale":"en_US","og_type":"article","og_title":"Polvos compactos  Contouring - NAM","og_description":"El polvo compacto  con un delicado y fino pigmento mate que se funde f\u00e1cilmente con el  maquillaje, dejando un acabado perfecto para todo el d\u00eda. Una f\u00f3rmula  especial, ligeramente cremosa, contornea perfectamente o ilumina las partes  seleccionadas. Gracias al complejo Best Filter Needed y el Hydrasolinol, los  polvos proporcionan un efecto difuminado. En tres tonos diferentes en la  colecci\u00f3n, dise\u00f1ados para contornear cada tono de piel. Los tonos claros  aplicados bajo los ojos suavizan visiblemente arrugas, dando el efecto de una  piel sana y relajada.","og_url":"https:\/\/namcosmetics.eu\/en\/producto\/polvos-compactos-contouring-nr-2\/","og_site_name":"NAM","article_modified_time":"2024-01-03T08:07:33+00:00","og_image":[{"width":800,"height":800,"url":"https:\/\/namcosmetics.eu\/wp-content\/uploads\/2023\/02\/CE180N2_5901801657248.jpg","type":"image\/jpeg"}],"twitter_card":"summary_large_image","twitter_misc":{"Est. reading time":"1 minute"},"schema":{"@context":"https:\/\/schema.org","@graph":[{"@type":"WebPage","@id":"https:\/\/namcosmetics.eu\/en\/producto\/polvos-compactos-contouring-nr-2\/","url":"https:\/\/namcosmetics.eu\/en\/producto\/polvos-compactos-contouring-nr-2\/","name":"Polvos compactos Contouring - NAM","isPartOf":{"@id":"https:\/\/namcosmetics.eu\/en\/#website"},"primaryImageOfPage":{"@id":"https:\/\/namcosmetics.eu\/en\/producto\/polvos-compactos-contouring-nr-2\/#primaryimage"},"image":{"@id":"https:\/\/namcosmetics.eu\/en\/producto\/polvos-compactos-contouring-nr-2\/#primaryimage"},"thumbnailUrl":"https:\/\/namcosmetics.eu\/wp-content\/uploads\/2023\/02\/CE180N2_5901801657248.jpg","datePublished":"2023-02-20T11:16:07+00:00","dateModified":"2024-01-03T08:07:33+00:00","breadcrumb":{"@id":"https:\/\/namcosmetics.eu\/en\/producto\/polvos-compactos-contouring-nr-2\/#breadcrumb"},"inLanguage":"en-US","potentialAction":[{"@type":"ReadAction","target":["https:\/\/namcosmetics.eu\/en\/producto\/polvos-compactos-contouring-nr-2\/"]}]},{"@type":"ImageObject","inLanguage":"en-US","@id":"https:\/\/namcosmetics.eu\/en\/producto\/polvos-compactos-contouring-nr-2\/#primaryimage","url":"https:\/\/namcosmetics.eu\/wp-content\/uploads\/2023\/02\/CE180N2_5901801657248.jpg","contentUrl":"https:\/\/namcosmetics.eu\/wp-content\/uploads\/2023\/02\/CE180N2_5901801657248.jpg","width":800,"height":800},{"@type":"BreadcrumbList","@id":"https:\/\/namcosmetics.eu\/en\/producto\/polvos-compactos-contouring-nr-2\/#breadcrumb","itemListElement":[{"@type":"ListItem","position":1,"name":"Portada","item":"https:\/\/namcosmetics.eu\/en\/"},{"@type":"ListItem","position":2,"name":"Tienda","item":"https:\/\/namcosmetics.eu\/tienda\/"},{"@type":"ListItem","position":3,"name":"Polvos compactos Contouring"}]},{"@type":"WebSite","@id":"https:\/\/namcosmetics.eu\/en\/#website","url":"https:\/\/namcosmetics.eu\/en\/","name":"NAM","description":"NAM Europe","potentialAction":[{"@type":"SearchAction","target":{"@type":"EntryPoint","urlTemplate":"https:\/\/namcosmetics.eu\/en\/?s={search_term_string}"},"query-input":{"@type":"PropertyValueSpecification","valueRequired":true,"valueName":"search_term_string"}}],"inLanguage":"en-US"}]}},"_links":{"self":[{"href":"https:\/\/namcosmetics.eu\/en\/wp-json\/wp\/v2\/product\/24183"}],"collection":[{"href":"https:\/\/namcosmetics.eu\/en\/wp-json\/wp\/v2\/product"}],"about":[{"href":"https:\/\/namcosmetics.eu\/en\/wp-json\/wp\/v2\/types\/product"}],"replies":[{"embeddable":true,"href":"https:\/\/namcosmetics.eu\/en\/wp-json\/wp\/v2\/comments?post=24183"}],"wp:featuredmedia":[{"embeddable":true,"href":"https:\/\/namcosmetics.eu\/en\/wp-json\/wp\/v2\/media\/19985"}],"wp:attachment":[{"href":"https:\/\/namcosmetics.eu\/en\/wp-json\/wp\/v2\/media?parent=24183"}],"wp:term":[{"taxonomy":"product_brand","embeddable":true,"href":"https:\/\/namcosmetics.eu\/en\/wp-json\/wp\/v2\/product_brand?post=24183"},{"taxonomy":"product_cat","embeddable":true,"href":"https:\/\/namcosmetics.eu\/en\/wp-json\/wp\/v2\/product_cat?post=24183"},{"taxonomy":"product_tag","embeddable":true,"href":"https:\/\/namcosmetics.eu\/en\/wp-json\/wp\/v2\/product_tag?post=24183"}],"curies":[{"name":"wp","href":"https:\/\/api.w.org\/{rel}","templated":true}]}}