{"id":24179,"date":"2023-02-20T11:16:07","date_gmt":"2023-02-20T11:16:07","guid":{"rendered":"https:\/\/namcosmetics.eu\/producto\/polvos-compactos-contouring-en-blister-nr-2\/"},"modified":"2024-01-03T08:07:25","modified_gmt":"2024-01-03T08:07:25","slug":"polvos-compactos-contouring-en-blister-nr-2","status":"publish","type":"product","link":"https:\/\/namcosmetics.eu\/en\/producto\/polvos-compactos-contouring-en-blister-nr-2\/","title":{"rendered":"Polvos compactos\n  Contouring en blister"},"content":{"rendered":"<h4>Modo de<br \/>\n  uso<\/h4>\n<p>Aplica los polvos bronceadores en las zonas de tu rostro en las<br \/>\n  que el sol incide con m\u00e1s fuerza: en la l\u00ednea del cabello, sobre el hueso de<br \/>\n  los p\u00f3mulos, en la nariz y la barbilla. Tras aplicarlo, limpia la brocha y<br \/>\n  difumina bien los polvos para dar el efecto perfecto y que se funda con tu<br \/>\n  piel.<\/p>\n<h4>Ingredientes<\/h4>\n<p>Talc, Aluminum Starch Octenylsuccinate, Mica, Magnesium Myristate,<br \/>\n  Bis-Diglyceryl<br \/>\n    Polyacyladipate-1, Silica, Magnesium Stearate, Caprylic\/Capric<br \/>\n  Triglyceride, Ethylhexyl Stearate, Lauroyl Lysine,<br \/>\n    Caprylyl Glycol, Phenoxyethanol, Parfum, Hexylene Glycol, HDI\/Trimethylol<br \/>\n  Hexyllactone Crosspolymer,<br \/>\n    Dimethicone\/Vinyl Dimethicone Crosspolymer, Tocopheryl Acetate, Salicornia<br \/>\n  Herbacea Extract, Linalool,<br \/>\n    Benzyl Salicylate, Alpha-Isomethyl Ionone, Limonene, Geraniol,<br \/>\n  Coumarin,<br \/>\n    CI 77492, CI 77499, CI 77491.<\/p>\n","protected":false},"excerpt":{"rendered":"<p>Polvo compacto con<br \/>\n  un delicado y fino pigmento mate que se funde con el maquillaje, dejando un<br \/>\n  acabado perfecto para para todo el d\u00eda. Una f\u00f3rmula especial, ligeramente<br \/>\n  cremosa, perfecciona, contornea o ilumina las partes seleccionadas. Gracias a<br \/>\n  la tecnolog\u00eda complejo Best Filter Needed y al Hydrasolinol, los polvos<br \/>\n  proporcionan el efecto de difuminado. Hay tres tonos diferentes en la<br \/>\n  colecci\u00f3n dise\u00f1ados para contornear cada tono de piel. Los tonos claros<br \/>\n  aplicados bajo los ojos suavizan visiblemente las arrugas dando el efecto de<br \/>\n  una piel sana y relajada.<\/p>\n","protected":false},"featured_media":20009,"comment_status":"closed","ping_status":"closed","template":"","meta":[],"product_brand":[],"product_cat":[1036],"product_tag":[],"class_list":{"0":"post-24179","1":"product","2":"type-product","3":"status-publish","4":"has-post-thumbnail","6":"product_cat-contourbronzer","8":"first","9":"instock","10":"shipping-taxable","11":"purchasable","12":"product-type-variable"},"yoast_head":"<!-- This site is optimized with the Yoast SEO plugin v25.0 - https:\/\/yoast.com\/wordpress\/plugins\/seo\/ -->\n<title>Polvos compactos  Contouring en blister - NAM<\/title>\n<meta name=\"robots\" content=\"index, follow, max-snippet:-1, max-image-preview:large, max-video-preview:-1\" \/>\n<link rel=\"canonical\" href=\"https:\/\/namcosmetics.eu\/en\/producto\/polvos-compactos-contouring-en-blister-nr-2\/\" \/>\n<meta property=\"og:locale\" content=\"en_US\" \/>\n<meta property=\"og:type\" content=\"article\" \/>\n<meta property=\"og:title\" content=\"Polvos compactos  Contouring en blister - NAM\" \/>\n<meta property=\"og:description\" content=\"Polvo compacto con  un delicado y fino pigmento mate que se funde con el maquillaje, dejando un  acabado perfecto para para todo el d\u00eda. Una f\u00f3rmula especial, ligeramente  cremosa, perfecciona, contornea o ilumina las partes seleccionadas. Gracias a  la tecnolog\u00eda complejo Best Filter Needed y al Hydrasolinol, los polvos  proporcionan el efecto de difuminado. Hay tres tonos diferentes en la  colecci\u00f3n dise\u00f1ados para contornear cada tono de piel. Los tonos claros  aplicados bajo los ojos suavizan visiblemente las arrugas dando el efecto de  una piel sana y relajada.\" \/>\n<meta property=\"og:url\" content=\"https:\/\/namcosmetics.eu\/en\/producto\/polvos-compactos-contouring-en-blister-nr-2\/\" \/>\n<meta property=\"og:site_name\" content=\"NAM\" \/>\n<meta property=\"article:modified_time\" content=\"2024-01-03T08:07:25+00:00\" \/>\n<meta property=\"og:image\" content=\"https:\/\/namcosmetics.eu\/wp-content\/uploads\/2023\/02\/CE281N2_5901801657026.jpg\" \/>\n\t<meta property=\"og:image:width\" content=\"800\" \/>\n\t<meta property=\"og:image:height\" content=\"800\" \/>\n\t<meta property=\"og:image:type\" content=\"image\/jpeg\" \/>\n<meta name=\"twitter:card\" content=\"summary_large_image\" \/>\n<meta name=\"twitter:label1\" content=\"Est. reading time\" \/>\n\t<meta name=\"twitter:data1\" content=\"1 minute\" \/>\n<script type=\"application\/ld+json\" class=\"yoast-schema-graph\">{\"@context\":\"https:\/\/schema.org\",\"@graph\":[{\"@type\":\"WebPage\",\"@id\":\"https:\/\/namcosmetics.eu\/en\/producto\/polvos-compactos-contouring-en-blister-nr-2\/\",\"url\":\"https:\/\/namcosmetics.eu\/en\/producto\/polvos-compactos-contouring-en-blister-nr-2\/\",\"name\":\"Polvos compactos Contouring en blister - NAM\",\"isPartOf\":{\"@id\":\"https:\/\/namcosmetics.eu\/en\/#website\"},\"primaryImageOfPage\":{\"@id\":\"https:\/\/namcosmetics.eu\/en\/producto\/polvos-compactos-contouring-en-blister-nr-2\/#primaryimage\"},\"image\":{\"@id\":\"https:\/\/namcosmetics.eu\/en\/producto\/polvos-compactos-contouring-en-blister-nr-2\/#primaryimage\"},\"thumbnailUrl\":\"https:\/\/namcosmetics.eu\/wp-content\/uploads\/2023\/02\/CE281N2_5901801657026.jpg\",\"datePublished\":\"2023-02-20T11:16:07+00:00\",\"dateModified\":\"2024-01-03T08:07:25+00:00\",\"breadcrumb\":{\"@id\":\"https:\/\/namcosmetics.eu\/en\/producto\/polvos-compactos-contouring-en-blister-nr-2\/#breadcrumb\"},\"inLanguage\":\"en-US\",\"potentialAction\":[{\"@type\":\"ReadAction\",\"target\":[\"https:\/\/namcosmetics.eu\/en\/producto\/polvos-compactos-contouring-en-blister-nr-2\/\"]}]},{\"@type\":\"ImageObject\",\"inLanguage\":\"en-US\",\"@id\":\"https:\/\/namcosmetics.eu\/en\/producto\/polvos-compactos-contouring-en-blister-nr-2\/#primaryimage\",\"url\":\"https:\/\/namcosmetics.eu\/wp-content\/uploads\/2023\/02\/CE281N2_5901801657026.jpg\",\"contentUrl\":\"https:\/\/namcosmetics.eu\/wp-content\/uploads\/2023\/02\/CE281N2_5901801657026.jpg\",\"width\":800,\"height\":800},{\"@type\":\"BreadcrumbList\",\"@id\":\"https:\/\/namcosmetics.eu\/en\/producto\/polvos-compactos-contouring-en-blister-nr-2\/#breadcrumb\",\"itemListElement\":[{\"@type\":\"ListItem\",\"position\":1,\"name\":\"Portada\",\"item\":\"https:\/\/namcosmetics.eu\/en\/\"},{\"@type\":\"ListItem\",\"position\":2,\"name\":\"Tienda\",\"item\":\"https:\/\/namcosmetics.eu\/tienda\/\"},{\"@type\":\"ListItem\",\"position\":3,\"name\":\"Polvos compactos Contouring en blister\"}]},{\"@type\":\"WebSite\",\"@id\":\"https:\/\/namcosmetics.eu\/en\/#website\",\"url\":\"https:\/\/namcosmetics.eu\/en\/\",\"name\":\"NAM\",\"description\":\"NAM Europe\",\"potentialAction\":[{\"@type\":\"SearchAction\",\"target\":{\"@type\":\"EntryPoint\",\"urlTemplate\":\"https:\/\/namcosmetics.eu\/en\/?s={search_term_string}\"},\"query-input\":{\"@type\":\"PropertyValueSpecification\",\"valueRequired\":true,\"valueName\":\"search_term_string\"}}],\"inLanguage\":\"en-US\"}]}<\/script>\n<!-- \/ Yoast SEO plugin. -->","yoast_head_json":{"title":"Polvos compactos  Contouring en blister - NAM","robots":{"index":"index","follow":"follow","max-snippet":"max-snippet:-1","max-image-preview":"max-image-preview:large","max-video-preview":"max-video-preview:-1"},"canonical":"https:\/\/namcosmetics.eu\/en\/producto\/polvos-compactos-contouring-en-blister-nr-2\/","og_locale":"en_US","og_type":"article","og_title":"Polvos compactos  Contouring en blister - NAM","og_description":"Polvo compacto con  un delicado y fino pigmento mate que se funde con el maquillaje, dejando un  acabado perfecto para para todo el d\u00eda. Una f\u00f3rmula especial, ligeramente  cremosa, perfecciona, contornea o ilumina las partes seleccionadas. Gracias a  la tecnolog\u00eda complejo Best Filter Needed y al Hydrasolinol, los polvos  proporcionan el efecto de difuminado. Hay tres tonos diferentes en la  colecci\u00f3n dise\u00f1ados para contornear cada tono de piel. Los tonos claros  aplicados bajo los ojos suavizan visiblemente las arrugas dando el efecto de  una piel sana y relajada.","og_url":"https:\/\/namcosmetics.eu\/en\/producto\/polvos-compactos-contouring-en-blister-nr-2\/","og_site_name":"NAM","article_modified_time":"2024-01-03T08:07:25+00:00","og_image":[{"width":800,"height":800,"url":"https:\/\/namcosmetics.eu\/wp-content\/uploads\/2023\/02\/CE281N2_5901801657026.jpg","type":"image\/jpeg"}],"twitter_card":"summary_large_image","twitter_misc":{"Est. reading time":"1 minute"},"schema":{"@context":"https:\/\/schema.org","@graph":[{"@type":"WebPage","@id":"https:\/\/namcosmetics.eu\/en\/producto\/polvos-compactos-contouring-en-blister-nr-2\/","url":"https:\/\/namcosmetics.eu\/en\/producto\/polvos-compactos-contouring-en-blister-nr-2\/","name":"Polvos compactos Contouring en blister - NAM","isPartOf":{"@id":"https:\/\/namcosmetics.eu\/en\/#website"},"primaryImageOfPage":{"@id":"https:\/\/namcosmetics.eu\/en\/producto\/polvos-compactos-contouring-en-blister-nr-2\/#primaryimage"},"image":{"@id":"https:\/\/namcosmetics.eu\/en\/producto\/polvos-compactos-contouring-en-blister-nr-2\/#primaryimage"},"thumbnailUrl":"https:\/\/namcosmetics.eu\/wp-content\/uploads\/2023\/02\/CE281N2_5901801657026.jpg","datePublished":"2023-02-20T11:16:07+00:00","dateModified":"2024-01-03T08:07:25+00:00","breadcrumb":{"@id":"https:\/\/namcosmetics.eu\/en\/producto\/polvos-compactos-contouring-en-blister-nr-2\/#breadcrumb"},"inLanguage":"en-US","potentialAction":[{"@type":"ReadAction","target":["https:\/\/namcosmetics.eu\/en\/producto\/polvos-compactos-contouring-en-blister-nr-2\/"]}]},{"@type":"ImageObject","inLanguage":"en-US","@id":"https:\/\/namcosmetics.eu\/en\/producto\/polvos-compactos-contouring-en-blister-nr-2\/#primaryimage","url":"https:\/\/namcosmetics.eu\/wp-content\/uploads\/2023\/02\/CE281N2_5901801657026.jpg","contentUrl":"https:\/\/namcosmetics.eu\/wp-content\/uploads\/2023\/02\/CE281N2_5901801657026.jpg","width":800,"height":800},{"@type":"BreadcrumbList","@id":"https:\/\/namcosmetics.eu\/en\/producto\/polvos-compactos-contouring-en-blister-nr-2\/#breadcrumb","itemListElement":[{"@type":"ListItem","position":1,"name":"Portada","item":"https:\/\/namcosmetics.eu\/en\/"},{"@type":"ListItem","position":2,"name":"Tienda","item":"https:\/\/namcosmetics.eu\/tienda\/"},{"@type":"ListItem","position":3,"name":"Polvos compactos Contouring en blister"}]},{"@type":"WebSite","@id":"https:\/\/namcosmetics.eu\/en\/#website","url":"https:\/\/namcosmetics.eu\/en\/","name":"NAM","description":"NAM Europe","potentialAction":[{"@type":"SearchAction","target":{"@type":"EntryPoint","urlTemplate":"https:\/\/namcosmetics.eu\/en\/?s={search_term_string}"},"query-input":{"@type":"PropertyValueSpecification","valueRequired":true,"valueName":"search_term_string"}}],"inLanguage":"en-US"}]}},"_links":{"self":[{"href":"https:\/\/namcosmetics.eu\/en\/wp-json\/wp\/v2\/product\/24179"}],"collection":[{"href":"https:\/\/namcosmetics.eu\/en\/wp-json\/wp\/v2\/product"}],"about":[{"href":"https:\/\/namcosmetics.eu\/en\/wp-json\/wp\/v2\/types\/product"}],"replies":[{"embeddable":true,"href":"https:\/\/namcosmetics.eu\/en\/wp-json\/wp\/v2\/comments?post=24179"}],"wp:featuredmedia":[{"embeddable":true,"href":"https:\/\/namcosmetics.eu\/en\/wp-json\/wp\/v2\/media\/20009"}],"wp:attachment":[{"href":"https:\/\/namcosmetics.eu\/en\/wp-json\/wp\/v2\/media?parent=24179"}],"wp:term":[{"taxonomy":"product_brand","embeddable":true,"href":"https:\/\/namcosmetics.eu\/en\/wp-json\/wp\/v2\/product_brand?post=24179"},{"taxonomy":"product_cat","embeddable":true,"href":"https:\/\/namcosmetics.eu\/en\/wp-json\/wp\/v2\/product_cat?post=24179"},{"taxonomy":"product_tag","embeddable":true,"href":"https:\/\/namcosmetics.eu\/en\/wp-json\/wp\/v2\/product_tag?post=24179"}],"curies":[{"name":"wp","href":"https:\/\/api.w.org\/{rel}","templated":true}]}}