{"id":24161,"date":"2023-02-20T11:16:08","date_gmt":"2023-02-20T11:16:08","guid":{"rendered":"https:\/\/namcosmetics.eu\/producto\/bronceador-compacto-n1\/"},"modified":"2024-12-13T12:14:06","modified_gmt":"2024-12-13T12:14:06","slug":"bronceador-compacto-n1","status":"publish","type":"product","link":"https:\/\/namcosmetics.eu\/en\/producto\/bronceador-compacto-n1\/","title":{"rendered":"Bronzing Pressed Powder"},"content":{"rendered":"<h4>How to use<\/h4>\n<p>Apply the bronzer with a large brush on the areas where the sun naturally tans, such as cheeks, forehead, and nose. Blend well for a warm and natural finish.<\/p>\n<p>&nbsp;<\/p>\n","protected":false},"excerpt":{"rendered":"<p>Aporta un c\u00e1lido brillo bronceado a tu piel con BRONZING POWDER. Este excepcional bronceador est\u00e1 enriquecido con el complejo BestFILTERneeded\u2122, que no solo proporciona un aspecto radiante, sino que tambi\u00e9n suaviza peque\u00f1as imperfecciones para lograr una tez uniforme y sin defectos. Sus tonos c\u00e1lidos replican perfectamente el look de una piel saludable y bronceada de manera natural.<\/p>\n<p>BRONZING POWDER destaca no solo por su calidad excepcional, sino tambi\u00e9n por su compromiso con el medio ambiente. Su envase ecol\u00f3gico y reutilizable permite m\u00faltiples usos gracias a las recargas reemplazables. Adem\u00e1s, el 50% del envase est\u00e1 fabricado con pl\u00e1stico reciclado. Ya sea para contornear sutilmente el rostro o conseguir un efecto bronceado total, BRONZING POWDER se adapta perfectamente a tus necesidades. \u00bfEl resultado? Una piel saludable, radiante y con un brillo bronceado durante todo el a\u00f1o.<\/p>\n","protected":false},"featured_media":24346,"comment_status":"closed","ping_status":"closed","template":"","meta":[],"product_brand":[],"product_cat":[1036],"product_tag":[],"class_list":{"0":"post-24161","1":"product","2":"type-product","3":"status-publish","4":"has-post-thumbnail","6":"product_cat-contourbronzer","8":"first","9":"instock","10":"shipping-taxable","11":"purchasable","12":"product-type-variable"},"yoast_head":"<!-- This site is optimized with the Yoast SEO plugin v25.0 - https:\/\/yoast.com\/wordpress\/plugins\/seo\/ -->\n<title>Bronzing Pressed Powder - NAM<\/title>\n<meta name=\"robots\" content=\"index, follow, max-snippet:-1, max-image-preview:large, max-video-preview:-1\" \/>\n<link rel=\"canonical\" href=\"https:\/\/namcosmetics.eu\/en\/producto\/bronceador-compacto-n1\/\" \/>\n<meta property=\"og:locale\" content=\"en_US\" \/>\n<meta property=\"og:type\" content=\"article\" \/>\n<meta property=\"og:title\" content=\"Bronzing Pressed Powder - NAM\" \/>\n<meta property=\"og:description\" content=\"Aporta un c\u00e1lido brillo bronceado a tu piel con BRONZING POWDER. Este excepcional bronceador est\u00e1 enriquecido con el complejo BestFILTERneeded\u2122, que no solo proporciona un aspecto radiante, sino que tambi\u00e9n suaviza peque\u00f1as imperfecciones para lograr una tez uniforme y sin defectos. Sus tonos c\u00e1lidos replican perfectamente el look de una piel saludable y bronceada de manera natural.  BRONZING POWDER destaca no solo por su calidad excepcional, sino tambi\u00e9n por su compromiso con el medio ambiente. Su envase ecol\u00f3gico y reutilizable permite m\u00faltiples usos gracias a las recargas reemplazables. Adem\u00e1s, el 50% del envase est\u00e1 fabricado con pl\u00e1stico reciclado. Ya sea para contornear sutilmente el rostro o conseguir un efecto bronceado total, BRONZING POWDER se adapta perfectamente a tus necesidades. \u00bfEl resultado? Una piel saludable, radiante y con un brillo bronceado durante todo el a\u00f1o.\" \/>\n<meta property=\"og:url\" content=\"https:\/\/namcosmetics.eu\/en\/producto\/bronceador-compacto-n1\/\" \/>\n<meta property=\"og:site_name\" content=\"NAM\" \/>\n<meta property=\"article:modified_time\" content=\"2024-12-13T12:14:06+00:00\" \/>\n<meta property=\"og:image\" content=\"https:\/\/namcosmetics.eu\/wp-content\/uploads\/2023\/02\/CE427N1_5901801686996-2.jpg\" \/>\n\t<meta property=\"og:image:width\" content=\"800\" \/>\n\t<meta property=\"og:image:height\" content=\"800\" \/>\n\t<meta property=\"og:image:type\" content=\"image\/jpeg\" \/>\n<meta name=\"twitter:card\" content=\"summary_large_image\" \/>\n<meta name=\"twitter:label1\" content=\"Est. reading time\" \/>\n\t<meta name=\"twitter:data1\" content=\"1 minute\" \/>\n<script type=\"application\/ld+json\" class=\"yoast-schema-graph\">{\"@context\":\"https:\/\/schema.org\",\"@graph\":[{\"@type\":\"WebPage\",\"@id\":\"https:\/\/namcosmetics.eu\/en\/producto\/bronceador-compacto-n1\/\",\"url\":\"https:\/\/namcosmetics.eu\/en\/producto\/bronceador-compacto-n1\/\",\"name\":\"Bronzing Pressed Powder - NAM\",\"isPartOf\":{\"@id\":\"https:\/\/namcosmetics.eu\/en\/#website\"},\"primaryImageOfPage\":{\"@id\":\"https:\/\/namcosmetics.eu\/en\/producto\/bronceador-compacto-n1\/#primaryimage\"},\"image\":{\"@id\":\"https:\/\/namcosmetics.eu\/en\/producto\/bronceador-compacto-n1\/#primaryimage\"},\"thumbnailUrl\":\"https:\/\/namcosmetics.eu\/wp-content\/uploads\/2023\/02\/CE427N1_5901801686996-2.jpg\",\"datePublished\":\"2023-02-20T11:16:08+00:00\",\"dateModified\":\"2024-12-13T12:14:06+00:00\",\"breadcrumb\":{\"@id\":\"https:\/\/namcosmetics.eu\/en\/producto\/bronceador-compacto-n1\/#breadcrumb\"},\"inLanguage\":\"en-US\",\"potentialAction\":[{\"@type\":\"ReadAction\",\"target\":[\"https:\/\/namcosmetics.eu\/en\/producto\/bronceador-compacto-n1\/\"]}]},{\"@type\":\"ImageObject\",\"inLanguage\":\"en-US\",\"@id\":\"https:\/\/namcosmetics.eu\/en\/producto\/bronceador-compacto-n1\/#primaryimage\",\"url\":\"https:\/\/namcosmetics.eu\/wp-content\/uploads\/2023\/02\/CE427N1_5901801686996-2.jpg\",\"contentUrl\":\"https:\/\/namcosmetics.eu\/wp-content\/uploads\/2023\/02\/CE427N1_5901801686996-2.jpg\",\"width\":800,\"height\":800},{\"@type\":\"BreadcrumbList\",\"@id\":\"https:\/\/namcosmetics.eu\/en\/producto\/bronceador-compacto-n1\/#breadcrumb\",\"itemListElement\":[{\"@type\":\"ListItem\",\"position\":1,\"name\":\"Portada\",\"item\":\"https:\/\/namcosmetics.eu\/en\/\"},{\"@type\":\"ListItem\",\"position\":2,\"name\":\"Tienda\",\"item\":\"https:\/\/namcosmetics.eu\/tienda\/\"},{\"@type\":\"ListItem\",\"position\":3,\"name\":\"Bronzing Pressed Powder\"}]},{\"@type\":\"WebSite\",\"@id\":\"https:\/\/namcosmetics.eu\/en\/#website\",\"url\":\"https:\/\/namcosmetics.eu\/en\/\",\"name\":\"NAM\",\"description\":\"NAM Europe\",\"potentialAction\":[{\"@type\":\"SearchAction\",\"target\":{\"@type\":\"EntryPoint\",\"urlTemplate\":\"https:\/\/namcosmetics.eu\/en\/?s={search_term_string}\"},\"query-input\":{\"@type\":\"PropertyValueSpecification\",\"valueRequired\":true,\"valueName\":\"search_term_string\"}}],\"inLanguage\":\"en-US\"}]}<\/script>\n<!-- \/ Yoast SEO plugin. -->","yoast_head_json":{"title":"Bronzing Pressed Powder - NAM","robots":{"index":"index","follow":"follow","max-snippet":"max-snippet:-1","max-image-preview":"max-image-preview:large","max-video-preview":"max-video-preview:-1"},"canonical":"https:\/\/namcosmetics.eu\/en\/producto\/bronceador-compacto-n1\/","og_locale":"en_US","og_type":"article","og_title":"Bronzing Pressed Powder - NAM","og_description":"Aporta un c\u00e1lido brillo bronceado a tu piel con BRONZING POWDER. Este excepcional bronceador est\u00e1 enriquecido con el complejo BestFILTERneeded\u2122, que no solo proporciona un aspecto radiante, sino que tambi\u00e9n suaviza peque\u00f1as imperfecciones para lograr una tez uniforme y sin defectos. Sus tonos c\u00e1lidos replican perfectamente el look de una piel saludable y bronceada de manera natural.  BRONZING POWDER destaca no solo por su calidad excepcional, sino tambi\u00e9n por su compromiso con el medio ambiente. Su envase ecol\u00f3gico y reutilizable permite m\u00faltiples usos gracias a las recargas reemplazables. Adem\u00e1s, el 50% del envase est\u00e1 fabricado con pl\u00e1stico reciclado. Ya sea para contornear sutilmente el rostro o conseguir un efecto bronceado total, BRONZING POWDER se adapta perfectamente a tus necesidades. \u00bfEl resultado? Una piel saludable, radiante y con un brillo bronceado durante todo el a\u00f1o.","og_url":"https:\/\/namcosmetics.eu\/en\/producto\/bronceador-compacto-n1\/","og_site_name":"NAM","article_modified_time":"2024-12-13T12:14:06+00:00","og_image":[{"width":800,"height":800,"url":"https:\/\/namcosmetics.eu\/wp-content\/uploads\/2023\/02\/CE427N1_5901801686996-2.jpg","type":"image\/jpeg"}],"twitter_card":"summary_large_image","twitter_misc":{"Est. reading time":"1 minute"},"schema":{"@context":"https:\/\/schema.org","@graph":[{"@type":"WebPage","@id":"https:\/\/namcosmetics.eu\/en\/producto\/bronceador-compacto-n1\/","url":"https:\/\/namcosmetics.eu\/en\/producto\/bronceador-compacto-n1\/","name":"Bronzing Pressed Powder - NAM","isPartOf":{"@id":"https:\/\/namcosmetics.eu\/en\/#website"},"primaryImageOfPage":{"@id":"https:\/\/namcosmetics.eu\/en\/producto\/bronceador-compacto-n1\/#primaryimage"},"image":{"@id":"https:\/\/namcosmetics.eu\/en\/producto\/bronceador-compacto-n1\/#primaryimage"},"thumbnailUrl":"https:\/\/namcosmetics.eu\/wp-content\/uploads\/2023\/02\/CE427N1_5901801686996-2.jpg","datePublished":"2023-02-20T11:16:08+00:00","dateModified":"2024-12-13T12:14:06+00:00","breadcrumb":{"@id":"https:\/\/namcosmetics.eu\/en\/producto\/bronceador-compacto-n1\/#breadcrumb"},"inLanguage":"en-US","potentialAction":[{"@type":"ReadAction","target":["https:\/\/namcosmetics.eu\/en\/producto\/bronceador-compacto-n1\/"]}]},{"@type":"ImageObject","inLanguage":"en-US","@id":"https:\/\/namcosmetics.eu\/en\/producto\/bronceador-compacto-n1\/#primaryimage","url":"https:\/\/namcosmetics.eu\/wp-content\/uploads\/2023\/02\/CE427N1_5901801686996-2.jpg","contentUrl":"https:\/\/namcosmetics.eu\/wp-content\/uploads\/2023\/02\/CE427N1_5901801686996-2.jpg","width":800,"height":800},{"@type":"BreadcrumbList","@id":"https:\/\/namcosmetics.eu\/en\/producto\/bronceador-compacto-n1\/#breadcrumb","itemListElement":[{"@type":"ListItem","position":1,"name":"Portada","item":"https:\/\/namcosmetics.eu\/en\/"},{"@type":"ListItem","position":2,"name":"Tienda","item":"https:\/\/namcosmetics.eu\/tienda\/"},{"@type":"ListItem","position":3,"name":"Bronzing Pressed Powder"}]},{"@type":"WebSite","@id":"https:\/\/namcosmetics.eu\/en\/#website","url":"https:\/\/namcosmetics.eu\/en\/","name":"NAM","description":"NAM Europe","potentialAction":[{"@type":"SearchAction","target":{"@type":"EntryPoint","urlTemplate":"https:\/\/namcosmetics.eu\/en\/?s={search_term_string}"},"query-input":{"@type":"PropertyValueSpecification","valueRequired":true,"valueName":"search_term_string"}}],"inLanguage":"en-US"}]}},"_links":{"self":[{"href":"https:\/\/namcosmetics.eu\/en\/wp-json\/wp\/v2\/product\/24161"}],"collection":[{"href":"https:\/\/namcosmetics.eu\/en\/wp-json\/wp\/v2\/product"}],"about":[{"href":"https:\/\/namcosmetics.eu\/en\/wp-json\/wp\/v2\/types\/product"}],"replies":[{"embeddable":true,"href":"https:\/\/namcosmetics.eu\/en\/wp-json\/wp\/v2\/comments?post=24161"}],"wp:featuredmedia":[{"embeddable":true,"href":"https:\/\/namcosmetics.eu\/en\/wp-json\/wp\/v2\/media\/24346"}],"wp:attachment":[{"href":"https:\/\/namcosmetics.eu\/en\/wp-json\/wp\/v2\/media?parent=24161"}],"wp:term":[{"taxonomy":"product_brand","embeddable":true,"href":"https:\/\/namcosmetics.eu\/en\/wp-json\/wp\/v2\/product_brand?post=24161"},{"taxonomy":"product_cat","embeddable":true,"href":"https:\/\/namcosmetics.eu\/en\/wp-json\/wp\/v2\/product_cat?post=24161"},{"taxonomy":"product_tag","embeddable":true,"href":"https:\/\/namcosmetics.eu\/en\/wp-json\/wp\/v2\/product_tag?post=24161"}],"curies":[{"name":"wp","href":"https:\/\/api.w.org\/{rel}","templated":true}]}}